{"id":43265,"date":"2025-06-17T11:01:43","date_gmt":"2025-06-17T09:01:43","guid":{"rendered":"https:\/\/galli.ch\/?post_type=product&#038;p=43265"},"modified":"2026-03-30T10:13:47","modified_gmt":"2026-03-30T08:13:47","slug":"automatic-41-top-gun-mojave-desert-iw328106","status":"publish","type":"product","link":"https:\/\/galli.ch\/en\/uhren\/iwc\/pilots-watches\/automatic-41-top-gun-mojave-desert-iw328106\/","title":{"rendered":"IWC Pilot&#8217;s Watch Automatic 41 TOP GUN Mojave Desert"},"content":{"rendered":"<p>Die Pilot&#8217;s Watch Automatic 41 TOP GUN Mojave Desert verf\u00fcgt \u00fcber ein sorgf\u00e4ltig gefertigtes 41-Millimeter-Geh\u00e4use aus sandfarbener Keramik. Die Keramikfarbe \u201eMojave Desert\u201c ist von den Fluganz\u00fcgen der Navy-Piloten und der W\u00fcstenlandschaft rund um die Naval Air Weapons Station China Lake inspiriert, in der einige der besten Piloten der Navy arbeiten.<\/p>\n","protected":false},"excerpt":{"rendered":"<p>Die Pilot&#8217;s Watch Automatic 41 TOP GUN Mojave Desert verf\u00fcgt \u00fcber ein sorgf\u00e4ltig gefertigtes 41-Millimeter-Geh\u00e4use aus sandfarbener Keramik. Die Keramikfarbe \u201eMojave Desert\u201c ist von den Fluganz\u00fcgen der Navy-Piloten und der W\u00fcstenlandschaft rund um die Naval Air Weapons Station China Lake inspiriert, in der einige der besten Piloten der Navy arbeiten.<\/p>\n","protected":false},"featured_media":43266,"template":"","meta":{"_acf_changed":false,"inline_featured_image":false},"product_brand":[],"product_cat":[188],"product_tag":[],"class_list":{"0":"post-43265","1":"product","2":"type-product","3":"status-publish","4":"has-post-thumbnail","6":"uhrenhersteller-iwc","7":"uhrenhersteller-pilots-watches","8":"product_cat-uhren","10":"first","11":"instock","12":"taxable","13":"shipping-taxable","14":"purchasable","15":"product-type-simple"},"acf":[],"yoast_head":"<!-- This site is optimized with the Yoast SEO plugin v25.5 - https:\/\/yoast.com\/wordpress\/plugins\/seo\/ -->\n<title>IWC Pilot&#039;s Watch Automatic 41 TOP GUN Mojave Desert - Galli Uhren Bijouterie<\/title>\n<meta name=\"robots\" content=\"index, follow, max-snippet:-1, max-image-preview:large, max-video-preview:-1\" \/>\n<link rel=\"canonical\" href=\"https:\/\/galli.ch\/uhren\/iwc\/pilots-watches\/automatic-41-top-gun-mojave-desert-iw328106\/\" \/>\n<meta property=\"og:locale\" content=\"en_US\" \/>\n<meta property=\"og:type\" content=\"article\" \/>\n<meta property=\"og:title\" content=\"IWC Pilot&#039;s Watch Automatic 41 TOP GUN Mojave Desert - Galli Uhren Bijouterie\" \/>\n<meta property=\"og:description\" content=\"Die Pilot&#8217;s Watch Automatic 41 TOP GUN Mojave Desert verf\u00fcgt \u00fcber ein sorgf\u00e4ltig gefertigtes 41-Millimeter-Geh\u00e4use aus sandfarbener Keramik. Die Keramikfarbe \u201eMojave Desert\u201c ist von den Fluganz\u00fcgen der Navy-Piloten und der W\u00fcstenlandschaft rund um die Naval Air Weapons Station China Lake inspiriert, in der einige der besten Piloten der Navy arbeiten.\" \/>\n<meta property=\"og:url\" content=\"https:\/\/galli.ch\/uhren\/iwc\/pilots-watches\/automatic-41-top-gun-mojave-desert-iw328106\/\" \/>\n<meta property=\"og:site_name\" content=\"Galli Uhren Bijouterie\" \/>\n<meta property=\"article:modified_time\" content=\"2026-03-30T08:13:47+00:00\" \/>\n<meta property=\"og:image\" content=\"https:\/\/galli.ch\/wp-content\/uploads\/DK9nnG8DRCC8h-Kwa_9Uyg.png\" \/>\n\t<meta property=\"og:image:width\" content=\"1000\" \/>\n\t<meta property=\"og:image:height\" content=\"1400\" \/>\n\t<meta property=\"og:image:type\" content=\"image\/png\" \/>\n<meta name=\"twitter:card\" content=\"summary_large_image\" \/>\n<script type=\"application\/ld+json\" class=\"yoast-schema-graph\">{\"@context\":\"https:\/\/schema.org\",\"@graph\":[{\"@type\":\"WebPage\",\"@id\":\"https:\/\/galli.ch\/uhren\/iwc\/pilots-watches\/automatic-41-top-gun-mojave-desert-iw328106\/\",\"url\":\"https:\/\/galli.ch\/uhren\/iwc\/pilots-watches\/automatic-41-top-gun-mojave-desert-iw328106\/\",\"name\":\"IWC Pilot's Watch Automatic 41 TOP GUN Mojave Desert - Galli Uhren Bijouterie\",\"isPartOf\":{\"@id\":\"http:\/\/galli.ch\/en\/#website\"},\"primaryImageOfPage\":{\"@id\":\"https:\/\/galli.ch\/uhren\/iwc\/pilots-watches\/automatic-41-top-gun-mojave-desert-iw328106\/#primaryimage\"},\"image\":{\"@id\":\"https:\/\/galli.ch\/uhren\/iwc\/pilots-watches\/automatic-41-top-gun-mojave-desert-iw328106\/#primaryimage\"},\"thumbnailUrl\":\"https:\/\/galli.ch\/wp-content\/uploads\/DK9nnG8DRCC8h-Kwa_9Uyg.png\",\"datePublished\":\"2025-06-17T09:01:43+00:00\",\"dateModified\":\"2026-03-30T08:13:47+00:00\",\"breadcrumb\":{\"@id\":\"https:\/\/galli.ch\/uhren\/iwc\/pilots-watches\/automatic-41-top-gun-mojave-desert-iw328106\/#breadcrumb\"},\"inLanguage\":\"en-US\",\"potentialAction\":[{\"@type\":\"ReadAction\",\"target\":[\"https:\/\/galli.ch\/uhren\/iwc\/pilots-watches\/automatic-41-top-gun-mojave-desert-iw328106\/\"]}]},{\"@type\":\"ImageObject\",\"inLanguage\":\"en-US\",\"@id\":\"https:\/\/galli.ch\/uhren\/iwc\/pilots-watches\/automatic-41-top-gun-mojave-desert-iw328106\/#primaryimage\",\"url\":\"https:\/\/galli.ch\/wp-content\/uploads\/DK9nnG8DRCC8h-Kwa_9Uyg.png\",\"contentUrl\":\"https:\/\/galli.ch\/wp-content\/uploads\/DK9nnG8DRCC8h-Kwa_9Uyg.png\",\"width\":1000,\"height\":1400},{\"@type\":\"BreadcrumbList\",\"@id\":\"https:\/\/galli.ch\/uhren\/iwc\/pilots-watches\/automatic-41-top-gun-mojave-desert-iw328106\/#breadcrumb\",\"itemListElement\":[{\"@type\":\"ListItem\",\"position\":1,\"name\":\"Home\",\"item\":\"https:\/\/galli.ch\/en\/\"},{\"@type\":\"ListItem\",\"position\":2,\"name\":\"Uhren\",\"item\":\"https:\/\/galli.ch\/en\/uhren\/\"},{\"@type\":\"ListItem\",\"position\":3,\"name\":\"IWC Pilot&#8217;s Watch Automatic 41 TOP GUN Mojave Desert\"}]},{\"@type\":\"WebSite\",\"@id\":\"http:\/\/galli.ch\/en\/#website\",\"url\":\"http:\/\/galli.ch\/en\/\",\"name\":\"Galli Uhren Bijouterie\",\"description\":\"\",\"potentialAction\":[{\"@type\":\"SearchAction\",\"target\":{\"@type\":\"EntryPoint\",\"urlTemplate\":\"http:\/\/galli.ch\/en\/?s={search_term_string}\"},\"query-input\":{\"@type\":\"PropertyValueSpecification\",\"valueRequired\":true,\"valueName\":\"search_term_string\"}}],\"inLanguage\":\"en-US\"}]}<\/script>\n<!-- \/ Yoast SEO plugin. -->","yoast_head_json":{"title":"IWC Pilot's Watch Automatic 41 TOP GUN Mojave Desert - Galli Uhren Bijouterie","robots":{"index":"index","follow":"follow","max-snippet":"max-snippet:-1","max-image-preview":"max-image-preview:large","max-video-preview":"max-video-preview:-1"},"canonical":"https:\/\/galli.ch\/uhren\/iwc\/pilots-watches\/automatic-41-top-gun-mojave-desert-iw328106\/","og_locale":"en_US","og_type":"article","og_title":"IWC Pilot's Watch Automatic 41 TOP GUN Mojave Desert - Galli Uhren Bijouterie","og_description":"Die Pilot&#8217;s Watch Automatic 41 TOP GUN Mojave Desert verf\u00fcgt \u00fcber ein sorgf\u00e4ltig gefertigtes 41-Millimeter-Geh\u00e4use aus sandfarbener Keramik. Die Keramikfarbe \u201eMojave Desert\u201c ist von den Fluganz\u00fcgen der Navy-Piloten und der W\u00fcstenlandschaft rund um die Naval Air Weapons Station China Lake inspiriert, in der einige der besten Piloten der Navy arbeiten.","og_url":"https:\/\/galli.ch\/uhren\/iwc\/pilots-watches\/automatic-41-top-gun-mojave-desert-iw328106\/","og_site_name":"Galli Uhren Bijouterie","article_modified_time":"2026-03-30T08:13:47+00:00","og_image":[{"width":1000,"height":1400,"url":"https:\/\/galli.ch\/wp-content\/uploads\/DK9nnG8DRCC8h-Kwa_9Uyg.png","type":"image\/png"}],"twitter_card":"summary_large_image","schema":{"@context":"https:\/\/schema.org","@graph":[{"@type":"WebPage","@id":"https:\/\/galli.ch\/uhren\/iwc\/pilots-watches\/automatic-41-top-gun-mojave-desert-iw328106\/","url":"https:\/\/galli.ch\/uhren\/iwc\/pilots-watches\/automatic-41-top-gun-mojave-desert-iw328106\/","name":"IWC Pilot's Watch Automatic 41 TOP GUN Mojave Desert - Galli Uhren Bijouterie","isPartOf":{"@id":"http:\/\/galli.ch\/en\/#website"},"primaryImageOfPage":{"@id":"https:\/\/galli.ch\/uhren\/iwc\/pilots-watches\/automatic-41-top-gun-mojave-desert-iw328106\/#primaryimage"},"image":{"@id":"https:\/\/galli.ch\/uhren\/iwc\/pilots-watches\/automatic-41-top-gun-mojave-desert-iw328106\/#primaryimage"},"thumbnailUrl":"https:\/\/galli.ch\/wp-content\/uploads\/DK9nnG8DRCC8h-Kwa_9Uyg.png","datePublished":"2025-06-17T09:01:43+00:00","dateModified":"2026-03-30T08:13:47+00:00","breadcrumb":{"@id":"https:\/\/galli.ch\/uhren\/iwc\/pilots-watches\/automatic-41-top-gun-mojave-desert-iw328106\/#breadcrumb"},"inLanguage":"en-US","potentialAction":[{"@type":"ReadAction","target":["https:\/\/galli.ch\/uhren\/iwc\/pilots-watches\/automatic-41-top-gun-mojave-desert-iw328106\/"]}]},{"@type":"ImageObject","inLanguage":"en-US","@id":"https:\/\/galli.ch\/uhren\/iwc\/pilots-watches\/automatic-41-top-gun-mojave-desert-iw328106\/#primaryimage","url":"https:\/\/galli.ch\/wp-content\/uploads\/DK9nnG8DRCC8h-Kwa_9Uyg.png","contentUrl":"https:\/\/galli.ch\/wp-content\/uploads\/DK9nnG8DRCC8h-Kwa_9Uyg.png","width":1000,"height":1400},{"@type":"BreadcrumbList","@id":"https:\/\/galli.ch\/uhren\/iwc\/pilots-watches\/automatic-41-top-gun-mojave-desert-iw328106\/#breadcrumb","itemListElement":[{"@type":"ListItem","position":1,"name":"Home","item":"https:\/\/galli.ch\/en\/"},{"@type":"ListItem","position":2,"name":"Uhren","item":"https:\/\/galli.ch\/en\/uhren\/"},{"@type":"ListItem","position":3,"name":"IWC Pilot&#8217;s Watch Automatic 41 TOP GUN Mojave Desert"}]},{"@type":"WebSite","@id":"http:\/\/galli.ch\/en\/#website","url":"http:\/\/galli.ch\/en\/","name":"Galli Uhren Bijouterie","description":"","potentialAction":[{"@type":"SearchAction","target":{"@type":"EntryPoint","urlTemplate":"http:\/\/galli.ch\/en\/?s={search_term_string}"},"query-input":{"@type":"PropertyValueSpecification","valueRequired":true,"valueName":"search_term_string"}}],"inLanguage":"en-US"}]}},"_links":{"self":[{"href":"https:\/\/galli.ch\/en\/wp-json\/wp\/v2\/product\/43265","targetHints":{"allow":["GET"]}}],"collection":[{"href":"https:\/\/galli.ch\/en\/wp-json\/wp\/v2\/product"}],"about":[{"href":"https:\/\/galli.ch\/en\/wp-json\/wp\/v2\/types\/product"}],"wp:featuredmedia":[{"embeddable":true,"href":"https:\/\/galli.ch\/en\/wp-json\/wp\/v2\/media\/43266"}],"wp:attachment":[{"href":"https:\/\/galli.ch\/en\/wp-json\/wp\/v2\/media?parent=43265"}],"wp:term":[{"taxonomy":"product_brand","embeddable":true,"href":"https:\/\/galli.ch\/en\/wp-json\/wp\/v2\/product_brand?post=43265"},{"taxonomy":"product_cat","embeddable":true,"href":"https:\/\/galli.ch\/en\/wp-json\/wp\/v2\/product_cat?post=43265"},{"taxonomy":"product_tag","embeddable":true,"href":"https:\/\/galli.ch\/en\/wp-json\/wp\/v2\/product_tag?post=43265"}],"curies":[{"name":"wp","href":"https:\/\/api.w.org\/{rel}","templated":true}]}}