{"id":43809,"date":"2025-07-24T17:03:44","date_gmt":"2025-07-24T15:03:44","guid":{"rendered":"https:\/\/galli.ch\/?post_type=product&#038;p=43809"},"modified":"2026-03-30T10:14:26","modified_gmt":"2026-03-30T08:14:26","slug":"chronograph-41-top-gun-miramar-iw389409","status":"publish","type":"product","link":"https:\/\/galli.ch\/en\/uhren\/iwc\/pilots-watches\/chronograph-41-top-gun-miramar-iw389409\/","title":{"rendered":"IWC Pilot\u2019s Watch Chronograph 41 TOP GUN Miramar"},"content":{"rendered":"<p>Die auf 1.000\u00a0Exemplare limitierte Pilot\u2019s Watch Chronograph\u00a041 TOP GUN Miramar ist die erste Uhr von IWC Schaffhausen mit einem Keramikgeh\u00e4use in einem hellen Blauton namens IWC TOP GUN Miramar. Der Name dieser Farbe ist eine Referenz an die Marine Corps Air Station Miramar in San Diego, dem Heimatort des TOPGUN-Programms der Navy, bevor er zur Naval Air Station Fallon in Nevada verlegt wurde. Ein \u00e4hnlicher blauer Farbton findet sich auch auf den T-Shirts der TOPGUN-Ausbilder. Das Keramikgeh\u00e4use wird durch ein Zifferblatt und ein Kautschukarmband in derselben Farbe erg\u00e4nzt.<\/p>\n","protected":false},"excerpt":{"rendered":"<p>Die auf 1.000\u00a0Exemplare limitierte Pilot\u2019s Watch Chronograph\u00a041 TOP GUN Miramar ist die erste Uhr von IWC Schaffhausen mit einem Keramikgeh\u00e4use in einem hellen Blauton namens IWC TOP GUN Miramar. Der Name dieser Farbe ist eine Referenz an die Marine Corps Air Station Miramar in San Diego, dem Heimatort des TOPGUN-Programms der Navy, bevor er zur&#8230;  <a class=\"excerpt-read-more\" href=\"https:\/\/galli.ch\/en\/uhren\/iwc\/pilots-watches\/chronograph-41-top-gun-miramar-iw389409\/\" title=\"Read IWC Pilot\u2019s Watch Chronograph 41 TOP GUN Miramar\">Weiter &raquo;<\/a><\/p>\n","protected":false},"featured_media":43806,"template":"","meta":{"_acf_changed":false,"inline_featured_image":false},"product_brand":[],"product_cat":[188],"product_tag":[],"class_list":{"0":"post-43809","1":"product","2":"type-product","3":"status-publish","4":"has-post-thumbnail","6":"uhrenhersteller-iwc","7":"uhrenhersteller-pilots-watches","8":"product_cat-uhren","10":"first","11":"outofstock","12":"taxable","13":"shipping-taxable","14":"purchasable","15":"product-type-simple"},"acf":[],"yoast_head":"<!-- This site is optimized with the Yoast SEO plugin v25.5 - https:\/\/yoast.com\/wordpress\/plugins\/seo\/ -->\n<title>IWC Pilot\u2019s Watch Chronograph 41 TOP GUN Miramar - Galli Uhren Bijouterie<\/title>\n<meta name=\"robots\" content=\"index, follow, max-snippet:-1, max-image-preview:large, max-video-preview:-1\" \/>\n<link rel=\"canonical\" href=\"https:\/\/galli.ch\/uhren\/iwc\/pilots-watches\/chronograph-41-top-gun-miramar-iw389409\/\" \/>\n<meta property=\"og:locale\" content=\"en_US\" \/>\n<meta property=\"og:type\" content=\"article\" \/>\n<meta property=\"og:title\" content=\"IWC Pilot\u2019s Watch Chronograph 41 TOP GUN Miramar - Galli Uhren Bijouterie\" \/>\n<meta property=\"og:description\" content=\"Die auf 1.000\u00a0Exemplare limitierte Pilot\u2019s Watch Chronograph\u00a041 TOP GUN Miramar ist die erste Uhr von IWC Schaffhausen mit einem Keramikgeh\u00e4use in einem hellen Blauton namens IWC TOP GUN Miramar. Der Name dieser Farbe ist eine Referenz an die Marine Corps Air Station Miramar in San Diego, dem Heimatort des TOPGUN-Programms der Navy, bevor er zur... Weiter &raquo;\" \/>\n<meta property=\"og:url\" content=\"https:\/\/galli.ch\/uhren\/iwc\/pilots-watches\/chronograph-41-top-gun-miramar-iw389409\/\" \/>\n<meta property=\"og:site_name\" content=\"Galli Uhren Bijouterie\" \/>\n<meta property=\"article:modified_time\" content=\"2026-03-30T08:14:26+00:00\" \/>\n<meta property=\"og:image\" content=\"https:\/\/galli.ch\/wp-content\/uploads\/QCFj-iPJRL2h0s1wwKtiAQ.png\" \/>\n\t<meta property=\"og:image:width\" content=\"1000\" \/>\n\t<meta property=\"og:image:height\" content=\"1400\" \/>\n\t<meta property=\"og:image:type\" content=\"image\/png\" \/>\n<meta name=\"twitter:card\" content=\"summary_large_image\" \/>\n<script type=\"application\/ld+json\" class=\"yoast-schema-graph\">{\"@context\":\"https:\/\/schema.org\",\"@graph\":[{\"@type\":\"WebPage\",\"@id\":\"https:\/\/galli.ch\/uhren\/iwc\/pilots-watches\/chronograph-41-top-gun-miramar-iw389409\/\",\"url\":\"https:\/\/galli.ch\/uhren\/iwc\/pilots-watches\/chronograph-41-top-gun-miramar-iw389409\/\",\"name\":\"IWC Pilot\u2019s Watch Chronograph 41 TOP GUN Miramar - Galli Uhren Bijouterie\",\"isPartOf\":{\"@id\":\"http:\/\/galli.ch\/en\/#website\"},\"primaryImageOfPage\":{\"@id\":\"https:\/\/galli.ch\/uhren\/iwc\/pilots-watches\/chronograph-41-top-gun-miramar-iw389409\/#primaryimage\"},\"image\":{\"@id\":\"https:\/\/galli.ch\/uhren\/iwc\/pilots-watches\/chronograph-41-top-gun-miramar-iw389409\/#primaryimage\"},\"thumbnailUrl\":\"https:\/\/galli.ch\/wp-content\/uploads\/QCFj-iPJRL2h0s1wwKtiAQ.png\",\"datePublished\":\"2025-07-24T15:03:44+00:00\",\"dateModified\":\"2026-03-30T08:14:26+00:00\",\"breadcrumb\":{\"@id\":\"https:\/\/galli.ch\/uhren\/iwc\/pilots-watches\/chronograph-41-top-gun-miramar-iw389409\/#breadcrumb\"},\"inLanguage\":\"en-US\",\"potentialAction\":[{\"@type\":\"ReadAction\",\"target\":[\"https:\/\/galli.ch\/uhren\/iwc\/pilots-watches\/chronograph-41-top-gun-miramar-iw389409\/\"]}]},{\"@type\":\"ImageObject\",\"inLanguage\":\"en-US\",\"@id\":\"https:\/\/galli.ch\/uhren\/iwc\/pilots-watches\/chronograph-41-top-gun-miramar-iw389409\/#primaryimage\",\"url\":\"https:\/\/galli.ch\/wp-content\/uploads\/QCFj-iPJRL2h0s1wwKtiAQ.png\",\"contentUrl\":\"https:\/\/galli.ch\/wp-content\/uploads\/QCFj-iPJRL2h0s1wwKtiAQ.png\",\"width\":1000,\"height\":1400},{\"@type\":\"BreadcrumbList\",\"@id\":\"https:\/\/galli.ch\/uhren\/iwc\/pilots-watches\/chronograph-41-top-gun-miramar-iw389409\/#breadcrumb\",\"itemListElement\":[{\"@type\":\"ListItem\",\"position\":1,\"name\":\"Home\",\"item\":\"https:\/\/galli.ch\/en\/\"},{\"@type\":\"ListItem\",\"position\":2,\"name\":\"Uhren\",\"item\":\"https:\/\/galli.ch\/en\/uhren\/\"},{\"@type\":\"ListItem\",\"position\":3,\"name\":\"IWC Pilot\u2019s Watch Chronograph 41 TOP GUN Miramar\"}]},{\"@type\":\"WebSite\",\"@id\":\"http:\/\/galli.ch\/en\/#website\",\"url\":\"http:\/\/galli.ch\/en\/\",\"name\":\"Galli Uhren Bijouterie\",\"description\":\"\",\"potentialAction\":[{\"@type\":\"SearchAction\",\"target\":{\"@type\":\"EntryPoint\",\"urlTemplate\":\"http:\/\/galli.ch\/en\/?s={search_term_string}\"},\"query-input\":{\"@type\":\"PropertyValueSpecification\",\"valueRequired\":true,\"valueName\":\"search_term_string\"}}],\"inLanguage\":\"en-US\"}]}<\/script>\n<!-- \/ Yoast SEO plugin. -->","yoast_head_json":{"title":"IWC Pilot\u2019s Watch Chronograph 41 TOP GUN Miramar - Galli Uhren Bijouterie","robots":{"index":"index","follow":"follow","max-snippet":"max-snippet:-1","max-image-preview":"max-image-preview:large","max-video-preview":"max-video-preview:-1"},"canonical":"https:\/\/galli.ch\/uhren\/iwc\/pilots-watches\/chronograph-41-top-gun-miramar-iw389409\/","og_locale":"en_US","og_type":"article","og_title":"IWC Pilot\u2019s Watch Chronograph 41 TOP GUN Miramar - Galli Uhren Bijouterie","og_description":"Die auf 1.000\u00a0Exemplare limitierte Pilot\u2019s Watch Chronograph\u00a041 TOP GUN Miramar ist die erste Uhr von IWC Schaffhausen mit einem Keramikgeh\u00e4use in einem hellen Blauton namens IWC TOP GUN Miramar. Der Name dieser Farbe ist eine Referenz an die Marine Corps Air Station Miramar in San Diego, dem Heimatort des TOPGUN-Programms der Navy, bevor er zur... Weiter &raquo;","og_url":"https:\/\/galli.ch\/uhren\/iwc\/pilots-watches\/chronograph-41-top-gun-miramar-iw389409\/","og_site_name":"Galli Uhren Bijouterie","article_modified_time":"2026-03-30T08:14:26+00:00","og_image":[{"width":1000,"height":1400,"url":"https:\/\/galli.ch\/wp-content\/uploads\/QCFj-iPJRL2h0s1wwKtiAQ.png","type":"image\/png"}],"twitter_card":"summary_large_image","schema":{"@context":"https:\/\/schema.org","@graph":[{"@type":"WebPage","@id":"https:\/\/galli.ch\/uhren\/iwc\/pilots-watches\/chronograph-41-top-gun-miramar-iw389409\/","url":"https:\/\/galli.ch\/uhren\/iwc\/pilots-watches\/chronograph-41-top-gun-miramar-iw389409\/","name":"IWC Pilot\u2019s Watch Chronograph 41 TOP GUN Miramar - Galli Uhren Bijouterie","isPartOf":{"@id":"http:\/\/galli.ch\/en\/#website"},"primaryImageOfPage":{"@id":"https:\/\/galli.ch\/uhren\/iwc\/pilots-watches\/chronograph-41-top-gun-miramar-iw389409\/#primaryimage"},"image":{"@id":"https:\/\/galli.ch\/uhren\/iwc\/pilots-watches\/chronograph-41-top-gun-miramar-iw389409\/#primaryimage"},"thumbnailUrl":"https:\/\/galli.ch\/wp-content\/uploads\/QCFj-iPJRL2h0s1wwKtiAQ.png","datePublished":"2025-07-24T15:03:44+00:00","dateModified":"2026-03-30T08:14:26+00:00","breadcrumb":{"@id":"https:\/\/galli.ch\/uhren\/iwc\/pilots-watches\/chronograph-41-top-gun-miramar-iw389409\/#breadcrumb"},"inLanguage":"en-US","potentialAction":[{"@type":"ReadAction","target":["https:\/\/galli.ch\/uhren\/iwc\/pilots-watches\/chronograph-41-top-gun-miramar-iw389409\/"]}]},{"@type":"ImageObject","inLanguage":"en-US","@id":"https:\/\/galli.ch\/uhren\/iwc\/pilots-watches\/chronograph-41-top-gun-miramar-iw389409\/#primaryimage","url":"https:\/\/galli.ch\/wp-content\/uploads\/QCFj-iPJRL2h0s1wwKtiAQ.png","contentUrl":"https:\/\/galli.ch\/wp-content\/uploads\/QCFj-iPJRL2h0s1wwKtiAQ.png","width":1000,"height":1400},{"@type":"BreadcrumbList","@id":"https:\/\/galli.ch\/uhren\/iwc\/pilots-watches\/chronograph-41-top-gun-miramar-iw389409\/#breadcrumb","itemListElement":[{"@type":"ListItem","position":1,"name":"Home","item":"https:\/\/galli.ch\/en\/"},{"@type":"ListItem","position":2,"name":"Uhren","item":"https:\/\/galli.ch\/en\/uhren\/"},{"@type":"ListItem","position":3,"name":"IWC Pilot\u2019s Watch Chronograph 41 TOP GUN Miramar"}]},{"@type":"WebSite","@id":"http:\/\/galli.ch\/en\/#website","url":"http:\/\/galli.ch\/en\/","name":"Galli Uhren Bijouterie","description":"","potentialAction":[{"@type":"SearchAction","target":{"@type":"EntryPoint","urlTemplate":"http:\/\/galli.ch\/en\/?s={search_term_string}"},"query-input":{"@type":"PropertyValueSpecification","valueRequired":true,"valueName":"search_term_string"}}],"inLanguage":"en-US"}]}},"_links":{"self":[{"href":"https:\/\/galli.ch\/en\/wp-json\/wp\/v2\/product\/43809","targetHints":{"allow":["GET"]}}],"collection":[{"href":"https:\/\/galli.ch\/en\/wp-json\/wp\/v2\/product"}],"about":[{"href":"https:\/\/galli.ch\/en\/wp-json\/wp\/v2\/types\/product"}],"wp:featuredmedia":[{"embeddable":true,"href":"https:\/\/galli.ch\/en\/wp-json\/wp\/v2\/media\/43806"}],"wp:attachment":[{"href":"https:\/\/galli.ch\/en\/wp-json\/wp\/v2\/media?parent=43809"}],"wp:term":[{"taxonomy":"product_brand","embeddable":true,"href":"https:\/\/galli.ch\/en\/wp-json\/wp\/v2\/product_brand?post=43809"},{"taxonomy":"product_cat","embeddable":true,"href":"https:\/\/galli.ch\/en\/wp-json\/wp\/v2\/product_cat?post=43809"},{"taxonomy":"product_tag","embeddable":true,"href":"https:\/\/galli.ch\/en\/wp-json\/wp\/v2\/product_tag?post=43809"}],"curies":[{"name":"wp","href":"https:\/\/api.w.org\/{rel}","templated":true}]}}