{"id":43970,"date":"2025-08-08T09:37:14","date_gmt":"2025-08-08T07:37:14","guid":{"rendered":"https:\/\/galli.ch\/?post_type=product&#038;p=43970"},"modified":"2025-08-08T09:49:59","modified_gmt":"2025-08-08T07:49:59","slug":"rado-diamaster-grande-seconde-xl-automatik-r14129206-125","status":"publish","type":"product","link":"https:\/\/galli.ch\/en\/uhren\/galli-cpo\/weitere-marken\/rado-diamaster-grande-seconde-xl-automatik-r14129206-125\/","title":{"rendered":"Rado DiaMaster Grande Seconde XL Automatik"},"content":{"rendered":"<p>Die Rado DiaMaster Grande Seconde zeichnet sich durch ihr asymmetrisches Zifferblatt aus, das \u00fcber zwei \u00fcbereinander gelagerte Unterzifferbl\u00e4tter verf\u00fcgt, eines f\u00fcr die Stunden und Minuten, das zweite f\u00fcr die Sekunden. Dank neuer Details wird der Tr\u00e4ger auf wundersch\u00f6ne Weise daran erinnert, die Zeit nie aus den Augen zu verlieren.<\/p>\n<p>Jahrgang: 2024<\/p>\n<p>Zustand: Ungetragen<\/p>\n<p>Original Papiere: Ja<\/p>\n<p>Original Box: Ja<\/p>\n<p>Garantie: Bis November 2026<\/p>\n","protected":false},"excerpt":{"rendered":"<p>Die Rado DiaMaster Grande Seconde zeichnet sich durch ihr asymmetrisches Zifferblatt aus, das \u00fcber zwei \u00fcbereinander gelagerte Unterzifferbl\u00e4tter verf\u00fcgt, eines f\u00fcr die Stunden und Minuten, das zweite f\u00fcr die Sekunden. Dank neuer Details wird der Tr\u00e4ger auf wundersch\u00f6ne Weise daran erinnert, die Zeit nie aus den Augen zu verlieren. Jahrgang: 2024 Zustand: Ungetragen Original Papiere:&#8230;  <a class=\"excerpt-read-more\" href=\"https:\/\/galli.ch\/en\/uhren\/galli-cpo\/weitere-marken\/rado-diamaster-grande-seconde-xl-automatik-r14129206-125\/\" title=\"Read Rado DiaMaster Grande Seconde XL Automatik\">Weiter &raquo;<\/a><\/p>\n","protected":false},"featured_media":43972,"template":"","meta":{"_acf_changed":false,"inline_featured_image":false},"product_brand":[],"product_cat":[188],"product_tag":[],"class_list":{"0":"post-43970","1":"product","2":"type-product","3":"status-publish","4":"has-post-thumbnail","6":"uhrenhersteller-galli-cpo","7":"uhrenhersteller-weitere-marken","8":"product_cat-uhren","10":"first","11":"instock","12":"taxable","13":"shipping-taxable","14":"purchasable","15":"product-type-simple"},"acf":[],"yoast_head":"<!-- This site is optimized with the Yoast SEO plugin v25.5 - https:\/\/yoast.com\/wordpress\/plugins\/seo\/ -->\n<title>Rado DiaMaster Grande Seconde XL Automatik - Galli Uhren Bijouterie<\/title>\n<meta name=\"robots\" content=\"index, follow, max-snippet:-1, max-image-preview:large, max-video-preview:-1\" \/>\n<link rel=\"canonical\" href=\"https:\/\/galli.ch\/uhren\/galli-cpo\/rado-diamaster-grande-seconde-xl-automatik-r14129206-125\/\" \/>\n<meta property=\"og:locale\" content=\"en_US\" \/>\n<meta property=\"og:type\" content=\"article\" \/>\n<meta property=\"og:title\" content=\"Rado DiaMaster Grande Seconde XL Automatik - Galli Uhren Bijouterie\" \/>\n<meta property=\"og:description\" content=\"Die Rado DiaMaster Grande Seconde zeichnet sich durch ihr asymmetrisches Zifferblatt aus, das \u00fcber zwei \u00fcbereinander gelagerte Unterzifferbl\u00e4tter verf\u00fcgt, eines f\u00fcr die Stunden und Minuten, das zweite f\u00fcr die Sekunden. Dank neuer Details wird der Tr\u00e4ger auf wundersch\u00f6ne Weise daran erinnert, die Zeit nie aus den Augen zu verlieren. Jahrgang: 2024 Zustand: Ungetragen Original Papiere:... Weiter &raquo;\" \/>\n<meta property=\"og:url\" content=\"https:\/\/galli.ch\/uhren\/galli-cpo\/rado-diamaster-grande-seconde-xl-automatik-r14129206-125\/\" \/>\n<meta property=\"og:site_name\" content=\"Galli Uhren Bijouterie\" \/>\n<meta property=\"article:modified_time\" content=\"2025-08-08T07:49:59+00:00\" \/>\n<meta property=\"og:image\" content=\"https:\/\/galli.ch\/wp-content\/uploads\/IMG_1227.png\" \/>\n\t<meta property=\"og:image:width\" content=\"1000\" \/>\n\t<meta property=\"og:image:height\" content=\"1400\" \/>\n\t<meta property=\"og:image:type\" content=\"image\/png\" \/>\n<meta name=\"twitter:card\" content=\"summary_large_image\" \/>\n<script type=\"application\/ld+json\" class=\"yoast-schema-graph\">{\"@context\":\"https:\/\/schema.org\",\"@graph\":[{\"@type\":\"WebPage\",\"@id\":\"https:\/\/galli.ch\/uhren\/galli-cpo\/rado-diamaster-grande-seconde-xl-automatik-r14129206-125\/\",\"url\":\"https:\/\/galli.ch\/uhren\/galli-cpo\/rado-diamaster-grande-seconde-xl-automatik-r14129206-125\/\",\"name\":\"Rado DiaMaster Grande Seconde XL Automatik - Galli Uhren Bijouterie\",\"isPartOf\":{\"@id\":\"http:\/\/galli.ch\/en\/#website\"},\"primaryImageOfPage\":{\"@id\":\"https:\/\/galli.ch\/uhren\/galli-cpo\/rado-diamaster-grande-seconde-xl-automatik-r14129206-125\/#primaryimage\"},\"image\":{\"@id\":\"https:\/\/galli.ch\/uhren\/galli-cpo\/rado-diamaster-grande-seconde-xl-automatik-r14129206-125\/#primaryimage\"},\"thumbnailUrl\":\"https:\/\/galli.ch\/wp-content\/uploads\/IMG_1227.png\",\"datePublished\":\"2025-08-08T07:37:14+00:00\",\"dateModified\":\"2025-08-08T07:49:59+00:00\",\"breadcrumb\":{\"@id\":\"https:\/\/galli.ch\/uhren\/galli-cpo\/rado-diamaster-grande-seconde-xl-automatik-r14129206-125\/#breadcrumb\"},\"inLanguage\":\"en-US\",\"potentialAction\":[{\"@type\":\"ReadAction\",\"target\":[\"https:\/\/galli.ch\/uhren\/galli-cpo\/rado-diamaster-grande-seconde-xl-automatik-r14129206-125\/\"]}]},{\"@type\":\"ImageObject\",\"inLanguage\":\"en-US\",\"@id\":\"https:\/\/galli.ch\/uhren\/galli-cpo\/rado-diamaster-grande-seconde-xl-automatik-r14129206-125\/#primaryimage\",\"url\":\"https:\/\/galli.ch\/wp-content\/uploads\/IMG_1227.png\",\"contentUrl\":\"https:\/\/galli.ch\/wp-content\/uploads\/IMG_1227.png\",\"width\":1000,\"height\":1400},{\"@type\":\"BreadcrumbList\",\"@id\":\"https:\/\/galli.ch\/uhren\/galli-cpo\/rado-diamaster-grande-seconde-xl-automatik-r14129206-125\/#breadcrumb\",\"itemListElement\":[{\"@type\":\"ListItem\",\"position\":1,\"name\":\"Home\",\"item\":\"https:\/\/galli.ch\/en\/\"},{\"@type\":\"ListItem\",\"position\":2,\"name\":\"Uhren\",\"item\":\"https:\/\/galli.ch\/en\/uhren\/\"},{\"@type\":\"ListItem\",\"position\":3,\"name\":\"Rado DiaMaster Grande Seconde XL Automatik\"}]},{\"@type\":\"WebSite\",\"@id\":\"http:\/\/galli.ch\/en\/#website\",\"url\":\"http:\/\/galli.ch\/en\/\",\"name\":\"Galli Uhren Bijouterie\",\"description\":\"\",\"potentialAction\":[{\"@type\":\"SearchAction\",\"target\":{\"@type\":\"EntryPoint\",\"urlTemplate\":\"http:\/\/galli.ch\/en\/?s={search_term_string}\"},\"query-input\":{\"@type\":\"PropertyValueSpecification\",\"valueRequired\":true,\"valueName\":\"search_term_string\"}}],\"inLanguage\":\"en-US\"}]}<\/script>\n<!-- \/ Yoast SEO plugin. -->","yoast_head_json":{"title":"Rado DiaMaster Grande Seconde XL Automatik - Galli Uhren Bijouterie","robots":{"index":"index","follow":"follow","max-snippet":"max-snippet:-1","max-image-preview":"max-image-preview:large","max-video-preview":"max-video-preview:-1"},"canonical":"https:\/\/galli.ch\/uhren\/galli-cpo\/rado-diamaster-grande-seconde-xl-automatik-r14129206-125\/","og_locale":"en_US","og_type":"article","og_title":"Rado DiaMaster Grande Seconde XL Automatik - Galli Uhren Bijouterie","og_description":"Die Rado DiaMaster Grande Seconde zeichnet sich durch ihr asymmetrisches Zifferblatt aus, das \u00fcber zwei \u00fcbereinander gelagerte Unterzifferbl\u00e4tter verf\u00fcgt, eines f\u00fcr die Stunden und Minuten, das zweite f\u00fcr die Sekunden. Dank neuer Details wird der Tr\u00e4ger auf wundersch\u00f6ne Weise daran erinnert, die Zeit nie aus den Augen zu verlieren. Jahrgang: 2024 Zustand: Ungetragen Original Papiere:... Weiter &raquo;","og_url":"https:\/\/galli.ch\/uhren\/galli-cpo\/rado-diamaster-grande-seconde-xl-automatik-r14129206-125\/","og_site_name":"Galli Uhren Bijouterie","article_modified_time":"2025-08-08T07:49:59+00:00","og_image":[{"width":1000,"height":1400,"url":"https:\/\/galli.ch\/wp-content\/uploads\/IMG_1227.png","type":"image\/png"}],"twitter_card":"summary_large_image","schema":{"@context":"https:\/\/schema.org","@graph":[{"@type":"WebPage","@id":"https:\/\/galli.ch\/uhren\/galli-cpo\/rado-diamaster-grande-seconde-xl-automatik-r14129206-125\/","url":"https:\/\/galli.ch\/uhren\/galli-cpo\/rado-diamaster-grande-seconde-xl-automatik-r14129206-125\/","name":"Rado DiaMaster Grande Seconde XL Automatik - Galli Uhren Bijouterie","isPartOf":{"@id":"http:\/\/galli.ch\/en\/#website"},"primaryImageOfPage":{"@id":"https:\/\/galli.ch\/uhren\/galli-cpo\/rado-diamaster-grande-seconde-xl-automatik-r14129206-125\/#primaryimage"},"image":{"@id":"https:\/\/galli.ch\/uhren\/galli-cpo\/rado-diamaster-grande-seconde-xl-automatik-r14129206-125\/#primaryimage"},"thumbnailUrl":"https:\/\/galli.ch\/wp-content\/uploads\/IMG_1227.png","datePublished":"2025-08-08T07:37:14+00:00","dateModified":"2025-08-08T07:49:59+00:00","breadcrumb":{"@id":"https:\/\/galli.ch\/uhren\/galli-cpo\/rado-diamaster-grande-seconde-xl-automatik-r14129206-125\/#breadcrumb"},"inLanguage":"en-US","potentialAction":[{"@type":"ReadAction","target":["https:\/\/galli.ch\/uhren\/galli-cpo\/rado-diamaster-grande-seconde-xl-automatik-r14129206-125\/"]}]},{"@type":"ImageObject","inLanguage":"en-US","@id":"https:\/\/galli.ch\/uhren\/galli-cpo\/rado-diamaster-grande-seconde-xl-automatik-r14129206-125\/#primaryimage","url":"https:\/\/galli.ch\/wp-content\/uploads\/IMG_1227.png","contentUrl":"https:\/\/galli.ch\/wp-content\/uploads\/IMG_1227.png","width":1000,"height":1400},{"@type":"BreadcrumbList","@id":"https:\/\/galli.ch\/uhren\/galli-cpo\/rado-diamaster-grande-seconde-xl-automatik-r14129206-125\/#breadcrumb","itemListElement":[{"@type":"ListItem","position":1,"name":"Home","item":"https:\/\/galli.ch\/en\/"},{"@type":"ListItem","position":2,"name":"Uhren","item":"https:\/\/galli.ch\/en\/uhren\/"},{"@type":"ListItem","position":3,"name":"Rado DiaMaster Grande Seconde XL Automatik"}]},{"@type":"WebSite","@id":"http:\/\/galli.ch\/en\/#website","url":"http:\/\/galli.ch\/en\/","name":"Galli Uhren Bijouterie","description":"","potentialAction":[{"@type":"SearchAction","target":{"@type":"EntryPoint","urlTemplate":"http:\/\/galli.ch\/en\/?s={search_term_string}"},"query-input":{"@type":"PropertyValueSpecification","valueRequired":true,"valueName":"search_term_string"}}],"inLanguage":"en-US"}]}},"_links":{"self":[{"href":"https:\/\/galli.ch\/en\/wp-json\/wp\/v2\/product\/43970","targetHints":{"allow":["GET"]}}],"collection":[{"href":"https:\/\/galli.ch\/en\/wp-json\/wp\/v2\/product"}],"about":[{"href":"https:\/\/galli.ch\/en\/wp-json\/wp\/v2\/types\/product"}],"wp:featuredmedia":[{"embeddable":true,"href":"https:\/\/galli.ch\/en\/wp-json\/wp\/v2\/media\/43972"}],"wp:attachment":[{"href":"https:\/\/galli.ch\/en\/wp-json\/wp\/v2\/media?parent=43970"}],"wp:term":[{"taxonomy":"product_brand","embeddable":true,"href":"https:\/\/galli.ch\/en\/wp-json\/wp\/v2\/product_brand?post=43970"},{"taxonomy":"product_cat","embeddable":true,"href":"https:\/\/galli.ch\/en\/wp-json\/wp\/v2\/product_cat?post=43970"},{"taxonomy":"product_tag","embeddable":true,"href":"https:\/\/galli.ch\/en\/wp-json\/wp\/v2\/product_tag?post=43970"}],"curies":[{"name":"wp","href":"https:\/\/api.w.org\/{rel}","templated":true}]}}