{"id":44108,"date":"2025-08-19T11:27:51","date_gmt":"2025-08-19T09:27:51","guid":{"rendered":"https:\/\/galli.ch\/?post_type=product&#038;p=44108"},"modified":"2025-08-19T12:15:13","modified_gmt":"2025-08-19T10:15:13","slug":"automatic-40-iw328904-2","status":"publish","type":"product","link":"https:\/\/galli.ch\/en\/uhren\/iwc\/ingenieur\/automatic-40-iw328904-2\/","title":{"rendered":"IWC Ingenieur Automatic 40"},"content":{"rendered":"<p>Obwohl IWC die Ingenieur 1955 lancierte, wird der Name dieser Uhr meistens in einem Atemzug mit G\u00e9rald Genta genannt. In den 1970er Jahren schuf der legend\u00e4re Genfer Uhrendesigner die Ingenieur SL, Referenz 1832, und verwirklichte damit seine k\u00fcnstlerische Vision einer Luxus-Sportuhr aus Edelstahl mit integriertem Armband. Die Ingenieur Automatic 40 widerspiegelt die starken \u00e4sthetischen Codes von Gentas ikonischem Ingenieur-Design und erf\u00fcllt dabei gleichzeitig die h\u00f6chsten Anforderungen hinsichtlich Ergonomie, Verarbeitung und Technik.<\/p>\n","protected":false},"excerpt":{"rendered":"<p>Obwohl IWC die Ingenieur 1955 lancierte, wird der Name dieser Uhr meistens in einem Atemzug mit G\u00e9rald Genta genannt. In den 1970er Jahren schuf der legend\u00e4re Genfer Uhrendesigner die Ingenieur SL, Referenz 1832, und verwirklichte damit seine k\u00fcnstlerische Vision einer Luxus-Sportuhr aus Edelstahl mit integriertem Armband. Die Ingenieur Automatic 40 widerspiegelt die starken \u00e4sthetischen Codes&#8230;  <a class=\"excerpt-read-more\" href=\"https:\/\/galli.ch\/en\/uhren\/iwc\/ingenieur\/automatic-40-iw328904-2\/\" title=\"Read IWC Ingenieur Automatic 40\">Weiter &raquo;<\/a><\/p>\n","protected":false},"featured_media":44099,"template":"","meta":{"_acf_changed":false,"inline_featured_image":false},"product_brand":[],"product_cat":[188],"product_tag":[],"class_list":{"0":"post-44108","1":"product","2":"type-product","3":"status-publish","4":"has-post-thumbnail","6":"uhrenhersteller-iwc","7":"uhrenhersteller-ingenieur","8":"product_cat-uhren","10":"first","11":"outofstock","12":"taxable","13":"shipping-taxable","14":"purchasable","15":"product-type-simple"},"acf":[],"yoast_head":"<!-- This site is optimized with the Yoast SEO plugin v25.5 - https:\/\/yoast.com\/wordpress\/plugins\/seo\/ -->\n<title>IWC Ingenieur Automatic 40 - Galli Uhren Bijouterie<\/title>\n<meta name=\"robots\" content=\"index, follow, max-snippet:-1, max-image-preview:large, max-video-preview:-1\" \/>\n<link rel=\"canonical\" href=\"https:\/\/galli.ch\/uhren\/iwc\/ingenieur\/automatic-40-iw328904-2\/\" \/>\n<meta property=\"og:locale\" content=\"en_US\" \/>\n<meta property=\"og:type\" content=\"article\" \/>\n<meta property=\"og:title\" content=\"IWC Ingenieur Automatic 40 - Galli Uhren Bijouterie\" \/>\n<meta property=\"og:description\" content=\"Obwohl IWC die Ingenieur 1955 lancierte, wird der Name dieser Uhr meistens in einem Atemzug mit G\u00e9rald Genta genannt. In den 1970er Jahren schuf der legend\u00e4re Genfer Uhrendesigner die Ingenieur SL, Referenz 1832, und verwirklichte damit seine k\u00fcnstlerische Vision einer Luxus-Sportuhr aus Edelstahl mit integriertem Armband. Die Ingenieur Automatic 40 widerspiegelt die starken \u00e4sthetischen Codes... Weiter &raquo;\" \/>\n<meta property=\"og:url\" content=\"https:\/\/galli.ch\/uhren\/iwc\/ingenieur\/automatic-40-iw328904-2\/\" \/>\n<meta property=\"og:site_name\" content=\"Galli Uhren Bijouterie\" \/>\n<meta property=\"article:modified_time\" content=\"2025-08-19T10:15:13+00:00\" \/>\n<meta property=\"og:image\" content=\"https:\/\/galli.ch\/wp-content\/uploads\/SkUwBSxOTei1bFUZ8W-RLw-1.png\" \/>\n\t<meta property=\"og:image:width\" content=\"1000\" \/>\n\t<meta property=\"og:image:height\" content=\"1400\" \/>\n\t<meta property=\"og:image:type\" content=\"image\/png\" \/>\n<meta name=\"twitter:card\" content=\"summary_large_image\" \/>\n<script type=\"application\/ld+json\" class=\"yoast-schema-graph\">{\"@context\":\"https:\/\/schema.org\",\"@graph\":[{\"@type\":\"WebPage\",\"@id\":\"https:\/\/galli.ch\/uhren\/iwc\/ingenieur\/automatic-40-iw328904-2\/\",\"url\":\"https:\/\/galli.ch\/uhren\/iwc\/ingenieur\/automatic-40-iw328904-2\/\",\"name\":\"IWC Ingenieur Automatic 40 - Galli Uhren Bijouterie\",\"isPartOf\":{\"@id\":\"http:\/\/galli.ch\/en\/#website\"},\"primaryImageOfPage\":{\"@id\":\"https:\/\/galli.ch\/uhren\/iwc\/ingenieur\/automatic-40-iw328904-2\/#primaryimage\"},\"image\":{\"@id\":\"https:\/\/galli.ch\/uhren\/iwc\/ingenieur\/automatic-40-iw328904-2\/#primaryimage\"},\"thumbnailUrl\":\"https:\/\/galli.ch\/wp-content\/uploads\/SkUwBSxOTei1bFUZ8W-RLw-1.png\",\"datePublished\":\"2025-08-19T09:27:51+00:00\",\"dateModified\":\"2025-08-19T10:15:13+00:00\",\"breadcrumb\":{\"@id\":\"https:\/\/galli.ch\/uhren\/iwc\/ingenieur\/automatic-40-iw328904-2\/#breadcrumb\"},\"inLanguage\":\"en-US\",\"potentialAction\":[{\"@type\":\"ReadAction\",\"target\":[\"https:\/\/galli.ch\/uhren\/iwc\/ingenieur\/automatic-40-iw328904-2\/\"]}]},{\"@type\":\"ImageObject\",\"inLanguage\":\"en-US\",\"@id\":\"https:\/\/galli.ch\/uhren\/iwc\/ingenieur\/automatic-40-iw328904-2\/#primaryimage\",\"url\":\"https:\/\/galli.ch\/wp-content\/uploads\/SkUwBSxOTei1bFUZ8W-RLw-1.png\",\"contentUrl\":\"https:\/\/galli.ch\/wp-content\/uploads\/SkUwBSxOTei1bFUZ8W-RLw-1.png\",\"width\":1000,\"height\":1400},{\"@type\":\"BreadcrumbList\",\"@id\":\"https:\/\/galli.ch\/uhren\/iwc\/ingenieur\/automatic-40-iw328904-2\/#breadcrumb\",\"itemListElement\":[{\"@type\":\"ListItem\",\"position\":1,\"name\":\"Home\",\"item\":\"https:\/\/galli.ch\/en\/\"},{\"@type\":\"ListItem\",\"position\":2,\"name\":\"Uhren\",\"item\":\"https:\/\/galli.ch\/en\/uhren\/\"},{\"@type\":\"ListItem\",\"position\":3,\"name\":\"IWC Ingenieur Automatic 40\"}]},{\"@type\":\"WebSite\",\"@id\":\"http:\/\/galli.ch\/en\/#website\",\"url\":\"http:\/\/galli.ch\/en\/\",\"name\":\"Galli Uhren Bijouterie\",\"description\":\"\",\"potentialAction\":[{\"@type\":\"SearchAction\",\"target\":{\"@type\":\"EntryPoint\",\"urlTemplate\":\"http:\/\/galli.ch\/en\/?s={search_term_string}\"},\"query-input\":{\"@type\":\"PropertyValueSpecification\",\"valueRequired\":true,\"valueName\":\"search_term_string\"}}],\"inLanguage\":\"en-US\"}]}<\/script>\n<!-- \/ Yoast SEO plugin. -->","yoast_head_json":{"title":"IWC Ingenieur Automatic 40 - Galli Uhren Bijouterie","robots":{"index":"index","follow":"follow","max-snippet":"max-snippet:-1","max-image-preview":"max-image-preview:large","max-video-preview":"max-video-preview:-1"},"canonical":"https:\/\/galli.ch\/uhren\/iwc\/ingenieur\/automatic-40-iw328904-2\/","og_locale":"en_US","og_type":"article","og_title":"IWC Ingenieur Automatic 40 - Galli Uhren Bijouterie","og_description":"Obwohl IWC die Ingenieur 1955 lancierte, wird der Name dieser Uhr meistens in einem Atemzug mit G\u00e9rald Genta genannt. In den 1970er Jahren schuf der legend\u00e4re Genfer Uhrendesigner die Ingenieur SL, Referenz 1832, und verwirklichte damit seine k\u00fcnstlerische Vision einer Luxus-Sportuhr aus Edelstahl mit integriertem Armband. Die Ingenieur Automatic 40 widerspiegelt die starken \u00e4sthetischen Codes... Weiter &raquo;","og_url":"https:\/\/galli.ch\/uhren\/iwc\/ingenieur\/automatic-40-iw328904-2\/","og_site_name":"Galli Uhren Bijouterie","article_modified_time":"2025-08-19T10:15:13+00:00","og_image":[{"width":1000,"height":1400,"url":"https:\/\/galli.ch\/wp-content\/uploads\/SkUwBSxOTei1bFUZ8W-RLw-1.png","type":"image\/png"}],"twitter_card":"summary_large_image","schema":{"@context":"https:\/\/schema.org","@graph":[{"@type":"WebPage","@id":"https:\/\/galli.ch\/uhren\/iwc\/ingenieur\/automatic-40-iw328904-2\/","url":"https:\/\/galli.ch\/uhren\/iwc\/ingenieur\/automatic-40-iw328904-2\/","name":"IWC Ingenieur Automatic 40 - Galli Uhren Bijouterie","isPartOf":{"@id":"http:\/\/galli.ch\/en\/#website"},"primaryImageOfPage":{"@id":"https:\/\/galli.ch\/uhren\/iwc\/ingenieur\/automatic-40-iw328904-2\/#primaryimage"},"image":{"@id":"https:\/\/galli.ch\/uhren\/iwc\/ingenieur\/automatic-40-iw328904-2\/#primaryimage"},"thumbnailUrl":"https:\/\/galli.ch\/wp-content\/uploads\/SkUwBSxOTei1bFUZ8W-RLw-1.png","datePublished":"2025-08-19T09:27:51+00:00","dateModified":"2025-08-19T10:15:13+00:00","breadcrumb":{"@id":"https:\/\/galli.ch\/uhren\/iwc\/ingenieur\/automatic-40-iw328904-2\/#breadcrumb"},"inLanguage":"en-US","potentialAction":[{"@type":"ReadAction","target":["https:\/\/galli.ch\/uhren\/iwc\/ingenieur\/automatic-40-iw328904-2\/"]}]},{"@type":"ImageObject","inLanguage":"en-US","@id":"https:\/\/galli.ch\/uhren\/iwc\/ingenieur\/automatic-40-iw328904-2\/#primaryimage","url":"https:\/\/galli.ch\/wp-content\/uploads\/SkUwBSxOTei1bFUZ8W-RLw-1.png","contentUrl":"https:\/\/galli.ch\/wp-content\/uploads\/SkUwBSxOTei1bFUZ8W-RLw-1.png","width":1000,"height":1400},{"@type":"BreadcrumbList","@id":"https:\/\/galli.ch\/uhren\/iwc\/ingenieur\/automatic-40-iw328904-2\/#breadcrumb","itemListElement":[{"@type":"ListItem","position":1,"name":"Home","item":"https:\/\/galli.ch\/en\/"},{"@type":"ListItem","position":2,"name":"Uhren","item":"https:\/\/galli.ch\/en\/uhren\/"},{"@type":"ListItem","position":3,"name":"IWC Ingenieur Automatic 40"}]},{"@type":"WebSite","@id":"http:\/\/galli.ch\/en\/#website","url":"http:\/\/galli.ch\/en\/","name":"Galli Uhren Bijouterie","description":"","potentialAction":[{"@type":"SearchAction","target":{"@type":"EntryPoint","urlTemplate":"http:\/\/galli.ch\/en\/?s={search_term_string}"},"query-input":{"@type":"PropertyValueSpecification","valueRequired":true,"valueName":"search_term_string"}}],"inLanguage":"en-US"}]}},"_links":{"self":[{"href":"https:\/\/galli.ch\/en\/wp-json\/wp\/v2\/product\/44108","targetHints":{"allow":["GET"]}}],"collection":[{"href":"https:\/\/galli.ch\/en\/wp-json\/wp\/v2\/product"}],"about":[{"href":"https:\/\/galli.ch\/en\/wp-json\/wp\/v2\/types\/product"}],"wp:featuredmedia":[{"embeddable":true,"href":"https:\/\/galli.ch\/en\/wp-json\/wp\/v2\/media\/44099"}],"wp:attachment":[{"href":"https:\/\/galli.ch\/en\/wp-json\/wp\/v2\/media?parent=44108"}],"wp:term":[{"taxonomy":"product_brand","embeddable":true,"href":"https:\/\/galli.ch\/en\/wp-json\/wp\/v2\/product_brand?post=44108"},{"taxonomy":"product_cat","embeddable":true,"href":"https:\/\/galli.ch\/en\/wp-json\/wp\/v2\/product_cat?post=44108"},{"taxonomy":"product_tag","embeddable":true,"href":"https:\/\/galli.ch\/en\/wp-json\/wp\/v2\/product_tag?post=44108"}],"curies":[{"name":"wp","href":"https:\/\/api.w.org\/{rel}","templated":true}]}}