{"id":44333,"date":"2025-09-11T11:12:49","date_gmt":"2025-09-11T09:12:49","guid":{"rendered":"https:\/\/galli.ch\/?post_type=product&#038;p=44333"},"modified":"2025-09-11T11:20:44","modified_gmt":"2025-09-11T09:20:44","slug":"iwc-pilots-watch-mark-xx-iw328201-136","status":"publish","type":"product","link":"https:\/\/galli.ch\/en\/uhren\/galli-cpo\/iwc-2\/iwc-pilots-watch-mark-xx-iw328201-136\/","title":{"rendered":"IWC Pilot&#8217;s Watch Mark XX"},"content":{"rendered":"<p>Die IWC Pilot\u2019s Watch Mark XX ist eine moderne Interpretation der klassischen Fliegeruhr \u2013 schlicht, funktional und kompromisslos pr\u00e4zise. Ihr 40\u202fmm gro\u00dfes Edelstahlgeh\u00e4use beherbergt ein tiefschwarzes Zifferblatt mit leuchtstarken Indizes und markanten Zeigern, die selbst in v\u00f6lliger Dunkelheit ablesbar bleiben \u2013 ganz im Sinne der urspr\u00fcnglichen Pilotenuhren.<\/p>\n<p>Jahrgang: 2023<\/p>\n<p>Zustand: Sehr Gut<\/p>\n<p>Original Papiere: Ja<\/p>\n<p>Original Box: Ja<\/p>\n<p>Garantie bis 29.11.2025<\/p>\n","protected":false},"excerpt":{"rendered":"<p>Die IWC Pilot\u2019s Watch Mark XX ist eine moderne Interpretation der klassischen Fliegeruhr \u2013 schlicht, funktional und kompromisslos pr\u00e4zise. Ihr 40\u202fmm gro\u00dfes Edelstahlgeh\u00e4use beherbergt ein tiefschwarzes Zifferblatt mit leuchtstarken Indizes und markanten Zeigern, die selbst in v\u00f6lliger Dunkelheit ablesbar bleiben \u2013 ganz im Sinne der urspr\u00fcnglichen Pilotenuhren. Jahrgang: 2023 Zustand: Sehr Gut Original Papiere: Ja&#8230;  <a class=\"excerpt-read-more\" href=\"https:\/\/galli.ch\/en\/uhren\/galli-cpo\/iwc-2\/iwc-pilots-watch-mark-xx-iw328201-136\/\" title=\"Read IWC Pilot&#8217;s Watch Mark XX\">Weiter &raquo;<\/a><\/p>\n","protected":false},"featured_media":44315,"template":"","meta":{"_acf_changed":false,"inline_featured_image":false},"product_brand":[],"product_cat":[188],"product_tag":[],"class_list":{"0":"post-44333","1":"product","2":"type-product","3":"status-publish","4":"has-post-thumbnail","6":"uhrenhersteller-galli-cpo","7":"uhrenhersteller-iwc-2","8":"product_cat-uhren","10":"first","11":"instock","12":"taxable","13":"shipping-taxable","14":"purchasable","15":"product-type-simple"},"acf":[],"yoast_head":"<!-- This site is optimized with the Yoast SEO plugin v25.5 - https:\/\/yoast.com\/wordpress\/plugins\/seo\/ -->\n<title>IWC Pilot&#039;s Watch Mark XX - Galli Uhren Bijouterie<\/title>\n<meta name=\"robots\" content=\"index, follow, max-snippet:-1, max-image-preview:large, max-video-preview:-1\" \/>\n<link rel=\"canonical\" href=\"https:\/\/galli.ch\/uhren\/galli-cpo\/iwc-pilots-watch-mark-xx-iw328201-136\/\" \/>\n<meta property=\"og:locale\" content=\"en_US\" \/>\n<meta property=\"og:type\" content=\"article\" \/>\n<meta property=\"og:title\" content=\"IWC Pilot&#039;s Watch Mark XX - Galli Uhren Bijouterie\" \/>\n<meta property=\"og:description\" content=\"Die IWC Pilot\u2019s Watch Mark XX ist eine moderne Interpretation der klassischen Fliegeruhr \u2013 schlicht, funktional und kompromisslos pr\u00e4zise. Ihr 40\u202fmm gro\u00dfes Edelstahlgeh\u00e4use beherbergt ein tiefschwarzes Zifferblatt mit leuchtstarken Indizes und markanten Zeigern, die selbst in v\u00f6lliger Dunkelheit ablesbar bleiben \u2013 ganz im Sinne der urspr\u00fcnglichen Pilotenuhren. Jahrgang: 2023 Zustand: Sehr Gut Original Papiere: Ja... Weiter &raquo;\" \/>\n<meta property=\"og:url\" content=\"https:\/\/galli.ch\/uhren\/galli-cpo\/iwc-pilots-watch-mark-xx-iw328201-136\/\" \/>\n<meta property=\"og:site_name\" content=\"Galli Uhren Bijouterie\" \/>\n<meta property=\"article:modified_time\" content=\"2025-09-11T09:20:44+00:00\" \/>\n<meta property=\"og:image\" content=\"https:\/\/galli.ch\/wp-content\/uploads\/image1.png\" \/>\n\t<meta property=\"og:image:width\" content=\"1000\" \/>\n\t<meta property=\"og:image:height\" content=\"1400\" \/>\n\t<meta property=\"og:image:type\" content=\"image\/png\" \/>\n<meta name=\"twitter:card\" content=\"summary_large_image\" \/>\n<script type=\"application\/ld+json\" class=\"yoast-schema-graph\">{\"@context\":\"https:\/\/schema.org\",\"@graph\":[{\"@type\":\"WebPage\",\"@id\":\"https:\/\/galli.ch\/uhren\/galli-cpo\/iwc-pilots-watch-mark-xx-iw328201-136\/\",\"url\":\"https:\/\/galli.ch\/uhren\/galli-cpo\/iwc-pilots-watch-mark-xx-iw328201-136\/\",\"name\":\"IWC Pilot's Watch Mark XX - Galli Uhren Bijouterie\",\"isPartOf\":{\"@id\":\"http:\/\/galli.ch\/en\/#website\"},\"primaryImageOfPage\":{\"@id\":\"https:\/\/galli.ch\/uhren\/galli-cpo\/iwc-pilots-watch-mark-xx-iw328201-136\/#primaryimage\"},\"image\":{\"@id\":\"https:\/\/galli.ch\/uhren\/galli-cpo\/iwc-pilots-watch-mark-xx-iw328201-136\/#primaryimage\"},\"thumbnailUrl\":\"https:\/\/galli.ch\/wp-content\/uploads\/image1.png\",\"datePublished\":\"2025-09-11T09:12:49+00:00\",\"dateModified\":\"2025-09-11T09:20:44+00:00\",\"breadcrumb\":{\"@id\":\"https:\/\/galli.ch\/uhren\/galli-cpo\/iwc-pilots-watch-mark-xx-iw328201-136\/#breadcrumb\"},\"inLanguage\":\"en-US\",\"potentialAction\":[{\"@type\":\"ReadAction\",\"target\":[\"https:\/\/galli.ch\/uhren\/galli-cpo\/iwc-pilots-watch-mark-xx-iw328201-136\/\"]}]},{\"@type\":\"ImageObject\",\"inLanguage\":\"en-US\",\"@id\":\"https:\/\/galli.ch\/uhren\/galli-cpo\/iwc-pilots-watch-mark-xx-iw328201-136\/#primaryimage\",\"url\":\"https:\/\/galli.ch\/wp-content\/uploads\/image1.png\",\"contentUrl\":\"https:\/\/galli.ch\/wp-content\/uploads\/image1.png\",\"width\":1000,\"height\":1400},{\"@type\":\"BreadcrumbList\",\"@id\":\"https:\/\/galli.ch\/uhren\/galli-cpo\/iwc-pilots-watch-mark-xx-iw328201-136\/#breadcrumb\",\"itemListElement\":[{\"@type\":\"ListItem\",\"position\":1,\"name\":\"Home\",\"item\":\"https:\/\/galli.ch\/en\/\"},{\"@type\":\"ListItem\",\"position\":2,\"name\":\"Uhren\",\"item\":\"https:\/\/galli.ch\/en\/uhren\/\"},{\"@type\":\"ListItem\",\"position\":3,\"name\":\"IWC Pilot&#8217;s Watch Mark XX\"}]},{\"@type\":\"WebSite\",\"@id\":\"http:\/\/galli.ch\/en\/#website\",\"url\":\"http:\/\/galli.ch\/en\/\",\"name\":\"Galli Uhren Bijouterie\",\"description\":\"\",\"potentialAction\":[{\"@type\":\"SearchAction\",\"target\":{\"@type\":\"EntryPoint\",\"urlTemplate\":\"http:\/\/galli.ch\/en\/?s={search_term_string}\"},\"query-input\":{\"@type\":\"PropertyValueSpecification\",\"valueRequired\":true,\"valueName\":\"search_term_string\"}}],\"inLanguage\":\"en-US\"}]}<\/script>\n<!-- \/ Yoast SEO plugin. -->","yoast_head_json":{"title":"IWC Pilot's Watch Mark XX - Galli Uhren Bijouterie","robots":{"index":"index","follow":"follow","max-snippet":"max-snippet:-1","max-image-preview":"max-image-preview:large","max-video-preview":"max-video-preview:-1"},"canonical":"https:\/\/galli.ch\/uhren\/galli-cpo\/iwc-pilots-watch-mark-xx-iw328201-136\/","og_locale":"en_US","og_type":"article","og_title":"IWC Pilot's Watch Mark XX - Galli Uhren Bijouterie","og_description":"Die IWC Pilot\u2019s Watch Mark XX ist eine moderne Interpretation der klassischen Fliegeruhr \u2013 schlicht, funktional und kompromisslos pr\u00e4zise. Ihr 40\u202fmm gro\u00dfes Edelstahlgeh\u00e4use beherbergt ein tiefschwarzes Zifferblatt mit leuchtstarken Indizes und markanten Zeigern, die selbst in v\u00f6lliger Dunkelheit ablesbar bleiben \u2013 ganz im Sinne der urspr\u00fcnglichen Pilotenuhren. Jahrgang: 2023 Zustand: Sehr Gut Original Papiere: Ja... Weiter &raquo;","og_url":"https:\/\/galli.ch\/uhren\/galli-cpo\/iwc-pilots-watch-mark-xx-iw328201-136\/","og_site_name":"Galli Uhren Bijouterie","article_modified_time":"2025-09-11T09:20:44+00:00","og_image":[{"width":1000,"height":1400,"url":"https:\/\/galli.ch\/wp-content\/uploads\/image1.png","type":"image\/png"}],"twitter_card":"summary_large_image","schema":{"@context":"https:\/\/schema.org","@graph":[{"@type":"WebPage","@id":"https:\/\/galli.ch\/uhren\/galli-cpo\/iwc-pilots-watch-mark-xx-iw328201-136\/","url":"https:\/\/galli.ch\/uhren\/galli-cpo\/iwc-pilots-watch-mark-xx-iw328201-136\/","name":"IWC Pilot's Watch Mark XX - Galli Uhren Bijouterie","isPartOf":{"@id":"http:\/\/galli.ch\/en\/#website"},"primaryImageOfPage":{"@id":"https:\/\/galli.ch\/uhren\/galli-cpo\/iwc-pilots-watch-mark-xx-iw328201-136\/#primaryimage"},"image":{"@id":"https:\/\/galli.ch\/uhren\/galli-cpo\/iwc-pilots-watch-mark-xx-iw328201-136\/#primaryimage"},"thumbnailUrl":"https:\/\/galli.ch\/wp-content\/uploads\/image1.png","datePublished":"2025-09-11T09:12:49+00:00","dateModified":"2025-09-11T09:20:44+00:00","breadcrumb":{"@id":"https:\/\/galli.ch\/uhren\/galli-cpo\/iwc-pilots-watch-mark-xx-iw328201-136\/#breadcrumb"},"inLanguage":"en-US","potentialAction":[{"@type":"ReadAction","target":["https:\/\/galli.ch\/uhren\/galli-cpo\/iwc-pilots-watch-mark-xx-iw328201-136\/"]}]},{"@type":"ImageObject","inLanguage":"en-US","@id":"https:\/\/galli.ch\/uhren\/galli-cpo\/iwc-pilots-watch-mark-xx-iw328201-136\/#primaryimage","url":"https:\/\/galli.ch\/wp-content\/uploads\/image1.png","contentUrl":"https:\/\/galli.ch\/wp-content\/uploads\/image1.png","width":1000,"height":1400},{"@type":"BreadcrumbList","@id":"https:\/\/galli.ch\/uhren\/galli-cpo\/iwc-pilots-watch-mark-xx-iw328201-136\/#breadcrumb","itemListElement":[{"@type":"ListItem","position":1,"name":"Home","item":"https:\/\/galli.ch\/en\/"},{"@type":"ListItem","position":2,"name":"Uhren","item":"https:\/\/galli.ch\/en\/uhren\/"},{"@type":"ListItem","position":3,"name":"IWC Pilot&#8217;s Watch Mark XX"}]},{"@type":"WebSite","@id":"http:\/\/galli.ch\/en\/#website","url":"http:\/\/galli.ch\/en\/","name":"Galli Uhren Bijouterie","description":"","potentialAction":[{"@type":"SearchAction","target":{"@type":"EntryPoint","urlTemplate":"http:\/\/galli.ch\/en\/?s={search_term_string}"},"query-input":{"@type":"PropertyValueSpecification","valueRequired":true,"valueName":"search_term_string"}}],"inLanguage":"en-US"}]}},"_links":{"self":[{"href":"https:\/\/galli.ch\/en\/wp-json\/wp\/v2\/product\/44333","targetHints":{"allow":["GET"]}}],"collection":[{"href":"https:\/\/galli.ch\/en\/wp-json\/wp\/v2\/product"}],"about":[{"href":"https:\/\/galli.ch\/en\/wp-json\/wp\/v2\/types\/product"}],"wp:featuredmedia":[{"embeddable":true,"href":"https:\/\/galli.ch\/en\/wp-json\/wp\/v2\/media\/44315"}],"wp:attachment":[{"href":"https:\/\/galli.ch\/en\/wp-json\/wp\/v2\/media?parent=44333"}],"wp:term":[{"taxonomy":"product_brand","embeddable":true,"href":"https:\/\/galli.ch\/en\/wp-json\/wp\/v2\/product_brand?post=44333"},{"taxonomy":"product_cat","embeddable":true,"href":"https:\/\/galli.ch\/en\/wp-json\/wp\/v2\/product_cat?post=44333"},{"taxonomy":"product_tag","embeddable":true,"href":"https:\/\/galli.ch\/en\/wp-json\/wp\/v2\/product_tag?post=44333"}],"curies":[{"name":"wp","href":"https:\/\/api.w.org\/{rel}","templated":true}]}}