{"id":44392,"date":"2025-09-18T17:05:56","date_gmt":"2025-09-18T15:05:56","guid":{"rendered":"https:\/\/galli.ch\/?post_type=product&#038;p=44392"},"modified":"2026-03-30T10:12:18","modified_gmt":"2026-03-30T08:12:18","slug":"primaluna-moonphase-l8-126-0-97-2","status":"publish","type":"product","link":"https:\/\/galli.ch\/en\/uhren\/longines\/elegant\/primaluna-moonphase-l8-126-0-97-2\/","title":{"rendered":"Longines Primaluna Moonphase"},"content":{"rendered":"<p>Die LONGINES PrimaLuna Kollektion verk\u00f6rpert Eleganz und Weiblichkeit. Der himmlische Einfluss spiegelt sich in den anmutigen Kurven und den zarten Linien wider, die mit viel Liebe zum Detail gefertigt wurden. Ob mit Diamanten besetzt oder mit minimalistischen Zifferbl\u00e4ttern, jede LONGINES PrimaLuna Uhr strahlt eine Sch\u00f6nheit aus, die \u00fcber fl\u00fcchtige Trends hinausgeht.<\/p>\n","protected":false},"excerpt":{"rendered":"<p>Die LONGINES PrimaLuna Kollektion verk\u00f6rpert Eleganz und Weiblichkeit. Der himmlische Einfluss spiegelt sich in den anmutigen Kurven und den zarten Linien wider, die mit viel Liebe zum Detail gefertigt wurden. Ob mit Diamanten besetzt oder mit minimalistischen Zifferbl\u00e4ttern, jede LONGINES PrimaLuna Uhr strahlt eine Sch\u00f6nheit aus, die \u00fcber fl\u00fcchtige Trends hinausgeht.<\/p>\n","protected":false},"featured_media":44388,"template":"","meta":{"_acf_changed":false,"inline_featured_image":false},"product_brand":[],"product_cat":[188],"product_tag":[],"class_list":{"0":"post-44392","1":"product","2":"type-product","3":"status-publish","4":"has-post-thumbnail","6":"uhrenhersteller-longines","7":"uhrenhersteller-elegant","8":"product_cat-uhren","10":"first","11":"instock","12":"taxable","13":"shipping-taxable","14":"purchasable","15":"product-type-simple"},"acf":[],"yoast_head":"<!-- This site is optimized with the Yoast SEO plugin v25.5 - https:\/\/yoast.com\/wordpress\/plugins\/seo\/ -->\n<title>Longines Primaluna Moonphase - Galli Uhren Bijouterie<\/title>\n<meta name=\"robots\" content=\"index, follow, max-snippet:-1, max-image-preview:large, max-video-preview:-1\" \/>\n<link rel=\"canonical\" href=\"https:\/\/galli.ch\/uhren\/longines\/elegant\/primaluna-moonphase-l8-126-0-97-2\/\" \/>\n<meta property=\"og:locale\" content=\"en_US\" \/>\n<meta property=\"og:type\" content=\"article\" \/>\n<meta property=\"og:title\" content=\"Longines Primaluna Moonphase - Galli Uhren Bijouterie\" \/>\n<meta property=\"og:description\" content=\"Die LONGINES PrimaLuna Kollektion verk\u00f6rpert Eleganz und Weiblichkeit. Der himmlische Einfluss spiegelt sich in den anmutigen Kurven und den zarten Linien wider, die mit viel Liebe zum Detail gefertigt wurden. Ob mit Diamanten besetzt oder mit minimalistischen Zifferbl\u00e4ttern, jede LONGINES PrimaLuna Uhr strahlt eine Sch\u00f6nheit aus, die \u00fcber fl\u00fcchtige Trends hinausgeht.\" \/>\n<meta property=\"og:url\" content=\"https:\/\/galli.ch\/uhren\/longines\/elegant\/primaluna-moonphase-l8-126-0-97-2\/\" \/>\n<meta property=\"og:site_name\" content=\"Galli Uhren Bijouterie\" \/>\n<meta property=\"article:modified_time\" content=\"2026-03-30T08:12:18+00:00\" \/>\n<meta property=\"og:image\" content=\"https:\/\/galli.ch\/wp-content\/uploads\/L8-126-0-97-2_SOL.png\" \/>\n\t<meta property=\"og:image:width\" content=\"1000\" \/>\n\t<meta property=\"og:image:height\" content=\"1400\" \/>\n\t<meta property=\"og:image:type\" content=\"image\/png\" \/>\n<meta name=\"twitter:card\" content=\"summary_large_image\" \/>\n<script type=\"application\/ld+json\" class=\"yoast-schema-graph\">{\"@context\":\"https:\/\/schema.org\",\"@graph\":[{\"@type\":\"WebPage\",\"@id\":\"https:\/\/galli.ch\/uhren\/longines\/elegant\/primaluna-moonphase-l8-126-0-97-2\/\",\"url\":\"https:\/\/galli.ch\/uhren\/longines\/elegant\/primaluna-moonphase-l8-126-0-97-2\/\",\"name\":\"Longines Primaluna Moonphase - Galli Uhren Bijouterie\",\"isPartOf\":{\"@id\":\"http:\/\/galli.ch\/en\/#website\"},\"primaryImageOfPage\":{\"@id\":\"https:\/\/galli.ch\/uhren\/longines\/elegant\/primaluna-moonphase-l8-126-0-97-2\/#primaryimage\"},\"image\":{\"@id\":\"https:\/\/galli.ch\/uhren\/longines\/elegant\/primaluna-moonphase-l8-126-0-97-2\/#primaryimage\"},\"thumbnailUrl\":\"https:\/\/galli.ch\/wp-content\/uploads\/L8-126-0-97-2_SOL.png\",\"datePublished\":\"2025-09-18T15:05:56+00:00\",\"dateModified\":\"2026-03-30T08:12:18+00:00\",\"breadcrumb\":{\"@id\":\"https:\/\/galli.ch\/uhren\/longines\/elegant\/primaluna-moonphase-l8-126-0-97-2\/#breadcrumb\"},\"inLanguage\":\"en-US\",\"potentialAction\":[{\"@type\":\"ReadAction\",\"target\":[\"https:\/\/galli.ch\/uhren\/longines\/elegant\/primaluna-moonphase-l8-126-0-97-2\/\"]}]},{\"@type\":\"ImageObject\",\"inLanguage\":\"en-US\",\"@id\":\"https:\/\/galli.ch\/uhren\/longines\/elegant\/primaluna-moonphase-l8-126-0-97-2\/#primaryimage\",\"url\":\"https:\/\/galli.ch\/wp-content\/uploads\/L8-126-0-97-2_SOL.png\",\"contentUrl\":\"https:\/\/galli.ch\/wp-content\/uploads\/L8-126-0-97-2_SOL.png\",\"width\":1000,\"height\":1400},{\"@type\":\"BreadcrumbList\",\"@id\":\"https:\/\/galli.ch\/uhren\/longines\/elegant\/primaluna-moonphase-l8-126-0-97-2\/#breadcrumb\",\"itemListElement\":[{\"@type\":\"ListItem\",\"position\":1,\"name\":\"Home\",\"item\":\"https:\/\/galli.ch\/en\/\"},{\"@type\":\"ListItem\",\"position\":2,\"name\":\"Uhren\",\"item\":\"https:\/\/galli.ch\/en\/uhren\/\"},{\"@type\":\"ListItem\",\"position\":3,\"name\":\"Longines Primaluna Moonphase\"}]},{\"@type\":\"WebSite\",\"@id\":\"http:\/\/galli.ch\/en\/#website\",\"url\":\"http:\/\/galli.ch\/en\/\",\"name\":\"Galli Uhren Bijouterie\",\"description\":\"\",\"potentialAction\":[{\"@type\":\"SearchAction\",\"target\":{\"@type\":\"EntryPoint\",\"urlTemplate\":\"http:\/\/galli.ch\/en\/?s={search_term_string}\"},\"query-input\":{\"@type\":\"PropertyValueSpecification\",\"valueRequired\":true,\"valueName\":\"search_term_string\"}}],\"inLanguage\":\"en-US\"}]}<\/script>\n<!-- \/ Yoast SEO plugin. -->","yoast_head_json":{"title":"Longines Primaluna Moonphase - Galli Uhren Bijouterie","robots":{"index":"index","follow":"follow","max-snippet":"max-snippet:-1","max-image-preview":"max-image-preview:large","max-video-preview":"max-video-preview:-1"},"canonical":"https:\/\/galli.ch\/uhren\/longines\/elegant\/primaluna-moonphase-l8-126-0-97-2\/","og_locale":"en_US","og_type":"article","og_title":"Longines Primaluna Moonphase - Galli Uhren Bijouterie","og_description":"Die LONGINES PrimaLuna Kollektion verk\u00f6rpert Eleganz und Weiblichkeit. Der himmlische Einfluss spiegelt sich in den anmutigen Kurven und den zarten Linien wider, die mit viel Liebe zum Detail gefertigt wurden. Ob mit Diamanten besetzt oder mit minimalistischen Zifferbl\u00e4ttern, jede LONGINES PrimaLuna Uhr strahlt eine Sch\u00f6nheit aus, die \u00fcber fl\u00fcchtige Trends hinausgeht.","og_url":"https:\/\/galli.ch\/uhren\/longines\/elegant\/primaluna-moonphase-l8-126-0-97-2\/","og_site_name":"Galli Uhren Bijouterie","article_modified_time":"2026-03-30T08:12:18+00:00","og_image":[{"width":1000,"height":1400,"url":"https:\/\/galli.ch\/wp-content\/uploads\/L8-126-0-97-2_SOL.png","type":"image\/png"}],"twitter_card":"summary_large_image","schema":{"@context":"https:\/\/schema.org","@graph":[{"@type":"WebPage","@id":"https:\/\/galli.ch\/uhren\/longines\/elegant\/primaluna-moonphase-l8-126-0-97-2\/","url":"https:\/\/galli.ch\/uhren\/longines\/elegant\/primaluna-moonphase-l8-126-0-97-2\/","name":"Longines Primaluna Moonphase - Galli Uhren Bijouterie","isPartOf":{"@id":"http:\/\/galli.ch\/en\/#website"},"primaryImageOfPage":{"@id":"https:\/\/galli.ch\/uhren\/longines\/elegant\/primaluna-moonphase-l8-126-0-97-2\/#primaryimage"},"image":{"@id":"https:\/\/galli.ch\/uhren\/longines\/elegant\/primaluna-moonphase-l8-126-0-97-2\/#primaryimage"},"thumbnailUrl":"https:\/\/galli.ch\/wp-content\/uploads\/L8-126-0-97-2_SOL.png","datePublished":"2025-09-18T15:05:56+00:00","dateModified":"2026-03-30T08:12:18+00:00","breadcrumb":{"@id":"https:\/\/galli.ch\/uhren\/longines\/elegant\/primaluna-moonphase-l8-126-0-97-2\/#breadcrumb"},"inLanguage":"en-US","potentialAction":[{"@type":"ReadAction","target":["https:\/\/galli.ch\/uhren\/longines\/elegant\/primaluna-moonphase-l8-126-0-97-2\/"]}]},{"@type":"ImageObject","inLanguage":"en-US","@id":"https:\/\/galli.ch\/uhren\/longines\/elegant\/primaluna-moonphase-l8-126-0-97-2\/#primaryimage","url":"https:\/\/galli.ch\/wp-content\/uploads\/L8-126-0-97-2_SOL.png","contentUrl":"https:\/\/galli.ch\/wp-content\/uploads\/L8-126-0-97-2_SOL.png","width":1000,"height":1400},{"@type":"BreadcrumbList","@id":"https:\/\/galli.ch\/uhren\/longines\/elegant\/primaluna-moonphase-l8-126-0-97-2\/#breadcrumb","itemListElement":[{"@type":"ListItem","position":1,"name":"Home","item":"https:\/\/galli.ch\/en\/"},{"@type":"ListItem","position":2,"name":"Uhren","item":"https:\/\/galli.ch\/en\/uhren\/"},{"@type":"ListItem","position":3,"name":"Longines Primaluna Moonphase"}]},{"@type":"WebSite","@id":"http:\/\/galli.ch\/en\/#website","url":"http:\/\/galli.ch\/en\/","name":"Galli Uhren Bijouterie","description":"","potentialAction":[{"@type":"SearchAction","target":{"@type":"EntryPoint","urlTemplate":"http:\/\/galli.ch\/en\/?s={search_term_string}"},"query-input":{"@type":"PropertyValueSpecification","valueRequired":true,"valueName":"search_term_string"}}],"inLanguage":"en-US"}]}},"_links":{"self":[{"href":"https:\/\/galli.ch\/en\/wp-json\/wp\/v2\/product\/44392","targetHints":{"allow":["GET"]}}],"collection":[{"href":"https:\/\/galli.ch\/en\/wp-json\/wp\/v2\/product"}],"about":[{"href":"https:\/\/galli.ch\/en\/wp-json\/wp\/v2\/types\/product"}],"wp:featuredmedia":[{"embeddable":true,"href":"https:\/\/galli.ch\/en\/wp-json\/wp\/v2\/media\/44388"}],"wp:attachment":[{"href":"https:\/\/galli.ch\/en\/wp-json\/wp\/v2\/media?parent=44392"}],"wp:term":[{"taxonomy":"product_brand","embeddable":true,"href":"https:\/\/galli.ch\/en\/wp-json\/wp\/v2\/product_brand?post=44392"},{"taxonomy":"product_cat","embeddable":true,"href":"https:\/\/galli.ch\/en\/wp-json\/wp\/v2\/product_cat?post=44392"},{"taxonomy":"product_tag","embeddable":true,"href":"https:\/\/galli.ch\/en\/wp-json\/wp\/v2\/product_tag?post=44392"}],"curies":[{"name":"wp","href":"https:\/\/api.w.org\/{rel}","templated":true}]}}