{"id":44441,"date":"2025-09-22T15:19:08","date_gmt":"2025-09-22T13:19:08","guid":{"rendered":"https:\/\/galli.ch\/?post_type=product&#038;p=44441"},"modified":"2025-09-27T15:18:14","modified_gmt":"2025-09-27T13:18:14","slug":"automatic-43mm-ac6008-ssl40-330-4","status":"publish","type":"product","link":"https:\/\/galli.ch\/en\/uhren\/maurice-lacroix\/aikonic\/automatic-43mm-ac6008-ssl40-330-4\/","title":{"rendered":"Maurice Lacroix Aikonic Automatic 43mm"},"content":{"rendered":"<p>Ein markanter Look, hochwertige Materialien und ein klares Designkonzept. AIKONIC bringt eine neue Facette in die Welt von Maurice Lacroix. Urban und vielseitig tragbar. Gefertigt aus technischer Keramik, mit Bi-Kautschuk-Armband und dem neuen ML Easy Change System. Im Inneren arbeitet das Kaliber ML1000, pr\u00e4zise, zuverl\u00e4ssig und zeitgem\u00e4\u00df. Erh\u00e4ltlich in Schwarz, Wei\u00df und Dunkelblau.<\/p>\n","protected":false},"excerpt":{"rendered":"<p>Ein markanter Look, hochwertige Materialien und ein klares Designkonzept. AIKONIC bringt eine neue Facette in die Welt von Maurice Lacroix. Urban und vielseitig tragbar. Gefertigt aus technischer Keramik, mit Bi-Kautschuk-Armband und dem neuen ML Easy Change System. Im Inneren arbeitet das Kaliber ML1000, pr\u00e4zise, zuverl\u00e4ssig und zeitgem\u00e4\u00df. Erh\u00e4ltlich in Schwarz, Wei\u00df und Dunkelblau.<\/p>\n","protected":false},"featured_media":44430,"template":"","meta":{"_acf_changed":false,"inline_featured_image":false},"product_brand":[],"product_cat":[188],"product_tag":[],"class_list":{"0":"post-44441","1":"product","2":"type-product","3":"status-publish","4":"has-post-thumbnail","6":"uhrenhersteller-aikonic","7":"uhrenhersteller-maurice-lacroix","8":"product_cat-uhren","10":"first","11":"outofstock","12":"taxable","13":"shipping-taxable","14":"purchasable","15":"product-type-simple"},"acf":[],"yoast_head":"<!-- This site is optimized with the Yoast SEO plugin v25.5 - https:\/\/yoast.com\/wordpress\/plugins\/seo\/ -->\n<title>Maurice Lacroix Aikonic Automatic 43mm - Galli Uhren Bijouterie<\/title>\n<meta name=\"robots\" content=\"index, follow, max-snippet:-1, max-image-preview:large, max-video-preview:-1\" \/>\n<link rel=\"canonical\" href=\"https:\/\/galli.ch\/uhren\/maurice-lacroix\/aikonic\/automatic-43mm-ac6008-ssl40-330-4\/\" \/>\n<meta property=\"og:locale\" content=\"en_US\" \/>\n<meta property=\"og:type\" content=\"article\" \/>\n<meta property=\"og:title\" content=\"Maurice Lacroix Aikonic Automatic 43mm - Galli Uhren Bijouterie\" \/>\n<meta property=\"og:description\" content=\"Ein markanter Look, hochwertige Materialien und ein klares Designkonzept. AIKONIC bringt eine neue Facette in die Welt von Maurice Lacroix. Urban und vielseitig tragbar. Gefertigt aus technischer Keramik, mit Bi-Kautschuk-Armband und dem neuen ML Easy Change System. Im Inneren arbeitet das Kaliber ML1000, pr\u00e4zise, zuverl\u00e4ssig und zeitgem\u00e4\u00df. Erh\u00e4ltlich in Schwarz, Wei\u00df und Dunkelblau.\" \/>\n<meta property=\"og:url\" content=\"https:\/\/galli.ch\/uhren\/maurice-lacroix\/aikonic\/automatic-43mm-ac6008-ssl40-330-4\/\" \/>\n<meta property=\"og:site_name\" content=\"Galli Uhren Bijouterie\" \/>\n<meta property=\"article:modified_time\" content=\"2025-09-27T13:18:14+00:00\" \/>\n<meta property=\"og:image\" content=\"https:\/\/galli.ch\/wp-content\/uploads\/AC6008-SSL40-330-4_soldat_1.png\" \/>\n\t<meta property=\"og:image:width\" content=\"1000\" \/>\n\t<meta property=\"og:image:height\" content=\"1400\" \/>\n\t<meta property=\"og:image:type\" content=\"image\/png\" \/>\n<meta name=\"twitter:card\" content=\"summary_large_image\" \/>\n<script type=\"application\/ld+json\" class=\"yoast-schema-graph\">{\"@context\":\"https:\/\/schema.org\",\"@graph\":[{\"@type\":\"WebPage\",\"@id\":\"https:\/\/galli.ch\/uhren\/maurice-lacroix\/aikonic\/automatic-43mm-ac6008-ssl40-330-4\/\",\"url\":\"https:\/\/galli.ch\/uhren\/maurice-lacroix\/aikonic\/automatic-43mm-ac6008-ssl40-330-4\/\",\"name\":\"Maurice Lacroix Aikonic Automatic 43mm - Galli Uhren Bijouterie\",\"isPartOf\":{\"@id\":\"http:\/\/galli.ch\/en\/#website\"},\"primaryImageOfPage\":{\"@id\":\"https:\/\/galli.ch\/uhren\/maurice-lacroix\/aikonic\/automatic-43mm-ac6008-ssl40-330-4\/#primaryimage\"},\"image\":{\"@id\":\"https:\/\/galli.ch\/uhren\/maurice-lacroix\/aikonic\/automatic-43mm-ac6008-ssl40-330-4\/#primaryimage\"},\"thumbnailUrl\":\"https:\/\/galli.ch\/wp-content\/uploads\/AC6008-SSL40-330-4_soldat_1.png\",\"datePublished\":\"2025-09-22T13:19:08+00:00\",\"dateModified\":\"2025-09-27T13:18:14+00:00\",\"breadcrumb\":{\"@id\":\"https:\/\/galli.ch\/uhren\/maurice-lacroix\/aikonic\/automatic-43mm-ac6008-ssl40-330-4\/#breadcrumb\"},\"inLanguage\":\"en-US\",\"potentialAction\":[{\"@type\":\"ReadAction\",\"target\":[\"https:\/\/galli.ch\/uhren\/maurice-lacroix\/aikonic\/automatic-43mm-ac6008-ssl40-330-4\/\"]}]},{\"@type\":\"ImageObject\",\"inLanguage\":\"en-US\",\"@id\":\"https:\/\/galli.ch\/uhren\/maurice-lacroix\/aikonic\/automatic-43mm-ac6008-ssl40-330-4\/#primaryimage\",\"url\":\"https:\/\/galli.ch\/wp-content\/uploads\/AC6008-SSL40-330-4_soldat_1.png\",\"contentUrl\":\"https:\/\/galli.ch\/wp-content\/uploads\/AC6008-SSL40-330-4_soldat_1.png\",\"width\":1000,\"height\":1400},{\"@type\":\"BreadcrumbList\",\"@id\":\"https:\/\/galli.ch\/uhren\/maurice-lacroix\/aikonic\/automatic-43mm-ac6008-ssl40-330-4\/#breadcrumb\",\"itemListElement\":[{\"@type\":\"ListItem\",\"position\":1,\"name\":\"Home\",\"item\":\"https:\/\/galli.ch\/en\/\"},{\"@type\":\"ListItem\",\"position\":2,\"name\":\"Uhren\",\"item\":\"https:\/\/galli.ch\/en\/uhren\/\"},{\"@type\":\"ListItem\",\"position\":3,\"name\":\"Maurice Lacroix Aikonic Automatic 43mm\"}]},{\"@type\":\"WebSite\",\"@id\":\"http:\/\/galli.ch\/en\/#website\",\"url\":\"http:\/\/galli.ch\/en\/\",\"name\":\"Galli Uhren Bijouterie\",\"description\":\"\",\"potentialAction\":[{\"@type\":\"SearchAction\",\"target\":{\"@type\":\"EntryPoint\",\"urlTemplate\":\"http:\/\/galli.ch\/en\/?s={search_term_string}\"},\"query-input\":{\"@type\":\"PropertyValueSpecification\",\"valueRequired\":true,\"valueName\":\"search_term_string\"}}],\"inLanguage\":\"en-US\"}]}<\/script>\n<!-- \/ Yoast SEO plugin. -->","yoast_head_json":{"title":"Maurice Lacroix Aikonic Automatic 43mm - Galli Uhren Bijouterie","robots":{"index":"index","follow":"follow","max-snippet":"max-snippet:-1","max-image-preview":"max-image-preview:large","max-video-preview":"max-video-preview:-1"},"canonical":"https:\/\/galli.ch\/uhren\/maurice-lacroix\/aikonic\/automatic-43mm-ac6008-ssl40-330-4\/","og_locale":"en_US","og_type":"article","og_title":"Maurice Lacroix Aikonic Automatic 43mm - Galli Uhren Bijouterie","og_description":"Ein markanter Look, hochwertige Materialien und ein klares Designkonzept. AIKONIC bringt eine neue Facette in die Welt von Maurice Lacroix. Urban und vielseitig tragbar. Gefertigt aus technischer Keramik, mit Bi-Kautschuk-Armband und dem neuen ML Easy Change System. Im Inneren arbeitet das Kaliber ML1000, pr\u00e4zise, zuverl\u00e4ssig und zeitgem\u00e4\u00df. Erh\u00e4ltlich in Schwarz, Wei\u00df und Dunkelblau.","og_url":"https:\/\/galli.ch\/uhren\/maurice-lacroix\/aikonic\/automatic-43mm-ac6008-ssl40-330-4\/","og_site_name":"Galli Uhren Bijouterie","article_modified_time":"2025-09-27T13:18:14+00:00","og_image":[{"width":1000,"height":1400,"url":"https:\/\/galli.ch\/wp-content\/uploads\/AC6008-SSL40-330-4_soldat_1.png","type":"image\/png"}],"twitter_card":"summary_large_image","schema":{"@context":"https:\/\/schema.org","@graph":[{"@type":"WebPage","@id":"https:\/\/galli.ch\/uhren\/maurice-lacroix\/aikonic\/automatic-43mm-ac6008-ssl40-330-4\/","url":"https:\/\/galli.ch\/uhren\/maurice-lacroix\/aikonic\/automatic-43mm-ac6008-ssl40-330-4\/","name":"Maurice Lacroix Aikonic Automatic 43mm - Galli Uhren Bijouterie","isPartOf":{"@id":"http:\/\/galli.ch\/en\/#website"},"primaryImageOfPage":{"@id":"https:\/\/galli.ch\/uhren\/maurice-lacroix\/aikonic\/automatic-43mm-ac6008-ssl40-330-4\/#primaryimage"},"image":{"@id":"https:\/\/galli.ch\/uhren\/maurice-lacroix\/aikonic\/automatic-43mm-ac6008-ssl40-330-4\/#primaryimage"},"thumbnailUrl":"https:\/\/galli.ch\/wp-content\/uploads\/AC6008-SSL40-330-4_soldat_1.png","datePublished":"2025-09-22T13:19:08+00:00","dateModified":"2025-09-27T13:18:14+00:00","breadcrumb":{"@id":"https:\/\/galli.ch\/uhren\/maurice-lacroix\/aikonic\/automatic-43mm-ac6008-ssl40-330-4\/#breadcrumb"},"inLanguage":"en-US","potentialAction":[{"@type":"ReadAction","target":["https:\/\/galli.ch\/uhren\/maurice-lacroix\/aikonic\/automatic-43mm-ac6008-ssl40-330-4\/"]}]},{"@type":"ImageObject","inLanguage":"en-US","@id":"https:\/\/galli.ch\/uhren\/maurice-lacroix\/aikonic\/automatic-43mm-ac6008-ssl40-330-4\/#primaryimage","url":"https:\/\/galli.ch\/wp-content\/uploads\/AC6008-SSL40-330-4_soldat_1.png","contentUrl":"https:\/\/galli.ch\/wp-content\/uploads\/AC6008-SSL40-330-4_soldat_1.png","width":1000,"height":1400},{"@type":"BreadcrumbList","@id":"https:\/\/galli.ch\/uhren\/maurice-lacroix\/aikonic\/automatic-43mm-ac6008-ssl40-330-4\/#breadcrumb","itemListElement":[{"@type":"ListItem","position":1,"name":"Home","item":"https:\/\/galli.ch\/en\/"},{"@type":"ListItem","position":2,"name":"Uhren","item":"https:\/\/galli.ch\/en\/uhren\/"},{"@type":"ListItem","position":3,"name":"Maurice Lacroix Aikonic Automatic 43mm"}]},{"@type":"WebSite","@id":"http:\/\/galli.ch\/en\/#website","url":"http:\/\/galli.ch\/en\/","name":"Galli Uhren Bijouterie","description":"","potentialAction":[{"@type":"SearchAction","target":{"@type":"EntryPoint","urlTemplate":"http:\/\/galli.ch\/en\/?s={search_term_string}"},"query-input":{"@type":"PropertyValueSpecification","valueRequired":true,"valueName":"search_term_string"}}],"inLanguage":"en-US"}]}},"_links":{"self":[{"href":"https:\/\/galli.ch\/en\/wp-json\/wp\/v2\/product\/44441","targetHints":{"allow":["GET"]}}],"collection":[{"href":"https:\/\/galli.ch\/en\/wp-json\/wp\/v2\/product"}],"about":[{"href":"https:\/\/galli.ch\/en\/wp-json\/wp\/v2\/types\/product"}],"wp:featuredmedia":[{"embeddable":true,"href":"https:\/\/galli.ch\/en\/wp-json\/wp\/v2\/media\/44430"}],"wp:attachment":[{"href":"https:\/\/galli.ch\/en\/wp-json\/wp\/v2\/media?parent=44441"}],"wp:term":[{"taxonomy":"product_brand","embeddable":true,"href":"https:\/\/galli.ch\/en\/wp-json\/wp\/v2\/product_brand?post=44441"},{"taxonomy":"product_cat","embeddable":true,"href":"https:\/\/galli.ch\/en\/wp-json\/wp\/v2\/product_cat?post=44441"},{"taxonomy":"product_tag","embeddable":true,"href":"https:\/\/galli.ch\/en\/wp-json\/wp\/v2\/product_tag?post=44441"}],"curies":[{"name":"wp","href":"https:\/\/api.w.org\/{rel}","templated":true}]}}