{"id":45258,"date":"2025-10-03T10:46:18","date_gmt":"2025-10-03T08:46:18","guid":{"rendered":"https:\/\/galli.ch\/?post_type=product&#038;p=45258"},"modified":"2026-03-30T10:13:50","modified_gmt":"2026-03-30T08:13:50","slug":"iwc-aquatimer-automatic-iw328802","status":"publish","type":"product","link":"https:\/\/galli.ch\/en\/uhren\/iwc\/aquatimer\/iwc-aquatimer-automatic-iw328802\/","title":{"rendered":"IWC Aquatimer Automatic"},"content":{"rendered":"<p>Diese Aquatimer Automatic mit dem IWC-Manufakturkaliber 32111 verf\u00fcgt \u00fcber ein Edestahlgeh\u00e4use, ein schwarzes Zifferblatt und ein schwarzes Kautschukarmband.<br \/>\nEine robuste Konstruktion, hohe Druckfestigkeit, einfache Ablesbarkeit und innovative technische Funktionalit\u00e4t: Das sind die wichtigsten Merkmale der Aquatimer-Taucheruhren, die IWC seit 1967 entwickelt und die sowohl von professionellen als auch von Sporttauchern genutzt werden.<\/p>\n","protected":false},"excerpt":{"rendered":"<p>Diese Aquatimer Automatic mit dem IWC-Manufakturkaliber 32111 verf\u00fcgt \u00fcber ein Edestahlgeh\u00e4use, ein schwarzes Zifferblatt und ein schwarzes Kautschukarmband. Eine robuste Konstruktion, hohe Druckfestigkeit, einfache Ablesbarkeit und innovative technische Funktionalit\u00e4t: Das sind die wichtigsten Merkmale der Aquatimer-Taucheruhren, die IWC seit 1967 entwickelt und die sowohl von professionellen als auch von Sporttauchern genutzt werden.<\/p>\n","protected":false},"featured_media":45259,"template":"","meta":{"_acf_changed":false,"inline_featured_image":false},"product_brand":[],"product_cat":[188],"product_tag":[],"class_list":{"0":"post-45258","1":"product","2":"type-product","3":"status-publish","4":"has-post-thumbnail","6":"uhrenhersteller-iwc","7":"uhrenhersteller-aquatimer","8":"product_cat-uhren","10":"first","11":"outofstock","12":"taxable","13":"shipping-taxable","14":"purchasable","15":"product-type-simple"},"acf":[],"yoast_head":"<!-- This site is optimized with the Yoast SEO plugin v25.5 - https:\/\/yoast.com\/wordpress\/plugins\/seo\/ -->\n<title>IWC Aquatimer Automatic - Galli Uhren Bijouterie<\/title>\n<meta name=\"robots\" content=\"index, follow, max-snippet:-1, max-image-preview:large, max-video-preview:-1\" \/>\n<link rel=\"canonical\" href=\"https:\/\/galli.ch\/uhren\/iwc\/aquatimer\/iwc-aquatimer-automatic-iw328802\/\" \/>\n<meta property=\"og:locale\" content=\"en_US\" \/>\n<meta property=\"og:type\" content=\"article\" \/>\n<meta property=\"og:title\" content=\"IWC Aquatimer Automatic - Galli Uhren Bijouterie\" \/>\n<meta property=\"og:description\" content=\"Diese Aquatimer Automatic mit dem IWC-Manufakturkaliber 32111 verf\u00fcgt \u00fcber ein Edestahlgeh\u00e4use, ein schwarzes Zifferblatt und ein schwarzes Kautschukarmband. Eine robuste Konstruktion, hohe Druckfestigkeit, einfache Ablesbarkeit und innovative technische Funktionalit\u00e4t: Das sind die wichtigsten Merkmale der Aquatimer-Taucheruhren, die IWC seit 1967 entwickelt und die sowohl von professionellen als auch von Sporttauchern genutzt werden.\" \/>\n<meta property=\"og:url\" content=\"https:\/\/galli.ch\/uhren\/iwc\/aquatimer\/iwc-aquatimer-automatic-iw328802\/\" \/>\n<meta property=\"og:site_name\" content=\"Galli Uhren Bijouterie\" \/>\n<meta property=\"article:modified_time\" content=\"2026-03-30T08:13:50+00:00\" \/>\n<meta property=\"og:image\" content=\"https:\/\/galli.ch\/wp-content\/uploads\/ec27c516fce211ef326c860db2b0df7fe9e53986-1.png\" \/>\n\t<meta property=\"og:image:width\" content=\"1000\" \/>\n\t<meta property=\"og:image:height\" content=\"1400\" \/>\n\t<meta property=\"og:image:type\" content=\"image\/png\" \/>\n<meta name=\"twitter:card\" content=\"summary_large_image\" \/>\n<script type=\"application\/ld+json\" class=\"yoast-schema-graph\">{\"@context\":\"https:\/\/schema.org\",\"@graph\":[{\"@type\":\"WebPage\",\"@id\":\"https:\/\/galli.ch\/uhren\/iwc\/aquatimer\/iwc-aquatimer-automatic-iw328802\/\",\"url\":\"https:\/\/galli.ch\/uhren\/iwc\/aquatimer\/iwc-aquatimer-automatic-iw328802\/\",\"name\":\"IWC Aquatimer Automatic - Galli Uhren Bijouterie\",\"isPartOf\":{\"@id\":\"http:\/\/galli.ch\/en\/#website\"},\"primaryImageOfPage\":{\"@id\":\"https:\/\/galli.ch\/uhren\/iwc\/aquatimer\/iwc-aquatimer-automatic-iw328802\/#primaryimage\"},\"image\":{\"@id\":\"https:\/\/galli.ch\/uhren\/iwc\/aquatimer\/iwc-aquatimer-automatic-iw328802\/#primaryimage\"},\"thumbnailUrl\":\"https:\/\/galli.ch\/wp-content\/uploads\/ec27c516fce211ef326c860db2b0df7fe9e53986-1.png\",\"datePublished\":\"2025-10-03T08:46:18+00:00\",\"dateModified\":\"2026-03-30T08:13:50+00:00\",\"breadcrumb\":{\"@id\":\"https:\/\/galli.ch\/uhren\/iwc\/aquatimer\/iwc-aquatimer-automatic-iw328802\/#breadcrumb\"},\"inLanguage\":\"en-US\",\"potentialAction\":[{\"@type\":\"ReadAction\",\"target\":[\"https:\/\/galli.ch\/uhren\/iwc\/aquatimer\/iwc-aquatimer-automatic-iw328802\/\"]}]},{\"@type\":\"ImageObject\",\"inLanguage\":\"en-US\",\"@id\":\"https:\/\/galli.ch\/uhren\/iwc\/aquatimer\/iwc-aquatimer-automatic-iw328802\/#primaryimage\",\"url\":\"https:\/\/galli.ch\/wp-content\/uploads\/ec27c516fce211ef326c860db2b0df7fe9e53986-1.png\",\"contentUrl\":\"https:\/\/galli.ch\/wp-content\/uploads\/ec27c516fce211ef326c860db2b0df7fe9e53986-1.png\",\"width\":1000,\"height\":1400},{\"@type\":\"BreadcrumbList\",\"@id\":\"https:\/\/galli.ch\/uhren\/iwc\/aquatimer\/iwc-aquatimer-automatic-iw328802\/#breadcrumb\",\"itemListElement\":[{\"@type\":\"ListItem\",\"position\":1,\"name\":\"Home\",\"item\":\"https:\/\/galli.ch\/en\/\"},{\"@type\":\"ListItem\",\"position\":2,\"name\":\"Uhren\",\"item\":\"https:\/\/galli.ch\/en\/uhren\/\"},{\"@type\":\"ListItem\",\"position\":3,\"name\":\"IWC Aquatimer Automatic\"}]},{\"@type\":\"WebSite\",\"@id\":\"http:\/\/galli.ch\/en\/#website\",\"url\":\"http:\/\/galli.ch\/en\/\",\"name\":\"Galli Uhren Bijouterie\",\"description\":\"\",\"potentialAction\":[{\"@type\":\"SearchAction\",\"target\":{\"@type\":\"EntryPoint\",\"urlTemplate\":\"http:\/\/galli.ch\/en\/?s={search_term_string}\"},\"query-input\":{\"@type\":\"PropertyValueSpecification\",\"valueRequired\":true,\"valueName\":\"search_term_string\"}}],\"inLanguage\":\"en-US\"}]}<\/script>\n<!-- \/ Yoast SEO plugin. -->","yoast_head_json":{"title":"IWC Aquatimer Automatic - Galli Uhren Bijouterie","robots":{"index":"index","follow":"follow","max-snippet":"max-snippet:-1","max-image-preview":"max-image-preview:large","max-video-preview":"max-video-preview:-1"},"canonical":"https:\/\/galli.ch\/uhren\/iwc\/aquatimer\/iwc-aquatimer-automatic-iw328802\/","og_locale":"en_US","og_type":"article","og_title":"IWC Aquatimer Automatic - Galli Uhren Bijouterie","og_description":"Diese Aquatimer Automatic mit dem IWC-Manufakturkaliber 32111 verf\u00fcgt \u00fcber ein Edestahlgeh\u00e4use, ein schwarzes Zifferblatt und ein schwarzes Kautschukarmband. Eine robuste Konstruktion, hohe Druckfestigkeit, einfache Ablesbarkeit und innovative technische Funktionalit\u00e4t: Das sind die wichtigsten Merkmale der Aquatimer-Taucheruhren, die IWC seit 1967 entwickelt und die sowohl von professionellen als auch von Sporttauchern genutzt werden.","og_url":"https:\/\/galli.ch\/uhren\/iwc\/aquatimer\/iwc-aquatimer-automatic-iw328802\/","og_site_name":"Galli Uhren Bijouterie","article_modified_time":"2026-03-30T08:13:50+00:00","og_image":[{"width":1000,"height":1400,"url":"https:\/\/galli.ch\/wp-content\/uploads\/ec27c516fce211ef326c860db2b0df7fe9e53986-1.png","type":"image\/png"}],"twitter_card":"summary_large_image","schema":{"@context":"https:\/\/schema.org","@graph":[{"@type":"WebPage","@id":"https:\/\/galli.ch\/uhren\/iwc\/aquatimer\/iwc-aquatimer-automatic-iw328802\/","url":"https:\/\/galli.ch\/uhren\/iwc\/aquatimer\/iwc-aquatimer-automatic-iw328802\/","name":"IWC Aquatimer Automatic - Galli Uhren Bijouterie","isPartOf":{"@id":"http:\/\/galli.ch\/en\/#website"},"primaryImageOfPage":{"@id":"https:\/\/galli.ch\/uhren\/iwc\/aquatimer\/iwc-aquatimer-automatic-iw328802\/#primaryimage"},"image":{"@id":"https:\/\/galli.ch\/uhren\/iwc\/aquatimer\/iwc-aquatimer-automatic-iw328802\/#primaryimage"},"thumbnailUrl":"https:\/\/galli.ch\/wp-content\/uploads\/ec27c516fce211ef326c860db2b0df7fe9e53986-1.png","datePublished":"2025-10-03T08:46:18+00:00","dateModified":"2026-03-30T08:13:50+00:00","breadcrumb":{"@id":"https:\/\/galli.ch\/uhren\/iwc\/aquatimer\/iwc-aquatimer-automatic-iw328802\/#breadcrumb"},"inLanguage":"en-US","potentialAction":[{"@type":"ReadAction","target":["https:\/\/galli.ch\/uhren\/iwc\/aquatimer\/iwc-aquatimer-automatic-iw328802\/"]}]},{"@type":"ImageObject","inLanguage":"en-US","@id":"https:\/\/galli.ch\/uhren\/iwc\/aquatimer\/iwc-aquatimer-automatic-iw328802\/#primaryimage","url":"https:\/\/galli.ch\/wp-content\/uploads\/ec27c516fce211ef326c860db2b0df7fe9e53986-1.png","contentUrl":"https:\/\/galli.ch\/wp-content\/uploads\/ec27c516fce211ef326c860db2b0df7fe9e53986-1.png","width":1000,"height":1400},{"@type":"BreadcrumbList","@id":"https:\/\/galli.ch\/uhren\/iwc\/aquatimer\/iwc-aquatimer-automatic-iw328802\/#breadcrumb","itemListElement":[{"@type":"ListItem","position":1,"name":"Home","item":"https:\/\/galli.ch\/en\/"},{"@type":"ListItem","position":2,"name":"Uhren","item":"https:\/\/galli.ch\/en\/uhren\/"},{"@type":"ListItem","position":3,"name":"IWC Aquatimer Automatic"}]},{"@type":"WebSite","@id":"http:\/\/galli.ch\/en\/#website","url":"http:\/\/galli.ch\/en\/","name":"Galli Uhren Bijouterie","description":"","potentialAction":[{"@type":"SearchAction","target":{"@type":"EntryPoint","urlTemplate":"http:\/\/galli.ch\/en\/?s={search_term_string}"},"query-input":{"@type":"PropertyValueSpecification","valueRequired":true,"valueName":"search_term_string"}}],"inLanguage":"en-US"}]}},"_links":{"self":[{"href":"https:\/\/galli.ch\/en\/wp-json\/wp\/v2\/product\/45258","targetHints":{"allow":["GET"]}}],"collection":[{"href":"https:\/\/galli.ch\/en\/wp-json\/wp\/v2\/product"}],"about":[{"href":"https:\/\/galli.ch\/en\/wp-json\/wp\/v2\/types\/product"}],"wp:featuredmedia":[{"embeddable":true,"href":"https:\/\/galli.ch\/en\/wp-json\/wp\/v2\/media\/45259"}],"wp:attachment":[{"href":"https:\/\/galli.ch\/en\/wp-json\/wp\/v2\/media?parent=45258"}],"wp:term":[{"taxonomy":"product_brand","embeddable":true,"href":"https:\/\/galli.ch\/en\/wp-json\/wp\/v2\/product_brand?post=45258"},{"taxonomy":"product_cat","embeddable":true,"href":"https:\/\/galli.ch\/en\/wp-json\/wp\/v2\/product_cat?post=45258"},{"taxonomy":"product_tag","embeddable":true,"href":"https:\/\/galli.ch\/en\/wp-json\/wp\/v2\/product_tag?post=45258"}],"curies":[{"name":"wp","href":"https:\/\/api.w.org\/{rel}","templated":true}]}}