{"id":45337,"date":"2025-10-06T16:27:24","date_gmt":"2025-10-06T14:27:24","guid":{"rendered":"https:\/\/galli.ch\/?post_type=product&#038;p=45337"},"modified":"2026-04-23T18:11:47","modified_gmt":"2026-04-23T16:11:47","slug":"spirit-pilot-l3-809-4-53-6","status":"publish","type":"product","link":"https:\/\/galli.ch\/en\/uhren\/longines\/avigation\/spirit-pilot-l3-809-4-53-6\/","title":{"rendered":"Longines Spirit Pilot"},"content":{"rendered":"<p>Seit ihrer Gr\u00fcndung hat sich LONGINES mit einigen der weltweit bemerkenswertesten Pionieren zusammengetan, die die Grenzen des M\u00f6glichen erweitert haben, sei es in der Luft, auf hoher See oder in unerforschten Gebieten. Die Kollektion LONGINES Spirit Pilot ist eine Hommage an den k\u00fchnen Geist, der diese Pioniere dazu veranlasste, neue Horizonte zu erkunden und das Au\u00dfergew\u00f6hnliche zu suchen. Die LONGINES Spirit Pilot verbindet Respekt vor dem Erbe mit Innovation und interpretiert die klassischen Merkmale von Fliegeruhren in einem modernen und innovativen Design neu.<\/p>\n","protected":false},"excerpt":{"rendered":"<p>Seit ihrer Gr\u00fcndung hat sich LONGINES mit einigen der weltweit bemerkenswertesten Pionieren zusammengetan, die die Grenzen des M\u00f6glichen erweitert haben, sei es in der Luft, auf hoher See oder in unerforschten Gebieten. Die Kollektion LONGINES Spirit Pilot ist eine Hommage an den k\u00fchnen Geist, der diese Pioniere dazu veranlasste, neue Horizonte zu erkunden und das&#8230;  <a class=\"excerpt-read-more\" href=\"https:\/\/galli.ch\/en\/uhren\/longines\/avigation\/spirit-pilot-l3-809-4-53-6\/\" title=\"Read Longines Spirit Pilot\">Weiter &raquo;<\/a><\/p>\n","protected":false},"featured_media":45316,"template":"","meta":{"_acf_changed":false,"inline_featured_image":false},"product_brand":[],"product_cat":[188],"product_tag":[],"class_list":{"0":"post-45337","1":"product","2":"type-product","3":"status-publish","4":"has-post-thumbnail","6":"uhrenhersteller-longines","7":"uhrenhersteller-avigation","8":"product_cat-uhren","10":"first","11":"instock","12":"taxable","13":"shipping-taxable","14":"purchasable","15":"product-type-simple"},"acf":[],"yoast_head":"<!-- This site is optimized with the Yoast SEO plugin v25.5 - https:\/\/yoast.com\/wordpress\/plugins\/seo\/ -->\n<title>Longines Spirit Pilot - Galli Uhren Bijouterie<\/title>\n<meta name=\"robots\" content=\"index, follow, max-snippet:-1, max-image-preview:large, max-video-preview:-1\" \/>\n<link rel=\"canonical\" href=\"https:\/\/galli.ch\/uhren\/longines\/avigation\/spirit-pilot-l3-809-4-53-6\/\" \/>\n<meta property=\"og:locale\" content=\"en_US\" \/>\n<meta property=\"og:type\" content=\"article\" \/>\n<meta property=\"og:title\" content=\"Longines Spirit Pilot - Galli Uhren Bijouterie\" \/>\n<meta property=\"og:description\" content=\"Seit ihrer Gr\u00fcndung hat sich LONGINES mit einigen der weltweit bemerkenswertesten Pionieren zusammengetan, die die Grenzen des M\u00f6glichen erweitert haben, sei es in der Luft, auf hoher See oder in unerforschten Gebieten. Die Kollektion LONGINES Spirit Pilot ist eine Hommage an den k\u00fchnen Geist, der diese Pioniere dazu veranlasste, neue Horizonte zu erkunden und das... Weiter &raquo;\" \/>\n<meta property=\"og:url\" content=\"https:\/\/galli.ch\/uhren\/longines\/avigation\/spirit-pilot-l3-809-4-53-6\/\" \/>\n<meta property=\"og:site_name\" content=\"Galli Uhren Bijouterie\" \/>\n<meta property=\"article:modified_time\" content=\"2026-04-23T16:11:47+00:00\" \/>\n<meta property=\"og:image\" content=\"https:\/\/galli.ch\/wp-content\/uploads\/L3-809-4-53-6_SOLf.png\" \/>\n\t<meta property=\"og:image:width\" content=\"1000\" \/>\n\t<meta property=\"og:image:height\" content=\"1400\" \/>\n\t<meta property=\"og:image:type\" content=\"image\/png\" \/>\n<meta name=\"twitter:card\" content=\"summary_large_image\" \/>\n<script type=\"application\/ld+json\" class=\"yoast-schema-graph\">{\"@context\":\"https:\/\/schema.org\",\"@graph\":[{\"@type\":\"WebPage\",\"@id\":\"https:\/\/galli.ch\/uhren\/longines\/avigation\/spirit-pilot-l3-809-4-53-6\/\",\"url\":\"https:\/\/galli.ch\/uhren\/longines\/avigation\/spirit-pilot-l3-809-4-53-6\/\",\"name\":\"Longines Spirit Pilot - Galli Uhren Bijouterie\",\"isPartOf\":{\"@id\":\"http:\/\/galli.ch\/en\/#website\"},\"primaryImageOfPage\":{\"@id\":\"https:\/\/galli.ch\/uhren\/longines\/avigation\/spirit-pilot-l3-809-4-53-6\/#primaryimage\"},\"image\":{\"@id\":\"https:\/\/galli.ch\/uhren\/longines\/avigation\/spirit-pilot-l3-809-4-53-6\/#primaryimage\"},\"thumbnailUrl\":\"https:\/\/galli.ch\/wp-content\/uploads\/L3-809-4-53-6_SOLf.png\",\"datePublished\":\"2025-10-06T14:27:24+00:00\",\"dateModified\":\"2026-04-23T16:11:47+00:00\",\"breadcrumb\":{\"@id\":\"https:\/\/galli.ch\/uhren\/longines\/avigation\/spirit-pilot-l3-809-4-53-6\/#breadcrumb\"},\"inLanguage\":\"en-US\",\"potentialAction\":[{\"@type\":\"ReadAction\",\"target\":[\"https:\/\/galli.ch\/uhren\/longines\/avigation\/spirit-pilot-l3-809-4-53-6\/\"]}]},{\"@type\":\"ImageObject\",\"inLanguage\":\"en-US\",\"@id\":\"https:\/\/galli.ch\/uhren\/longines\/avigation\/spirit-pilot-l3-809-4-53-6\/#primaryimage\",\"url\":\"https:\/\/galli.ch\/wp-content\/uploads\/L3-809-4-53-6_SOLf.png\",\"contentUrl\":\"https:\/\/galli.ch\/wp-content\/uploads\/L3-809-4-53-6_SOLf.png\",\"width\":1000,\"height\":1400},{\"@type\":\"BreadcrumbList\",\"@id\":\"https:\/\/galli.ch\/uhren\/longines\/avigation\/spirit-pilot-l3-809-4-53-6\/#breadcrumb\",\"itemListElement\":[{\"@type\":\"ListItem\",\"position\":1,\"name\":\"Home\",\"item\":\"https:\/\/galli.ch\/en\/\"},{\"@type\":\"ListItem\",\"position\":2,\"name\":\"Uhren\",\"item\":\"https:\/\/galli.ch\/en\/uhren\/\"},{\"@type\":\"ListItem\",\"position\":3,\"name\":\"Longines Spirit Pilot\"}]},{\"@type\":\"WebSite\",\"@id\":\"http:\/\/galli.ch\/en\/#website\",\"url\":\"http:\/\/galli.ch\/en\/\",\"name\":\"Galli Uhren Bijouterie\",\"description\":\"\",\"potentialAction\":[{\"@type\":\"SearchAction\",\"target\":{\"@type\":\"EntryPoint\",\"urlTemplate\":\"http:\/\/galli.ch\/en\/?s={search_term_string}\"},\"query-input\":{\"@type\":\"PropertyValueSpecification\",\"valueRequired\":true,\"valueName\":\"search_term_string\"}}],\"inLanguage\":\"en-US\"}]}<\/script>\n<!-- \/ Yoast SEO plugin. -->","yoast_head_json":{"title":"Longines Spirit Pilot - Galli Uhren Bijouterie","robots":{"index":"index","follow":"follow","max-snippet":"max-snippet:-1","max-image-preview":"max-image-preview:large","max-video-preview":"max-video-preview:-1"},"canonical":"https:\/\/galli.ch\/uhren\/longines\/avigation\/spirit-pilot-l3-809-4-53-6\/","og_locale":"en_US","og_type":"article","og_title":"Longines Spirit Pilot - Galli Uhren Bijouterie","og_description":"Seit ihrer Gr\u00fcndung hat sich LONGINES mit einigen der weltweit bemerkenswertesten Pionieren zusammengetan, die die Grenzen des M\u00f6glichen erweitert haben, sei es in der Luft, auf hoher See oder in unerforschten Gebieten. Die Kollektion LONGINES Spirit Pilot ist eine Hommage an den k\u00fchnen Geist, der diese Pioniere dazu veranlasste, neue Horizonte zu erkunden und das... Weiter &raquo;","og_url":"https:\/\/galli.ch\/uhren\/longines\/avigation\/spirit-pilot-l3-809-4-53-6\/","og_site_name":"Galli Uhren Bijouterie","article_modified_time":"2026-04-23T16:11:47+00:00","og_image":[{"width":1000,"height":1400,"url":"https:\/\/galli.ch\/wp-content\/uploads\/L3-809-4-53-6_SOLf.png","type":"image\/png"}],"twitter_card":"summary_large_image","schema":{"@context":"https:\/\/schema.org","@graph":[{"@type":"WebPage","@id":"https:\/\/galli.ch\/uhren\/longines\/avigation\/spirit-pilot-l3-809-4-53-6\/","url":"https:\/\/galli.ch\/uhren\/longines\/avigation\/spirit-pilot-l3-809-4-53-6\/","name":"Longines Spirit Pilot - Galli Uhren Bijouterie","isPartOf":{"@id":"http:\/\/galli.ch\/en\/#website"},"primaryImageOfPage":{"@id":"https:\/\/galli.ch\/uhren\/longines\/avigation\/spirit-pilot-l3-809-4-53-6\/#primaryimage"},"image":{"@id":"https:\/\/galli.ch\/uhren\/longines\/avigation\/spirit-pilot-l3-809-4-53-6\/#primaryimage"},"thumbnailUrl":"https:\/\/galli.ch\/wp-content\/uploads\/L3-809-4-53-6_SOLf.png","datePublished":"2025-10-06T14:27:24+00:00","dateModified":"2026-04-23T16:11:47+00:00","breadcrumb":{"@id":"https:\/\/galli.ch\/uhren\/longines\/avigation\/spirit-pilot-l3-809-4-53-6\/#breadcrumb"},"inLanguage":"en-US","potentialAction":[{"@type":"ReadAction","target":["https:\/\/galli.ch\/uhren\/longines\/avigation\/spirit-pilot-l3-809-4-53-6\/"]}]},{"@type":"ImageObject","inLanguage":"en-US","@id":"https:\/\/galli.ch\/uhren\/longines\/avigation\/spirit-pilot-l3-809-4-53-6\/#primaryimage","url":"https:\/\/galli.ch\/wp-content\/uploads\/L3-809-4-53-6_SOLf.png","contentUrl":"https:\/\/galli.ch\/wp-content\/uploads\/L3-809-4-53-6_SOLf.png","width":1000,"height":1400},{"@type":"BreadcrumbList","@id":"https:\/\/galli.ch\/uhren\/longines\/avigation\/spirit-pilot-l3-809-4-53-6\/#breadcrumb","itemListElement":[{"@type":"ListItem","position":1,"name":"Home","item":"https:\/\/galli.ch\/en\/"},{"@type":"ListItem","position":2,"name":"Uhren","item":"https:\/\/galli.ch\/en\/uhren\/"},{"@type":"ListItem","position":3,"name":"Longines Spirit Pilot"}]},{"@type":"WebSite","@id":"http:\/\/galli.ch\/en\/#website","url":"http:\/\/galli.ch\/en\/","name":"Galli Uhren Bijouterie","description":"","potentialAction":[{"@type":"SearchAction","target":{"@type":"EntryPoint","urlTemplate":"http:\/\/galli.ch\/en\/?s={search_term_string}"},"query-input":{"@type":"PropertyValueSpecification","valueRequired":true,"valueName":"search_term_string"}}],"inLanguage":"en-US"}]}},"_links":{"self":[{"href":"https:\/\/galli.ch\/en\/wp-json\/wp\/v2\/product\/45337","targetHints":{"allow":["GET"]}}],"collection":[{"href":"https:\/\/galli.ch\/en\/wp-json\/wp\/v2\/product"}],"about":[{"href":"https:\/\/galli.ch\/en\/wp-json\/wp\/v2\/types\/product"}],"wp:featuredmedia":[{"embeddable":true,"href":"https:\/\/galli.ch\/en\/wp-json\/wp\/v2\/media\/45316"}],"wp:attachment":[{"href":"https:\/\/galli.ch\/en\/wp-json\/wp\/v2\/media?parent=45337"}],"wp:term":[{"taxonomy":"product_brand","embeddable":true,"href":"https:\/\/galli.ch\/en\/wp-json\/wp\/v2\/product_brand?post=45337"},{"taxonomy":"product_cat","embeddable":true,"href":"https:\/\/galli.ch\/en\/wp-json\/wp\/v2\/product_cat?post=45337"},{"taxonomy":"product_tag","embeddable":true,"href":"https:\/\/galli.ch\/en\/wp-json\/wp\/v2\/product_tag?post=45337"}],"curies":[{"name":"wp","href":"https:\/\/api.w.org\/{rel}","templated":true}]}}