{"id":45339,"date":"2025-10-06T16:32:22","date_gmt":"2025-10-06T14:32:22","guid":{"rendered":"https:\/\/galli.ch\/?post_type=product&#038;p=45339"},"modified":"2026-04-23T18:11:36","modified_gmt":"2026-04-23T16:11:36","slug":"spirit-pilot-flyback-l3-721-4-53-6","status":"publish","type":"product","link":"https:\/\/galli.ch\/en\/uhren\/longines\/avigation\/spirit-pilot-flyback-l3-721-4-53-6\/","title":{"rendered":"Longines Spirit Pilot Flyback"},"content":{"rendered":"<p>Die LONGINES Spirit Pilot Flyback Kollektion verk\u00f6rpert den unerm\u00fcdlichen Antrieb der Marke zur Innovation. Dieser Chronograph mit Flyback-Funktion unterstreicht die wegweisende Expertise von LONGINES auf diesem Gebiet. Die Marke mit der gefl\u00fcgelten Sanduhr lancierte Anfang der 1930er Jahre das erstes Modell mit Flyback-Funktion. Sie erhielt am 16. Juni 1936 das Patent f\u00fcr diese Technologie \u2013 ein weltweites Novum. Die Flyback-Komplikation wurde als bahnbrechendes Instrument f\u00fcr Piloten entwickelt. Sie erm\u00f6glicht die Messung aufeinanderfolgender Flugabschnitte und steigert so die Effizienz der Navigation erheblich. Die Pr\u00e4zision der LONGINES Spirit Pilot Flyback wird durch ein exklusives LONGINES Kaliber gew\u00e4hrleistet, das mit einer Unruhspiralfeder aus Silizium ausgestattet ist und unempfindlich gegen\u00fcber Magnetfeldern bleibt. Dieses mechanische Uhrwerk mit Handaufzug wurde von der COSC offiziell als Chronometer zertifiziert.<\/p>\n","protected":false},"excerpt":{"rendered":"<p>Die LONGINES Spirit Pilot Flyback Kollektion verk\u00f6rpert den unerm\u00fcdlichen Antrieb der Marke zur Innovation. Dieser Chronograph mit Flyback-Funktion unterstreicht die wegweisende Expertise von LONGINES auf diesem Gebiet. Die Marke mit der gefl\u00fcgelten Sanduhr lancierte Anfang der 1930er Jahre das erstes Modell mit Flyback-Funktion. Sie erhielt am 16. Juni 1936 das Patent f\u00fcr diese Technologie \u2013&#8230;  <a class=\"excerpt-read-more\" href=\"https:\/\/galli.ch\/en\/uhren\/longines\/avigation\/spirit-pilot-flyback-l3-721-4-53-6\/\" title=\"Read Longines Spirit Pilot Flyback\">Weiter &raquo;<\/a><\/p>\n","protected":false},"featured_media":45324,"template":"","meta":{"_acf_changed":false,"inline_featured_image":false},"product_brand":[],"product_cat":[188],"product_tag":[],"class_list":{"0":"post-45339","1":"product","2":"type-product","3":"status-publish","4":"has-post-thumbnail","6":"uhrenhersteller-longines","7":"uhrenhersteller-avigation","8":"product_cat-uhren","10":"first","11":"instock","12":"taxable","13":"shipping-taxable","14":"purchasable","15":"product-type-simple"},"acf":[],"yoast_head":"<!-- This site is optimized with the Yoast SEO plugin v25.5 - https:\/\/yoast.com\/wordpress\/plugins\/seo\/ -->\n<title>Longines Spirit Pilot Flyback - Galli Uhren Bijouterie<\/title>\n<meta name=\"robots\" content=\"index, follow, max-snippet:-1, max-image-preview:large, max-video-preview:-1\" \/>\n<link rel=\"canonical\" href=\"https:\/\/galli.ch\/uhren\/longines\/avigation\/spirit-pilot-flyback-l3-721-4-53-6\/\" \/>\n<meta property=\"og:locale\" content=\"en_US\" \/>\n<meta property=\"og:type\" content=\"article\" \/>\n<meta property=\"og:title\" content=\"Longines Spirit Pilot Flyback - Galli Uhren Bijouterie\" \/>\n<meta property=\"og:description\" content=\"Die LONGINES Spirit Pilot Flyback Kollektion verk\u00f6rpert den unerm\u00fcdlichen Antrieb der Marke zur Innovation. Dieser Chronograph mit Flyback-Funktion unterstreicht die wegweisende Expertise von LONGINES auf diesem Gebiet. Die Marke mit der gefl\u00fcgelten Sanduhr lancierte Anfang der 1930er Jahre das erstes Modell mit Flyback-Funktion. Sie erhielt am 16. Juni 1936 das Patent f\u00fcr diese Technologie \u2013... Weiter &raquo;\" \/>\n<meta property=\"og:url\" content=\"https:\/\/galli.ch\/uhren\/longines\/avigation\/spirit-pilot-flyback-l3-721-4-53-6\/\" \/>\n<meta property=\"og:site_name\" content=\"Galli Uhren Bijouterie\" \/>\n<meta property=\"article:modified_time\" content=\"2026-04-23T16:11:36+00:00\" \/>\n<meta property=\"og:image\" content=\"https:\/\/galli.ch\/wp-content\/uploads\/L3-721-4-53-6_SOLf.png\" \/>\n\t<meta property=\"og:image:width\" content=\"1000\" \/>\n\t<meta property=\"og:image:height\" content=\"1400\" \/>\n\t<meta property=\"og:image:type\" content=\"image\/png\" \/>\n<meta name=\"twitter:card\" content=\"summary_large_image\" \/>\n<script type=\"application\/ld+json\" class=\"yoast-schema-graph\">{\"@context\":\"https:\/\/schema.org\",\"@graph\":[{\"@type\":\"WebPage\",\"@id\":\"https:\/\/galli.ch\/uhren\/longines\/avigation\/spirit-pilot-flyback-l3-721-4-53-6\/\",\"url\":\"https:\/\/galli.ch\/uhren\/longines\/avigation\/spirit-pilot-flyback-l3-721-4-53-6\/\",\"name\":\"Longines Spirit Pilot Flyback - Galli Uhren Bijouterie\",\"isPartOf\":{\"@id\":\"http:\/\/galli.ch\/en\/#website\"},\"primaryImageOfPage\":{\"@id\":\"https:\/\/galli.ch\/uhren\/longines\/avigation\/spirit-pilot-flyback-l3-721-4-53-6\/#primaryimage\"},\"image\":{\"@id\":\"https:\/\/galli.ch\/uhren\/longines\/avigation\/spirit-pilot-flyback-l3-721-4-53-6\/#primaryimage\"},\"thumbnailUrl\":\"https:\/\/galli.ch\/wp-content\/uploads\/L3-721-4-53-6_SOLf.png\",\"datePublished\":\"2025-10-06T14:32:22+00:00\",\"dateModified\":\"2026-04-23T16:11:36+00:00\",\"breadcrumb\":{\"@id\":\"https:\/\/galli.ch\/uhren\/longines\/avigation\/spirit-pilot-flyback-l3-721-4-53-6\/#breadcrumb\"},\"inLanguage\":\"en-US\",\"potentialAction\":[{\"@type\":\"ReadAction\",\"target\":[\"https:\/\/galli.ch\/uhren\/longines\/avigation\/spirit-pilot-flyback-l3-721-4-53-6\/\"]}]},{\"@type\":\"ImageObject\",\"inLanguage\":\"en-US\",\"@id\":\"https:\/\/galli.ch\/uhren\/longines\/avigation\/spirit-pilot-flyback-l3-721-4-53-6\/#primaryimage\",\"url\":\"https:\/\/galli.ch\/wp-content\/uploads\/L3-721-4-53-6_SOLf.png\",\"contentUrl\":\"https:\/\/galli.ch\/wp-content\/uploads\/L3-721-4-53-6_SOLf.png\",\"width\":1000,\"height\":1400},{\"@type\":\"BreadcrumbList\",\"@id\":\"https:\/\/galli.ch\/uhren\/longines\/avigation\/spirit-pilot-flyback-l3-721-4-53-6\/#breadcrumb\",\"itemListElement\":[{\"@type\":\"ListItem\",\"position\":1,\"name\":\"Home\",\"item\":\"https:\/\/galli.ch\/en\/\"},{\"@type\":\"ListItem\",\"position\":2,\"name\":\"Uhren\",\"item\":\"https:\/\/galli.ch\/en\/uhren\/\"},{\"@type\":\"ListItem\",\"position\":3,\"name\":\"Longines Spirit Pilot Flyback\"}]},{\"@type\":\"WebSite\",\"@id\":\"http:\/\/galli.ch\/en\/#website\",\"url\":\"http:\/\/galli.ch\/en\/\",\"name\":\"Galli Uhren Bijouterie\",\"description\":\"\",\"potentialAction\":[{\"@type\":\"SearchAction\",\"target\":{\"@type\":\"EntryPoint\",\"urlTemplate\":\"http:\/\/galli.ch\/en\/?s={search_term_string}\"},\"query-input\":{\"@type\":\"PropertyValueSpecification\",\"valueRequired\":true,\"valueName\":\"search_term_string\"}}],\"inLanguage\":\"en-US\"}]}<\/script>\n<!-- \/ Yoast SEO plugin. -->","yoast_head_json":{"title":"Longines Spirit Pilot Flyback - Galli Uhren Bijouterie","robots":{"index":"index","follow":"follow","max-snippet":"max-snippet:-1","max-image-preview":"max-image-preview:large","max-video-preview":"max-video-preview:-1"},"canonical":"https:\/\/galli.ch\/uhren\/longines\/avigation\/spirit-pilot-flyback-l3-721-4-53-6\/","og_locale":"en_US","og_type":"article","og_title":"Longines Spirit Pilot Flyback - Galli Uhren Bijouterie","og_description":"Die LONGINES Spirit Pilot Flyback Kollektion verk\u00f6rpert den unerm\u00fcdlichen Antrieb der Marke zur Innovation. Dieser Chronograph mit Flyback-Funktion unterstreicht die wegweisende Expertise von LONGINES auf diesem Gebiet. Die Marke mit der gefl\u00fcgelten Sanduhr lancierte Anfang der 1930er Jahre das erstes Modell mit Flyback-Funktion. Sie erhielt am 16. Juni 1936 das Patent f\u00fcr diese Technologie \u2013... Weiter &raquo;","og_url":"https:\/\/galli.ch\/uhren\/longines\/avigation\/spirit-pilot-flyback-l3-721-4-53-6\/","og_site_name":"Galli Uhren Bijouterie","article_modified_time":"2026-04-23T16:11:36+00:00","og_image":[{"width":1000,"height":1400,"url":"https:\/\/galli.ch\/wp-content\/uploads\/L3-721-4-53-6_SOLf.png","type":"image\/png"}],"twitter_card":"summary_large_image","schema":{"@context":"https:\/\/schema.org","@graph":[{"@type":"WebPage","@id":"https:\/\/galli.ch\/uhren\/longines\/avigation\/spirit-pilot-flyback-l3-721-4-53-6\/","url":"https:\/\/galli.ch\/uhren\/longines\/avigation\/spirit-pilot-flyback-l3-721-4-53-6\/","name":"Longines Spirit Pilot Flyback - Galli Uhren Bijouterie","isPartOf":{"@id":"http:\/\/galli.ch\/en\/#website"},"primaryImageOfPage":{"@id":"https:\/\/galli.ch\/uhren\/longines\/avigation\/spirit-pilot-flyback-l3-721-4-53-6\/#primaryimage"},"image":{"@id":"https:\/\/galli.ch\/uhren\/longines\/avigation\/spirit-pilot-flyback-l3-721-4-53-6\/#primaryimage"},"thumbnailUrl":"https:\/\/galli.ch\/wp-content\/uploads\/L3-721-4-53-6_SOLf.png","datePublished":"2025-10-06T14:32:22+00:00","dateModified":"2026-04-23T16:11:36+00:00","breadcrumb":{"@id":"https:\/\/galli.ch\/uhren\/longines\/avigation\/spirit-pilot-flyback-l3-721-4-53-6\/#breadcrumb"},"inLanguage":"en-US","potentialAction":[{"@type":"ReadAction","target":["https:\/\/galli.ch\/uhren\/longines\/avigation\/spirit-pilot-flyback-l3-721-4-53-6\/"]}]},{"@type":"ImageObject","inLanguage":"en-US","@id":"https:\/\/galli.ch\/uhren\/longines\/avigation\/spirit-pilot-flyback-l3-721-4-53-6\/#primaryimage","url":"https:\/\/galli.ch\/wp-content\/uploads\/L3-721-4-53-6_SOLf.png","contentUrl":"https:\/\/galli.ch\/wp-content\/uploads\/L3-721-4-53-6_SOLf.png","width":1000,"height":1400},{"@type":"BreadcrumbList","@id":"https:\/\/galli.ch\/uhren\/longines\/avigation\/spirit-pilot-flyback-l3-721-4-53-6\/#breadcrumb","itemListElement":[{"@type":"ListItem","position":1,"name":"Home","item":"https:\/\/galli.ch\/en\/"},{"@type":"ListItem","position":2,"name":"Uhren","item":"https:\/\/galli.ch\/en\/uhren\/"},{"@type":"ListItem","position":3,"name":"Longines Spirit Pilot Flyback"}]},{"@type":"WebSite","@id":"http:\/\/galli.ch\/en\/#website","url":"http:\/\/galli.ch\/en\/","name":"Galli Uhren Bijouterie","description":"","potentialAction":[{"@type":"SearchAction","target":{"@type":"EntryPoint","urlTemplate":"http:\/\/galli.ch\/en\/?s={search_term_string}"},"query-input":{"@type":"PropertyValueSpecification","valueRequired":true,"valueName":"search_term_string"}}],"inLanguage":"en-US"}]}},"_links":{"self":[{"href":"https:\/\/galli.ch\/en\/wp-json\/wp\/v2\/product\/45339","targetHints":{"allow":["GET"]}}],"collection":[{"href":"https:\/\/galli.ch\/en\/wp-json\/wp\/v2\/product"}],"about":[{"href":"https:\/\/galli.ch\/en\/wp-json\/wp\/v2\/types\/product"}],"wp:featuredmedia":[{"embeddable":true,"href":"https:\/\/galli.ch\/en\/wp-json\/wp\/v2\/media\/45324"}],"wp:attachment":[{"href":"https:\/\/galli.ch\/en\/wp-json\/wp\/v2\/media?parent=45339"}],"wp:term":[{"taxonomy":"product_brand","embeddable":true,"href":"https:\/\/galli.ch\/en\/wp-json\/wp\/v2\/product_brand?post=45339"},{"taxonomy":"product_cat","embeddable":true,"href":"https:\/\/galli.ch\/en\/wp-json\/wp\/v2\/product_cat?post=45339"},{"taxonomy":"product_tag","embeddable":true,"href":"https:\/\/galli.ch\/en\/wp-json\/wp\/v2\/product_tag?post=45339"}],"curies":[{"name":"wp","href":"https:\/\/api.w.org\/{rel}","templated":true}]}}