{"id":45595,"date":"2025-10-16T13:31:52","date_gmt":"2025-10-16T11:31:52","guid":{"rendered":"https:\/\/galli.ch\/?post_type=product&#038;p=45595"},"modified":"2025-10-16T13:50:06","modified_gmt":"2025-10-16T11:50:06","slug":"omega-constellation-131-13-34-20-53-001","status":"publish","type":"product","link":"https:\/\/galli.ch\/en\/uhren\/galli-cpo\/omega-2\/omega-constellation-131-13-34-20-53-001\/","title":{"rendered":"Omega Constellation"},"content":{"rendered":"<p>Das spektakul\u00e4re und langlebige Design der OMEGA Constellation zeichnet sich durch die ber\u00fchmten Halbmondfacetten sowie die \u201eKrappen\u201c an der Geh\u00e4useseite aus. Dieses 34 mm gro\u00dfe Modell aus Edelstahl verf\u00fcgt \u00fcber eine mit r\u00f6mischen Ziffern gravierte L\u00fcnette, ein pfauenblaues Zifferblatt mit Sonnenschliff und ein rundes Datumsfenster bei 6 Uhr. Die zulaufenden Diamantstundenindizes verf\u00fcgen \u00fcber Fassungen aus 18 K Wei\u00dfgold.<\/p>\n<p>Jahrgang: 2025<\/p>\n<p>Zustand: Ungetragen<\/p>\n<p>Original Papiere: Ja<\/p>\n<p>Original Box: Ja<\/p>\n<p>Garantie: Bis Juni 2030<\/p>\n","protected":false},"excerpt":{"rendered":"<p>Das spektakul\u00e4re und langlebige Design der OMEGA Constellation zeichnet sich durch die ber\u00fchmten Halbmondfacetten sowie die \u201eKrappen\u201c an der Geh\u00e4useseite aus. Dieses 34 mm gro\u00dfe Modell aus Edelstahl verf\u00fcgt \u00fcber eine mit r\u00f6mischen Ziffern gravierte L\u00fcnette, ein pfauenblaues Zifferblatt mit Sonnenschliff und ein rundes Datumsfenster bei 6 Uhr. Die zulaufenden Diamantstundenindizes verf\u00fcgen \u00fcber Fassungen aus&#8230;  <a class=\"excerpt-read-more\" href=\"https:\/\/galli.ch\/en\/uhren\/galli-cpo\/omega-2\/omega-constellation-131-13-34-20-53-001\/\" title=\"Read Omega Constellation\">Weiter &raquo;<\/a><\/p>\n","protected":false},"featured_media":45545,"template":"","meta":{"_acf_changed":false,"inline_featured_image":false},"product_brand":[],"product_cat":[188],"product_tag":[],"class_list":{"0":"post-45595","1":"product","2":"type-product","3":"status-publish","4":"has-post-thumbnail","6":"uhrenhersteller-galli-cpo","7":"uhrenhersteller-omega-2","8":"product_cat-uhren","10":"first","11":"instock","12":"taxable","13":"shipping-taxable","14":"purchasable","15":"product-type-simple"},"acf":[],"yoast_head":"<!-- This site is optimized with the Yoast SEO plugin v25.5 - https:\/\/yoast.com\/wordpress\/plugins\/seo\/ -->\n<title>Omega Constellation - Galli Uhren Bijouterie<\/title>\n<meta name=\"robots\" content=\"index, follow, max-snippet:-1, max-image-preview:large, max-video-preview:-1\" \/>\n<link rel=\"canonical\" href=\"https:\/\/galli.ch\/uhren\/galli-cpo\/omega-constellation-131-13-34-20-53-001\/\" \/>\n<meta property=\"og:locale\" content=\"en_US\" \/>\n<meta property=\"og:type\" content=\"article\" \/>\n<meta property=\"og:title\" content=\"Omega Constellation - Galli Uhren Bijouterie\" \/>\n<meta property=\"og:description\" content=\"Das spektakul\u00e4re und langlebige Design der OMEGA Constellation zeichnet sich durch die ber\u00fchmten Halbmondfacetten sowie die \u201eKrappen\u201c an der Geh\u00e4useseite aus. Dieses 34 mm gro\u00dfe Modell aus Edelstahl verf\u00fcgt \u00fcber eine mit r\u00f6mischen Ziffern gravierte L\u00fcnette, ein pfauenblaues Zifferblatt mit Sonnenschliff und ein rundes Datumsfenster bei 6 Uhr. Die zulaufenden Diamantstundenindizes verf\u00fcgen \u00fcber Fassungen aus... Weiter &raquo;\" \/>\n<meta property=\"og:url\" content=\"https:\/\/galli.ch\/uhren\/galli-cpo\/omega-constellation-131-13-34-20-53-001\/\" \/>\n<meta property=\"og:site_name\" content=\"Galli Uhren Bijouterie\" \/>\n<meta property=\"article:modified_time\" content=\"2025-10-16T11:50:06+00:00\" \/>\n<meta property=\"og:image\" content=\"https:\/\/galli.ch\/wp-content\/uploads\/IMG_2027.png\" \/>\n\t<meta property=\"og:image:width\" content=\"1000\" \/>\n\t<meta property=\"og:image:height\" content=\"1400\" \/>\n\t<meta property=\"og:image:type\" content=\"image\/png\" \/>\n<meta name=\"twitter:card\" content=\"summary_large_image\" \/>\n<script type=\"application\/ld+json\" class=\"yoast-schema-graph\">{\"@context\":\"https:\/\/schema.org\",\"@graph\":[{\"@type\":\"WebPage\",\"@id\":\"https:\/\/galli.ch\/uhren\/galli-cpo\/omega-constellation-131-13-34-20-53-001\/\",\"url\":\"https:\/\/galli.ch\/uhren\/galli-cpo\/omega-constellation-131-13-34-20-53-001\/\",\"name\":\"Omega Constellation - Galli Uhren Bijouterie\",\"isPartOf\":{\"@id\":\"http:\/\/galli.ch\/en\/#website\"},\"primaryImageOfPage\":{\"@id\":\"https:\/\/galli.ch\/uhren\/galli-cpo\/omega-constellation-131-13-34-20-53-001\/#primaryimage\"},\"image\":{\"@id\":\"https:\/\/galli.ch\/uhren\/galli-cpo\/omega-constellation-131-13-34-20-53-001\/#primaryimage\"},\"thumbnailUrl\":\"https:\/\/galli.ch\/wp-content\/uploads\/IMG_2027.png\",\"datePublished\":\"2025-10-16T11:31:52+00:00\",\"dateModified\":\"2025-10-16T11:50:06+00:00\",\"breadcrumb\":{\"@id\":\"https:\/\/galli.ch\/uhren\/galli-cpo\/omega-constellation-131-13-34-20-53-001\/#breadcrumb\"},\"inLanguage\":\"en-US\",\"potentialAction\":[{\"@type\":\"ReadAction\",\"target\":[\"https:\/\/galli.ch\/uhren\/galli-cpo\/omega-constellation-131-13-34-20-53-001\/\"]}]},{\"@type\":\"ImageObject\",\"inLanguage\":\"en-US\",\"@id\":\"https:\/\/galli.ch\/uhren\/galli-cpo\/omega-constellation-131-13-34-20-53-001\/#primaryimage\",\"url\":\"https:\/\/galli.ch\/wp-content\/uploads\/IMG_2027.png\",\"contentUrl\":\"https:\/\/galli.ch\/wp-content\/uploads\/IMG_2027.png\",\"width\":1000,\"height\":1400},{\"@type\":\"BreadcrumbList\",\"@id\":\"https:\/\/galli.ch\/uhren\/galli-cpo\/omega-constellation-131-13-34-20-53-001\/#breadcrumb\",\"itemListElement\":[{\"@type\":\"ListItem\",\"position\":1,\"name\":\"Home\",\"item\":\"https:\/\/galli.ch\/en\/\"},{\"@type\":\"ListItem\",\"position\":2,\"name\":\"Uhren\",\"item\":\"https:\/\/galli.ch\/en\/uhren\/\"},{\"@type\":\"ListItem\",\"position\":3,\"name\":\"Omega Constellation\"}]},{\"@type\":\"WebSite\",\"@id\":\"http:\/\/galli.ch\/en\/#website\",\"url\":\"http:\/\/galli.ch\/en\/\",\"name\":\"Galli Uhren Bijouterie\",\"description\":\"\",\"potentialAction\":[{\"@type\":\"SearchAction\",\"target\":{\"@type\":\"EntryPoint\",\"urlTemplate\":\"http:\/\/galli.ch\/en\/?s={search_term_string}\"},\"query-input\":{\"@type\":\"PropertyValueSpecification\",\"valueRequired\":true,\"valueName\":\"search_term_string\"}}],\"inLanguage\":\"en-US\"}]}<\/script>\n<!-- \/ Yoast SEO plugin. -->","yoast_head_json":{"title":"Omega Constellation - Galli Uhren Bijouterie","robots":{"index":"index","follow":"follow","max-snippet":"max-snippet:-1","max-image-preview":"max-image-preview:large","max-video-preview":"max-video-preview:-1"},"canonical":"https:\/\/galli.ch\/uhren\/galli-cpo\/omega-constellation-131-13-34-20-53-001\/","og_locale":"en_US","og_type":"article","og_title":"Omega Constellation - Galli Uhren Bijouterie","og_description":"Das spektakul\u00e4re und langlebige Design der OMEGA Constellation zeichnet sich durch die ber\u00fchmten Halbmondfacetten sowie die \u201eKrappen\u201c an der Geh\u00e4useseite aus. Dieses 34 mm gro\u00dfe Modell aus Edelstahl verf\u00fcgt \u00fcber eine mit r\u00f6mischen Ziffern gravierte L\u00fcnette, ein pfauenblaues Zifferblatt mit Sonnenschliff und ein rundes Datumsfenster bei 6 Uhr. Die zulaufenden Diamantstundenindizes verf\u00fcgen \u00fcber Fassungen aus... Weiter &raquo;","og_url":"https:\/\/galli.ch\/uhren\/galli-cpo\/omega-constellation-131-13-34-20-53-001\/","og_site_name":"Galli Uhren Bijouterie","article_modified_time":"2025-10-16T11:50:06+00:00","og_image":[{"width":1000,"height":1400,"url":"https:\/\/galli.ch\/wp-content\/uploads\/IMG_2027.png","type":"image\/png"}],"twitter_card":"summary_large_image","schema":{"@context":"https:\/\/schema.org","@graph":[{"@type":"WebPage","@id":"https:\/\/galli.ch\/uhren\/galli-cpo\/omega-constellation-131-13-34-20-53-001\/","url":"https:\/\/galli.ch\/uhren\/galli-cpo\/omega-constellation-131-13-34-20-53-001\/","name":"Omega Constellation - Galli Uhren Bijouterie","isPartOf":{"@id":"http:\/\/galli.ch\/en\/#website"},"primaryImageOfPage":{"@id":"https:\/\/galli.ch\/uhren\/galli-cpo\/omega-constellation-131-13-34-20-53-001\/#primaryimage"},"image":{"@id":"https:\/\/galli.ch\/uhren\/galli-cpo\/omega-constellation-131-13-34-20-53-001\/#primaryimage"},"thumbnailUrl":"https:\/\/galli.ch\/wp-content\/uploads\/IMG_2027.png","datePublished":"2025-10-16T11:31:52+00:00","dateModified":"2025-10-16T11:50:06+00:00","breadcrumb":{"@id":"https:\/\/galli.ch\/uhren\/galli-cpo\/omega-constellation-131-13-34-20-53-001\/#breadcrumb"},"inLanguage":"en-US","potentialAction":[{"@type":"ReadAction","target":["https:\/\/galli.ch\/uhren\/galli-cpo\/omega-constellation-131-13-34-20-53-001\/"]}]},{"@type":"ImageObject","inLanguage":"en-US","@id":"https:\/\/galli.ch\/uhren\/galli-cpo\/omega-constellation-131-13-34-20-53-001\/#primaryimage","url":"https:\/\/galli.ch\/wp-content\/uploads\/IMG_2027.png","contentUrl":"https:\/\/galli.ch\/wp-content\/uploads\/IMG_2027.png","width":1000,"height":1400},{"@type":"BreadcrumbList","@id":"https:\/\/galli.ch\/uhren\/galli-cpo\/omega-constellation-131-13-34-20-53-001\/#breadcrumb","itemListElement":[{"@type":"ListItem","position":1,"name":"Home","item":"https:\/\/galli.ch\/en\/"},{"@type":"ListItem","position":2,"name":"Uhren","item":"https:\/\/galli.ch\/en\/uhren\/"},{"@type":"ListItem","position":3,"name":"Omega Constellation"}]},{"@type":"WebSite","@id":"http:\/\/galli.ch\/en\/#website","url":"http:\/\/galli.ch\/en\/","name":"Galli Uhren Bijouterie","description":"","potentialAction":[{"@type":"SearchAction","target":{"@type":"EntryPoint","urlTemplate":"http:\/\/galli.ch\/en\/?s={search_term_string}"},"query-input":{"@type":"PropertyValueSpecification","valueRequired":true,"valueName":"search_term_string"}}],"inLanguage":"en-US"}]}},"_links":{"self":[{"href":"https:\/\/galli.ch\/en\/wp-json\/wp\/v2\/product\/45595","targetHints":{"allow":["GET"]}}],"collection":[{"href":"https:\/\/galli.ch\/en\/wp-json\/wp\/v2\/product"}],"about":[{"href":"https:\/\/galli.ch\/en\/wp-json\/wp\/v2\/types\/product"}],"wp:featuredmedia":[{"embeddable":true,"href":"https:\/\/galli.ch\/en\/wp-json\/wp\/v2\/media\/45545"}],"wp:attachment":[{"href":"https:\/\/galli.ch\/en\/wp-json\/wp\/v2\/media?parent=45595"}],"wp:term":[{"taxonomy":"product_brand","embeddable":true,"href":"https:\/\/galli.ch\/en\/wp-json\/wp\/v2\/product_brand?post=45595"},{"taxonomy":"product_cat","embeddable":true,"href":"https:\/\/galli.ch\/en\/wp-json\/wp\/v2\/product_cat?post=45595"},{"taxonomy":"product_tag","embeddable":true,"href":"https:\/\/galli.ch\/en\/wp-json\/wp\/v2\/product_tag?post=45595"}],"curies":[{"name":"wp","href":"https:\/\/api.w.org\/{rel}","templated":true}]}}