{"id":45611,"date":"2025-10-16T15:06:18","date_gmt":"2025-10-16T13:06:18","guid":{"rendered":"https:\/\/galli.ch\/?post_type=product&#038;p=45611"},"modified":"2026-03-30T10:18:17","modified_gmt":"2026-03-30T08:18:17","slug":"dark-side-of-the-moon-310-92-44-51-01-002","status":"publish","type":"product","link":"https:\/\/galli.ch\/en\/uhren\/omega\/speedmaster\/dark-side-of-the-moon-310-92-44-51-01-002\/","title":{"rendered":"Omega Speedmaster Dark Side of the Moon"},"content":{"rendered":"<p>Als Hommage an OMEGAs Verm\u00e4chtnis der Weltraumforschung verf\u00fcgt diese Speedmaster Dark Side of the Moon \u00fcber ein 44,25\u202fmm gro\u00dfes Geh\u00e4use aus polierter, schwarzer Keramik. Die polierte L\u00fcnette ist ebenfalls aus schwarzer Keramik gefertigt und verf\u00fcgt \u00fcber eine Tachymeterskala aus Liquidmetal\u2122.<\/p>\n","protected":false},"excerpt":{"rendered":"<p>Als Hommage an OMEGAs Verm\u00e4chtnis der Weltraumforschung verf\u00fcgt diese Speedmaster Dark Side of the Moon \u00fcber ein 44,25\u202fmm gro\u00dfes Geh\u00e4use aus polierter, schwarzer Keramik. Die polierte L\u00fcnette ist ebenfalls aus schwarzer Keramik gefertigt und verf\u00fcgt \u00fcber eine Tachymeterskala aus Liquidmetal\u2122.<\/p>\n","protected":false},"featured_media":45575,"template":"","meta":{"_acf_changed":false,"inline_featured_image":false},"product_brand":[],"product_cat":[188],"product_tag":[],"class_list":{"0":"post-45611","1":"product","2":"type-product","3":"status-publish","4":"has-post-thumbnail","6":"uhrenhersteller-omega","7":"uhrenhersteller-speedmaster","8":"product_cat-uhren","10":"first","11":"instock","12":"taxable","13":"shipping-taxable","14":"purchasable","15":"product-type-simple"},"acf":[],"yoast_head":"<!-- This site is optimized with the Yoast SEO plugin v25.5 - https:\/\/yoast.com\/wordpress\/plugins\/seo\/ -->\n<title>Omega Speedmaster Dark Side of the Moon - Galli Uhren Bijouterie<\/title>\n<meta name=\"robots\" content=\"index, follow, max-snippet:-1, max-image-preview:large, max-video-preview:-1\" \/>\n<link rel=\"canonical\" href=\"https:\/\/galli.ch\/uhren\/omega\/speedmaster\/dark-side-of-the-moon-310-92-44-51-01-002\/\" \/>\n<meta property=\"og:locale\" content=\"en_US\" \/>\n<meta property=\"og:type\" content=\"article\" \/>\n<meta property=\"og:title\" content=\"Omega Speedmaster Dark Side of the Moon - Galli Uhren Bijouterie\" \/>\n<meta property=\"og:description\" content=\"Als Hommage an OMEGAs Verm\u00e4chtnis der Weltraumforschung verf\u00fcgt diese Speedmaster Dark Side of the Moon \u00fcber ein 44,25\u202fmm gro\u00dfes Geh\u00e4use aus polierter, schwarzer Keramik. Die polierte L\u00fcnette ist ebenfalls aus schwarzer Keramik gefertigt und verf\u00fcgt \u00fcber eine Tachymeterskala aus Liquidmetal\u2122.\" \/>\n<meta property=\"og:url\" content=\"https:\/\/galli.ch\/uhren\/omega\/speedmaster\/dark-side-of-the-moon-310-92-44-51-01-002\/\" \/>\n<meta property=\"og:site_name\" content=\"Galli Uhren Bijouterie\" \/>\n<meta property=\"article:modified_time\" content=\"2026-03-30T08:18:17+00:00\" \/>\n<meta property=\"og:image\" content=\"https:\/\/galli.ch\/wp-content\/uploads\/omega-speedmaster-dark-side-of-the-moon-co-axial-master-chronometer-chronograph-44-25_mm-31092445101002-e09174.png\" \/>\n\t<meta property=\"og:image:width\" content=\"1000\" \/>\n\t<meta property=\"og:image:height\" content=\"1400\" \/>\n\t<meta property=\"og:image:type\" content=\"image\/png\" \/>\n<meta name=\"twitter:card\" content=\"summary_large_image\" \/>\n<script type=\"application\/ld+json\" class=\"yoast-schema-graph\">{\"@context\":\"https:\/\/schema.org\",\"@graph\":[{\"@type\":\"WebPage\",\"@id\":\"https:\/\/galli.ch\/uhren\/omega\/speedmaster\/dark-side-of-the-moon-310-92-44-51-01-002\/\",\"url\":\"https:\/\/galli.ch\/uhren\/omega\/speedmaster\/dark-side-of-the-moon-310-92-44-51-01-002\/\",\"name\":\"Omega Speedmaster Dark Side of the Moon - Galli Uhren Bijouterie\",\"isPartOf\":{\"@id\":\"http:\/\/galli.ch\/en\/#website\"},\"primaryImageOfPage\":{\"@id\":\"https:\/\/galli.ch\/uhren\/omega\/speedmaster\/dark-side-of-the-moon-310-92-44-51-01-002\/#primaryimage\"},\"image\":{\"@id\":\"https:\/\/galli.ch\/uhren\/omega\/speedmaster\/dark-side-of-the-moon-310-92-44-51-01-002\/#primaryimage\"},\"thumbnailUrl\":\"https:\/\/galli.ch\/wp-content\/uploads\/omega-speedmaster-dark-side-of-the-moon-co-axial-master-chronometer-chronograph-44-25_mm-31092445101002-e09174.png\",\"datePublished\":\"2025-10-16T13:06:18+00:00\",\"dateModified\":\"2026-03-30T08:18:17+00:00\",\"breadcrumb\":{\"@id\":\"https:\/\/galli.ch\/uhren\/omega\/speedmaster\/dark-side-of-the-moon-310-92-44-51-01-002\/#breadcrumb\"},\"inLanguage\":\"en-US\",\"potentialAction\":[{\"@type\":\"ReadAction\",\"target\":[\"https:\/\/galli.ch\/uhren\/omega\/speedmaster\/dark-side-of-the-moon-310-92-44-51-01-002\/\"]}]},{\"@type\":\"ImageObject\",\"inLanguage\":\"en-US\",\"@id\":\"https:\/\/galli.ch\/uhren\/omega\/speedmaster\/dark-side-of-the-moon-310-92-44-51-01-002\/#primaryimage\",\"url\":\"https:\/\/galli.ch\/wp-content\/uploads\/omega-speedmaster-dark-side-of-the-moon-co-axial-master-chronometer-chronograph-44-25_mm-31092445101002-e09174.png\",\"contentUrl\":\"https:\/\/galli.ch\/wp-content\/uploads\/omega-speedmaster-dark-side-of-the-moon-co-axial-master-chronometer-chronograph-44-25_mm-31092445101002-e09174.png\",\"width\":1000,\"height\":1400},{\"@type\":\"BreadcrumbList\",\"@id\":\"https:\/\/galli.ch\/uhren\/omega\/speedmaster\/dark-side-of-the-moon-310-92-44-51-01-002\/#breadcrumb\",\"itemListElement\":[{\"@type\":\"ListItem\",\"position\":1,\"name\":\"Home\",\"item\":\"https:\/\/galli.ch\/en\/\"},{\"@type\":\"ListItem\",\"position\":2,\"name\":\"Uhren\",\"item\":\"https:\/\/galli.ch\/en\/uhren\/\"},{\"@type\":\"ListItem\",\"position\":3,\"name\":\"Omega Speedmaster Dark Side of the Moon\"}]},{\"@type\":\"WebSite\",\"@id\":\"http:\/\/galli.ch\/en\/#website\",\"url\":\"http:\/\/galli.ch\/en\/\",\"name\":\"Galli Uhren Bijouterie\",\"description\":\"\",\"potentialAction\":[{\"@type\":\"SearchAction\",\"target\":{\"@type\":\"EntryPoint\",\"urlTemplate\":\"http:\/\/galli.ch\/en\/?s={search_term_string}\"},\"query-input\":{\"@type\":\"PropertyValueSpecification\",\"valueRequired\":true,\"valueName\":\"search_term_string\"}}],\"inLanguage\":\"en-US\"}]}<\/script>\n<!-- \/ Yoast SEO plugin. -->","yoast_head_json":{"title":"Omega Speedmaster Dark Side of the Moon - Galli Uhren Bijouterie","robots":{"index":"index","follow":"follow","max-snippet":"max-snippet:-1","max-image-preview":"max-image-preview:large","max-video-preview":"max-video-preview:-1"},"canonical":"https:\/\/galli.ch\/uhren\/omega\/speedmaster\/dark-side-of-the-moon-310-92-44-51-01-002\/","og_locale":"en_US","og_type":"article","og_title":"Omega Speedmaster Dark Side of the Moon - Galli Uhren Bijouterie","og_description":"Als Hommage an OMEGAs Verm\u00e4chtnis der Weltraumforschung verf\u00fcgt diese Speedmaster Dark Side of the Moon \u00fcber ein 44,25\u202fmm gro\u00dfes Geh\u00e4use aus polierter, schwarzer Keramik. Die polierte L\u00fcnette ist ebenfalls aus schwarzer Keramik gefertigt und verf\u00fcgt \u00fcber eine Tachymeterskala aus Liquidmetal\u2122.","og_url":"https:\/\/galli.ch\/uhren\/omega\/speedmaster\/dark-side-of-the-moon-310-92-44-51-01-002\/","og_site_name":"Galli Uhren Bijouterie","article_modified_time":"2026-03-30T08:18:17+00:00","og_image":[{"width":1000,"height":1400,"url":"https:\/\/galli.ch\/wp-content\/uploads\/omega-speedmaster-dark-side-of-the-moon-co-axial-master-chronometer-chronograph-44-25_mm-31092445101002-e09174.png","type":"image\/png"}],"twitter_card":"summary_large_image","schema":{"@context":"https:\/\/schema.org","@graph":[{"@type":"WebPage","@id":"https:\/\/galli.ch\/uhren\/omega\/speedmaster\/dark-side-of-the-moon-310-92-44-51-01-002\/","url":"https:\/\/galli.ch\/uhren\/omega\/speedmaster\/dark-side-of-the-moon-310-92-44-51-01-002\/","name":"Omega Speedmaster Dark Side of the Moon - Galli Uhren Bijouterie","isPartOf":{"@id":"http:\/\/galli.ch\/en\/#website"},"primaryImageOfPage":{"@id":"https:\/\/galli.ch\/uhren\/omega\/speedmaster\/dark-side-of-the-moon-310-92-44-51-01-002\/#primaryimage"},"image":{"@id":"https:\/\/galli.ch\/uhren\/omega\/speedmaster\/dark-side-of-the-moon-310-92-44-51-01-002\/#primaryimage"},"thumbnailUrl":"https:\/\/galli.ch\/wp-content\/uploads\/omega-speedmaster-dark-side-of-the-moon-co-axial-master-chronometer-chronograph-44-25_mm-31092445101002-e09174.png","datePublished":"2025-10-16T13:06:18+00:00","dateModified":"2026-03-30T08:18:17+00:00","breadcrumb":{"@id":"https:\/\/galli.ch\/uhren\/omega\/speedmaster\/dark-side-of-the-moon-310-92-44-51-01-002\/#breadcrumb"},"inLanguage":"en-US","potentialAction":[{"@type":"ReadAction","target":["https:\/\/galli.ch\/uhren\/omega\/speedmaster\/dark-side-of-the-moon-310-92-44-51-01-002\/"]}]},{"@type":"ImageObject","inLanguage":"en-US","@id":"https:\/\/galli.ch\/uhren\/omega\/speedmaster\/dark-side-of-the-moon-310-92-44-51-01-002\/#primaryimage","url":"https:\/\/galli.ch\/wp-content\/uploads\/omega-speedmaster-dark-side-of-the-moon-co-axial-master-chronometer-chronograph-44-25_mm-31092445101002-e09174.png","contentUrl":"https:\/\/galli.ch\/wp-content\/uploads\/omega-speedmaster-dark-side-of-the-moon-co-axial-master-chronometer-chronograph-44-25_mm-31092445101002-e09174.png","width":1000,"height":1400},{"@type":"BreadcrumbList","@id":"https:\/\/galli.ch\/uhren\/omega\/speedmaster\/dark-side-of-the-moon-310-92-44-51-01-002\/#breadcrumb","itemListElement":[{"@type":"ListItem","position":1,"name":"Home","item":"https:\/\/galli.ch\/en\/"},{"@type":"ListItem","position":2,"name":"Uhren","item":"https:\/\/galli.ch\/en\/uhren\/"},{"@type":"ListItem","position":3,"name":"Omega Speedmaster Dark Side of the Moon"}]},{"@type":"WebSite","@id":"http:\/\/galli.ch\/en\/#website","url":"http:\/\/galli.ch\/en\/","name":"Galli Uhren Bijouterie","description":"","potentialAction":[{"@type":"SearchAction","target":{"@type":"EntryPoint","urlTemplate":"http:\/\/galli.ch\/en\/?s={search_term_string}"},"query-input":{"@type":"PropertyValueSpecification","valueRequired":true,"valueName":"search_term_string"}}],"inLanguage":"en-US"}]}},"_links":{"self":[{"href":"https:\/\/galli.ch\/en\/wp-json\/wp\/v2\/product\/45611","targetHints":{"allow":["GET"]}}],"collection":[{"href":"https:\/\/galli.ch\/en\/wp-json\/wp\/v2\/product"}],"about":[{"href":"https:\/\/galli.ch\/en\/wp-json\/wp\/v2\/types\/product"}],"wp:featuredmedia":[{"embeddable":true,"href":"https:\/\/galli.ch\/en\/wp-json\/wp\/v2\/media\/45575"}],"wp:attachment":[{"href":"https:\/\/galli.ch\/en\/wp-json\/wp\/v2\/media?parent=45611"}],"wp:term":[{"taxonomy":"product_brand","embeddable":true,"href":"https:\/\/galli.ch\/en\/wp-json\/wp\/v2\/product_brand?post=45611"},{"taxonomy":"product_cat","embeddable":true,"href":"https:\/\/galli.ch\/en\/wp-json\/wp\/v2\/product_cat?post=45611"},{"taxonomy":"product_tag","embeddable":true,"href":"https:\/\/galli.ch\/en\/wp-json\/wp\/v2\/product_tag?post=45611"}],"curies":[{"name":"wp","href":"https:\/\/api.w.org\/{rel}","templated":true}]}}