{"id":46589,"date":"2025-11-01T09:45:53","date_gmt":"2025-11-01T08:45:53","guid":{"rendered":"https:\/\/galli.ch\/?post_type=product&#038;p=46589"},"modified":"2026-04-20T18:18:17","modified_gmt":"2026-04-20T16:18:17","slug":"38-522-30-38-50-04-002","status":"publish","type":"product","link":"https:\/\/galli.ch\/en\/uhren\/omega\/speedmaster\/38-522-30-38-50-04-002\/","title":{"rendered":"Omega Speedmaster 38"},"content":{"rendered":"<p>Um OMEGAs Rolle als offizieller Zeitnehmer der Paralympischen Winterspiele zu feiern, kombiniert dieser exklusive Zeitmesser das zeitlose Design der Speedmaster mit einzigartigen Details als Hommage an Milano Cortina 2026.<\/p>\n<p>Die 38\u202fmm gro\u00dfe Uhr ist aus Edelstahl gefertigt und verf\u00fcgt \u00fcber eine blaue Keramikl\u00fcnette mit einer Tachymeterskala aus wei\u00dfer Emaille. F\u00fcr einen winterlichen Look ist das lackierte wei\u00dfe Zifferblatt mit einem mattierten blauen Aufsatz und einem Fingerabdruckmuster versehen, inspiriert vom Emblem der Milano Cortina 2026.<\/p>\n","protected":false},"excerpt":{"rendered":"<p>Um OMEGAs Rolle als offizieller Zeitnehmer der Paralympischen Winterspiele zu feiern, kombiniert dieser exklusive Zeitmesser das zeitlose Design der Speedmaster mit einzigartigen Details als Hommage an Milano Cortina 2026. Die 38\u202fmm gro\u00dfe Uhr ist aus Edelstahl gefertigt und verf\u00fcgt \u00fcber eine blaue Keramikl\u00fcnette mit einer Tachymeterskala aus wei\u00dfer Emaille. F\u00fcr einen winterlichen Look ist das&#8230;  <a class=\"excerpt-read-more\" href=\"https:\/\/galli.ch\/en\/uhren\/omega\/speedmaster\/38-522-30-38-50-04-002\/\" title=\"Read Omega Speedmaster 38\">Weiter &raquo;<\/a><\/p>\n","protected":false},"featured_media":49556,"template":"","meta":{"_acf_changed":false,"inline_featured_image":false},"product_brand":[],"product_cat":[188],"product_tag":[],"class_list":{"0":"post-46589","1":"product","2":"type-product","3":"status-publish","4":"has-post-thumbnail","6":"uhrenhersteller-omega","7":"uhrenhersteller-speedmaster","8":"product_cat-uhren","10":"first","11":"instock","12":"taxable","13":"shipping-taxable","14":"purchasable","15":"product-type-simple"},"acf":[],"yoast_head":"<!-- This site is optimized with the Yoast SEO plugin v25.5 - https:\/\/yoast.com\/wordpress\/plugins\/seo\/ -->\n<title>Omega Speedmaster 38 - Galli Uhren Bijouterie<\/title>\n<meta name=\"robots\" content=\"index, follow, max-snippet:-1, max-image-preview:large, max-video-preview:-1\" \/>\n<link rel=\"canonical\" href=\"https:\/\/galli.ch\/uhren\/omega\/speedmaster\/38-522-30-38-50-04-002\/\" \/>\n<meta property=\"og:locale\" content=\"en_US\" \/>\n<meta property=\"og:type\" content=\"article\" \/>\n<meta property=\"og:title\" content=\"Omega Speedmaster 38 - Galli Uhren Bijouterie\" \/>\n<meta property=\"og:description\" content=\"Um OMEGAs Rolle als offizieller Zeitnehmer der Paralympischen Winterspiele zu feiern, kombiniert dieser exklusive Zeitmesser das zeitlose Design der Speedmaster mit einzigartigen Details als Hommage an Milano Cortina 2026. Die 38\u202fmm gro\u00dfe Uhr ist aus Edelstahl gefertigt und verf\u00fcgt \u00fcber eine blaue Keramikl\u00fcnette mit einer Tachymeterskala aus wei\u00dfer Emaille. F\u00fcr einen winterlichen Look ist das... Weiter &raquo;\" \/>\n<meta property=\"og:url\" content=\"https:\/\/galli.ch\/uhren\/omega\/speedmaster\/38-522-30-38-50-04-002\/\" \/>\n<meta property=\"og:site_name\" content=\"Galli Uhren Bijouterie\" \/>\n<meta property=\"article:modified_time\" content=\"2026-04-20T16:18:17+00:00\" \/>\n<meta property=\"og:image\" content=\"https:\/\/galli.ch\/wp-content\/uploads\/omega-speedmaster-38-co-axial-chronometer-chronograph-38-mm-52230385004002-e3aa23.png\" \/>\n\t<meta property=\"og:image:width\" content=\"1000\" \/>\n\t<meta property=\"og:image:height\" content=\"1400\" \/>\n\t<meta property=\"og:image:type\" content=\"image\/png\" \/>\n<meta name=\"twitter:card\" content=\"summary_large_image\" \/>\n<script type=\"application\/ld+json\" class=\"yoast-schema-graph\">{\"@context\":\"https:\/\/schema.org\",\"@graph\":[{\"@type\":\"WebPage\",\"@id\":\"https:\/\/galli.ch\/uhren\/omega\/speedmaster\/38-522-30-38-50-04-002\/\",\"url\":\"https:\/\/galli.ch\/uhren\/omega\/speedmaster\/38-522-30-38-50-04-002\/\",\"name\":\"Omega Speedmaster 38 - Galli Uhren Bijouterie\",\"isPartOf\":{\"@id\":\"http:\/\/galli.ch\/en\/#website\"},\"primaryImageOfPage\":{\"@id\":\"https:\/\/galli.ch\/uhren\/omega\/speedmaster\/38-522-30-38-50-04-002\/#primaryimage\"},\"image\":{\"@id\":\"https:\/\/galli.ch\/uhren\/omega\/speedmaster\/38-522-30-38-50-04-002\/#primaryimage\"},\"thumbnailUrl\":\"https:\/\/galli.ch\/wp-content\/uploads\/omega-speedmaster-38-co-axial-chronometer-chronograph-38-mm-52230385004002-e3aa23.png\",\"datePublished\":\"2025-11-01T08:45:53+00:00\",\"dateModified\":\"2026-04-20T16:18:17+00:00\",\"breadcrumb\":{\"@id\":\"https:\/\/galli.ch\/uhren\/omega\/speedmaster\/38-522-30-38-50-04-002\/#breadcrumb\"},\"inLanguage\":\"en-US\",\"potentialAction\":[{\"@type\":\"ReadAction\",\"target\":[\"https:\/\/galli.ch\/uhren\/omega\/speedmaster\/38-522-30-38-50-04-002\/\"]}]},{\"@type\":\"ImageObject\",\"inLanguage\":\"en-US\",\"@id\":\"https:\/\/galli.ch\/uhren\/omega\/speedmaster\/38-522-30-38-50-04-002\/#primaryimage\",\"url\":\"https:\/\/galli.ch\/wp-content\/uploads\/omega-speedmaster-38-co-axial-chronometer-chronograph-38-mm-52230385004002-e3aa23.png\",\"contentUrl\":\"https:\/\/galli.ch\/wp-content\/uploads\/omega-speedmaster-38-co-axial-chronometer-chronograph-38-mm-52230385004002-e3aa23.png\",\"width\":1000,\"height\":1400},{\"@type\":\"BreadcrumbList\",\"@id\":\"https:\/\/galli.ch\/uhren\/omega\/speedmaster\/38-522-30-38-50-04-002\/#breadcrumb\",\"itemListElement\":[{\"@type\":\"ListItem\",\"position\":1,\"name\":\"Home\",\"item\":\"https:\/\/galli.ch\/en\/\"},{\"@type\":\"ListItem\",\"position\":2,\"name\":\"Uhren\",\"item\":\"https:\/\/galli.ch\/en\/uhren\/\"},{\"@type\":\"ListItem\",\"position\":3,\"name\":\"Omega Speedmaster 38\"}]},{\"@type\":\"WebSite\",\"@id\":\"http:\/\/galli.ch\/en\/#website\",\"url\":\"http:\/\/galli.ch\/en\/\",\"name\":\"Galli Uhren Bijouterie\",\"description\":\"\",\"potentialAction\":[{\"@type\":\"SearchAction\",\"target\":{\"@type\":\"EntryPoint\",\"urlTemplate\":\"http:\/\/galli.ch\/en\/?s={search_term_string}\"},\"query-input\":{\"@type\":\"PropertyValueSpecification\",\"valueRequired\":true,\"valueName\":\"search_term_string\"}}],\"inLanguage\":\"en-US\"}]}<\/script>\n<!-- \/ Yoast SEO plugin. -->","yoast_head_json":{"title":"Omega Speedmaster 38 - Galli Uhren Bijouterie","robots":{"index":"index","follow":"follow","max-snippet":"max-snippet:-1","max-image-preview":"max-image-preview:large","max-video-preview":"max-video-preview:-1"},"canonical":"https:\/\/galli.ch\/uhren\/omega\/speedmaster\/38-522-30-38-50-04-002\/","og_locale":"en_US","og_type":"article","og_title":"Omega Speedmaster 38 - Galli Uhren Bijouterie","og_description":"Um OMEGAs Rolle als offizieller Zeitnehmer der Paralympischen Winterspiele zu feiern, kombiniert dieser exklusive Zeitmesser das zeitlose Design der Speedmaster mit einzigartigen Details als Hommage an Milano Cortina 2026. Die 38\u202fmm gro\u00dfe Uhr ist aus Edelstahl gefertigt und verf\u00fcgt \u00fcber eine blaue Keramikl\u00fcnette mit einer Tachymeterskala aus wei\u00dfer Emaille. F\u00fcr einen winterlichen Look ist das... Weiter &raquo;","og_url":"https:\/\/galli.ch\/uhren\/omega\/speedmaster\/38-522-30-38-50-04-002\/","og_site_name":"Galli Uhren Bijouterie","article_modified_time":"2026-04-20T16:18:17+00:00","og_image":[{"width":1000,"height":1400,"url":"https:\/\/galli.ch\/wp-content\/uploads\/omega-speedmaster-38-co-axial-chronometer-chronograph-38-mm-52230385004002-e3aa23.png","type":"image\/png"}],"twitter_card":"summary_large_image","schema":{"@context":"https:\/\/schema.org","@graph":[{"@type":"WebPage","@id":"https:\/\/galli.ch\/uhren\/omega\/speedmaster\/38-522-30-38-50-04-002\/","url":"https:\/\/galli.ch\/uhren\/omega\/speedmaster\/38-522-30-38-50-04-002\/","name":"Omega Speedmaster 38 - Galli Uhren Bijouterie","isPartOf":{"@id":"http:\/\/galli.ch\/en\/#website"},"primaryImageOfPage":{"@id":"https:\/\/galli.ch\/uhren\/omega\/speedmaster\/38-522-30-38-50-04-002\/#primaryimage"},"image":{"@id":"https:\/\/galli.ch\/uhren\/omega\/speedmaster\/38-522-30-38-50-04-002\/#primaryimage"},"thumbnailUrl":"https:\/\/galli.ch\/wp-content\/uploads\/omega-speedmaster-38-co-axial-chronometer-chronograph-38-mm-52230385004002-e3aa23.png","datePublished":"2025-11-01T08:45:53+00:00","dateModified":"2026-04-20T16:18:17+00:00","breadcrumb":{"@id":"https:\/\/galli.ch\/uhren\/omega\/speedmaster\/38-522-30-38-50-04-002\/#breadcrumb"},"inLanguage":"en-US","potentialAction":[{"@type":"ReadAction","target":["https:\/\/galli.ch\/uhren\/omega\/speedmaster\/38-522-30-38-50-04-002\/"]}]},{"@type":"ImageObject","inLanguage":"en-US","@id":"https:\/\/galli.ch\/uhren\/omega\/speedmaster\/38-522-30-38-50-04-002\/#primaryimage","url":"https:\/\/galli.ch\/wp-content\/uploads\/omega-speedmaster-38-co-axial-chronometer-chronograph-38-mm-52230385004002-e3aa23.png","contentUrl":"https:\/\/galli.ch\/wp-content\/uploads\/omega-speedmaster-38-co-axial-chronometer-chronograph-38-mm-52230385004002-e3aa23.png","width":1000,"height":1400},{"@type":"BreadcrumbList","@id":"https:\/\/galli.ch\/uhren\/omega\/speedmaster\/38-522-30-38-50-04-002\/#breadcrumb","itemListElement":[{"@type":"ListItem","position":1,"name":"Home","item":"https:\/\/galli.ch\/en\/"},{"@type":"ListItem","position":2,"name":"Uhren","item":"https:\/\/galli.ch\/en\/uhren\/"},{"@type":"ListItem","position":3,"name":"Omega Speedmaster 38"}]},{"@type":"WebSite","@id":"http:\/\/galli.ch\/en\/#website","url":"http:\/\/galli.ch\/en\/","name":"Galli Uhren Bijouterie","description":"","potentialAction":[{"@type":"SearchAction","target":{"@type":"EntryPoint","urlTemplate":"http:\/\/galli.ch\/en\/?s={search_term_string}"},"query-input":{"@type":"PropertyValueSpecification","valueRequired":true,"valueName":"search_term_string"}}],"inLanguage":"en-US"}]}},"_links":{"self":[{"href":"https:\/\/galli.ch\/en\/wp-json\/wp\/v2\/product\/46589","targetHints":{"allow":["GET"]}}],"collection":[{"href":"https:\/\/galli.ch\/en\/wp-json\/wp\/v2\/product"}],"about":[{"href":"https:\/\/galli.ch\/en\/wp-json\/wp\/v2\/types\/product"}],"wp:featuredmedia":[{"embeddable":true,"href":"https:\/\/galli.ch\/en\/wp-json\/wp\/v2\/media\/49556"}],"wp:attachment":[{"href":"https:\/\/galli.ch\/en\/wp-json\/wp\/v2\/media?parent=46589"}],"wp:term":[{"taxonomy":"product_brand","embeddable":true,"href":"https:\/\/galli.ch\/en\/wp-json\/wp\/v2\/product_brand?post=46589"},{"taxonomy":"product_cat","embeddable":true,"href":"https:\/\/galli.ch\/en\/wp-json\/wp\/v2\/product_cat?post=46589"},{"taxonomy":"product_tag","embeddable":true,"href":"https:\/\/galli.ch\/en\/wp-json\/wp\/v2\/product_tag?post=46589"}],"curies":[{"name":"wp","href":"https:\/\/api.w.org\/{rel}","templated":true}]}}