{"id":46741,"date":"2025-11-06T10:10:06","date_gmt":"2025-11-06T09:10:06","guid":{"rendered":"https:\/\/galli.ch\/?post_type=product&#038;p=46741"},"modified":"2026-03-02T11:44:22","modified_gmt":"2026-03-02T10:44:22","slug":"aqua-terra-150m-220-55-30-20-61-001","status":"publish","type":"product","link":"https:\/\/galli.ch\/en\/uhren\/omega\/seamaster\/aqua-terra-150m-220-55-30-20-61-001\/","title":{"rendered":"Omega Seamaster Aqua Terra 150M"},"content":{"rendered":"<p>Die Seamaster Aqua Terra ist eine Hommage an OMEGAs gro\u00dfes maritimes Erbe. Seine zarten Proportionen hat das schlanke 30-mm-Geh\u00e4use dieser Uhr dem innovativen OMEGA Co-Axial Master Chronometer Kaliber 8751 zu verdanken, das vom Eidgen\u00f6ssischen Institut f\u00fcr Metrologie (METAS) nach den h\u00f6chsten Standards der Branche zertifiziert wurde.<\/p>\n<p>Das Modell besitzt ein symmetrisches, poliertes Geh\u00e4use aus 18\u00a0K Sedna\u2122-Gold, eine polierte L\u00fcnette, die mit 46 Diamanten besetzt ist, und einen verschraubten Geh\u00e4useboden mit Wellendekor.<\/p>\n","protected":false},"excerpt":{"rendered":"<p>Die Seamaster Aqua Terra ist eine Hommage an OMEGAs gro\u00dfes maritimes Erbe. Seine zarten Proportionen hat das schlanke 30-mm-Geh\u00e4use dieser Uhr dem innovativen OMEGA Co-Axial Master Chronometer Kaliber 8751 zu verdanken, das vom Eidgen\u00f6ssischen Institut f\u00fcr Metrologie (METAS) nach den h\u00f6chsten Standards der Branche zertifiziert wurde. Das Modell besitzt ein symmetrisches, poliertes Geh\u00e4use aus 18\u00a0K&#8230;  <a class=\"excerpt-read-more\" href=\"https:\/\/galli.ch\/en\/uhren\/omega\/seamaster\/aqua-terra-150m-220-55-30-20-61-001\/\" title=\"Read Omega Seamaster Aqua Terra 150M\">Weiter &raquo;<\/a><\/p>\n","protected":false},"featured_media":46744,"template":"","meta":{"_acf_changed":false,"inline_featured_image":false},"product_brand":[],"product_cat":[188],"product_tag":[],"class_list":{"0":"post-46741","1":"product","2":"type-product","3":"status-publish","4":"has-post-thumbnail","6":"uhrenhersteller-omega","7":"uhrenhersteller-seamaster","8":"product_cat-uhren","10":"first","11":"outofstock","12":"taxable","13":"shipping-taxable","14":"purchasable","15":"product-type-simple"},"acf":[],"yoast_head":"<!-- This site is optimized with the Yoast SEO plugin v25.5 - https:\/\/yoast.com\/wordpress\/plugins\/seo\/ -->\n<title>Omega Seamaster Aqua Terra 150M - Galli Uhren Bijouterie<\/title>\n<meta name=\"robots\" content=\"index, follow, max-snippet:-1, max-image-preview:large, max-video-preview:-1\" \/>\n<link rel=\"canonical\" href=\"https:\/\/galli.ch\/uhren\/omega\/seamaster\/aqua-terra-150m-220-55-30-20-61-001\/\" \/>\n<meta property=\"og:locale\" content=\"en_US\" \/>\n<meta property=\"og:type\" content=\"article\" \/>\n<meta property=\"og:title\" content=\"Omega Seamaster Aqua Terra 150M - Galli Uhren Bijouterie\" \/>\n<meta property=\"og:description\" content=\"Die Seamaster Aqua Terra ist eine Hommage an OMEGAs gro\u00dfes maritimes Erbe. Seine zarten Proportionen hat das schlanke 30-mm-Geh\u00e4use dieser Uhr dem innovativen OMEGA Co-Axial Master Chronometer Kaliber 8751 zu verdanken, das vom Eidgen\u00f6ssischen Institut f\u00fcr Metrologie (METAS) nach den h\u00f6chsten Standards der Branche zertifiziert wurde. Das Modell besitzt ein symmetrisches, poliertes Geh\u00e4use aus 18\u00a0K... Weiter &raquo;\" \/>\n<meta property=\"og:url\" content=\"https:\/\/galli.ch\/uhren\/omega\/seamaster\/aqua-terra-150m-220-55-30-20-61-001\/\" \/>\n<meta property=\"og:site_name\" content=\"Galli Uhren Bijouterie\" \/>\n<meta property=\"article:modified_time\" content=\"2026-03-02T10:44:22+00:00\" \/>\n<meta property=\"og:image\" content=\"https:\/\/galli.ch\/wp-content\/uploads\/omega-seamaster-aqua-terra-150m-co-axial-master-chronometer-30-mm-22055302061001-77f333.png\" \/>\n\t<meta property=\"og:image:width\" content=\"1000\" \/>\n\t<meta property=\"og:image:height\" content=\"1400\" \/>\n\t<meta property=\"og:image:type\" content=\"image\/png\" \/>\n<meta name=\"twitter:card\" content=\"summary_large_image\" \/>\n<script type=\"application\/ld+json\" class=\"yoast-schema-graph\">{\"@context\":\"https:\/\/schema.org\",\"@graph\":[{\"@type\":\"WebPage\",\"@id\":\"https:\/\/galli.ch\/uhren\/omega\/seamaster\/aqua-terra-150m-220-55-30-20-61-001\/\",\"url\":\"https:\/\/galli.ch\/uhren\/omega\/seamaster\/aqua-terra-150m-220-55-30-20-61-001\/\",\"name\":\"Omega Seamaster Aqua Terra 150M - Galli Uhren Bijouterie\",\"isPartOf\":{\"@id\":\"http:\/\/galli.ch\/en\/#website\"},\"primaryImageOfPage\":{\"@id\":\"https:\/\/galli.ch\/uhren\/omega\/seamaster\/aqua-terra-150m-220-55-30-20-61-001\/#primaryimage\"},\"image\":{\"@id\":\"https:\/\/galli.ch\/uhren\/omega\/seamaster\/aqua-terra-150m-220-55-30-20-61-001\/#primaryimage\"},\"thumbnailUrl\":\"https:\/\/galli.ch\/wp-content\/uploads\/omega-seamaster-aqua-terra-150m-co-axial-master-chronometer-30-mm-22055302061001-77f333.png\",\"datePublished\":\"2025-11-06T09:10:06+00:00\",\"dateModified\":\"2026-03-02T10:44:22+00:00\",\"breadcrumb\":{\"@id\":\"https:\/\/galli.ch\/uhren\/omega\/seamaster\/aqua-terra-150m-220-55-30-20-61-001\/#breadcrumb\"},\"inLanguage\":\"en-US\",\"potentialAction\":[{\"@type\":\"ReadAction\",\"target\":[\"https:\/\/galli.ch\/uhren\/omega\/seamaster\/aqua-terra-150m-220-55-30-20-61-001\/\"]}]},{\"@type\":\"ImageObject\",\"inLanguage\":\"en-US\",\"@id\":\"https:\/\/galli.ch\/uhren\/omega\/seamaster\/aqua-terra-150m-220-55-30-20-61-001\/#primaryimage\",\"url\":\"https:\/\/galli.ch\/wp-content\/uploads\/omega-seamaster-aqua-terra-150m-co-axial-master-chronometer-30-mm-22055302061001-77f333.png\",\"contentUrl\":\"https:\/\/galli.ch\/wp-content\/uploads\/omega-seamaster-aqua-terra-150m-co-axial-master-chronometer-30-mm-22055302061001-77f333.png\",\"width\":1000,\"height\":1400},{\"@type\":\"BreadcrumbList\",\"@id\":\"https:\/\/galli.ch\/uhren\/omega\/seamaster\/aqua-terra-150m-220-55-30-20-61-001\/#breadcrumb\",\"itemListElement\":[{\"@type\":\"ListItem\",\"position\":1,\"name\":\"Home\",\"item\":\"https:\/\/galli.ch\/en\/\"},{\"@type\":\"ListItem\",\"position\":2,\"name\":\"Uhren\",\"item\":\"https:\/\/galli.ch\/en\/uhren\/\"},{\"@type\":\"ListItem\",\"position\":3,\"name\":\"Omega Seamaster Aqua Terra 150M\"}]},{\"@type\":\"WebSite\",\"@id\":\"http:\/\/galli.ch\/en\/#website\",\"url\":\"http:\/\/galli.ch\/en\/\",\"name\":\"Galli Uhren Bijouterie\",\"description\":\"\",\"potentialAction\":[{\"@type\":\"SearchAction\",\"target\":{\"@type\":\"EntryPoint\",\"urlTemplate\":\"http:\/\/galli.ch\/en\/?s={search_term_string}\"},\"query-input\":{\"@type\":\"PropertyValueSpecification\",\"valueRequired\":true,\"valueName\":\"search_term_string\"}}],\"inLanguage\":\"en-US\"}]}<\/script>\n<!-- \/ Yoast SEO plugin. -->","yoast_head_json":{"title":"Omega Seamaster Aqua Terra 150M - Galli Uhren Bijouterie","robots":{"index":"index","follow":"follow","max-snippet":"max-snippet:-1","max-image-preview":"max-image-preview:large","max-video-preview":"max-video-preview:-1"},"canonical":"https:\/\/galli.ch\/uhren\/omega\/seamaster\/aqua-terra-150m-220-55-30-20-61-001\/","og_locale":"en_US","og_type":"article","og_title":"Omega Seamaster Aqua Terra 150M - Galli Uhren Bijouterie","og_description":"Die Seamaster Aqua Terra ist eine Hommage an OMEGAs gro\u00dfes maritimes Erbe. Seine zarten Proportionen hat das schlanke 30-mm-Geh\u00e4use dieser Uhr dem innovativen OMEGA Co-Axial Master Chronometer Kaliber 8751 zu verdanken, das vom Eidgen\u00f6ssischen Institut f\u00fcr Metrologie (METAS) nach den h\u00f6chsten Standards der Branche zertifiziert wurde. Das Modell besitzt ein symmetrisches, poliertes Geh\u00e4use aus 18\u00a0K... Weiter &raquo;","og_url":"https:\/\/galli.ch\/uhren\/omega\/seamaster\/aqua-terra-150m-220-55-30-20-61-001\/","og_site_name":"Galli Uhren Bijouterie","article_modified_time":"2026-03-02T10:44:22+00:00","og_image":[{"width":1000,"height":1400,"url":"https:\/\/galli.ch\/wp-content\/uploads\/omega-seamaster-aqua-terra-150m-co-axial-master-chronometer-30-mm-22055302061001-77f333.png","type":"image\/png"}],"twitter_card":"summary_large_image","schema":{"@context":"https:\/\/schema.org","@graph":[{"@type":"WebPage","@id":"https:\/\/galli.ch\/uhren\/omega\/seamaster\/aqua-terra-150m-220-55-30-20-61-001\/","url":"https:\/\/galli.ch\/uhren\/omega\/seamaster\/aqua-terra-150m-220-55-30-20-61-001\/","name":"Omega Seamaster Aqua Terra 150M - Galli Uhren Bijouterie","isPartOf":{"@id":"http:\/\/galli.ch\/en\/#website"},"primaryImageOfPage":{"@id":"https:\/\/galli.ch\/uhren\/omega\/seamaster\/aqua-terra-150m-220-55-30-20-61-001\/#primaryimage"},"image":{"@id":"https:\/\/galli.ch\/uhren\/omega\/seamaster\/aqua-terra-150m-220-55-30-20-61-001\/#primaryimage"},"thumbnailUrl":"https:\/\/galli.ch\/wp-content\/uploads\/omega-seamaster-aqua-terra-150m-co-axial-master-chronometer-30-mm-22055302061001-77f333.png","datePublished":"2025-11-06T09:10:06+00:00","dateModified":"2026-03-02T10:44:22+00:00","breadcrumb":{"@id":"https:\/\/galli.ch\/uhren\/omega\/seamaster\/aqua-terra-150m-220-55-30-20-61-001\/#breadcrumb"},"inLanguage":"en-US","potentialAction":[{"@type":"ReadAction","target":["https:\/\/galli.ch\/uhren\/omega\/seamaster\/aqua-terra-150m-220-55-30-20-61-001\/"]}]},{"@type":"ImageObject","inLanguage":"en-US","@id":"https:\/\/galli.ch\/uhren\/omega\/seamaster\/aqua-terra-150m-220-55-30-20-61-001\/#primaryimage","url":"https:\/\/galli.ch\/wp-content\/uploads\/omega-seamaster-aqua-terra-150m-co-axial-master-chronometer-30-mm-22055302061001-77f333.png","contentUrl":"https:\/\/galli.ch\/wp-content\/uploads\/omega-seamaster-aqua-terra-150m-co-axial-master-chronometer-30-mm-22055302061001-77f333.png","width":1000,"height":1400},{"@type":"BreadcrumbList","@id":"https:\/\/galli.ch\/uhren\/omega\/seamaster\/aqua-terra-150m-220-55-30-20-61-001\/#breadcrumb","itemListElement":[{"@type":"ListItem","position":1,"name":"Home","item":"https:\/\/galli.ch\/en\/"},{"@type":"ListItem","position":2,"name":"Uhren","item":"https:\/\/galli.ch\/en\/uhren\/"},{"@type":"ListItem","position":3,"name":"Omega Seamaster Aqua Terra 150M"}]},{"@type":"WebSite","@id":"http:\/\/galli.ch\/en\/#website","url":"http:\/\/galli.ch\/en\/","name":"Galli Uhren Bijouterie","description":"","potentialAction":[{"@type":"SearchAction","target":{"@type":"EntryPoint","urlTemplate":"http:\/\/galli.ch\/en\/?s={search_term_string}"},"query-input":{"@type":"PropertyValueSpecification","valueRequired":true,"valueName":"search_term_string"}}],"inLanguage":"en-US"}]}},"_links":{"self":[{"href":"https:\/\/galli.ch\/en\/wp-json\/wp\/v2\/product\/46741","targetHints":{"allow":["GET"]}}],"collection":[{"href":"https:\/\/galli.ch\/en\/wp-json\/wp\/v2\/product"}],"about":[{"href":"https:\/\/galli.ch\/en\/wp-json\/wp\/v2\/types\/product"}],"wp:featuredmedia":[{"embeddable":true,"href":"https:\/\/galli.ch\/en\/wp-json\/wp\/v2\/media\/46744"}],"wp:attachment":[{"href":"https:\/\/galli.ch\/en\/wp-json\/wp\/v2\/media?parent=46741"}],"wp:term":[{"taxonomy":"product_brand","embeddable":true,"href":"https:\/\/galli.ch\/en\/wp-json\/wp\/v2\/product_brand?post=46741"},{"taxonomy":"product_cat","embeddable":true,"href":"https:\/\/galli.ch\/en\/wp-json\/wp\/v2\/product_cat?post=46741"},{"taxonomy":"product_tag","embeddable":true,"href":"https:\/\/galli.ch\/en\/wp-json\/wp\/v2\/product_tag?post=46741"}],"curies":[{"name":"wp","href":"https:\/\/api.w.org\/{rel}","templated":true}]}}