{"id":47257,"date":"2025-11-12T11:09:07","date_gmt":"2025-11-12T10:09:07","guid":{"rendered":"https:\/\/galli.ch\/?post_type=product&#038;p=47257"},"modified":"2026-05-05T18:12:28","modified_gmt":"2026-05-05T16:12:28","slug":"b19-chronograph-43-perpetual-calendar-pb1920251c1a1","status":"publish","type":"product","link":"https:\/\/galli.ch\/en\/uhren\/breitling\/navitimer\/b19-chronograph-43-perpetual-calendar-pb1920251c1a1\/","title":{"rendered":"Breitling Navitimer B19 Chronograph 43 Perpetual Calendar"},"content":{"rendered":"<p>Zu unserem 140-j\u00e4hrigen Jubil\u00e4um stellen wir das Kaliber B19 vor \u2013 das erste exklusive Chronographenwerk mit ewigem Kalender von Breitling. Diese Pionierleistung bildet nun den Antrieb dieser Sonderedition der Navitimer, einer Uhr mit eigener legend\u00e4rer Geschichte. Die erste Navitimer wurde 1952 f\u00fcr die AOPA (Aircraft Owners and Pilots Association) entwickelt und kombinierte einen Chronographen mit dem von Breitling patentierten kreisf\u00f6rmigen Rechenschieber f\u00fcr pr\u00e4zise Flugberechnungen im Cockpit.<\/p>\n","protected":false},"excerpt":{"rendered":"<p>Zu unserem 140-j\u00e4hrigen Jubil\u00e4um stellen wir das Kaliber B19 vor \u2013 das erste exklusive Chronographenwerk mit ewigem Kalender von Breitling. Diese Pionierleistung bildet nun den Antrieb dieser Sonderedition der Navitimer, einer Uhr mit eigener legend\u00e4rer Geschichte. Die erste Navitimer wurde 1952 f\u00fcr die AOPA (Aircraft Owners and Pilots Association) entwickelt und kombinierte einen Chronographen mit&#8230;  <a class=\"excerpt-read-more\" href=\"https:\/\/galli.ch\/en\/uhren\/breitling\/navitimer\/b19-chronograph-43-perpetual-calendar-pb1920251c1a1\/\" title=\"Read Breitling Navitimer B19 Chronograph 43 Perpetual Calendar\">Weiter &raquo;<\/a><\/p>\n","protected":false},"featured_media":47126,"template":"","meta":{"_acf_changed":false,"inline_featured_image":false},"product_brand":[],"product_cat":[188],"product_tag":[],"class_list":{"0":"post-47257","1":"product","2":"type-product","3":"status-publish","4":"has-post-thumbnail","6":"uhrenhersteller-breitling","7":"uhrenhersteller-navitimer","8":"product_cat-uhren","10":"first","11":"instock","12":"taxable","13":"shipping-taxable","14":"purchasable","15":"product-type-simple"},"acf":[],"yoast_head":"<!-- This site is optimized with the Yoast SEO plugin v25.5 - https:\/\/yoast.com\/wordpress\/plugins\/seo\/ -->\n<title>Breitling Navitimer B19 Chronograph 43 Perpetual Calendar - Galli Uhren Bijouterie<\/title>\n<meta name=\"robots\" content=\"index, follow, max-snippet:-1, max-image-preview:large, max-video-preview:-1\" \/>\n<link rel=\"canonical\" href=\"https:\/\/galli.ch\/uhren\/breitling\/navitimer\/b19-chronograph-43-perpetual-calendar-pb1920251c1a1\/\" \/>\n<meta property=\"og:locale\" content=\"en_US\" \/>\n<meta property=\"og:type\" content=\"article\" \/>\n<meta property=\"og:title\" content=\"Breitling Navitimer B19 Chronograph 43 Perpetual Calendar - Galli Uhren Bijouterie\" \/>\n<meta property=\"og:description\" content=\"Zu unserem 140-j\u00e4hrigen Jubil\u00e4um stellen wir das Kaliber B19 vor \u2013 das erste exklusive Chronographenwerk mit ewigem Kalender von Breitling. Diese Pionierleistung bildet nun den Antrieb dieser Sonderedition der Navitimer, einer Uhr mit eigener legend\u00e4rer Geschichte. Die erste Navitimer wurde 1952 f\u00fcr die AOPA (Aircraft Owners and Pilots Association) entwickelt und kombinierte einen Chronographen mit... Weiter &raquo;\" \/>\n<meta property=\"og:url\" content=\"https:\/\/galli.ch\/uhren\/breitling\/navitimer\/b19-chronograph-43-perpetual-calendar-pb1920251c1a1\/\" \/>\n<meta property=\"og:site_name\" content=\"Galli Uhren Bijouterie\" \/>\n<meta property=\"article:modified_time\" content=\"2026-05-05T16:12:28+00:00\" \/>\n<meta property=\"og:image\" content=\"https:\/\/galli.ch\/wp-content\/uploads\/pb1920251c1a1-soldier_6ea84881_thumbnail_1024.png\" \/>\n\t<meta property=\"og:image:width\" content=\"1000\" \/>\n\t<meta property=\"og:image:height\" content=\"1400\" \/>\n\t<meta property=\"og:image:type\" content=\"image\/png\" \/>\n<meta name=\"twitter:card\" content=\"summary_large_image\" \/>\n<script type=\"application\/ld+json\" class=\"yoast-schema-graph\">{\"@context\":\"https:\/\/schema.org\",\"@graph\":[{\"@type\":\"WebPage\",\"@id\":\"https:\/\/galli.ch\/uhren\/breitling\/navitimer\/b19-chronograph-43-perpetual-calendar-pb1920251c1a1\/\",\"url\":\"https:\/\/galli.ch\/uhren\/breitling\/navitimer\/b19-chronograph-43-perpetual-calendar-pb1920251c1a1\/\",\"name\":\"Breitling Navitimer B19 Chronograph 43 Perpetual Calendar - Galli Uhren Bijouterie\",\"isPartOf\":{\"@id\":\"http:\/\/galli.ch\/en\/#website\"},\"primaryImageOfPage\":{\"@id\":\"https:\/\/galli.ch\/uhren\/breitling\/navitimer\/b19-chronograph-43-perpetual-calendar-pb1920251c1a1\/#primaryimage\"},\"image\":{\"@id\":\"https:\/\/galli.ch\/uhren\/breitling\/navitimer\/b19-chronograph-43-perpetual-calendar-pb1920251c1a1\/#primaryimage\"},\"thumbnailUrl\":\"https:\/\/galli.ch\/wp-content\/uploads\/pb1920251c1a1-soldier_6ea84881_thumbnail_1024.png\",\"datePublished\":\"2025-11-12T10:09:07+00:00\",\"dateModified\":\"2026-05-05T16:12:28+00:00\",\"breadcrumb\":{\"@id\":\"https:\/\/galli.ch\/uhren\/breitling\/navitimer\/b19-chronograph-43-perpetual-calendar-pb1920251c1a1\/#breadcrumb\"},\"inLanguage\":\"en-US\",\"potentialAction\":[{\"@type\":\"ReadAction\",\"target\":[\"https:\/\/galli.ch\/uhren\/breitling\/navitimer\/b19-chronograph-43-perpetual-calendar-pb1920251c1a1\/\"]}]},{\"@type\":\"ImageObject\",\"inLanguage\":\"en-US\",\"@id\":\"https:\/\/galli.ch\/uhren\/breitling\/navitimer\/b19-chronograph-43-perpetual-calendar-pb1920251c1a1\/#primaryimage\",\"url\":\"https:\/\/galli.ch\/wp-content\/uploads\/pb1920251c1a1-soldier_6ea84881_thumbnail_1024.png\",\"contentUrl\":\"https:\/\/galli.ch\/wp-content\/uploads\/pb1920251c1a1-soldier_6ea84881_thumbnail_1024.png\",\"width\":1000,\"height\":1400},{\"@type\":\"BreadcrumbList\",\"@id\":\"https:\/\/galli.ch\/uhren\/breitling\/navitimer\/b19-chronograph-43-perpetual-calendar-pb1920251c1a1\/#breadcrumb\",\"itemListElement\":[{\"@type\":\"ListItem\",\"position\":1,\"name\":\"Home\",\"item\":\"https:\/\/galli.ch\/en\/\"},{\"@type\":\"ListItem\",\"position\":2,\"name\":\"Uhren\",\"item\":\"https:\/\/galli.ch\/en\/uhren\/\"},{\"@type\":\"ListItem\",\"position\":3,\"name\":\"Breitling Navitimer B19 Chronograph 43 Perpetual Calendar\"}]},{\"@type\":\"WebSite\",\"@id\":\"http:\/\/galli.ch\/en\/#website\",\"url\":\"http:\/\/galli.ch\/en\/\",\"name\":\"Galli Uhren Bijouterie\",\"description\":\"\",\"potentialAction\":[{\"@type\":\"SearchAction\",\"target\":{\"@type\":\"EntryPoint\",\"urlTemplate\":\"http:\/\/galli.ch\/en\/?s={search_term_string}\"},\"query-input\":{\"@type\":\"PropertyValueSpecification\",\"valueRequired\":true,\"valueName\":\"search_term_string\"}}],\"inLanguage\":\"en-US\"}]}<\/script>\n<!-- \/ Yoast SEO plugin. -->","yoast_head_json":{"title":"Breitling Navitimer B19 Chronograph 43 Perpetual Calendar - Galli Uhren Bijouterie","robots":{"index":"index","follow":"follow","max-snippet":"max-snippet:-1","max-image-preview":"max-image-preview:large","max-video-preview":"max-video-preview:-1"},"canonical":"https:\/\/galli.ch\/uhren\/breitling\/navitimer\/b19-chronograph-43-perpetual-calendar-pb1920251c1a1\/","og_locale":"en_US","og_type":"article","og_title":"Breitling Navitimer B19 Chronograph 43 Perpetual Calendar - Galli Uhren Bijouterie","og_description":"Zu unserem 140-j\u00e4hrigen Jubil\u00e4um stellen wir das Kaliber B19 vor \u2013 das erste exklusive Chronographenwerk mit ewigem Kalender von Breitling. Diese Pionierleistung bildet nun den Antrieb dieser Sonderedition der Navitimer, einer Uhr mit eigener legend\u00e4rer Geschichte. Die erste Navitimer wurde 1952 f\u00fcr die AOPA (Aircraft Owners and Pilots Association) entwickelt und kombinierte einen Chronographen mit... Weiter &raquo;","og_url":"https:\/\/galli.ch\/uhren\/breitling\/navitimer\/b19-chronograph-43-perpetual-calendar-pb1920251c1a1\/","og_site_name":"Galli Uhren Bijouterie","article_modified_time":"2026-05-05T16:12:28+00:00","og_image":[{"width":1000,"height":1400,"url":"https:\/\/galli.ch\/wp-content\/uploads\/pb1920251c1a1-soldier_6ea84881_thumbnail_1024.png","type":"image\/png"}],"twitter_card":"summary_large_image","schema":{"@context":"https:\/\/schema.org","@graph":[{"@type":"WebPage","@id":"https:\/\/galli.ch\/uhren\/breitling\/navitimer\/b19-chronograph-43-perpetual-calendar-pb1920251c1a1\/","url":"https:\/\/galli.ch\/uhren\/breitling\/navitimer\/b19-chronograph-43-perpetual-calendar-pb1920251c1a1\/","name":"Breitling Navitimer B19 Chronograph 43 Perpetual Calendar - Galli Uhren Bijouterie","isPartOf":{"@id":"http:\/\/galli.ch\/en\/#website"},"primaryImageOfPage":{"@id":"https:\/\/galli.ch\/uhren\/breitling\/navitimer\/b19-chronograph-43-perpetual-calendar-pb1920251c1a1\/#primaryimage"},"image":{"@id":"https:\/\/galli.ch\/uhren\/breitling\/navitimer\/b19-chronograph-43-perpetual-calendar-pb1920251c1a1\/#primaryimage"},"thumbnailUrl":"https:\/\/galli.ch\/wp-content\/uploads\/pb1920251c1a1-soldier_6ea84881_thumbnail_1024.png","datePublished":"2025-11-12T10:09:07+00:00","dateModified":"2026-05-05T16:12:28+00:00","breadcrumb":{"@id":"https:\/\/galli.ch\/uhren\/breitling\/navitimer\/b19-chronograph-43-perpetual-calendar-pb1920251c1a1\/#breadcrumb"},"inLanguage":"en-US","potentialAction":[{"@type":"ReadAction","target":["https:\/\/galli.ch\/uhren\/breitling\/navitimer\/b19-chronograph-43-perpetual-calendar-pb1920251c1a1\/"]}]},{"@type":"ImageObject","inLanguage":"en-US","@id":"https:\/\/galli.ch\/uhren\/breitling\/navitimer\/b19-chronograph-43-perpetual-calendar-pb1920251c1a1\/#primaryimage","url":"https:\/\/galli.ch\/wp-content\/uploads\/pb1920251c1a1-soldier_6ea84881_thumbnail_1024.png","contentUrl":"https:\/\/galli.ch\/wp-content\/uploads\/pb1920251c1a1-soldier_6ea84881_thumbnail_1024.png","width":1000,"height":1400},{"@type":"BreadcrumbList","@id":"https:\/\/galli.ch\/uhren\/breitling\/navitimer\/b19-chronograph-43-perpetual-calendar-pb1920251c1a1\/#breadcrumb","itemListElement":[{"@type":"ListItem","position":1,"name":"Home","item":"https:\/\/galli.ch\/en\/"},{"@type":"ListItem","position":2,"name":"Uhren","item":"https:\/\/galli.ch\/en\/uhren\/"},{"@type":"ListItem","position":3,"name":"Breitling Navitimer B19 Chronograph 43 Perpetual Calendar"}]},{"@type":"WebSite","@id":"http:\/\/galli.ch\/en\/#website","url":"http:\/\/galli.ch\/en\/","name":"Galli Uhren Bijouterie","description":"","potentialAction":[{"@type":"SearchAction","target":{"@type":"EntryPoint","urlTemplate":"http:\/\/galli.ch\/en\/?s={search_term_string}"},"query-input":{"@type":"PropertyValueSpecification","valueRequired":true,"valueName":"search_term_string"}}],"inLanguage":"en-US"}]}},"_links":{"self":[{"href":"https:\/\/galli.ch\/en\/wp-json\/wp\/v2\/product\/47257","targetHints":{"allow":["GET"]}}],"collection":[{"href":"https:\/\/galli.ch\/en\/wp-json\/wp\/v2\/product"}],"about":[{"href":"https:\/\/galli.ch\/en\/wp-json\/wp\/v2\/types\/product"}],"wp:featuredmedia":[{"embeddable":true,"href":"https:\/\/galli.ch\/en\/wp-json\/wp\/v2\/media\/47126"}],"wp:attachment":[{"href":"https:\/\/galli.ch\/en\/wp-json\/wp\/v2\/media?parent=47257"}],"wp:term":[{"taxonomy":"product_brand","embeddable":true,"href":"https:\/\/galli.ch\/en\/wp-json\/wp\/v2\/product_brand?post=47257"},{"taxonomy":"product_cat","embeddable":true,"href":"https:\/\/galli.ch\/en\/wp-json\/wp\/v2\/product_cat?post=47257"},{"taxonomy":"product_tag","embeddable":true,"href":"https:\/\/galli.ch\/en\/wp-json\/wp\/v2\/product_tag?post=47257"}],"curies":[{"name":"wp","href":"https:\/\/api.w.org\/{rel}","templated":true}]}}