{"id":47338,"date":"2025-11-20T09:31:57","date_gmt":"2025-11-20T08:31:57","guid":{"rendered":"https:\/\/galli.ch\/?post_type=product&#038;p=47338"},"modified":"2026-01-01T12:02:20","modified_gmt":"2026-01-01T11:02:20","slug":"m79950-0011","status":"publish","type":"product","link":"https:\/\/galli.ch\/en\/uhren\/tudor\/ranger\/m79950-0011\/","title":{"rendered":"Tudor Ranger"},"content":{"rendered":"<p>Mit einem vollst\u00e4ndig satiniertem Edelstahlgeh\u00e4use von 39 mm, dem Manufakturwerk Kaliber MT5402 und einem matten Zifferblatt in \u201eDune White\u201c l\u00e4sst dieses Modell der Ranger den Geist der Expeditionsuhr fortbestehen.<\/p>\n<p>Das Zifferblatt ist eine subtile Hommage an die Partnerschaft von TUDOR mit dem h\u00e4rtesten Autorennen der Welt. In der menschenleeren W\u00fcste, wo die Rallye Dakar stattfindet, gibt es nichts als extreme Hitze, Felsen und hoch aufragende Sandd\u00fcnen. Dies ist genau die Art von Umgebung, f\u00fcr die die Ranger geschaffen wurde.<\/p>\n","protected":false},"excerpt":{"rendered":"<p>Mit einem vollst\u00e4ndig satiniertem Edelstahlgeh\u00e4use von 39 mm, dem Manufakturwerk Kaliber MT5402 und einem matten Zifferblatt in \u201eDune White\u201c l\u00e4sst dieses Modell der Ranger den Geist der Expeditionsuhr fortbestehen. Das Zifferblatt ist eine subtile Hommage an die Partnerschaft von TUDOR mit dem h\u00e4rtesten Autorennen der Welt. In der menschenleeren W\u00fcste, wo die Rallye Dakar stattfindet,&#8230;  <a class=\"excerpt-read-more\" href=\"https:\/\/galli.ch\/en\/uhren\/tudor\/ranger\/m79950-0011\/\" title=\"Read Tudor Ranger\">Weiter &raquo;<\/a><\/p>\n","protected":false},"featured_media":47339,"template":"","meta":{"_acf_changed":false,"inline_featured_image":false},"product_brand":[],"product_cat":[188],"product_tag":[],"class_list":{"0":"post-47338","1":"product","2":"type-product","3":"status-publish","4":"has-post-thumbnail","6":"uhrenhersteller-tudor","7":"uhrenhersteller-ranger","8":"product_cat-uhren","10":"first","11":"outofstock","12":"taxable","13":"shipping-taxable","14":"purchasable","15":"product-type-simple"},"acf":[],"yoast_head":"<!-- This site is optimized with the Yoast SEO plugin v25.5 - https:\/\/yoast.com\/wordpress\/plugins\/seo\/ -->\n<title>Tudor Ranger - Galli Uhren Bijouterie<\/title>\n<meta name=\"robots\" content=\"index, follow, max-snippet:-1, max-image-preview:large, max-video-preview:-1\" \/>\n<link rel=\"canonical\" href=\"https:\/\/galli.ch\/uhren\/tudor\/ranger\/m79950-0011\/\" \/>\n<meta property=\"og:locale\" content=\"en_US\" \/>\n<meta property=\"og:type\" content=\"article\" \/>\n<meta property=\"og:title\" content=\"Tudor Ranger - Galli Uhren Bijouterie\" \/>\n<meta property=\"og:description\" content=\"Mit einem vollst\u00e4ndig satiniertem Edelstahlgeh\u00e4use von 39 mm, dem Manufakturwerk Kaliber MT5402 und einem matten Zifferblatt in \u201eDune White\u201c l\u00e4sst dieses Modell der Ranger den Geist der Expeditionsuhr fortbestehen. Das Zifferblatt ist eine subtile Hommage an die Partnerschaft von TUDOR mit dem h\u00e4rtesten Autorennen der Welt. In der menschenleeren W\u00fcste, wo die Rallye Dakar stattfindet,... Weiter &raquo;\" \/>\n<meta property=\"og:url\" content=\"https:\/\/galli.ch\/uhren\/tudor\/ranger\/m79950-0011\/\" \/>\n<meta property=\"og:site_name\" content=\"Galli Uhren Bijouterie\" \/>\n<meta property=\"article:modified_time\" content=\"2026-01-01T11:02:20+00:00\" \/>\n<meta property=\"og:image\" content=\"https:\/\/galli.ch\/wp-content\/uploads\/tudor-m79950-0011.png\" \/>\n\t<meta property=\"og:image:width\" content=\"1000\" \/>\n\t<meta property=\"og:image:height\" content=\"1400\" \/>\n\t<meta property=\"og:image:type\" content=\"image\/png\" \/>\n<meta name=\"twitter:card\" content=\"summary_large_image\" \/>\n<script type=\"application\/ld+json\" class=\"yoast-schema-graph\">{\"@context\":\"https:\/\/schema.org\",\"@graph\":[{\"@type\":\"WebPage\",\"@id\":\"https:\/\/galli.ch\/uhren\/tudor\/ranger\/m79950-0011\/\",\"url\":\"https:\/\/galli.ch\/uhren\/tudor\/ranger\/m79950-0011\/\",\"name\":\"Tudor Ranger - Galli Uhren Bijouterie\",\"isPartOf\":{\"@id\":\"http:\/\/galli.ch\/en\/#website\"},\"primaryImageOfPage\":{\"@id\":\"https:\/\/galli.ch\/uhren\/tudor\/ranger\/m79950-0011\/#primaryimage\"},\"image\":{\"@id\":\"https:\/\/galli.ch\/uhren\/tudor\/ranger\/m79950-0011\/#primaryimage\"},\"thumbnailUrl\":\"https:\/\/galli.ch\/wp-content\/uploads\/tudor-m79950-0011.png\",\"datePublished\":\"2025-11-20T08:31:57+00:00\",\"dateModified\":\"2026-01-01T11:02:20+00:00\",\"breadcrumb\":{\"@id\":\"https:\/\/galli.ch\/uhren\/tudor\/ranger\/m79950-0011\/#breadcrumb\"},\"inLanguage\":\"en-US\",\"potentialAction\":[{\"@type\":\"ReadAction\",\"target\":[\"https:\/\/galli.ch\/uhren\/tudor\/ranger\/m79950-0011\/\"]}]},{\"@type\":\"ImageObject\",\"inLanguage\":\"en-US\",\"@id\":\"https:\/\/galli.ch\/uhren\/tudor\/ranger\/m79950-0011\/#primaryimage\",\"url\":\"https:\/\/galli.ch\/wp-content\/uploads\/tudor-m79950-0011.png\",\"contentUrl\":\"https:\/\/galli.ch\/wp-content\/uploads\/tudor-m79950-0011.png\",\"width\":1000,\"height\":1400},{\"@type\":\"BreadcrumbList\",\"@id\":\"https:\/\/galli.ch\/uhren\/tudor\/ranger\/m79950-0011\/#breadcrumb\",\"itemListElement\":[{\"@type\":\"ListItem\",\"position\":1,\"name\":\"Home\",\"item\":\"https:\/\/galli.ch\/en\/\"},{\"@type\":\"ListItem\",\"position\":2,\"name\":\"Uhren\",\"item\":\"https:\/\/galli.ch\/en\/uhren\/\"},{\"@type\":\"ListItem\",\"position\":3,\"name\":\"Tudor Ranger\"}]},{\"@type\":\"WebSite\",\"@id\":\"http:\/\/galli.ch\/en\/#website\",\"url\":\"http:\/\/galli.ch\/en\/\",\"name\":\"Galli Uhren Bijouterie\",\"description\":\"\",\"potentialAction\":[{\"@type\":\"SearchAction\",\"target\":{\"@type\":\"EntryPoint\",\"urlTemplate\":\"http:\/\/galli.ch\/en\/?s={search_term_string}\"},\"query-input\":{\"@type\":\"PropertyValueSpecification\",\"valueRequired\":true,\"valueName\":\"search_term_string\"}}],\"inLanguage\":\"en-US\"}]}<\/script>\n<!-- \/ Yoast SEO plugin. -->","yoast_head_json":{"title":"Tudor Ranger - Galli Uhren Bijouterie","robots":{"index":"index","follow":"follow","max-snippet":"max-snippet:-1","max-image-preview":"max-image-preview:large","max-video-preview":"max-video-preview:-1"},"canonical":"https:\/\/galli.ch\/uhren\/tudor\/ranger\/m79950-0011\/","og_locale":"en_US","og_type":"article","og_title":"Tudor Ranger - Galli Uhren Bijouterie","og_description":"Mit einem vollst\u00e4ndig satiniertem Edelstahlgeh\u00e4use von 39 mm, dem Manufakturwerk Kaliber MT5402 und einem matten Zifferblatt in \u201eDune White\u201c l\u00e4sst dieses Modell der Ranger den Geist der Expeditionsuhr fortbestehen. Das Zifferblatt ist eine subtile Hommage an die Partnerschaft von TUDOR mit dem h\u00e4rtesten Autorennen der Welt. In der menschenleeren W\u00fcste, wo die Rallye Dakar stattfindet,... Weiter &raquo;","og_url":"https:\/\/galli.ch\/uhren\/tudor\/ranger\/m79950-0011\/","og_site_name":"Galli Uhren Bijouterie","article_modified_time":"2026-01-01T11:02:20+00:00","og_image":[{"width":1000,"height":1400,"url":"https:\/\/galli.ch\/wp-content\/uploads\/tudor-m79950-0011.png","type":"image\/png"}],"twitter_card":"summary_large_image","schema":{"@context":"https:\/\/schema.org","@graph":[{"@type":"WebPage","@id":"https:\/\/galli.ch\/uhren\/tudor\/ranger\/m79950-0011\/","url":"https:\/\/galli.ch\/uhren\/tudor\/ranger\/m79950-0011\/","name":"Tudor Ranger - Galli Uhren Bijouterie","isPartOf":{"@id":"http:\/\/galli.ch\/en\/#website"},"primaryImageOfPage":{"@id":"https:\/\/galli.ch\/uhren\/tudor\/ranger\/m79950-0011\/#primaryimage"},"image":{"@id":"https:\/\/galli.ch\/uhren\/tudor\/ranger\/m79950-0011\/#primaryimage"},"thumbnailUrl":"https:\/\/galli.ch\/wp-content\/uploads\/tudor-m79950-0011.png","datePublished":"2025-11-20T08:31:57+00:00","dateModified":"2026-01-01T11:02:20+00:00","breadcrumb":{"@id":"https:\/\/galli.ch\/uhren\/tudor\/ranger\/m79950-0011\/#breadcrumb"},"inLanguage":"en-US","potentialAction":[{"@type":"ReadAction","target":["https:\/\/galli.ch\/uhren\/tudor\/ranger\/m79950-0011\/"]}]},{"@type":"ImageObject","inLanguage":"en-US","@id":"https:\/\/galli.ch\/uhren\/tudor\/ranger\/m79950-0011\/#primaryimage","url":"https:\/\/galli.ch\/wp-content\/uploads\/tudor-m79950-0011.png","contentUrl":"https:\/\/galli.ch\/wp-content\/uploads\/tudor-m79950-0011.png","width":1000,"height":1400},{"@type":"BreadcrumbList","@id":"https:\/\/galli.ch\/uhren\/tudor\/ranger\/m79950-0011\/#breadcrumb","itemListElement":[{"@type":"ListItem","position":1,"name":"Home","item":"https:\/\/galli.ch\/en\/"},{"@type":"ListItem","position":2,"name":"Uhren","item":"https:\/\/galli.ch\/en\/uhren\/"},{"@type":"ListItem","position":3,"name":"Tudor Ranger"}]},{"@type":"WebSite","@id":"http:\/\/galli.ch\/en\/#website","url":"http:\/\/galli.ch\/en\/","name":"Galli Uhren Bijouterie","description":"","potentialAction":[{"@type":"SearchAction","target":{"@type":"EntryPoint","urlTemplate":"http:\/\/galli.ch\/en\/?s={search_term_string}"},"query-input":{"@type":"PropertyValueSpecification","valueRequired":true,"valueName":"search_term_string"}}],"inLanguage":"en-US"}]}},"_links":{"self":[{"href":"https:\/\/galli.ch\/en\/wp-json\/wp\/v2\/product\/47338","targetHints":{"allow":["GET"]}}],"collection":[{"href":"https:\/\/galli.ch\/en\/wp-json\/wp\/v2\/product"}],"about":[{"href":"https:\/\/galli.ch\/en\/wp-json\/wp\/v2\/types\/product"}],"wp:featuredmedia":[{"embeddable":true,"href":"https:\/\/galli.ch\/en\/wp-json\/wp\/v2\/media\/47339"}],"wp:attachment":[{"href":"https:\/\/galli.ch\/en\/wp-json\/wp\/v2\/media?parent=47338"}],"wp:term":[{"taxonomy":"product_brand","embeddable":true,"href":"https:\/\/galli.ch\/en\/wp-json\/wp\/v2\/product_brand?post=47338"},{"taxonomy":"product_cat","embeddable":true,"href":"https:\/\/galli.ch\/en\/wp-json\/wp\/v2\/product_cat?post=47338"},{"taxonomy":"product_tag","embeddable":true,"href":"https:\/\/galli.ch\/en\/wp-json\/wp\/v2\/product_tag?post=47338"}],"curies":[{"name":"wp","href":"https:\/\/api.w.org\/{rel}","templated":true}]}}