{"id":47415,"date":"2025-11-20T10:44:42","date_gmt":"2025-11-20T09:44:42","guid":{"rendered":"https:\/\/galli.ch\/?post_type=product&#038;p=47415"},"modified":"2026-03-30T10:17:56","modified_gmt":"2026-03-30T08:17:56","slug":"planet-ocean-600m-217-30-42-21-01-002","status":"publish","type":"product","link":"https:\/\/galli.ch\/en\/uhren\/omega\/seamaster\/planet-ocean-600m-217-30-42-21-01-002\/","title":{"rendered":"Omega Seamaster Planet Ocean 600M"},"content":{"rendered":"<p>Die Seamaster Planet Ocean ist eine Hommage an das Taucheruhrenerbe von OMEGA und verk\u00f6rpert auf perfekte Weise das Engagement der Marke f\u00fcr Erforschung, Innovation und Stil.<br \/>\nDieses 42\u202fmm Modell ist mit einem Geh\u00e4use aus poliertem und geb\u00fcrstetem Edelstahl gefertigt. Die Uhr verf\u00fcgt \u00fcber einen L\u00fcnettenring aus polierter blauer Keramik mit einer Taucherskala aus wei\u00dfer Emaille, der innere Ring besteht aus poliertem Titan Grad 5.<\/p>\n","protected":false},"excerpt":{"rendered":"<p>Die Seamaster Planet Ocean ist eine Hommage an das Taucheruhrenerbe von OMEGA und verk\u00f6rpert auf perfekte Weise das Engagement der Marke f\u00fcr Erforschung, Innovation und Stil. Dieses 42\u202fmm Modell ist mit einem Geh\u00e4use aus poliertem und geb\u00fcrstetem Edelstahl gefertigt. Die Uhr verf\u00fcgt \u00fcber einen L\u00fcnettenring aus polierter blauer Keramik mit einer Taucherskala aus wei\u00dfer Emaille,&#8230;  <a class=\"excerpt-read-more\" href=\"https:\/\/galli.ch\/en\/uhren\/omega\/seamaster\/planet-ocean-600m-217-30-42-21-01-002\/\" title=\"Read Omega Seamaster Planet Ocean 600M\">Weiter &raquo;<\/a><\/p>\n","protected":false},"featured_media":47385,"template":"","meta":{"_acf_changed":false,"inline_featured_image":false},"product_brand":[],"product_cat":[188],"product_tag":[],"class_list":{"0":"post-47415","1":"product","2":"type-product","3":"status-publish","4":"has-post-thumbnail","6":"uhrenhersteller-omega","7":"uhrenhersteller-seamaster","8":"product_cat-uhren","10":"first","11":"instock","12":"taxable","13":"shipping-taxable","14":"purchasable","15":"product-type-simple"},"acf":[],"yoast_head":"<!-- This site is optimized with the Yoast SEO plugin v25.5 - https:\/\/yoast.com\/wordpress\/plugins\/seo\/ -->\n<title>Omega Seamaster Planet Ocean 600M - Galli Uhren Bijouterie<\/title>\n<meta name=\"robots\" content=\"index, follow, max-snippet:-1, max-image-preview:large, max-video-preview:-1\" \/>\n<link rel=\"canonical\" href=\"https:\/\/galli.ch\/uhren\/omega\/seamaster\/planet-ocean-600m-217-30-42-21-01-002\/\" \/>\n<meta property=\"og:locale\" content=\"en_US\" \/>\n<meta property=\"og:type\" content=\"article\" \/>\n<meta property=\"og:title\" content=\"Omega Seamaster Planet Ocean 600M - Galli Uhren Bijouterie\" \/>\n<meta property=\"og:description\" content=\"Die Seamaster Planet Ocean ist eine Hommage an das Taucheruhrenerbe von OMEGA und verk\u00f6rpert auf perfekte Weise das Engagement der Marke f\u00fcr Erforschung, Innovation und Stil. Dieses 42\u202fmm Modell ist mit einem Geh\u00e4use aus poliertem und geb\u00fcrstetem Edelstahl gefertigt. Die Uhr verf\u00fcgt \u00fcber einen L\u00fcnettenring aus polierter blauer Keramik mit einer Taucherskala aus wei\u00dfer Emaille,... Weiter &raquo;\" \/>\n<meta property=\"og:url\" content=\"https:\/\/galli.ch\/uhren\/omega\/seamaster\/planet-ocean-600m-217-30-42-21-01-002\/\" \/>\n<meta property=\"og:site_name\" content=\"Galli Uhren Bijouterie\" \/>\n<meta property=\"article:modified_time\" content=\"2026-03-30T08:17:56+00:00\" \/>\n<meta property=\"og:image\" content=\"https:\/\/galli.ch\/wp-content\/uploads\/omega-seamaster-planet-ocean-600m-co-axial-master-chronometer-42-mm-21730422101002-65b28b.png\" \/>\n\t<meta property=\"og:image:width\" content=\"1000\" \/>\n\t<meta property=\"og:image:height\" content=\"1400\" \/>\n\t<meta property=\"og:image:type\" content=\"image\/png\" \/>\n<meta name=\"twitter:card\" content=\"summary_large_image\" \/>\n<script type=\"application\/ld+json\" class=\"yoast-schema-graph\">{\"@context\":\"https:\/\/schema.org\",\"@graph\":[{\"@type\":\"WebPage\",\"@id\":\"https:\/\/galli.ch\/uhren\/omega\/seamaster\/planet-ocean-600m-217-30-42-21-01-002\/\",\"url\":\"https:\/\/galli.ch\/uhren\/omega\/seamaster\/planet-ocean-600m-217-30-42-21-01-002\/\",\"name\":\"Omega Seamaster Planet Ocean 600M - Galli Uhren Bijouterie\",\"isPartOf\":{\"@id\":\"http:\/\/galli.ch\/en\/#website\"},\"primaryImageOfPage\":{\"@id\":\"https:\/\/galli.ch\/uhren\/omega\/seamaster\/planet-ocean-600m-217-30-42-21-01-002\/#primaryimage\"},\"image\":{\"@id\":\"https:\/\/galli.ch\/uhren\/omega\/seamaster\/planet-ocean-600m-217-30-42-21-01-002\/#primaryimage\"},\"thumbnailUrl\":\"https:\/\/galli.ch\/wp-content\/uploads\/omega-seamaster-planet-ocean-600m-co-axial-master-chronometer-42-mm-21730422101002-65b28b.png\",\"datePublished\":\"2025-11-20T09:44:42+00:00\",\"dateModified\":\"2026-03-30T08:17:56+00:00\",\"breadcrumb\":{\"@id\":\"https:\/\/galli.ch\/uhren\/omega\/seamaster\/planet-ocean-600m-217-30-42-21-01-002\/#breadcrumb\"},\"inLanguage\":\"en-US\",\"potentialAction\":[{\"@type\":\"ReadAction\",\"target\":[\"https:\/\/galli.ch\/uhren\/omega\/seamaster\/planet-ocean-600m-217-30-42-21-01-002\/\"]}]},{\"@type\":\"ImageObject\",\"inLanguage\":\"en-US\",\"@id\":\"https:\/\/galli.ch\/uhren\/omega\/seamaster\/planet-ocean-600m-217-30-42-21-01-002\/#primaryimage\",\"url\":\"https:\/\/galli.ch\/wp-content\/uploads\/omega-seamaster-planet-ocean-600m-co-axial-master-chronometer-42-mm-21730422101002-65b28b.png\",\"contentUrl\":\"https:\/\/galli.ch\/wp-content\/uploads\/omega-seamaster-planet-ocean-600m-co-axial-master-chronometer-42-mm-21730422101002-65b28b.png\",\"width\":1000,\"height\":1400},{\"@type\":\"BreadcrumbList\",\"@id\":\"https:\/\/galli.ch\/uhren\/omega\/seamaster\/planet-ocean-600m-217-30-42-21-01-002\/#breadcrumb\",\"itemListElement\":[{\"@type\":\"ListItem\",\"position\":1,\"name\":\"Home\",\"item\":\"https:\/\/galli.ch\/en\/\"},{\"@type\":\"ListItem\",\"position\":2,\"name\":\"Uhren\",\"item\":\"https:\/\/galli.ch\/en\/uhren\/\"},{\"@type\":\"ListItem\",\"position\":3,\"name\":\"Omega Seamaster Planet Ocean 600M\"}]},{\"@type\":\"WebSite\",\"@id\":\"http:\/\/galli.ch\/en\/#website\",\"url\":\"http:\/\/galli.ch\/en\/\",\"name\":\"Galli Uhren Bijouterie\",\"description\":\"\",\"potentialAction\":[{\"@type\":\"SearchAction\",\"target\":{\"@type\":\"EntryPoint\",\"urlTemplate\":\"http:\/\/galli.ch\/en\/?s={search_term_string}\"},\"query-input\":{\"@type\":\"PropertyValueSpecification\",\"valueRequired\":true,\"valueName\":\"search_term_string\"}}],\"inLanguage\":\"en-US\"}]}<\/script>\n<!-- \/ Yoast SEO plugin. -->","yoast_head_json":{"title":"Omega Seamaster Planet Ocean 600M - Galli Uhren Bijouterie","robots":{"index":"index","follow":"follow","max-snippet":"max-snippet:-1","max-image-preview":"max-image-preview:large","max-video-preview":"max-video-preview:-1"},"canonical":"https:\/\/galli.ch\/uhren\/omega\/seamaster\/planet-ocean-600m-217-30-42-21-01-002\/","og_locale":"en_US","og_type":"article","og_title":"Omega Seamaster Planet Ocean 600M - Galli Uhren Bijouterie","og_description":"Die Seamaster Planet Ocean ist eine Hommage an das Taucheruhrenerbe von OMEGA und verk\u00f6rpert auf perfekte Weise das Engagement der Marke f\u00fcr Erforschung, Innovation und Stil. Dieses 42\u202fmm Modell ist mit einem Geh\u00e4use aus poliertem und geb\u00fcrstetem Edelstahl gefertigt. Die Uhr verf\u00fcgt \u00fcber einen L\u00fcnettenring aus polierter blauer Keramik mit einer Taucherskala aus wei\u00dfer Emaille,... Weiter &raquo;","og_url":"https:\/\/galli.ch\/uhren\/omega\/seamaster\/planet-ocean-600m-217-30-42-21-01-002\/","og_site_name":"Galli Uhren Bijouterie","article_modified_time":"2026-03-30T08:17:56+00:00","og_image":[{"width":1000,"height":1400,"url":"https:\/\/galli.ch\/wp-content\/uploads\/omega-seamaster-planet-ocean-600m-co-axial-master-chronometer-42-mm-21730422101002-65b28b.png","type":"image\/png"}],"twitter_card":"summary_large_image","schema":{"@context":"https:\/\/schema.org","@graph":[{"@type":"WebPage","@id":"https:\/\/galli.ch\/uhren\/omega\/seamaster\/planet-ocean-600m-217-30-42-21-01-002\/","url":"https:\/\/galli.ch\/uhren\/omega\/seamaster\/planet-ocean-600m-217-30-42-21-01-002\/","name":"Omega Seamaster Planet Ocean 600M - Galli Uhren Bijouterie","isPartOf":{"@id":"http:\/\/galli.ch\/en\/#website"},"primaryImageOfPage":{"@id":"https:\/\/galli.ch\/uhren\/omega\/seamaster\/planet-ocean-600m-217-30-42-21-01-002\/#primaryimage"},"image":{"@id":"https:\/\/galli.ch\/uhren\/omega\/seamaster\/planet-ocean-600m-217-30-42-21-01-002\/#primaryimage"},"thumbnailUrl":"https:\/\/galli.ch\/wp-content\/uploads\/omega-seamaster-planet-ocean-600m-co-axial-master-chronometer-42-mm-21730422101002-65b28b.png","datePublished":"2025-11-20T09:44:42+00:00","dateModified":"2026-03-30T08:17:56+00:00","breadcrumb":{"@id":"https:\/\/galli.ch\/uhren\/omega\/seamaster\/planet-ocean-600m-217-30-42-21-01-002\/#breadcrumb"},"inLanguage":"en-US","potentialAction":[{"@type":"ReadAction","target":["https:\/\/galli.ch\/uhren\/omega\/seamaster\/planet-ocean-600m-217-30-42-21-01-002\/"]}]},{"@type":"ImageObject","inLanguage":"en-US","@id":"https:\/\/galli.ch\/uhren\/omega\/seamaster\/planet-ocean-600m-217-30-42-21-01-002\/#primaryimage","url":"https:\/\/galli.ch\/wp-content\/uploads\/omega-seamaster-planet-ocean-600m-co-axial-master-chronometer-42-mm-21730422101002-65b28b.png","contentUrl":"https:\/\/galli.ch\/wp-content\/uploads\/omega-seamaster-planet-ocean-600m-co-axial-master-chronometer-42-mm-21730422101002-65b28b.png","width":1000,"height":1400},{"@type":"BreadcrumbList","@id":"https:\/\/galli.ch\/uhren\/omega\/seamaster\/planet-ocean-600m-217-30-42-21-01-002\/#breadcrumb","itemListElement":[{"@type":"ListItem","position":1,"name":"Home","item":"https:\/\/galli.ch\/en\/"},{"@type":"ListItem","position":2,"name":"Uhren","item":"https:\/\/galli.ch\/en\/uhren\/"},{"@type":"ListItem","position":3,"name":"Omega Seamaster Planet Ocean 600M"}]},{"@type":"WebSite","@id":"http:\/\/galli.ch\/en\/#website","url":"http:\/\/galli.ch\/en\/","name":"Galli Uhren Bijouterie","description":"","potentialAction":[{"@type":"SearchAction","target":{"@type":"EntryPoint","urlTemplate":"http:\/\/galli.ch\/en\/?s={search_term_string}"},"query-input":{"@type":"PropertyValueSpecification","valueRequired":true,"valueName":"search_term_string"}}],"inLanguage":"en-US"}]}},"_links":{"self":[{"href":"https:\/\/galli.ch\/en\/wp-json\/wp\/v2\/product\/47415","targetHints":{"allow":["GET"]}}],"collection":[{"href":"https:\/\/galli.ch\/en\/wp-json\/wp\/v2\/product"}],"about":[{"href":"https:\/\/galli.ch\/en\/wp-json\/wp\/v2\/types\/product"}],"wp:featuredmedia":[{"embeddable":true,"href":"https:\/\/galli.ch\/en\/wp-json\/wp\/v2\/media\/47385"}],"wp:attachment":[{"href":"https:\/\/galli.ch\/en\/wp-json\/wp\/v2\/media?parent=47415"}],"wp:term":[{"taxonomy":"product_brand","embeddable":true,"href":"https:\/\/galli.ch\/en\/wp-json\/wp\/v2\/product_brand?post=47415"},{"taxonomy":"product_cat","embeddable":true,"href":"https:\/\/galli.ch\/en\/wp-json\/wp\/v2\/product_cat?post=47415"},{"taxonomy":"product_tag","embeddable":true,"href":"https:\/\/galli.ch\/en\/wp-json\/wp\/v2\/product_tag?post=47415"}],"curies":[{"name":"wp","href":"https:\/\/api.w.org\/{rel}","templated":true}]}}