{"id":4772,"date":"2019-04-13T15:19:14","date_gmt":"2019-04-13T13:19:14","guid":{"rendered":"http:\/\/galli.ch\/?post_type=uhren&#038;p=4772"},"modified":"2026-03-30T10:15:25","modified_gmt":"2026-03-30T08:15:25","slug":"m79250ba-0002","status":"publish","type":"product","link":"https:\/\/galli.ch\/en\/uhren\/tudor\/black-bay-bronze\/m79250ba-0002\/","title":{"rendered":"Tudor Black Bay Bronze"},"content":{"rendered":"<p>Das ber\u00fchmte Modell Black Bay Bronze, Gewinner des Preises \u201ePetite Aiguille\u201c beim\u00a0<em>Grand Prix d\u2019Horlogerie de Gen\u00e8ve<\/em> 2016 und ein Symbol das Seefahrtsverm\u00e4chtnis von TUDOR, ist nun seit der Baselworld 2019 in einer Ausf\u00fchrung in Schiefergrau mit farblich abgestuftem Zifferblatt erh\u00e4ltlich.\u00a0Ein neues Farbschema auf der Basis von Schiefergrau ziert jetzt das Zifferblatt und die L\u00fcnette dieser imposanten Taucheruhr, deren \u00c4sthetik sich im Laufe der Zeit wandelte. Verweise auf die Welt der Seefahrt finden sich in jedem Detail. Dar\u00fcber hinaus beeindruckt die Black Bay Bronze dank ihres Manufakturwerks Kaliber MT5601 durch herausragende technische Leistung.<\/p>\n<p>Die Kombination eines schiefergrauen, farblich nach innen abgestuften Zifferblatts und einer schiefergrauen L\u00fcnette mit Goldakzenten an den Zeigern und Stundenindizes rundet die \u00c4sthetik der Uhr ab. Der visuelle Gesamteindruck ist der eines luxuri\u00f6sen Objekts mit Patina, das \u00fcber Jahre hinweg am Handgelenk seines Tr\u00e4gers die Welt umsegelt haben k\u00f6nnte und aussieht, als w\u00e4re es genau f\u00fcr ihn und seinen Lebensstil gemacht.<\/p>\n","protected":false},"excerpt":{"rendered":"<p>Das ber\u00fchmte Modell Black Bay Bronze, Gewinner des Preises \u201ePetite Aiguille\u201c beim\u00a0Grand Prix d\u2019Horlogerie de Gen\u00e8ve 2016 und ein Symbol das Seefahrtsverm\u00e4chtnis von TUDOR, ist nun seit der Baselworld 2019 in einer Ausf\u00fchrung in Schiefergrau mit farblich abgestuftem Zifferblatt erh\u00e4ltlich.\u00a0Ein neues Farbschema auf der Basis von Schiefergrau ziert jetzt das Zifferblatt und die L\u00fcnette dieser&#8230;  <a class=\"excerpt-read-more\" href=\"https:\/\/galli.ch\/en\/uhren\/tudor\/black-bay-bronze\/m79250ba-0002\/\" title=\"Read Tudor Black Bay Bronze\">Weiter &raquo;<\/a><\/p>\n","protected":false},"featured_media":4708,"template":"","meta":{"_acf_changed":false,"inline_featured_image":false},"product_brand":[],"product_cat":[188],"product_tag":[],"class_list":{"0":"post-4772","1":"product","2":"type-product","3":"status-publish","4":"has-post-thumbnail","6":"uhrenhersteller-tudor","7":"uhrenhersteller-black-bay-bronze","8":"product_cat-uhren","10":"first","11":"outofstock","12":"taxable","13":"shipping-taxable","14":"purchasable","15":"product-type-simple"},"acf":[],"yoast_head":"<!-- This site is optimized with the Yoast SEO plugin v25.5 - https:\/\/yoast.com\/wordpress\/plugins\/seo\/ -->\n<title>Tudor Black Bay Bronze - Galli Uhren Bijouterie<\/title>\n<meta name=\"robots\" content=\"index, follow, max-snippet:-1, max-image-preview:large, max-video-preview:-1\" \/>\n<link rel=\"canonical\" href=\"https:\/\/galli.ch\/uhren\/tudor\/black-bay-bronze\/m79250ba-0002\/\" \/>\n<meta property=\"og:locale\" content=\"en_US\" \/>\n<meta property=\"og:type\" content=\"article\" \/>\n<meta property=\"og:title\" content=\"Tudor Black Bay Bronze - Galli Uhren Bijouterie\" \/>\n<meta property=\"og:description\" content=\"Das ber\u00fchmte Modell Black Bay Bronze, Gewinner des Preises \u201ePetite Aiguille\u201c beim\u00a0Grand Prix d\u2019Horlogerie de Gen\u00e8ve 2016 und ein Symbol das Seefahrtsverm\u00e4chtnis von TUDOR, ist nun seit der Baselworld 2019 in einer Ausf\u00fchrung in Schiefergrau mit farblich abgestuftem Zifferblatt erh\u00e4ltlich.\u00a0Ein neues Farbschema auf der Basis von Schiefergrau ziert jetzt das Zifferblatt und die L\u00fcnette dieser... Weiter &raquo;\" \/>\n<meta property=\"og:url\" content=\"https:\/\/galli.ch\/uhren\/tudor\/black-bay-bronze\/m79250ba-0002\/\" \/>\n<meta property=\"og:site_name\" content=\"Galli Uhren Bijouterie\" \/>\n<meta property=\"article:modified_time\" content=\"2026-03-30T08:15:25+00:00\" \/>\n<meta property=\"og:image\" content=\"https:\/\/galli.ch\/wp-content\/uploads\/M79250BA-0002_slate_fabric_slate_FF_PR.png\" \/>\n\t<meta property=\"og:image:width\" content=\"1000\" \/>\n\t<meta property=\"og:image:height\" content=\"1400\" \/>\n\t<meta property=\"og:image:type\" content=\"image\/png\" \/>\n<meta name=\"twitter:card\" content=\"summary_large_image\" \/>\n<script type=\"application\/ld+json\" class=\"yoast-schema-graph\">{\"@context\":\"https:\/\/schema.org\",\"@graph\":[{\"@type\":\"WebPage\",\"@id\":\"https:\/\/galli.ch\/uhren\/tudor\/black-bay-bronze\/m79250ba-0002\/\",\"url\":\"https:\/\/galli.ch\/uhren\/tudor\/black-bay-bronze\/m79250ba-0002\/\",\"name\":\"Tudor Black Bay Bronze - Galli Uhren Bijouterie\",\"isPartOf\":{\"@id\":\"http:\/\/galli.ch\/en\/#website\"},\"primaryImageOfPage\":{\"@id\":\"https:\/\/galli.ch\/uhren\/tudor\/black-bay-bronze\/m79250ba-0002\/#primaryimage\"},\"image\":{\"@id\":\"https:\/\/galli.ch\/uhren\/tudor\/black-bay-bronze\/m79250ba-0002\/#primaryimage\"},\"thumbnailUrl\":\"https:\/\/galli.ch\/wp-content\/uploads\/M79250BA-0002_slate_fabric_slate_FF_PR.png\",\"datePublished\":\"2019-04-13T13:19:14+00:00\",\"dateModified\":\"2026-03-30T08:15:25+00:00\",\"breadcrumb\":{\"@id\":\"https:\/\/galli.ch\/uhren\/tudor\/black-bay-bronze\/m79250ba-0002\/#breadcrumb\"},\"inLanguage\":\"en-US\",\"potentialAction\":[{\"@type\":\"ReadAction\",\"target\":[\"https:\/\/galli.ch\/uhren\/tudor\/black-bay-bronze\/m79250ba-0002\/\"]}]},{\"@type\":\"ImageObject\",\"inLanguage\":\"en-US\",\"@id\":\"https:\/\/galli.ch\/uhren\/tudor\/black-bay-bronze\/m79250ba-0002\/#primaryimage\",\"url\":\"https:\/\/galli.ch\/wp-content\/uploads\/M79250BA-0002_slate_fabric_slate_FF_PR.png\",\"contentUrl\":\"https:\/\/galli.ch\/wp-content\/uploads\/M79250BA-0002_slate_fabric_slate_FF_PR.png\",\"width\":1000,\"height\":1400,\"caption\":\"Tudor Heritage Black Bay Bronze Galli Zurich\"},{\"@type\":\"BreadcrumbList\",\"@id\":\"https:\/\/galli.ch\/uhren\/tudor\/black-bay-bronze\/m79250ba-0002\/#breadcrumb\",\"itemListElement\":[{\"@type\":\"ListItem\",\"position\":1,\"name\":\"Home\",\"item\":\"https:\/\/galli.ch\/en\/\"},{\"@type\":\"ListItem\",\"position\":2,\"name\":\"Uhren\",\"item\":\"https:\/\/galli.ch\/en\/uhren\/\"},{\"@type\":\"ListItem\",\"position\":3,\"name\":\"Tudor Black Bay Bronze\"}]},{\"@type\":\"WebSite\",\"@id\":\"http:\/\/galli.ch\/en\/#website\",\"url\":\"http:\/\/galli.ch\/en\/\",\"name\":\"Galli Uhren Bijouterie\",\"description\":\"\",\"potentialAction\":[{\"@type\":\"SearchAction\",\"target\":{\"@type\":\"EntryPoint\",\"urlTemplate\":\"http:\/\/galli.ch\/en\/?s={search_term_string}\"},\"query-input\":{\"@type\":\"PropertyValueSpecification\",\"valueRequired\":true,\"valueName\":\"search_term_string\"}}],\"inLanguage\":\"en-US\"}]}<\/script>\n<!-- \/ Yoast SEO plugin. -->","yoast_head_json":{"title":"Tudor Black Bay Bronze - Galli Uhren Bijouterie","robots":{"index":"index","follow":"follow","max-snippet":"max-snippet:-1","max-image-preview":"max-image-preview:large","max-video-preview":"max-video-preview:-1"},"canonical":"https:\/\/galli.ch\/uhren\/tudor\/black-bay-bronze\/m79250ba-0002\/","og_locale":"en_US","og_type":"article","og_title":"Tudor Black Bay Bronze - Galli Uhren Bijouterie","og_description":"Das ber\u00fchmte Modell Black Bay Bronze, Gewinner des Preises \u201ePetite Aiguille\u201c beim\u00a0Grand Prix d\u2019Horlogerie de Gen\u00e8ve 2016 und ein Symbol das Seefahrtsverm\u00e4chtnis von TUDOR, ist nun seit der Baselworld 2019 in einer Ausf\u00fchrung in Schiefergrau mit farblich abgestuftem Zifferblatt erh\u00e4ltlich.\u00a0Ein neues Farbschema auf der Basis von Schiefergrau ziert jetzt das Zifferblatt und die L\u00fcnette dieser... Weiter &raquo;","og_url":"https:\/\/galli.ch\/uhren\/tudor\/black-bay-bronze\/m79250ba-0002\/","og_site_name":"Galli Uhren Bijouterie","article_modified_time":"2026-03-30T08:15:25+00:00","og_image":[{"width":1000,"height":1400,"url":"https:\/\/galli.ch\/wp-content\/uploads\/M79250BA-0002_slate_fabric_slate_FF_PR.png","type":"image\/png"}],"twitter_card":"summary_large_image","schema":{"@context":"https:\/\/schema.org","@graph":[{"@type":"WebPage","@id":"https:\/\/galli.ch\/uhren\/tudor\/black-bay-bronze\/m79250ba-0002\/","url":"https:\/\/galli.ch\/uhren\/tudor\/black-bay-bronze\/m79250ba-0002\/","name":"Tudor Black Bay Bronze - Galli Uhren Bijouterie","isPartOf":{"@id":"http:\/\/galli.ch\/en\/#website"},"primaryImageOfPage":{"@id":"https:\/\/galli.ch\/uhren\/tudor\/black-bay-bronze\/m79250ba-0002\/#primaryimage"},"image":{"@id":"https:\/\/galli.ch\/uhren\/tudor\/black-bay-bronze\/m79250ba-0002\/#primaryimage"},"thumbnailUrl":"https:\/\/galli.ch\/wp-content\/uploads\/M79250BA-0002_slate_fabric_slate_FF_PR.png","datePublished":"2019-04-13T13:19:14+00:00","dateModified":"2026-03-30T08:15:25+00:00","breadcrumb":{"@id":"https:\/\/galli.ch\/uhren\/tudor\/black-bay-bronze\/m79250ba-0002\/#breadcrumb"},"inLanguage":"en-US","potentialAction":[{"@type":"ReadAction","target":["https:\/\/galli.ch\/uhren\/tudor\/black-bay-bronze\/m79250ba-0002\/"]}]},{"@type":"ImageObject","inLanguage":"en-US","@id":"https:\/\/galli.ch\/uhren\/tudor\/black-bay-bronze\/m79250ba-0002\/#primaryimage","url":"https:\/\/galli.ch\/wp-content\/uploads\/M79250BA-0002_slate_fabric_slate_FF_PR.png","contentUrl":"https:\/\/galli.ch\/wp-content\/uploads\/M79250BA-0002_slate_fabric_slate_FF_PR.png","width":1000,"height":1400,"caption":"Tudor Heritage Black Bay Bronze Galli Zurich"},{"@type":"BreadcrumbList","@id":"https:\/\/galli.ch\/uhren\/tudor\/black-bay-bronze\/m79250ba-0002\/#breadcrumb","itemListElement":[{"@type":"ListItem","position":1,"name":"Home","item":"https:\/\/galli.ch\/en\/"},{"@type":"ListItem","position":2,"name":"Uhren","item":"https:\/\/galli.ch\/en\/uhren\/"},{"@type":"ListItem","position":3,"name":"Tudor Black Bay Bronze"}]},{"@type":"WebSite","@id":"http:\/\/galli.ch\/en\/#website","url":"http:\/\/galli.ch\/en\/","name":"Galli Uhren Bijouterie","description":"","potentialAction":[{"@type":"SearchAction","target":{"@type":"EntryPoint","urlTemplate":"http:\/\/galli.ch\/en\/?s={search_term_string}"},"query-input":{"@type":"PropertyValueSpecification","valueRequired":true,"valueName":"search_term_string"}}],"inLanguage":"en-US"}]}},"_links":{"self":[{"href":"https:\/\/galli.ch\/en\/wp-json\/wp\/v2\/product\/4772","targetHints":{"allow":["GET"]}}],"collection":[{"href":"https:\/\/galli.ch\/en\/wp-json\/wp\/v2\/product"}],"about":[{"href":"https:\/\/galli.ch\/en\/wp-json\/wp\/v2\/types\/product"}],"wp:featuredmedia":[{"embeddable":true,"href":"https:\/\/galli.ch\/en\/wp-json\/wp\/v2\/media\/4708"}],"wp:attachment":[{"href":"https:\/\/galli.ch\/en\/wp-json\/wp\/v2\/media?parent=4772"}],"wp:term":[{"taxonomy":"product_brand","embeddable":true,"href":"https:\/\/galli.ch\/en\/wp-json\/wp\/v2\/product_brand?post=4772"},{"taxonomy":"product_cat","embeddable":true,"href":"https:\/\/galli.ch\/en\/wp-json\/wp\/v2\/product_cat?post=4772"},{"taxonomy":"product_tag","embeddable":true,"href":"https:\/\/galli.ch\/en\/wp-json\/wp\/v2\/product_tag?post=4772"}],"curies":[{"name":"wp","href":"https:\/\/api.w.org\/{rel}","templated":true}]}}