{"id":47739,"date":"2025-11-23T14:52:32","date_gmt":"2025-11-23T13:52:32","guid":{"rendered":"https:\/\/galli.ch\/?post_type=product&#038;p=47739"},"modified":"2025-12-29T09:30:09","modified_gmt":"2025-12-29T08:30:09","slug":"iwc-portugieser-perpetual-calendar-iw503302","status":"publish","type":"product","link":"https:\/\/galli.ch\/en\/uhren\/galli-cpo\/iwc-2\/iwc-portugieser-perpetual-calendar-iw503302\/","title":{"rendered":"IWC Portugieser Perpetual Calendar"},"content":{"rendered":"<p>Die Portugieser Perpetual Calendar ist bekannt f\u00fcr ihren au\u00dfergew\u00f6hnlichen Ewigen Kalender, der automatisch alle Monatsl\u00e4ngen und sogar die Schaltjahre bis zum Jahr 2499 korrekt ber\u00fccksichtigt.Das Besondere: Der Kalender l\u00e4sst sich vollst\u00e4ndig und harmonisch \u00fcber eine einzige Krone einstellen. Einmal korrekt eingestellt, ist jahrhundertelang keine manuelle Korrektur n\u00f6tig, was diesen Mechanismus zu einem H\u00f6hepunkt der uhrmacherischen Ingenieurskunst macht. Dazu kommen eine siebent\u00e4gige Gangreserve und der effiziente Pellaton-Aufzug.<\/p>\n<p>Jahrgang: 2023<\/p>\n<p>Zustand: Sehr gut<\/p>\n<p>Original Papiere: Nein<\/p>\n<p>Original Box: Ja<\/p>\n<p>&nbsp;<\/p>\n","protected":false},"excerpt":{"rendered":"<p>Die Portugieser Perpetual Calendar ist bekannt f\u00fcr ihren au\u00dfergew\u00f6hnlichen Ewigen Kalender, der automatisch alle Monatsl\u00e4ngen und sogar die Schaltjahre bis zum Jahr 2499 korrekt ber\u00fccksichtigt.Das Besondere: Der Kalender l\u00e4sst sich vollst\u00e4ndig und harmonisch \u00fcber eine einzige Krone einstellen. Einmal korrekt eingestellt, ist jahrhundertelang keine manuelle Korrektur n\u00f6tig, was diesen Mechanismus zu einem H\u00f6hepunkt der uhrmacherischen&#8230;  <a class=\"excerpt-read-more\" href=\"https:\/\/galli.ch\/en\/uhren\/galli-cpo\/iwc-2\/iwc-portugieser-perpetual-calendar-iw503302\/\" title=\"Read IWC Portugieser Perpetual Calendar\">Weiter &raquo;<\/a><\/p>\n","protected":false},"featured_media":47755,"template":"","meta":{"_acf_changed":false,"inline_featured_image":false},"product_brand":[],"product_cat":[188],"product_tag":[],"class_list":{"0":"post-47739","1":"product","2":"type-product","3":"status-publish","4":"has-post-thumbnail","6":"uhrenhersteller-galli-cpo","7":"uhrenhersteller-iwc-2","8":"product_cat-uhren","10":"first","11":"instock","12":"taxable","13":"shipping-taxable","14":"purchasable","15":"product-type-simple"},"acf":[],"yoast_head":"<!-- This site is optimized with the Yoast SEO plugin v25.5 - https:\/\/yoast.com\/wordpress\/plugins\/seo\/ -->\n<title>IWC Portugieser Perpetual Calendar - Galli Uhren Bijouterie<\/title>\n<meta name=\"robots\" content=\"index, follow, max-snippet:-1, max-image-preview:large, max-video-preview:-1\" \/>\n<link rel=\"canonical\" href=\"https:\/\/galli.ch\/uhren\/galli-cpo\/iwc-2\/iwc-portugieser-perpetual-calendar-iw503302\/\" \/>\n<meta property=\"og:locale\" content=\"en_US\" \/>\n<meta property=\"og:type\" content=\"article\" \/>\n<meta property=\"og:title\" content=\"IWC Portugieser Perpetual Calendar - Galli Uhren Bijouterie\" \/>\n<meta property=\"og:description\" content=\"Die Portugieser Perpetual Calendar ist bekannt f\u00fcr ihren au\u00dfergew\u00f6hnlichen Ewigen Kalender, der automatisch alle Monatsl\u00e4ngen und sogar die Schaltjahre bis zum Jahr 2499 korrekt ber\u00fccksichtigt.Das Besondere: Der Kalender l\u00e4sst sich vollst\u00e4ndig und harmonisch \u00fcber eine einzige Krone einstellen. Einmal korrekt eingestellt, ist jahrhundertelang keine manuelle Korrektur n\u00f6tig, was diesen Mechanismus zu einem H\u00f6hepunkt der uhrmacherischen... Weiter &raquo;\" \/>\n<meta property=\"og:url\" content=\"https:\/\/galli.ch\/uhren\/galli-cpo\/iwc-2\/iwc-portugieser-perpetual-calendar-iw503302\/\" \/>\n<meta property=\"og:site_name\" content=\"Galli Uhren Bijouterie\" \/>\n<meta property=\"article:modified_time\" content=\"2025-12-29T08:30:09+00:00\" \/>\n<meta property=\"og:image\" content=\"https:\/\/galli.ch\/wp-content\/uploads\/IMG_7249.png\" \/>\n\t<meta property=\"og:image:width\" content=\"1000\" \/>\n\t<meta property=\"og:image:height\" content=\"1400\" \/>\n\t<meta property=\"og:image:type\" content=\"image\/png\" \/>\n<meta name=\"twitter:card\" content=\"summary_large_image\" \/>\n<script type=\"application\/ld+json\" class=\"yoast-schema-graph\">{\"@context\":\"https:\/\/schema.org\",\"@graph\":[{\"@type\":\"WebPage\",\"@id\":\"https:\/\/galli.ch\/uhren\/galli-cpo\/iwc-2\/iwc-portugieser-perpetual-calendar-iw503302\/\",\"url\":\"https:\/\/galli.ch\/uhren\/galli-cpo\/iwc-2\/iwc-portugieser-perpetual-calendar-iw503302\/\",\"name\":\"IWC Portugieser Perpetual Calendar - Galli Uhren Bijouterie\",\"isPartOf\":{\"@id\":\"http:\/\/galli.ch\/en\/#website\"},\"primaryImageOfPage\":{\"@id\":\"https:\/\/galli.ch\/uhren\/galli-cpo\/iwc-2\/iwc-portugieser-perpetual-calendar-iw503302\/#primaryimage\"},\"image\":{\"@id\":\"https:\/\/galli.ch\/uhren\/galli-cpo\/iwc-2\/iwc-portugieser-perpetual-calendar-iw503302\/#primaryimage\"},\"thumbnailUrl\":\"https:\/\/galli.ch\/wp-content\/uploads\/IMG_7249.png\",\"datePublished\":\"2025-11-23T13:52:32+00:00\",\"dateModified\":\"2025-12-29T08:30:09+00:00\",\"breadcrumb\":{\"@id\":\"https:\/\/galli.ch\/uhren\/galli-cpo\/iwc-2\/iwc-portugieser-perpetual-calendar-iw503302\/#breadcrumb\"},\"inLanguage\":\"en-US\",\"potentialAction\":[{\"@type\":\"ReadAction\",\"target\":[\"https:\/\/galli.ch\/uhren\/galli-cpo\/iwc-2\/iwc-portugieser-perpetual-calendar-iw503302\/\"]}]},{\"@type\":\"ImageObject\",\"inLanguage\":\"en-US\",\"@id\":\"https:\/\/galli.ch\/uhren\/galli-cpo\/iwc-2\/iwc-portugieser-perpetual-calendar-iw503302\/#primaryimage\",\"url\":\"https:\/\/galli.ch\/wp-content\/uploads\/IMG_7249.png\",\"contentUrl\":\"https:\/\/galli.ch\/wp-content\/uploads\/IMG_7249.png\",\"width\":1000,\"height\":1400},{\"@type\":\"BreadcrumbList\",\"@id\":\"https:\/\/galli.ch\/uhren\/galli-cpo\/iwc-2\/iwc-portugieser-perpetual-calendar-iw503302\/#breadcrumb\",\"itemListElement\":[{\"@type\":\"ListItem\",\"position\":1,\"name\":\"Home\",\"item\":\"https:\/\/galli.ch\/en\/\"},{\"@type\":\"ListItem\",\"position\":2,\"name\":\"Uhren\",\"item\":\"https:\/\/galli.ch\/en\/uhren\/\"},{\"@type\":\"ListItem\",\"position\":3,\"name\":\"IWC Portugieser Perpetual Calendar\"}]},{\"@type\":\"WebSite\",\"@id\":\"http:\/\/galli.ch\/en\/#website\",\"url\":\"http:\/\/galli.ch\/en\/\",\"name\":\"Galli Uhren Bijouterie\",\"description\":\"\",\"potentialAction\":[{\"@type\":\"SearchAction\",\"target\":{\"@type\":\"EntryPoint\",\"urlTemplate\":\"http:\/\/galli.ch\/en\/?s={search_term_string}\"},\"query-input\":{\"@type\":\"PropertyValueSpecification\",\"valueRequired\":true,\"valueName\":\"search_term_string\"}}],\"inLanguage\":\"en-US\"}]}<\/script>\n<!-- \/ Yoast SEO plugin. -->","yoast_head_json":{"title":"IWC Portugieser Perpetual Calendar - Galli Uhren Bijouterie","robots":{"index":"index","follow":"follow","max-snippet":"max-snippet:-1","max-image-preview":"max-image-preview:large","max-video-preview":"max-video-preview:-1"},"canonical":"https:\/\/galli.ch\/uhren\/galli-cpo\/iwc-2\/iwc-portugieser-perpetual-calendar-iw503302\/","og_locale":"en_US","og_type":"article","og_title":"IWC Portugieser Perpetual Calendar - Galli Uhren Bijouterie","og_description":"Die Portugieser Perpetual Calendar ist bekannt f\u00fcr ihren au\u00dfergew\u00f6hnlichen Ewigen Kalender, der automatisch alle Monatsl\u00e4ngen und sogar die Schaltjahre bis zum Jahr 2499 korrekt ber\u00fccksichtigt.Das Besondere: Der Kalender l\u00e4sst sich vollst\u00e4ndig und harmonisch \u00fcber eine einzige Krone einstellen. Einmal korrekt eingestellt, ist jahrhundertelang keine manuelle Korrektur n\u00f6tig, was diesen Mechanismus zu einem H\u00f6hepunkt der uhrmacherischen... Weiter &raquo;","og_url":"https:\/\/galli.ch\/uhren\/galli-cpo\/iwc-2\/iwc-portugieser-perpetual-calendar-iw503302\/","og_site_name":"Galli Uhren Bijouterie","article_modified_time":"2025-12-29T08:30:09+00:00","og_image":[{"width":1000,"height":1400,"url":"https:\/\/galli.ch\/wp-content\/uploads\/IMG_7249.png","type":"image\/png"}],"twitter_card":"summary_large_image","schema":{"@context":"https:\/\/schema.org","@graph":[{"@type":"WebPage","@id":"https:\/\/galli.ch\/uhren\/galli-cpo\/iwc-2\/iwc-portugieser-perpetual-calendar-iw503302\/","url":"https:\/\/galli.ch\/uhren\/galli-cpo\/iwc-2\/iwc-portugieser-perpetual-calendar-iw503302\/","name":"IWC Portugieser Perpetual Calendar - Galli Uhren Bijouterie","isPartOf":{"@id":"http:\/\/galli.ch\/en\/#website"},"primaryImageOfPage":{"@id":"https:\/\/galli.ch\/uhren\/galli-cpo\/iwc-2\/iwc-portugieser-perpetual-calendar-iw503302\/#primaryimage"},"image":{"@id":"https:\/\/galli.ch\/uhren\/galli-cpo\/iwc-2\/iwc-portugieser-perpetual-calendar-iw503302\/#primaryimage"},"thumbnailUrl":"https:\/\/galli.ch\/wp-content\/uploads\/IMG_7249.png","datePublished":"2025-11-23T13:52:32+00:00","dateModified":"2025-12-29T08:30:09+00:00","breadcrumb":{"@id":"https:\/\/galli.ch\/uhren\/galli-cpo\/iwc-2\/iwc-portugieser-perpetual-calendar-iw503302\/#breadcrumb"},"inLanguage":"en-US","potentialAction":[{"@type":"ReadAction","target":["https:\/\/galli.ch\/uhren\/galli-cpo\/iwc-2\/iwc-portugieser-perpetual-calendar-iw503302\/"]}]},{"@type":"ImageObject","inLanguage":"en-US","@id":"https:\/\/galli.ch\/uhren\/galli-cpo\/iwc-2\/iwc-portugieser-perpetual-calendar-iw503302\/#primaryimage","url":"https:\/\/galli.ch\/wp-content\/uploads\/IMG_7249.png","contentUrl":"https:\/\/galli.ch\/wp-content\/uploads\/IMG_7249.png","width":1000,"height":1400},{"@type":"BreadcrumbList","@id":"https:\/\/galli.ch\/uhren\/galli-cpo\/iwc-2\/iwc-portugieser-perpetual-calendar-iw503302\/#breadcrumb","itemListElement":[{"@type":"ListItem","position":1,"name":"Home","item":"https:\/\/galli.ch\/en\/"},{"@type":"ListItem","position":2,"name":"Uhren","item":"https:\/\/galli.ch\/en\/uhren\/"},{"@type":"ListItem","position":3,"name":"IWC Portugieser Perpetual Calendar"}]},{"@type":"WebSite","@id":"http:\/\/galli.ch\/en\/#website","url":"http:\/\/galli.ch\/en\/","name":"Galli Uhren Bijouterie","description":"","potentialAction":[{"@type":"SearchAction","target":{"@type":"EntryPoint","urlTemplate":"http:\/\/galli.ch\/en\/?s={search_term_string}"},"query-input":{"@type":"PropertyValueSpecification","valueRequired":true,"valueName":"search_term_string"}}],"inLanguage":"en-US"}]}},"_links":{"self":[{"href":"https:\/\/galli.ch\/en\/wp-json\/wp\/v2\/product\/47739","targetHints":{"allow":["GET"]}}],"collection":[{"href":"https:\/\/galli.ch\/en\/wp-json\/wp\/v2\/product"}],"about":[{"href":"https:\/\/galli.ch\/en\/wp-json\/wp\/v2\/types\/product"}],"wp:featuredmedia":[{"embeddable":true,"href":"https:\/\/galli.ch\/en\/wp-json\/wp\/v2\/media\/47755"}],"wp:attachment":[{"href":"https:\/\/galli.ch\/en\/wp-json\/wp\/v2\/media?parent=47739"}],"wp:term":[{"taxonomy":"product_brand","embeddable":true,"href":"https:\/\/galli.ch\/en\/wp-json\/wp\/v2\/product_brand?post=47739"},{"taxonomy":"product_cat","embeddable":true,"href":"https:\/\/galli.ch\/en\/wp-json\/wp\/v2\/product_cat?post=47739"},{"taxonomy":"product_tag","embeddable":true,"href":"https:\/\/galli.ch\/en\/wp-json\/wp\/v2\/product_tag?post=47739"}],"curies":[{"name":"wp","href":"https:\/\/api.w.org\/{rel}","templated":true}]}}