{"id":4775,"date":"2019-04-13T15:33:28","date_gmt":"2019-04-13T13:33:28","guid":{"rendered":"http:\/\/galli.ch\/?post_type=uhren&#038;p=4775"},"modified":"2026-03-30T10:15:27","modified_gmt":"2026-03-30T08:15:27","slug":"sg-m79363n-0002","status":"publish","type":"product","link":"https:\/\/galli.ch\/en\/uhren\/tudor\/black-bay-chrono\/sg-m79363n-0002\/","title":{"rendered":"Tudor Black Bay Chrono S&#038;G"},"content":{"rendered":"<p>Der erste TUDOR Chronograph mit selbst aufziehendem Manufakturwerk, S\u00e4ulenrad und vertikaler Kupplung ist jetzt in einer S&amp;G-Ausf\u00fchrung erh\u00e4ltlich.\u00a0Das neue Hybridmodell Black Bay Chrono S&amp;G Chronograph (S&amp;G steht f\u00fcr \u201eSteel &amp; Gold\u201c) wagt es, das aquatische Erbe, repr\u00e4sentiert durch die Black Bay Linie, mit dem K\u00f6nig der Rennstrecke, dem Chronographen, zu verbinden.<\/p>\n<p>Vertiefte, champagnerfarbene Totalisatoren sorgen f\u00fcr optimalen Kontrast. In der Tradition der TUDOR Chronographen befindet sich eine Datumsanzeige auf der 6-Uhr-Position. Mit einem schmalen 41-mm-Geh\u00e4use in Edelstahl und Dr\u00fcckern in Gelbgold, die von der allerersten Generation der TUDOR Chronographen inspiriert sind, beh\u00e4lt dieses Modell die Hauptmerkmale der Black Bay Linie bei.\u00a0Eine feststehende L\u00fcnette in Gelbgold mit Zahlenscheibe aus schwarz eloxiertem Aluminium und Tachymeterskala rundet diesen eleganten und sportlichen Chronographen ab.<\/p>\n","protected":false},"excerpt":{"rendered":"<p>Der erste TUDOR Chronograph mit selbst aufziehendem Manufakturwerk, S\u00e4ulenrad und vertikaler Kupplung ist jetzt in einer S&amp;G-Ausf\u00fchrung erh\u00e4ltlich.\u00a0Das neue Hybridmodell Black Bay Chrono S&amp;G Chronograph (S&amp;G steht f\u00fcr \u201eSteel &amp; Gold\u201c) wagt es, das aquatische Erbe, repr\u00e4sentiert durch die Black Bay Linie, mit dem K\u00f6nig der Rennstrecke, dem Chronographen, zu verbinden. Vertiefte, champagnerfarbene Totalisatoren sorgen&#8230;  <a class=\"excerpt-read-more\" href=\"https:\/\/galli.ch\/en\/uhren\/tudor\/black-bay-chrono\/sg-m79363n-0002\/\" title=\"Read Tudor Black Bay Chrono S&#038;G\">Weiter &raquo;<\/a><\/p>\n","protected":false},"featured_media":4712,"template":"","meta":{"_acf_changed":false,"inline_featured_image":false},"product_brand":[],"product_cat":[188],"product_tag":[],"class_list":{"0":"post-4775","1":"product","2":"type-product","3":"status-publish","4":"has-post-thumbnail","6":"uhrenhersteller-tudor","7":"uhrenhersteller-black-bay-chrono","8":"product_cat-uhren","10":"first","11":"outofstock","12":"taxable","13":"shipping-taxable","14":"purchasable","15":"product-type-simple"},"acf":[],"yoast_head":"<!-- This site is optimized with the Yoast SEO plugin v25.5 - https:\/\/yoast.com\/wordpress\/plugins\/seo\/ -->\n<title>Tudor Black Bay Chrono S&amp;G - Galli Uhren Bijouterie<\/title>\n<meta name=\"robots\" content=\"index, follow, max-snippet:-1, max-image-preview:large, max-video-preview:-1\" \/>\n<link rel=\"canonical\" href=\"https:\/\/galli.ch\/uhren\/tudor\/black-bay-chrono\/sg-m79363n-0002\/\" \/>\n<meta property=\"og:locale\" content=\"en_US\" \/>\n<meta property=\"og:type\" content=\"article\" \/>\n<meta property=\"og:title\" content=\"Tudor Black Bay Chrono S&amp;G - Galli Uhren Bijouterie\" \/>\n<meta property=\"og:description\" content=\"Der erste TUDOR Chronograph mit selbst aufziehendem Manufakturwerk, S\u00e4ulenrad und vertikaler Kupplung ist jetzt in einer S&amp;G-Ausf\u00fchrung erh\u00e4ltlich.\u00a0Das neue Hybridmodell Black Bay Chrono S&amp;G Chronograph (S&amp;G steht f\u00fcr \u201eSteel &amp; Gold\u201c) wagt es, das aquatische Erbe, repr\u00e4sentiert durch die Black Bay Linie, mit dem K\u00f6nig der Rennstrecke, dem Chronographen, zu verbinden. Vertiefte, champagnerfarbene Totalisatoren sorgen... Weiter &raquo;\" \/>\n<meta property=\"og:url\" content=\"https:\/\/galli.ch\/uhren\/tudor\/black-bay-chrono\/sg-m79363n-0002\/\" \/>\n<meta property=\"og:site_name\" content=\"Galli Uhren Bijouterie\" \/>\n<meta property=\"article:modified_time\" content=\"2026-03-30T08:15:27+00:00\" \/>\n<meta property=\"og:image\" content=\"https:\/\/galli.ch\/wp-content\/uploads\/M79363N-0002_black_champ_bund_brown_FF_PR.png\" \/>\n\t<meta property=\"og:image:width\" content=\"1000\" \/>\n\t<meta property=\"og:image:height\" content=\"1400\" \/>\n\t<meta property=\"og:image:type\" content=\"image\/png\" \/>\n<meta name=\"twitter:card\" content=\"summary_large_image\" \/>\n<script type=\"application\/ld+json\" class=\"yoast-schema-graph\">{\"@context\":\"https:\/\/schema.org\",\"@graph\":[{\"@type\":\"WebPage\",\"@id\":\"https:\/\/galli.ch\/uhren\/tudor\/black-bay-chrono\/sg-m79363n-0002\/\",\"url\":\"https:\/\/galli.ch\/uhren\/tudor\/black-bay-chrono\/sg-m79363n-0002\/\",\"name\":\"Tudor Black Bay Chrono S&G - Galli Uhren Bijouterie\",\"isPartOf\":{\"@id\":\"http:\/\/galli.ch\/en\/#website\"},\"primaryImageOfPage\":{\"@id\":\"https:\/\/galli.ch\/uhren\/tudor\/black-bay-chrono\/sg-m79363n-0002\/#primaryimage\"},\"image\":{\"@id\":\"https:\/\/galli.ch\/uhren\/tudor\/black-bay-chrono\/sg-m79363n-0002\/#primaryimage\"},\"thumbnailUrl\":\"https:\/\/galli.ch\/wp-content\/uploads\/M79363N-0002_black_champ_bund_brown_FF_PR.png\",\"datePublished\":\"2019-04-13T13:33:28+00:00\",\"dateModified\":\"2026-03-30T08:15:27+00:00\",\"breadcrumb\":{\"@id\":\"https:\/\/galli.ch\/uhren\/tudor\/black-bay-chrono\/sg-m79363n-0002\/#breadcrumb\"},\"inLanguage\":\"en-US\",\"potentialAction\":[{\"@type\":\"ReadAction\",\"target\":[\"https:\/\/galli.ch\/uhren\/tudor\/black-bay-chrono\/sg-m79363n-0002\/\"]}]},{\"@type\":\"ImageObject\",\"inLanguage\":\"en-US\",\"@id\":\"https:\/\/galli.ch\/uhren\/tudor\/black-bay-chrono\/sg-m79363n-0002\/#primaryimage\",\"url\":\"https:\/\/galli.ch\/wp-content\/uploads\/M79363N-0002_black_champ_bund_brown_FF_PR.png\",\"contentUrl\":\"https:\/\/galli.ch\/wp-content\/uploads\/M79363N-0002_black_champ_bund_brown_FF_PR.png\",\"width\":1000,\"height\":1400,\"caption\":\"Black Bay Chrono S&G Galli\"},{\"@type\":\"BreadcrumbList\",\"@id\":\"https:\/\/galli.ch\/uhren\/tudor\/black-bay-chrono\/sg-m79363n-0002\/#breadcrumb\",\"itemListElement\":[{\"@type\":\"ListItem\",\"position\":1,\"name\":\"Home\",\"item\":\"https:\/\/galli.ch\/en\/\"},{\"@type\":\"ListItem\",\"position\":2,\"name\":\"Uhren\",\"item\":\"https:\/\/galli.ch\/en\/uhren\/\"},{\"@type\":\"ListItem\",\"position\":3,\"name\":\"Tudor Black Bay Chrono S&#038;G\"}]},{\"@type\":\"WebSite\",\"@id\":\"http:\/\/galli.ch\/en\/#website\",\"url\":\"http:\/\/galli.ch\/en\/\",\"name\":\"Galli Uhren Bijouterie\",\"description\":\"\",\"potentialAction\":[{\"@type\":\"SearchAction\",\"target\":{\"@type\":\"EntryPoint\",\"urlTemplate\":\"http:\/\/galli.ch\/en\/?s={search_term_string}\"},\"query-input\":{\"@type\":\"PropertyValueSpecification\",\"valueRequired\":true,\"valueName\":\"search_term_string\"}}],\"inLanguage\":\"en-US\"}]}<\/script>\n<!-- \/ Yoast SEO plugin. -->","yoast_head_json":{"title":"Tudor Black Bay Chrono S&G - Galli Uhren Bijouterie","robots":{"index":"index","follow":"follow","max-snippet":"max-snippet:-1","max-image-preview":"max-image-preview:large","max-video-preview":"max-video-preview:-1"},"canonical":"https:\/\/galli.ch\/uhren\/tudor\/black-bay-chrono\/sg-m79363n-0002\/","og_locale":"en_US","og_type":"article","og_title":"Tudor Black Bay Chrono S&G - Galli Uhren Bijouterie","og_description":"Der erste TUDOR Chronograph mit selbst aufziehendem Manufakturwerk, S\u00e4ulenrad und vertikaler Kupplung ist jetzt in einer S&amp;G-Ausf\u00fchrung erh\u00e4ltlich.\u00a0Das neue Hybridmodell Black Bay Chrono S&amp;G Chronograph (S&amp;G steht f\u00fcr \u201eSteel &amp; Gold\u201c) wagt es, das aquatische Erbe, repr\u00e4sentiert durch die Black Bay Linie, mit dem K\u00f6nig der Rennstrecke, dem Chronographen, zu verbinden. Vertiefte, champagnerfarbene Totalisatoren sorgen... Weiter &raquo;","og_url":"https:\/\/galli.ch\/uhren\/tudor\/black-bay-chrono\/sg-m79363n-0002\/","og_site_name":"Galli Uhren Bijouterie","article_modified_time":"2026-03-30T08:15:27+00:00","og_image":[{"width":1000,"height":1400,"url":"https:\/\/galli.ch\/wp-content\/uploads\/M79363N-0002_black_champ_bund_brown_FF_PR.png","type":"image\/png"}],"twitter_card":"summary_large_image","schema":{"@context":"https:\/\/schema.org","@graph":[{"@type":"WebPage","@id":"https:\/\/galli.ch\/uhren\/tudor\/black-bay-chrono\/sg-m79363n-0002\/","url":"https:\/\/galli.ch\/uhren\/tudor\/black-bay-chrono\/sg-m79363n-0002\/","name":"Tudor Black Bay Chrono S&G - Galli Uhren Bijouterie","isPartOf":{"@id":"http:\/\/galli.ch\/en\/#website"},"primaryImageOfPage":{"@id":"https:\/\/galli.ch\/uhren\/tudor\/black-bay-chrono\/sg-m79363n-0002\/#primaryimage"},"image":{"@id":"https:\/\/galli.ch\/uhren\/tudor\/black-bay-chrono\/sg-m79363n-0002\/#primaryimage"},"thumbnailUrl":"https:\/\/galli.ch\/wp-content\/uploads\/M79363N-0002_black_champ_bund_brown_FF_PR.png","datePublished":"2019-04-13T13:33:28+00:00","dateModified":"2026-03-30T08:15:27+00:00","breadcrumb":{"@id":"https:\/\/galli.ch\/uhren\/tudor\/black-bay-chrono\/sg-m79363n-0002\/#breadcrumb"},"inLanguage":"en-US","potentialAction":[{"@type":"ReadAction","target":["https:\/\/galli.ch\/uhren\/tudor\/black-bay-chrono\/sg-m79363n-0002\/"]}]},{"@type":"ImageObject","inLanguage":"en-US","@id":"https:\/\/galli.ch\/uhren\/tudor\/black-bay-chrono\/sg-m79363n-0002\/#primaryimage","url":"https:\/\/galli.ch\/wp-content\/uploads\/M79363N-0002_black_champ_bund_brown_FF_PR.png","contentUrl":"https:\/\/galli.ch\/wp-content\/uploads\/M79363N-0002_black_champ_bund_brown_FF_PR.png","width":1000,"height":1400,"caption":"Black Bay Chrono S&G Galli"},{"@type":"BreadcrumbList","@id":"https:\/\/galli.ch\/uhren\/tudor\/black-bay-chrono\/sg-m79363n-0002\/#breadcrumb","itemListElement":[{"@type":"ListItem","position":1,"name":"Home","item":"https:\/\/galli.ch\/en\/"},{"@type":"ListItem","position":2,"name":"Uhren","item":"https:\/\/galli.ch\/en\/uhren\/"},{"@type":"ListItem","position":3,"name":"Tudor Black Bay Chrono S&#038;G"}]},{"@type":"WebSite","@id":"http:\/\/galli.ch\/en\/#website","url":"http:\/\/galli.ch\/en\/","name":"Galli Uhren Bijouterie","description":"","potentialAction":[{"@type":"SearchAction","target":{"@type":"EntryPoint","urlTemplate":"http:\/\/galli.ch\/en\/?s={search_term_string}"},"query-input":{"@type":"PropertyValueSpecification","valueRequired":true,"valueName":"search_term_string"}}],"inLanguage":"en-US"}]}},"_links":{"self":[{"href":"https:\/\/galli.ch\/en\/wp-json\/wp\/v2\/product\/4775","targetHints":{"allow":["GET"]}}],"collection":[{"href":"https:\/\/galli.ch\/en\/wp-json\/wp\/v2\/product"}],"about":[{"href":"https:\/\/galli.ch\/en\/wp-json\/wp\/v2\/types\/product"}],"wp:featuredmedia":[{"embeddable":true,"href":"https:\/\/galli.ch\/en\/wp-json\/wp\/v2\/media\/4712"}],"wp:attachment":[{"href":"https:\/\/galli.ch\/en\/wp-json\/wp\/v2\/media?parent=4775"}],"wp:term":[{"taxonomy":"product_brand","embeddable":true,"href":"https:\/\/galli.ch\/en\/wp-json\/wp\/v2\/product_brand?post=4775"},{"taxonomy":"product_cat","embeddable":true,"href":"https:\/\/galli.ch\/en\/wp-json\/wp\/v2\/product_cat?post=4775"},{"taxonomy":"product_tag","embeddable":true,"href":"https:\/\/galli.ch\/en\/wp-json\/wp\/v2\/product_tag?post=4775"}],"curies":[{"name":"wp","href":"https:\/\/api.w.org\/{rel}","templated":true}]}}