{"id":4798,"date":"2019-04-15T12:22:12","date_gmt":"2019-04-15T10:22:12","guid":{"rendered":"http:\/\/galli.ch\/?post_type=uhren&#038;p=4798"},"modified":"2026-03-30T10:17:34","modified_gmt":"2026-03-30T08:17:34","slug":"manhattan-quartz-131-10-28-60-52-001-3","status":"publish","type":"product","link":"https:\/\/galli.ch\/en\/uhren\/omega\/constellation\/manhattan-quartz-131-10-28-60-52-001-3\/","title":{"rendered":"Omega Constellation Manhattan Quartz 28"},"content":{"rendered":"<p>Die \u00dcberarbeitung dieser 5. Uhrengeneration basiert auf dem ber\u00fchmten \u201eManhattan\u201c-Stil, den Frauen seit 1982 sch\u00e4tzen. Dabei wurde jede einzelne Komponente des Designs mit modernen Vorzeichen neu interpretiert. Egal, ob Sie sich f\u00fcr ein Modell mit 25 mm, 28 mm oder 29 mm Durchmesser entscheiden, Sie erhalten stets eine wunderbar weiblich anmutende Haptik und absolut exquisite Veredelungen.\u00a0Egal, aus welchem Blickwinkel man es auch betrachtet, die Unterschiede fallen sofort ins Auge. Zun\u00e4chst einmal wurden die charakteristischen Krappen, die nun anmutig mit L\u00fcnette und Geh\u00e4use verschmelzen, schlanker gestaltet. Auch die L\u00fcnetten sind schmaler, mal mit fein gearbeiteten r\u00f6mischen Ziffern, mal mit einem ebenso kompakten wie auch makellosen Diamantbesatz.<\/p>\n<p>S\u00e4mtliche Schliessen zieren neben Namenszug und Logo von OMEGA auch polierte Halbmondfacetten.\u00a0Ein unscheinbarer Entriegelungsknopf erm\u00f6glicht dem Tr\u00e4ger eine Verl\u00e4ngerung des Armbands um weitere 2 mm f\u00fcr einen besseren Tragekomfort.<\/p>\n","protected":false},"excerpt":{"rendered":"<p>Die \u00dcberarbeitung dieser 5. Uhrengeneration basiert auf dem ber\u00fchmten \u201eManhattan\u201c-Stil, den Frauen seit 1982 sch\u00e4tzen. Dabei wurde jede einzelne Komponente des Designs mit modernen Vorzeichen neu interpretiert. Egal, ob Sie sich f\u00fcr ein Modell mit 25 mm, 28 mm oder 29 mm Durchmesser entscheiden, Sie erhalten stets eine wunderbar weiblich anmutende Haptik und absolut exquisite&#8230;  <a class=\"excerpt-read-more\" href=\"https:\/\/galli.ch\/en\/uhren\/omega\/constellation\/manhattan-quartz-131-10-28-60-52-001-3\/\" title=\"Read Omega Constellation Manhattan Quartz 28\">Weiter &raquo;<\/a><\/p>\n","protected":false},"featured_media":4662,"template":"","meta":{"_acf_changed":false,"inline_featured_image":false},"product_brand":[],"product_cat":[188],"product_tag":[],"class_list":{"0":"post-4798","1":"product","2":"type-product","3":"status-publish","4":"has-post-thumbnail","6":"uhrenhersteller-omega","7":"uhrenhersteller-constellation","8":"product_cat-uhren","10":"first","11":"outofstock","12":"taxable","13":"shipping-taxable","14":"purchasable","15":"product-type-simple"},"acf":[],"yoast_head":"<!-- This site is optimized with the Yoast SEO plugin v25.5 - https:\/\/yoast.com\/wordpress\/plugins\/seo\/ -->\n<title>Omega Constellation Manhattan Quartz 28 - Galli Uhren Bijouterie<\/title>\n<meta name=\"robots\" content=\"index, follow, max-snippet:-1, max-image-preview:large, max-video-preview:-1\" \/>\n<link rel=\"canonical\" href=\"https:\/\/galli.ch\/uhren\/omega\/constellation\/manhattan-quartz-131-10-28-60-52-001-3\/\" \/>\n<meta property=\"og:locale\" content=\"en_US\" \/>\n<meta property=\"og:type\" content=\"article\" \/>\n<meta property=\"og:title\" content=\"Omega Constellation Manhattan Quartz 28 - Galli Uhren Bijouterie\" \/>\n<meta property=\"og:description\" content=\"Die \u00dcberarbeitung dieser 5. Uhrengeneration basiert auf dem ber\u00fchmten \u201eManhattan\u201c-Stil, den Frauen seit 1982 sch\u00e4tzen. Dabei wurde jede einzelne Komponente des Designs mit modernen Vorzeichen neu interpretiert. Egal, ob Sie sich f\u00fcr ein Modell mit 25 mm, 28 mm oder 29 mm Durchmesser entscheiden, Sie erhalten stets eine wunderbar weiblich anmutende Haptik und absolut exquisite... Weiter &raquo;\" \/>\n<meta property=\"og:url\" content=\"https:\/\/galli.ch\/uhren\/omega\/constellation\/manhattan-quartz-131-10-28-60-52-001-3\/\" \/>\n<meta property=\"og:site_name\" content=\"Galli Uhren Bijouterie\" \/>\n<meta property=\"article:modified_time\" content=\"2026-03-30T08:17:34+00:00\" \/>\n<meta property=\"og:image\" content=\"https:\/\/galli.ch\/wp-content\/uploads\/131-10-28-60-52-001.png\" \/>\n\t<meta property=\"og:image:width\" content=\"1000\" \/>\n\t<meta property=\"og:image:height\" content=\"1400\" \/>\n\t<meta property=\"og:image:type\" content=\"image\/png\" \/>\n<meta name=\"twitter:card\" content=\"summary_large_image\" \/>\n<script type=\"application\/ld+json\" class=\"yoast-schema-graph\">{\"@context\":\"https:\/\/schema.org\",\"@graph\":[{\"@type\":\"WebPage\",\"@id\":\"https:\/\/galli.ch\/uhren\/omega\/constellation\/manhattan-quartz-131-10-28-60-52-001-3\/\",\"url\":\"https:\/\/galli.ch\/uhren\/omega\/constellation\/manhattan-quartz-131-10-28-60-52-001-3\/\",\"name\":\"Omega Constellation Manhattan Quartz 28 - Galli Uhren Bijouterie\",\"isPartOf\":{\"@id\":\"http:\/\/galli.ch\/en\/#website\"},\"primaryImageOfPage\":{\"@id\":\"https:\/\/galli.ch\/uhren\/omega\/constellation\/manhattan-quartz-131-10-28-60-52-001-3\/#primaryimage\"},\"image\":{\"@id\":\"https:\/\/galli.ch\/uhren\/omega\/constellation\/manhattan-quartz-131-10-28-60-52-001-3\/#primaryimage\"},\"thumbnailUrl\":\"https:\/\/galli.ch\/wp-content\/uploads\/131-10-28-60-52-001.png\",\"datePublished\":\"2019-04-15T10:22:12+00:00\",\"dateModified\":\"2026-03-30T08:17:34+00:00\",\"breadcrumb\":{\"@id\":\"https:\/\/galli.ch\/uhren\/omega\/constellation\/manhattan-quartz-131-10-28-60-52-001-3\/#breadcrumb\"},\"inLanguage\":\"en-US\",\"potentialAction\":[{\"@type\":\"ReadAction\",\"target\":[\"https:\/\/galli.ch\/uhren\/omega\/constellation\/manhattan-quartz-131-10-28-60-52-001-3\/\"]}]},{\"@type\":\"ImageObject\",\"inLanguage\":\"en-US\",\"@id\":\"https:\/\/galli.ch\/uhren\/omega\/constellation\/manhattan-quartz-131-10-28-60-52-001-3\/#primaryimage\",\"url\":\"https:\/\/galli.ch\/wp-content\/uploads\/131-10-28-60-52-001.png\",\"contentUrl\":\"https:\/\/galli.ch\/wp-content\/uploads\/131-10-28-60-52-001.png\",\"width\":1000,\"height\":1400,\"caption\":\"Omega Constellation Manhattan Quartz 28mm\"},{\"@type\":\"BreadcrumbList\",\"@id\":\"https:\/\/galli.ch\/uhren\/omega\/constellation\/manhattan-quartz-131-10-28-60-52-001-3\/#breadcrumb\",\"itemListElement\":[{\"@type\":\"ListItem\",\"position\":1,\"name\":\"Home\",\"item\":\"https:\/\/galli.ch\/en\/\"},{\"@type\":\"ListItem\",\"position\":2,\"name\":\"Uhren\",\"item\":\"https:\/\/galli.ch\/en\/uhren\/\"},{\"@type\":\"ListItem\",\"position\":3,\"name\":\"Omega Constellation Manhattan Quartz 28\"}]},{\"@type\":\"WebSite\",\"@id\":\"http:\/\/galli.ch\/en\/#website\",\"url\":\"http:\/\/galli.ch\/en\/\",\"name\":\"Galli Uhren Bijouterie\",\"description\":\"\",\"potentialAction\":[{\"@type\":\"SearchAction\",\"target\":{\"@type\":\"EntryPoint\",\"urlTemplate\":\"http:\/\/galli.ch\/en\/?s={search_term_string}\"},\"query-input\":{\"@type\":\"PropertyValueSpecification\",\"valueRequired\":true,\"valueName\":\"search_term_string\"}}],\"inLanguage\":\"en-US\"}]}<\/script>\n<!-- \/ Yoast SEO plugin. -->","yoast_head_json":{"title":"Omega Constellation Manhattan Quartz 28 - Galli Uhren Bijouterie","robots":{"index":"index","follow":"follow","max-snippet":"max-snippet:-1","max-image-preview":"max-image-preview:large","max-video-preview":"max-video-preview:-1"},"canonical":"https:\/\/galli.ch\/uhren\/omega\/constellation\/manhattan-quartz-131-10-28-60-52-001-3\/","og_locale":"en_US","og_type":"article","og_title":"Omega Constellation Manhattan Quartz 28 - Galli Uhren Bijouterie","og_description":"Die \u00dcberarbeitung dieser 5. Uhrengeneration basiert auf dem ber\u00fchmten \u201eManhattan\u201c-Stil, den Frauen seit 1982 sch\u00e4tzen. Dabei wurde jede einzelne Komponente des Designs mit modernen Vorzeichen neu interpretiert. Egal, ob Sie sich f\u00fcr ein Modell mit 25 mm, 28 mm oder 29 mm Durchmesser entscheiden, Sie erhalten stets eine wunderbar weiblich anmutende Haptik und absolut exquisite... Weiter &raquo;","og_url":"https:\/\/galli.ch\/uhren\/omega\/constellation\/manhattan-quartz-131-10-28-60-52-001-3\/","og_site_name":"Galli Uhren Bijouterie","article_modified_time":"2026-03-30T08:17:34+00:00","og_image":[{"width":1000,"height":1400,"url":"https:\/\/galli.ch\/wp-content\/uploads\/131-10-28-60-52-001.png","type":"image\/png"}],"twitter_card":"summary_large_image","schema":{"@context":"https:\/\/schema.org","@graph":[{"@type":"WebPage","@id":"https:\/\/galli.ch\/uhren\/omega\/constellation\/manhattan-quartz-131-10-28-60-52-001-3\/","url":"https:\/\/galli.ch\/uhren\/omega\/constellation\/manhattan-quartz-131-10-28-60-52-001-3\/","name":"Omega Constellation Manhattan Quartz 28 - Galli Uhren Bijouterie","isPartOf":{"@id":"http:\/\/galli.ch\/en\/#website"},"primaryImageOfPage":{"@id":"https:\/\/galli.ch\/uhren\/omega\/constellation\/manhattan-quartz-131-10-28-60-52-001-3\/#primaryimage"},"image":{"@id":"https:\/\/galli.ch\/uhren\/omega\/constellation\/manhattan-quartz-131-10-28-60-52-001-3\/#primaryimage"},"thumbnailUrl":"https:\/\/galli.ch\/wp-content\/uploads\/131-10-28-60-52-001.png","datePublished":"2019-04-15T10:22:12+00:00","dateModified":"2026-03-30T08:17:34+00:00","breadcrumb":{"@id":"https:\/\/galli.ch\/uhren\/omega\/constellation\/manhattan-quartz-131-10-28-60-52-001-3\/#breadcrumb"},"inLanguage":"en-US","potentialAction":[{"@type":"ReadAction","target":["https:\/\/galli.ch\/uhren\/omega\/constellation\/manhattan-quartz-131-10-28-60-52-001-3\/"]}]},{"@type":"ImageObject","inLanguage":"en-US","@id":"https:\/\/galli.ch\/uhren\/omega\/constellation\/manhattan-quartz-131-10-28-60-52-001-3\/#primaryimage","url":"https:\/\/galli.ch\/wp-content\/uploads\/131-10-28-60-52-001.png","contentUrl":"https:\/\/galli.ch\/wp-content\/uploads\/131-10-28-60-52-001.png","width":1000,"height":1400,"caption":"Omega Constellation Manhattan Quartz 28mm"},{"@type":"BreadcrumbList","@id":"https:\/\/galli.ch\/uhren\/omega\/constellation\/manhattan-quartz-131-10-28-60-52-001-3\/#breadcrumb","itemListElement":[{"@type":"ListItem","position":1,"name":"Home","item":"https:\/\/galli.ch\/en\/"},{"@type":"ListItem","position":2,"name":"Uhren","item":"https:\/\/galli.ch\/en\/uhren\/"},{"@type":"ListItem","position":3,"name":"Omega Constellation Manhattan Quartz 28"}]},{"@type":"WebSite","@id":"http:\/\/galli.ch\/en\/#website","url":"http:\/\/galli.ch\/en\/","name":"Galli Uhren Bijouterie","description":"","potentialAction":[{"@type":"SearchAction","target":{"@type":"EntryPoint","urlTemplate":"http:\/\/galli.ch\/en\/?s={search_term_string}"},"query-input":{"@type":"PropertyValueSpecification","valueRequired":true,"valueName":"search_term_string"}}],"inLanguage":"en-US"}]}},"_links":{"self":[{"href":"https:\/\/galli.ch\/en\/wp-json\/wp\/v2\/product\/4798","targetHints":{"allow":["GET"]}}],"collection":[{"href":"https:\/\/galli.ch\/en\/wp-json\/wp\/v2\/product"}],"about":[{"href":"https:\/\/galli.ch\/en\/wp-json\/wp\/v2\/types\/product"}],"wp:featuredmedia":[{"embeddable":true,"href":"https:\/\/galli.ch\/en\/wp-json\/wp\/v2\/media\/4662"}],"wp:attachment":[{"href":"https:\/\/galli.ch\/en\/wp-json\/wp\/v2\/media?parent=4798"}],"wp:term":[{"taxonomy":"product_brand","embeddable":true,"href":"https:\/\/galli.ch\/en\/wp-json\/wp\/v2\/product_brand?post=4798"},{"taxonomy":"product_cat","embeddable":true,"href":"https:\/\/galli.ch\/en\/wp-json\/wp\/v2\/product_cat?post=4798"},{"taxonomy":"product_tag","embeddable":true,"href":"https:\/\/galli.ch\/en\/wp-json\/wp\/v2\/product_tag?post=4798"}],"curies":[{"name":"wp","href":"https:\/\/api.w.org\/{rel}","templated":true}]}}