{"id":4799,"date":"2019-04-15T13:29:16","date_gmt":"2019-04-15T11:29:16","guid":{"rendered":"http:\/\/galli.ch\/?post_type=uhren&#038;p=4799"},"modified":"2026-04-20T18:17:33","modified_gmt":"2026-04-20T16:17:33","slug":"diver-300m-210-32-42-20-04-001","status":"publish","type":"product","link":"https:\/\/galli.ch\/en\/uhren\/omega\/seamaster\/diver-300m-210-32-42-20-04-001\/","title":{"rendered":"Omega Seamaster Diver 300M Master Chronometer 42"},"content":{"rendered":"<div class=\"description-content\">\n<div class=\"description-wrapper\">\n<p>Seit 1993 hat die Seamaster Professional Diver 300M eine begeisterte Anh\u00e4ngerschaft. Die moderne Kollektion von heute hat das ber\u00fchmte maritime Erbe aufgegriffen und mit OMEGAs innovativen Ideen und bestem Design bereichert.<\/p>\n<p>Dieses 42-mm-Modell aus Edelstahl besticht durch eine schwarze Keramikl\u00fcnette mit einer Tauchskala aus weissem Email. Das Zifferblatt besteht ebenfalls aus polierter weisser Keramik und verf\u00fcgt ferner \u00fcber lasergravierte Wellen und ein Datumsfenster bei 6 Uhr.<\/p>\n<p>Die skelettierten Zeiger und erhabenen Indizes sind rhodiniert und mit weisser Super-LumiNova gef\u00fcllt. Das Heliumauslassventil weist eine konische Form auf.<\/p>\n<p>Angetrieben wird die Uhr mit Edelstahlarmband vom OMEGA Master Chronometer-Kaliber 8800, das durch das Saphirglas des Geh\u00e4usebodens mit gewelltem Rand bewundert werden kann.<\/p>\n<\/div>\n<\/div>\n","protected":false},"excerpt":{"rendered":"<p>Seit 1993 hat die Seamaster Professional Diver 300M eine begeisterte Anh\u00e4ngerschaft. Die moderne Kollektion von heute hat das ber\u00fchmte maritime Erbe aufgegriffen und mit OMEGAs innovativen Ideen und bestem Design bereichert. Dieses 42-mm-Modell aus Edelstahl besticht durch eine schwarze Keramikl\u00fcnette mit einer Tauchskala aus weissem Email. Das Zifferblatt besteht ebenfalls aus polierter weisser Keramik und&#8230;  <a class=\"excerpt-read-more\" href=\"https:\/\/galli.ch\/en\/uhren\/omega\/seamaster\/diver-300m-210-32-42-20-04-001\/\" title=\"Read Omega Seamaster Diver 300M Master Chronometer 42\">Weiter &raquo;<\/a><\/p>\n","protected":false},"featured_media":4678,"template":"","meta":{"_acf_changed":false,"inline_featured_image":false},"product_brand":[],"product_cat":[188],"product_tag":[],"class_list":{"0":"post-4799","1":"product","2":"type-product","3":"status-publish","4":"has-post-thumbnail","6":"uhrenhersteller-omega","7":"uhrenhersteller-seamaster","8":"product_cat-uhren","10":"first","11":"outofstock","12":"taxable","13":"shipping-taxable","14":"purchasable","15":"product-type-simple"},"acf":[],"yoast_head":"<!-- This site is optimized with the Yoast SEO plugin v25.5 - https:\/\/yoast.com\/wordpress\/plugins\/seo\/ -->\n<title>Omega Seamaster Diver 300M Master Chronometer 42 - Galli Uhren Bijouterie<\/title>\n<meta name=\"robots\" content=\"index, follow, max-snippet:-1, max-image-preview:large, max-video-preview:-1\" \/>\n<link rel=\"canonical\" href=\"https:\/\/galli.ch\/uhren\/omega\/seamaster\/diver-300m-210-32-42-20-04-001\/\" \/>\n<meta property=\"og:locale\" content=\"en_US\" \/>\n<meta property=\"og:type\" content=\"article\" \/>\n<meta property=\"og:title\" content=\"Omega Seamaster Diver 300M Master Chronometer 42 - Galli Uhren Bijouterie\" \/>\n<meta property=\"og:description\" content=\"Seit 1993 hat die Seamaster Professional Diver 300M eine begeisterte Anh\u00e4ngerschaft. Die moderne Kollektion von heute hat das ber\u00fchmte maritime Erbe aufgegriffen und mit OMEGAs innovativen Ideen und bestem Design bereichert. Dieses 42-mm-Modell aus Edelstahl besticht durch eine schwarze Keramikl\u00fcnette mit einer Tauchskala aus weissem Email. Das Zifferblatt besteht ebenfalls aus polierter weisser Keramik und... Weiter &raquo;\" \/>\n<meta property=\"og:url\" content=\"https:\/\/galli.ch\/uhren\/omega\/seamaster\/diver-300m-210-32-42-20-04-001\/\" \/>\n<meta property=\"og:site_name\" content=\"Galli Uhren Bijouterie\" \/>\n<meta property=\"article:modified_time\" content=\"2026-04-20T16:17:33+00:00\" \/>\n<meta property=\"og:image\" content=\"https:\/\/galli.ch\/wp-content\/uploads\/210-32-42-20-04-001.png\" \/>\n\t<meta property=\"og:image:width\" content=\"1000\" \/>\n\t<meta property=\"og:image:height\" content=\"1400\" \/>\n\t<meta property=\"og:image:type\" content=\"image\/png\" \/>\n<meta name=\"twitter:card\" content=\"summary_large_image\" \/>\n<script type=\"application\/ld+json\" class=\"yoast-schema-graph\">{\"@context\":\"https:\/\/schema.org\",\"@graph\":[{\"@type\":\"WebPage\",\"@id\":\"https:\/\/galli.ch\/uhren\/omega\/seamaster\/diver-300m-210-32-42-20-04-001\/\",\"url\":\"https:\/\/galli.ch\/uhren\/omega\/seamaster\/diver-300m-210-32-42-20-04-001\/\",\"name\":\"Omega Seamaster Diver 300M Master Chronometer 42 - Galli Uhren Bijouterie\",\"isPartOf\":{\"@id\":\"http:\/\/galli.ch\/en\/#website\"},\"primaryImageOfPage\":{\"@id\":\"https:\/\/galli.ch\/uhren\/omega\/seamaster\/diver-300m-210-32-42-20-04-001\/#primaryimage\"},\"image\":{\"@id\":\"https:\/\/galli.ch\/uhren\/omega\/seamaster\/diver-300m-210-32-42-20-04-001\/#primaryimage\"},\"thumbnailUrl\":\"https:\/\/galli.ch\/wp-content\/uploads\/210-32-42-20-04-001.png\",\"datePublished\":\"2019-04-15T11:29:16+00:00\",\"dateModified\":\"2026-04-20T16:17:33+00:00\",\"breadcrumb\":{\"@id\":\"https:\/\/galli.ch\/uhren\/omega\/seamaster\/diver-300m-210-32-42-20-04-001\/#breadcrumb\"},\"inLanguage\":\"en-US\",\"potentialAction\":[{\"@type\":\"ReadAction\",\"target\":[\"https:\/\/galli.ch\/uhren\/omega\/seamaster\/diver-300m-210-32-42-20-04-001\/\"]}]},{\"@type\":\"ImageObject\",\"inLanguage\":\"en-US\",\"@id\":\"https:\/\/galli.ch\/uhren\/omega\/seamaster\/diver-300m-210-32-42-20-04-001\/#primaryimage\",\"url\":\"https:\/\/galli.ch\/wp-content\/uploads\/210-32-42-20-04-001.png\",\"contentUrl\":\"https:\/\/galli.ch\/wp-content\/uploads\/210-32-42-20-04-001.png\",\"width\":1000,\"height\":1400,\"caption\":\"Omega Seamster Diver 300M Galli\"},{\"@type\":\"BreadcrumbList\",\"@id\":\"https:\/\/galli.ch\/uhren\/omega\/seamaster\/diver-300m-210-32-42-20-04-001\/#breadcrumb\",\"itemListElement\":[{\"@type\":\"ListItem\",\"position\":1,\"name\":\"Home\",\"item\":\"https:\/\/galli.ch\/en\/\"},{\"@type\":\"ListItem\",\"position\":2,\"name\":\"Uhren\",\"item\":\"https:\/\/galli.ch\/en\/uhren\/\"},{\"@type\":\"ListItem\",\"position\":3,\"name\":\"Omega Seamaster Diver 300M Master Chronometer 42\"}]},{\"@type\":\"WebSite\",\"@id\":\"http:\/\/galli.ch\/en\/#website\",\"url\":\"http:\/\/galli.ch\/en\/\",\"name\":\"Galli Uhren Bijouterie\",\"description\":\"\",\"potentialAction\":[{\"@type\":\"SearchAction\",\"target\":{\"@type\":\"EntryPoint\",\"urlTemplate\":\"http:\/\/galli.ch\/en\/?s={search_term_string}\"},\"query-input\":{\"@type\":\"PropertyValueSpecification\",\"valueRequired\":true,\"valueName\":\"search_term_string\"}}],\"inLanguage\":\"en-US\"}]}<\/script>\n<!-- \/ Yoast SEO plugin. -->","yoast_head_json":{"title":"Omega Seamaster Diver 300M Master Chronometer 42 - Galli Uhren Bijouterie","robots":{"index":"index","follow":"follow","max-snippet":"max-snippet:-1","max-image-preview":"max-image-preview:large","max-video-preview":"max-video-preview:-1"},"canonical":"https:\/\/galli.ch\/uhren\/omega\/seamaster\/diver-300m-210-32-42-20-04-001\/","og_locale":"en_US","og_type":"article","og_title":"Omega Seamaster Diver 300M Master Chronometer 42 - Galli Uhren Bijouterie","og_description":"Seit 1993 hat die Seamaster Professional Diver 300M eine begeisterte Anh\u00e4ngerschaft. Die moderne Kollektion von heute hat das ber\u00fchmte maritime Erbe aufgegriffen und mit OMEGAs innovativen Ideen und bestem Design bereichert. Dieses 42-mm-Modell aus Edelstahl besticht durch eine schwarze Keramikl\u00fcnette mit einer Tauchskala aus weissem Email. Das Zifferblatt besteht ebenfalls aus polierter weisser Keramik und... Weiter &raquo;","og_url":"https:\/\/galli.ch\/uhren\/omega\/seamaster\/diver-300m-210-32-42-20-04-001\/","og_site_name":"Galli Uhren Bijouterie","article_modified_time":"2026-04-20T16:17:33+00:00","og_image":[{"width":1000,"height":1400,"url":"https:\/\/galli.ch\/wp-content\/uploads\/210-32-42-20-04-001.png","type":"image\/png"}],"twitter_card":"summary_large_image","schema":{"@context":"https:\/\/schema.org","@graph":[{"@type":"WebPage","@id":"https:\/\/galli.ch\/uhren\/omega\/seamaster\/diver-300m-210-32-42-20-04-001\/","url":"https:\/\/galli.ch\/uhren\/omega\/seamaster\/diver-300m-210-32-42-20-04-001\/","name":"Omega Seamaster Diver 300M Master Chronometer 42 - Galli Uhren Bijouterie","isPartOf":{"@id":"http:\/\/galli.ch\/en\/#website"},"primaryImageOfPage":{"@id":"https:\/\/galli.ch\/uhren\/omega\/seamaster\/diver-300m-210-32-42-20-04-001\/#primaryimage"},"image":{"@id":"https:\/\/galli.ch\/uhren\/omega\/seamaster\/diver-300m-210-32-42-20-04-001\/#primaryimage"},"thumbnailUrl":"https:\/\/galli.ch\/wp-content\/uploads\/210-32-42-20-04-001.png","datePublished":"2019-04-15T11:29:16+00:00","dateModified":"2026-04-20T16:17:33+00:00","breadcrumb":{"@id":"https:\/\/galli.ch\/uhren\/omega\/seamaster\/diver-300m-210-32-42-20-04-001\/#breadcrumb"},"inLanguage":"en-US","potentialAction":[{"@type":"ReadAction","target":["https:\/\/galli.ch\/uhren\/omega\/seamaster\/diver-300m-210-32-42-20-04-001\/"]}]},{"@type":"ImageObject","inLanguage":"en-US","@id":"https:\/\/galli.ch\/uhren\/omega\/seamaster\/diver-300m-210-32-42-20-04-001\/#primaryimage","url":"https:\/\/galli.ch\/wp-content\/uploads\/210-32-42-20-04-001.png","contentUrl":"https:\/\/galli.ch\/wp-content\/uploads\/210-32-42-20-04-001.png","width":1000,"height":1400,"caption":"Omega Seamster Diver 300M Galli"},{"@type":"BreadcrumbList","@id":"https:\/\/galli.ch\/uhren\/omega\/seamaster\/diver-300m-210-32-42-20-04-001\/#breadcrumb","itemListElement":[{"@type":"ListItem","position":1,"name":"Home","item":"https:\/\/galli.ch\/en\/"},{"@type":"ListItem","position":2,"name":"Uhren","item":"https:\/\/galli.ch\/en\/uhren\/"},{"@type":"ListItem","position":3,"name":"Omega Seamaster Diver 300M Master Chronometer 42"}]},{"@type":"WebSite","@id":"http:\/\/galli.ch\/en\/#website","url":"http:\/\/galli.ch\/en\/","name":"Galli Uhren Bijouterie","description":"","potentialAction":[{"@type":"SearchAction","target":{"@type":"EntryPoint","urlTemplate":"http:\/\/galli.ch\/en\/?s={search_term_string}"},"query-input":{"@type":"PropertyValueSpecification","valueRequired":true,"valueName":"search_term_string"}}],"inLanguage":"en-US"}]}},"_links":{"self":[{"href":"https:\/\/galli.ch\/en\/wp-json\/wp\/v2\/product\/4799","targetHints":{"allow":["GET"]}}],"collection":[{"href":"https:\/\/galli.ch\/en\/wp-json\/wp\/v2\/product"}],"about":[{"href":"https:\/\/galli.ch\/en\/wp-json\/wp\/v2\/types\/product"}],"wp:featuredmedia":[{"embeddable":true,"href":"https:\/\/galli.ch\/en\/wp-json\/wp\/v2\/media\/4678"}],"wp:attachment":[{"href":"https:\/\/galli.ch\/en\/wp-json\/wp\/v2\/media?parent=4799"}],"wp:term":[{"taxonomy":"product_brand","embeddable":true,"href":"https:\/\/galli.ch\/en\/wp-json\/wp\/v2\/product_brand?post=4799"},{"taxonomy":"product_cat","embeddable":true,"href":"https:\/\/galli.ch\/en\/wp-json\/wp\/v2\/product_cat?post=4799"},{"taxonomy":"product_tag","embeddable":true,"href":"https:\/\/galli.ch\/en\/wp-json\/wp\/v2\/product_tag?post=4799"}],"curies":[{"name":"wp","href":"https:\/\/api.w.org\/{rel}","templated":true}]}}