{"id":480,"date":"2018-07-17T16:52:54","date_gmt":"2018-07-17T16:52:54","guid":{"rendered":"http:\/\/galli.ch\/?post_type=uhren&#038;p=480"},"modified":"2026-03-30T10:11:08","modified_gmt":"2026-03-30T08:11:08","slug":"t-lady-7","status":"publish","type":"product","link":"https:\/\/galli.ch\/en\/uhren\/tissot\/t-lady\/t-lady-7\/","title":{"rendered":"Tissot Lovely"},"content":{"rendered":"<p>Diese sch\u00f6ne Uhr in ihrer absolut hinreissenden kleinen Form und dem weiblich runden Geh\u00e4use ist ein echter Klassiker. Die Ausf\u00fchrungen mit Metallarmband k\u00f6nnen als sch\u00f6nes Schmuckst\u00fcck lose am Handgelenk getragen werden und auf Wunsch f\u00fcr zus\u00e4tzliche Glanzeffekte auch mit Diamanten versehen sein. Als Alternative steht ein stilvolles Lederarmband zur Auswahl. Diese wirklich lieblichen Uhren mit ihrem unwiderstehlichen Charme tragen ihren Namen zu Recht.<\/p>\n","protected":false},"excerpt":{"rendered":"<p>Diese sch\u00f6ne Uhr in ihrer absolut hinreissenden kleinen Form und dem weiblich runden Geh\u00e4use ist ein echter Klassiker. Die Ausf\u00fchrungen mit Metallarmband k\u00f6nnen als sch\u00f6nes Schmuckst\u00fcck lose am Handgelenk getragen werden und auf Wunsch f\u00fcr zus\u00e4tzliche Glanzeffekte auch mit Diamanten versehen sein. Als Alternative steht ein stilvolles Lederarmband zur Auswahl. Diese wirklich lieblichen Uhren mit&#8230;  <a class=\"excerpt-read-more\" href=\"https:\/\/galli.ch\/en\/uhren\/tissot\/t-lady\/t-lady-7\/\" title=\"Read Tissot Lovely\">Weiter &raquo;<\/a><\/p>\n","protected":false},"featured_media":433,"template":"","meta":{"_acf_changed":false,"inline_featured_image":false},"product_brand":[],"product_cat":[188],"product_tag":[],"class_list":{"0":"post-480","1":"product","2":"type-product","3":"status-publish","4":"has-post-thumbnail","6":"uhrenhersteller-tissot","7":"uhrenhersteller-t-lady","8":"product_cat-uhren","10":"first","11":"instock","12":"taxable","13":"shipping-taxable","14":"purchasable","15":"product-type-simple"},"acf":[],"yoast_head":"<!-- This site is optimized with the Yoast SEO plugin v25.5 - https:\/\/yoast.com\/wordpress\/plugins\/seo\/ -->\n<title>Tissot Lovely - Galli Uhren Bijouterie<\/title>\n<meta name=\"robots\" content=\"index, follow, max-snippet:-1, max-image-preview:large, max-video-preview:-1\" \/>\n<link rel=\"canonical\" href=\"https:\/\/galli.ch\/uhren\/tissot\/t-lady\/t-lady-7\/\" \/>\n<meta property=\"og:locale\" content=\"en_US\" \/>\n<meta property=\"og:type\" content=\"article\" \/>\n<meta property=\"og:title\" content=\"Tissot Lovely - Galli Uhren Bijouterie\" \/>\n<meta property=\"og:description\" content=\"Diese sch\u00f6ne Uhr in ihrer absolut hinreissenden kleinen Form und dem weiblich runden Geh\u00e4use ist ein echter Klassiker. Die Ausf\u00fchrungen mit Metallarmband k\u00f6nnen als sch\u00f6nes Schmuckst\u00fcck lose am Handgelenk getragen werden und auf Wunsch f\u00fcr zus\u00e4tzliche Glanzeffekte auch mit Diamanten versehen sein. Als Alternative steht ein stilvolles Lederarmband zur Auswahl. Diese wirklich lieblichen Uhren mit... Weiter &raquo;\" \/>\n<meta property=\"og:url\" content=\"https:\/\/galli.ch\/uhren\/tissot\/t-lady\/t-lady-7\/\" \/>\n<meta property=\"og:site_name\" content=\"Galli Uhren Bijouterie\" \/>\n<meta property=\"article:modified_time\" content=\"2026-03-30T08:11:08+00:00\" \/>\n<meta property=\"og:image\" content=\"https:\/\/galli.ch\/wp-content\/uploads\/Tissot_T-Lady_T058_009_33_111_00.png\" \/>\n\t<meta property=\"og:image:width\" content=\"1000\" \/>\n\t<meta property=\"og:image:height\" content=\"1400\" \/>\n\t<meta property=\"og:image:type\" content=\"image\/png\" \/>\n<meta name=\"twitter:card\" content=\"summary_large_image\" \/>\n<script type=\"application\/ld+json\" class=\"yoast-schema-graph\">{\"@context\":\"https:\/\/schema.org\",\"@graph\":[{\"@type\":\"WebPage\",\"@id\":\"https:\/\/galli.ch\/uhren\/tissot\/t-lady\/t-lady-7\/\",\"url\":\"https:\/\/galli.ch\/uhren\/tissot\/t-lady\/t-lady-7\/\",\"name\":\"Tissot Lovely - Galli Uhren Bijouterie\",\"isPartOf\":{\"@id\":\"http:\/\/galli.ch\/en\/#website\"},\"primaryImageOfPage\":{\"@id\":\"https:\/\/galli.ch\/uhren\/tissot\/t-lady\/t-lady-7\/#primaryimage\"},\"image\":{\"@id\":\"https:\/\/galli.ch\/uhren\/tissot\/t-lady\/t-lady-7\/#primaryimage\"},\"thumbnailUrl\":\"https:\/\/galli.ch\/wp-content\/uploads\/Tissot_T-Lady_T058_009_33_111_00.png\",\"datePublished\":\"2018-07-17T16:52:54+00:00\",\"dateModified\":\"2026-03-30T08:11:08+00:00\",\"breadcrumb\":{\"@id\":\"https:\/\/galli.ch\/uhren\/tissot\/t-lady\/t-lady-7\/#breadcrumb\"},\"inLanguage\":\"en-US\",\"potentialAction\":[{\"@type\":\"ReadAction\",\"target\":[\"https:\/\/galli.ch\/uhren\/tissot\/t-lady\/t-lady-7\/\"]}]},{\"@type\":\"ImageObject\",\"inLanguage\":\"en-US\",\"@id\":\"https:\/\/galli.ch\/uhren\/tissot\/t-lady\/t-lady-7\/#primaryimage\",\"url\":\"https:\/\/galli.ch\/wp-content\/uploads\/Tissot_T-Lady_T058_009_33_111_00.png\",\"contentUrl\":\"https:\/\/galli.ch\/wp-content\/uploads\/Tissot_T-Lady_T058_009_33_111_00.png\",\"width\":1000,\"height\":1400,\"caption\":\"Tudor T-Lady\"},{\"@type\":\"BreadcrumbList\",\"@id\":\"https:\/\/galli.ch\/uhren\/tissot\/t-lady\/t-lady-7\/#breadcrumb\",\"itemListElement\":[{\"@type\":\"ListItem\",\"position\":1,\"name\":\"Home\",\"item\":\"https:\/\/galli.ch\/en\/\"},{\"@type\":\"ListItem\",\"position\":2,\"name\":\"Uhren\",\"item\":\"https:\/\/galli.ch\/en\/uhren\/\"},{\"@type\":\"ListItem\",\"position\":3,\"name\":\"Lovely\"}]},{\"@type\":\"WebSite\",\"@id\":\"http:\/\/galli.ch\/en\/#website\",\"url\":\"http:\/\/galli.ch\/en\/\",\"name\":\"Galli Uhren Bijouterie\",\"description\":\"\",\"potentialAction\":[{\"@type\":\"SearchAction\",\"target\":{\"@type\":\"EntryPoint\",\"urlTemplate\":\"http:\/\/galli.ch\/en\/?s={search_term_string}\"},\"query-input\":{\"@type\":\"PropertyValueSpecification\",\"valueRequired\":true,\"valueName\":\"search_term_string\"}}],\"inLanguage\":\"en-US\"}]}<\/script>\n<!-- \/ Yoast SEO plugin. -->","yoast_head_json":{"title":"Tissot Lovely - Galli Uhren Bijouterie","robots":{"index":"index","follow":"follow","max-snippet":"max-snippet:-1","max-image-preview":"max-image-preview:large","max-video-preview":"max-video-preview:-1"},"canonical":"https:\/\/galli.ch\/uhren\/tissot\/t-lady\/t-lady-7\/","og_locale":"en_US","og_type":"article","og_title":"Tissot Lovely - Galli Uhren Bijouterie","og_description":"Diese sch\u00f6ne Uhr in ihrer absolut hinreissenden kleinen Form und dem weiblich runden Geh\u00e4use ist ein echter Klassiker. Die Ausf\u00fchrungen mit Metallarmband k\u00f6nnen als sch\u00f6nes Schmuckst\u00fcck lose am Handgelenk getragen werden und auf Wunsch f\u00fcr zus\u00e4tzliche Glanzeffekte auch mit Diamanten versehen sein. Als Alternative steht ein stilvolles Lederarmband zur Auswahl. Diese wirklich lieblichen Uhren mit... Weiter &raquo;","og_url":"https:\/\/galli.ch\/uhren\/tissot\/t-lady\/t-lady-7\/","og_site_name":"Galli Uhren Bijouterie","article_modified_time":"2026-03-30T08:11:08+00:00","og_image":[{"width":1000,"height":1400,"url":"https:\/\/galli.ch\/wp-content\/uploads\/Tissot_T-Lady_T058_009_33_111_00.png","type":"image\/png"}],"twitter_card":"summary_large_image","schema":{"@context":"https:\/\/schema.org","@graph":[{"@type":"WebPage","@id":"https:\/\/galli.ch\/uhren\/tissot\/t-lady\/t-lady-7\/","url":"https:\/\/galli.ch\/uhren\/tissot\/t-lady\/t-lady-7\/","name":"Tissot Lovely - Galli Uhren Bijouterie","isPartOf":{"@id":"http:\/\/galli.ch\/en\/#website"},"primaryImageOfPage":{"@id":"https:\/\/galli.ch\/uhren\/tissot\/t-lady\/t-lady-7\/#primaryimage"},"image":{"@id":"https:\/\/galli.ch\/uhren\/tissot\/t-lady\/t-lady-7\/#primaryimage"},"thumbnailUrl":"https:\/\/galli.ch\/wp-content\/uploads\/Tissot_T-Lady_T058_009_33_111_00.png","datePublished":"2018-07-17T16:52:54+00:00","dateModified":"2026-03-30T08:11:08+00:00","breadcrumb":{"@id":"https:\/\/galli.ch\/uhren\/tissot\/t-lady\/t-lady-7\/#breadcrumb"},"inLanguage":"en-US","potentialAction":[{"@type":"ReadAction","target":["https:\/\/galli.ch\/uhren\/tissot\/t-lady\/t-lady-7\/"]}]},{"@type":"ImageObject","inLanguage":"en-US","@id":"https:\/\/galli.ch\/uhren\/tissot\/t-lady\/t-lady-7\/#primaryimage","url":"https:\/\/galli.ch\/wp-content\/uploads\/Tissot_T-Lady_T058_009_33_111_00.png","contentUrl":"https:\/\/galli.ch\/wp-content\/uploads\/Tissot_T-Lady_T058_009_33_111_00.png","width":1000,"height":1400,"caption":"Tudor T-Lady"},{"@type":"BreadcrumbList","@id":"https:\/\/galli.ch\/uhren\/tissot\/t-lady\/t-lady-7\/#breadcrumb","itemListElement":[{"@type":"ListItem","position":1,"name":"Home","item":"https:\/\/galli.ch\/en\/"},{"@type":"ListItem","position":2,"name":"Uhren","item":"https:\/\/galli.ch\/en\/uhren\/"},{"@type":"ListItem","position":3,"name":"Lovely"}]},{"@type":"WebSite","@id":"http:\/\/galli.ch\/en\/#website","url":"http:\/\/galli.ch\/en\/","name":"Galli Uhren Bijouterie","description":"","potentialAction":[{"@type":"SearchAction","target":{"@type":"EntryPoint","urlTemplate":"http:\/\/galli.ch\/en\/?s={search_term_string}"},"query-input":{"@type":"PropertyValueSpecification","valueRequired":true,"valueName":"search_term_string"}}],"inLanguage":"en-US"}]}},"_links":{"self":[{"href":"https:\/\/galli.ch\/en\/wp-json\/wp\/v2\/product\/480","targetHints":{"allow":["GET"]}}],"collection":[{"href":"https:\/\/galli.ch\/en\/wp-json\/wp\/v2\/product"}],"about":[{"href":"https:\/\/galli.ch\/en\/wp-json\/wp\/v2\/types\/product"}],"wp:featuredmedia":[{"embeddable":true,"href":"https:\/\/galli.ch\/en\/wp-json\/wp\/v2\/media\/433"}],"wp:attachment":[{"href":"https:\/\/galli.ch\/en\/wp-json\/wp\/v2\/media?parent=480"}],"wp:term":[{"taxonomy":"product_brand","embeddable":true,"href":"https:\/\/galli.ch\/en\/wp-json\/wp\/v2\/product_brand?post=480"},{"taxonomy":"product_cat","embeddable":true,"href":"https:\/\/galli.ch\/en\/wp-json\/wp\/v2\/product_cat?post=480"},{"taxonomy":"product_tag","embeddable":true,"href":"https:\/\/galli.ch\/en\/wp-json\/wp\/v2\/product_tag?post=480"}],"curies":[{"name":"wp","href":"https:\/\/api.w.org\/{rel}","templated":true}]}}