{"id":48190,"date":"2025-12-02T16:39:38","date_gmt":"2025-12-02T15:39:38","guid":{"rendered":"https:\/\/galli.ch\/?post_type=product&#038;p=48190"},"modified":"2025-12-02T16:52:45","modified_gmt":"2025-12-02T15:52:45","slug":"cartier-mini-baignoire-2368","status":"publish","type":"product","link":"https:\/\/galli.ch\/en\/uhren\/galli-cpo\/weitere-marken\/cartier-mini-baignoire-2368\/","title":{"rendered":"Cartier Mini Baignoire"},"content":{"rendered":"<p>Die Baignoire ist seit \u00fcber einem Jahrhundert ein Synonym f\u00fcr zeitlose Weiblichkeit im Hause Cartier. Diese Miniaturversion, deren Name &#8220;Badewanne&#8221; sich von ihrer einzigartig gestreckten, ovalen Form ableitet, ist mehr als nur eine Uhr \u2013 sie ist ein diskretes Statement von Pariser Chic. In dieser puren Goldausf\u00fchrung liegt der Fokus ganz auf der makellosen Verarbeitung des Edelmetalls und den klassischen, klaren Linien. Die Mini Baignoire verk\u00f6rpert die perfekte Synthese aus Uhrmacherkunst und filigranem, metallischem Design. Sie ist die ultimative Wahl f\u00fcr die Kennerin, die die St\u00e4rke und die schlichte Eleganz des reinen Materials sch\u00e4tzt.<\/p>\n<p>Jahrgang: N\/A<\/p>\n<p>Zustand: Gut<\/p>\n<p>Original Papiere: Nein<\/p>\n<p>Original Box: Ja<\/p>\n<p>Bemerkung: Das Band ist aus 18 Kt. Gelbgold<\/p>\n","protected":false},"excerpt":{"rendered":"<p>Die Baignoire ist seit \u00fcber einem Jahrhundert ein Synonym f\u00fcr zeitlose Weiblichkeit im Hause Cartier. Diese Miniaturversion, deren Name &#8220;Badewanne&#8221; sich von ihrer einzigartig gestreckten, ovalen Form ableitet, ist mehr als nur eine Uhr \u2013 sie ist ein diskretes Statement von Pariser Chic. In dieser puren Goldausf\u00fchrung liegt der Fokus ganz auf der makellosen Verarbeitung&#8230;  <a class=\"excerpt-read-more\" href=\"https:\/\/galli.ch\/en\/uhren\/galli-cpo\/weitere-marken\/cartier-mini-baignoire-2368\/\" title=\"Read Cartier Mini Baignoire\">Weiter &raquo;<\/a><\/p>\n","protected":false},"featured_media":48200,"template":"","meta":{"_acf_changed":false,"inline_featured_image":false},"product_brand":[],"product_cat":[188],"product_tag":[],"class_list":{"0":"post-48190","1":"product","2":"type-product","3":"status-publish","4":"has-post-thumbnail","6":"uhrenhersteller-galli-cpo","7":"uhrenhersteller-weitere-marken","8":"product_cat-uhren","10":"first","11":"instock","12":"taxable","13":"shipping-taxable","14":"purchasable","15":"product-type-simple"},"acf":[],"yoast_head":"<!-- This site is optimized with the Yoast SEO plugin v25.5 - https:\/\/yoast.com\/wordpress\/plugins\/seo\/ -->\n<title>Cartier Mini Baignoire - Galli Uhren Bijouterie<\/title>\n<meta name=\"robots\" content=\"index, follow, max-snippet:-1, max-image-preview:large, max-video-preview:-1\" \/>\n<link rel=\"canonical\" href=\"https:\/\/galli.ch\/uhren\/galli-cpo\/weitere-marken\/cartier-mini-baignoire-2368\/\" \/>\n<meta property=\"og:locale\" content=\"en_US\" \/>\n<meta property=\"og:type\" content=\"article\" \/>\n<meta property=\"og:title\" content=\"Cartier Mini Baignoire - Galli Uhren Bijouterie\" \/>\n<meta property=\"og:description\" content=\"Die Baignoire ist seit \u00fcber einem Jahrhundert ein Synonym f\u00fcr zeitlose Weiblichkeit im Hause Cartier. Diese Miniaturversion, deren Name &#8220;Badewanne&#8221; sich von ihrer einzigartig gestreckten, ovalen Form ableitet, ist mehr als nur eine Uhr \u2013 sie ist ein diskretes Statement von Pariser Chic. In dieser puren Goldausf\u00fchrung liegt der Fokus ganz auf der makellosen Verarbeitung... Weiter &raquo;\" \/>\n<meta property=\"og:url\" content=\"https:\/\/galli.ch\/uhren\/galli-cpo\/weitere-marken\/cartier-mini-baignoire-2368\/\" \/>\n<meta property=\"og:site_name\" content=\"Galli Uhren Bijouterie\" \/>\n<meta property=\"article:modified_time\" content=\"2025-12-02T15:52:45+00:00\" \/>\n<meta property=\"og:image\" content=\"https:\/\/galli.ch\/wp-content\/uploads\/IMG_7288.png\" \/>\n\t<meta property=\"og:image:width\" content=\"1000\" \/>\n\t<meta property=\"og:image:height\" content=\"1400\" \/>\n\t<meta property=\"og:image:type\" content=\"image\/png\" \/>\n<meta name=\"twitter:card\" content=\"summary_large_image\" \/>\n<script type=\"application\/ld+json\" class=\"yoast-schema-graph\">{\"@context\":\"https:\/\/schema.org\",\"@graph\":[{\"@type\":\"WebPage\",\"@id\":\"https:\/\/galli.ch\/uhren\/galli-cpo\/weitere-marken\/cartier-mini-baignoire-2368\/\",\"url\":\"https:\/\/galli.ch\/uhren\/galli-cpo\/weitere-marken\/cartier-mini-baignoire-2368\/\",\"name\":\"Cartier Mini Baignoire - Galli Uhren Bijouterie\",\"isPartOf\":{\"@id\":\"http:\/\/galli.ch\/en\/#website\"},\"primaryImageOfPage\":{\"@id\":\"https:\/\/galli.ch\/uhren\/galli-cpo\/weitere-marken\/cartier-mini-baignoire-2368\/#primaryimage\"},\"image\":{\"@id\":\"https:\/\/galli.ch\/uhren\/galli-cpo\/weitere-marken\/cartier-mini-baignoire-2368\/#primaryimage\"},\"thumbnailUrl\":\"https:\/\/galli.ch\/wp-content\/uploads\/IMG_7288.png\",\"datePublished\":\"2025-12-02T15:39:38+00:00\",\"dateModified\":\"2025-12-02T15:52:45+00:00\",\"breadcrumb\":{\"@id\":\"https:\/\/galli.ch\/uhren\/galli-cpo\/weitere-marken\/cartier-mini-baignoire-2368\/#breadcrumb\"},\"inLanguage\":\"en-US\",\"potentialAction\":[{\"@type\":\"ReadAction\",\"target\":[\"https:\/\/galli.ch\/uhren\/galli-cpo\/weitere-marken\/cartier-mini-baignoire-2368\/\"]}]},{\"@type\":\"ImageObject\",\"inLanguage\":\"en-US\",\"@id\":\"https:\/\/galli.ch\/uhren\/galli-cpo\/weitere-marken\/cartier-mini-baignoire-2368\/#primaryimage\",\"url\":\"https:\/\/galli.ch\/wp-content\/uploads\/IMG_7288.png\",\"contentUrl\":\"https:\/\/galli.ch\/wp-content\/uploads\/IMG_7288.png\",\"width\":1000,\"height\":1400},{\"@type\":\"BreadcrumbList\",\"@id\":\"https:\/\/galli.ch\/uhren\/galli-cpo\/weitere-marken\/cartier-mini-baignoire-2368\/#breadcrumb\",\"itemListElement\":[{\"@type\":\"ListItem\",\"position\":1,\"name\":\"Home\",\"item\":\"https:\/\/galli.ch\/en\/\"},{\"@type\":\"ListItem\",\"position\":2,\"name\":\"Uhren\",\"item\":\"https:\/\/galli.ch\/en\/uhren\/\"},{\"@type\":\"ListItem\",\"position\":3,\"name\":\"Cartier Mini Baignoire\"}]},{\"@type\":\"WebSite\",\"@id\":\"http:\/\/galli.ch\/en\/#website\",\"url\":\"http:\/\/galli.ch\/en\/\",\"name\":\"Galli Uhren Bijouterie\",\"description\":\"\",\"potentialAction\":[{\"@type\":\"SearchAction\",\"target\":{\"@type\":\"EntryPoint\",\"urlTemplate\":\"http:\/\/galli.ch\/en\/?s={search_term_string}\"},\"query-input\":{\"@type\":\"PropertyValueSpecification\",\"valueRequired\":true,\"valueName\":\"search_term_string\"}}],\"inLanguage\":\"en-US\"}]}<\/script>\n<!-- \/ Yoast SEO plugin. -->","yoast_head_json":{"title":"Cartier Mini Baignoire - Galli Uhren Bijouterie","robots":{"index":"index","follow":"follow","max-snippet":"max-snippet:-1","max-image-preview":"max-image-preview:large","max-video-preview":"max-video-preview:-1"},"canonical":"https:\/\/galli.ch\/uhren\/galli-cpo\/weitere-marken\/cartier-mini-baignoire-2368\/","og_locale":"en_US","og_type":"article","og_title":"Cartier Mini Baignoire - Galli Uhren Bijouterie","og_description":"Die Baignoire ist seit \u00fcber einem Jahrhundert ein Synonym f\u00fcr zeitlose Weiblichkeit im Hause Cartier. Diese Miniaturversion, deren Name &#8220;Badewanne&#8221; sich von ihrer einzigartig gestreckten, ovalen Form ableitet, ist mehr als nur eine Uhr \u2013 sie ist ein diskretes Statement von Pariser Chic. In dieser puren Goldausf\u00fchrung liegt der Fokus ganz auf der makellosen Verarbeitung... Weiter &raquo;","og_url":"https:\/\/galli.ch\/uhren\/galli-cpo\/weitere-marken\/cartier-mini-baignoire-2368\/","og_site_name":"Galli Uhren Bijouterie","article_modified_time":"2025-12-02T15:52:45+00:00","og_image":[{"width":1000,"height":1400,"url":"https:\/\/galli.ch\/wp-content\/uploads\/IMG_7288.png","type":"image\/png"}],"twitter_card":"summary_large_image","schema":{"@context":"https:\/\/schema.org","@graph":[{"@type":"WebPage","@id":"https:\/\/galli.ch\/uhren\/galli-cpo\/weitere-marken\/cartier-mini-baignoire-2368\/","url":"https:\/\/galli.ch\/uhren\/galli-cpo\/weitere-marken\/cartier-mini-baignoire-2368\/","name":"Cartier Mini Baignoire - Galli Uhren Bijouterie","isPartOf":{"@id":"http:\/\/galli.ch\/en\/#website"},"primaryImageOfPage":{"@id":"https:\/\/galli.ch\/uhren\/galli-cpo\/weitere-marken\/cartier-mini-baignoire-2368\/#primaryimage"},"image":{"@id":"https:\/\/galli.ch\/uhren\/galli-cpo\/weitere-marken\/cartier-mini-baignoire-2368\/#primaryimage"},"thumbnailUrl":"https:\/\/galli.ch\/wp-content\/uploads\/IMG_7288.png","datePublished":"2025-12-02T15:39:38+00:00","dateModified":"2025-12-02T15:52:45+00:00","breadcrumb":{"@id":"https:\/\/galli.ch\/uhren\/galli-cpo\/weitere-marken\/cartier-mini-baignoire-2368\/#breadcrumb"},"inLanguage":"en-US","potentialAction":[{"@type":"ReadAction","target":["https:\/\/galli.ch\/uhren\/galli-cpo\/weitere-marken\/cartier-mini-baignoire-2368\/"]}]},{"@type":"ImageObject","inLanguage":"en-US","@id":"https:\/\/galli.ch\/uhren\/galli-cpo\/weitere-marken\/cartier-mini-baignoire-2368\/#primaryimage","url":"https:\/\/galli.ch\/wp-content\/uploads\/IMG_7288.png","contentUrl":"https:\/\/galli.ch\/wp-content\/uploads\/IMG_7288.png","width":1000,"height":1400},{"@type":"BreadcrumbList","@id":"https:\/\/galli.ch\/uhren\/galli-cpo\/weitere-marken\/cartier-mini-baignoire-2368\/#breadcrumb","itemListElement":[{"@type":"ListItem","position":1,"name":"Home","item":"https:\/\/galli.ch\/en\/"},{"@type":"ListItem","position":2,"name":"Uhren","item":"https:\/\/galli.ch\/en\/uhren\/"},{"@type":"ListItem","position":3,"name":"Cartier Mini Baignoire"}]},{"@type":"WebSite","@id":"http:\/\/galli.ch\/en\/#website","url":"http:\/\/galli.ch\/en\/","name":"Galli Uhren Bijouterie","description":"","potentialAction":[{"@type":"SearchAction","target":{"@type":"EntryPoint","urlTemplate":"http:\/\/galli.ch\/en\/?s={search_term_string}"},"query-input":{"@type":"PropertyValueSpecification","valueRequired":true,"valueName":"search_term_string"}}],"inLanguage":"en-US"}]}},"_links":{"self":[{"href":"https:\/\/galli.ch\/en\/wp-json\/wp\/v2\/product\/48190","targetHints":{"allow":["GET"]}}],"collection":[{"href":"https:\/\/galli.ch\/en\/wp-json\/wp\/v2\/product"}],"about":[{"href":"https:\/\/galli.ch\/en\/wp-json\/wp\/v2\/types\/product"}],"wp:featuredmedia":[{"embeddable":true,"href":"https:\/\/galli.ch\/en\/wp-json\/wp\/v2\/media\/48200"}],"wp:attachment":[{"href":"https:\/\/galli.ch\/en\/wp-json\/wp\/v2\/media?parent=48190"}],"wp:term":[{"taxonomy":"product_brand","embeddable":true,"href":"https:\/\/galli.ch\/en\/wp-json\/wp\/v2\/product_brand?post=48190"},{"taxonomy":"product_cat","embeddable":true,"href":"https:\/\/galli.ch\/en\/wp-json\/wp\/v2\/product_cat?post=48190"},{"taxonomy":"product_tag","embeddable":true,"href":"https:\/\/galli.ch\/en\/wp-json\/wp\/v2\/product_tag?post=48190"}],"curies":[{"name":"wp","href":"https:\/\/api.w.org\/{rel}","templated":true}]}}