{"id":48881,"date":"2026-01-07T16:21:06","date_gmt":"2026-01-07T15:21:06","guid":{"rendered":"https:\/\/galli.ch\/?post_type=product&#038;p=48881"},"modified":"2026-01-07T16:49:37","modified_gmt":"2026-01-07T15:49:37","slug":"breitling-aviator-8-a45330101b1a1","status":"publish","type":"product","link":"https:\/\/galli.ch\/en\/uhren\/galli-cpo\/breitling-2\/breitling-aviator-8-a45330101b1a1\/","title":{"rendered":"Breitling Aviator 8"},"content":{"rendered":"<p>Diese Breitling ist eine moderne Hommage an das reiche Erbe der Fliegerei und verbindet die \u00c4sthetik historischer Borduhren aus den 1930er- und 40er-Jahren mit zeitgem\u00e4\u00dfer Eleganz. Als markanter Aviator 8 Day-Date Zeitmesser besticht sie durch ein klares, funktionales Design, bei dem die Wochentagsanzeige prominent bei 12 Uhr und das Datum bei 6 Uhr positioniert sind.<\/p>\n<p>Jahrgang: 2019<\/p>\n<p>Zustand: Gut<\/p>\n<p>Original Papiere: Ja<\/p>\n<p>Original Box: Ja<\/p>\n<p>Lieferumfang: zwei Breitling Lederboxen<\/p>\n","protected":false},"excerpt":{"rendered":"<p>Diese Breitling ist eine moderne Hommage an das reiche Erbe der Fliegerei und verbindet die \u00c4sthetik historischer Borduhren aus den 1930er- und 40er-Jahren mit zeitgem\u00e4\u00dfer Eleganz. Als markanter Aviator 8 Day-Date Zeitmesser besticht sie durch ein klares, funktionales Design, bei dem die Wochentagsanzeige prominent bei 12 Uhr und das Datum bei 6 Uhr positioniert sind&#8230;.  <a class=\"excerpt-read-more\" href=\"https:\/\/galli.ch\/en\/uhren\/galli-cpo\/breitling-2\/breitling-aviator-8-a45330101b1a1\/\" title=\"Read Breitling Aviator 8\">Weiter &raquo;<\/a><\/p>\n","protected":false},"featured_media":48882,"template":"","meta":{"_acf_changed":false,"inline_featured_image":false},"product_brand":[],"product_cat":[188],"product_tag":[],"class_list":{"0":"post-48881","1":"product","2":"type-product","3":"status-publish","4":"has-post-thumbnail","6":"uhrenhersteller-galli-cpo","7":"uhrenhersteller-breitling-2","8":"product_cat-uhren","10":"first","11":"instock","12":"taxable","13":"shipping-taxable","14":"purchasable","15":"product-type-simple"},"acf":[],"yoast_head":"<!-- This site is optimized with the Yoast SEO plugin v25.5 - https:\/\/yoast.com\/wordpress\/plugins\/seo\/ -->\n<title>Breitling Aviator 8 - Galli Uhren Bijouterie<\/title>\n<meta name=\"robots\" content=\"index, follow, max-snippet:-1, max-image-preview:large, max-video-preview:-1\" \/>\n<link rel=\"canonical\" href=\"https:\/\/galli.ch\/uhren\/galli-cpo\/breitling-2\/breitling-aviator-8-a45330101b1a1\/\" \/>\n<meta property=\"og:locale\" content=\"en_US\" \/>\n<meta property=\"og:type\" content=\"article\" \/>\n<meta property=\"og:title\" content=\"Breitling Aviator 8 - Galli Uhren Bijouterie\" \/>\n<meta property=\"og:description\" content=\"Diese Breitling ist eine moderne Hommage an das reiche Erbe der Fliegerei und verbindet die \u00c4sthetik historischer Borduhren aus den 1930er- und 40er-Jahren mit zeitgem\u00e4\u00dfer Eleganz. Als markanter Aviator 8 Day-Date Zeitmesser besticht sie durch ein klares, funktionales Design, bei dem die Wochentagsanzeige prominent bei 12 Uhr und das Datum bei 6 Uhr positioniert sind.... Weiter &raquo;\" \/>\n<meta property=\"og:url\" content=\"https:\/\/galli.ch\/uhren\/galli-cpo\/breitling-2\/breitling-aviator-8-a45330101b1a1\/\" \/>\n<meta property=\"og:site_name\" content=\"Galli Uhren Bijouterie\" \/>\n<meta property=\"article:modified_time\" content=\"2026-01-07T15:49:37+00:00\" \/>\n<meta property=\"og:image\" content=\"https:\/\/galli.ch\/wp-content\/uploads\/IMG_7791.png\" \/>\n\t<meta property=\"og:image:width\" content=\"1000\" \/>\n\t<meta property=\"og:image:height\" content=\"1400\" \/>\n\t<meta property=\"og:image:type\" content=\"image\/png\" \/>\n<meta name=\"twitter:card\" content=\"summary_large_image\" \/>\n<script type=\"application\/ld+json\" class=\"yoast-schema-graph\">{\"@context\":\"https:\/\/schema.org\",\"@graph\":[{\"@type\":\"WebPage\",\"@id\":\"https:\/\/galli.ch\/uhren\/galli-cpo\/breitling-2\/breitling-aviator-8-a45330101b1a1\/\",\"url\":\"https:\/\/galli.ch\/uhren\/galli-cpo\/breitling-2\/breitling-aviator-8-a45330101b1a1\/\",\"name\":\"Breitling Aviator 8 - Galli Uhren Bijouterie\",\"isPartOf\":{\"@id\":\"http:\/\/galli.ch\/en\/#website\"},\"primaryImageOfPage\":{\"@id\":\"https:\/\/galli.ch\/uhren\/galli-cpo\/breitling-2\/breitling-aviator-8-a45330101b1a1\/#primaryimage\"},\"image\":{\"@id\":\"https:\/\/galli.ch\/uhren\/galli-cpo\/breitling-2\/breitling-aviator-8-a45330101b1a1\/#primaryimage\"},\"thumbnailUrl\":\"https:\/\/galli.ch\/wp-content\/uploads\/IMG_7791.png\",\"datePublished\":\"2026-01-07T15:21:06+00:00\",\"dateModified\":\"2026-01-07T15:49:37+00:00\",\"breadcrumb\":{\"@id\":\"https:\/\/galli.ch\/uhren\/galli-cpo\/breitling-2\/breitling-aviator-8-a45330101b1a1\/#breadcrumb\"},\"inLanguage\":\"en-US\",\"potentialAction\":[{\"@type\":\"ReadAction\",\"target\":[\"https:\/\/galli.ch\/uhren\/galli-cpo\/breitling-2\/breitling-aviator-8-a45330101b1a1\/\"]}]},{\"@type\":\"ImageObject\",\"inLanguage\":\"en-US\",\"@id\":\"https:\/\/galli.ch\/uhren\/galli-cpo\/breitling-2\/breitling-aviator-8-a45330101b1a1\/#primaryimage\",\"url\":\"https:\/\/galli.ch\/wp-content\/uploads\/IMG_7791.png\",\"contentUrl\":\"https:\/\/galli.ch\/wp-content\/uploads\/IMG_7791.png\",\"width\":1000,\"height\":1400},{\"@type\":\"BreadcrumbList\",\"@id\":\"https:\/\/galli.ch\/uhren\/galli-cpo\/breitling-2\/breitling-aviator-8-a45330101b1a1\/#breadcrumb\",\"itemListElement\":[{\"@type\":\"ListItem\",\"position\":1,\"name\":\"Home\",\"item\":\"https:\/\/galli.ch\/en\/\"},{\"@type\":\"ListItem\",\"position\":2,\"name\":\"Uhren\",\"item\":\"https:\/\/galli.ch\/en\/uhren\/\"},{\"@type\":\"ListItem\",\"position\":3,\"name\":\"Breitling Aviator 8\"}]},{\"@type\":\"WebSite\",\"@id\":\"http:\/\/galli.ch\/en\/#website\",\"url\":\"http:\/\/galli.ch\/en\/\",\"name\":\"Galli Uhren Bijouterie\",\"description\":\"\",\"potentialAction\":[{\"@type\":\"SearchAction\",\"target\":{\"@type\":\"EntryPoint\",\"urlTemplate\":\"http:\/\/galli.ch\/en\/?s={search_term_string}\"},\"query-input\":{\"@type\":\"PropertyValueSpecification\",\"valueRequired\":true,\"valueName\":\"search_term_string\"}}],\"inLanguage\":\"en-US\"}]}<\/script>\n<!-- \/ Yoast SEO plugin. -->","yoast_head_json":{"title":"Breitling Aviator 8 - Galli Uhren Bijouterie","robots":{"index":"index","follow":"follow","max-snippet":"max-snippet:-1","max-image-preview":"max-image-preview:large","max-video-preview":"max-video-preview:-1"},"canonical":"https:\/\/galli.ch\/uhren\/galli-cpo\/breitling-2\/breitling-aviator-8-a45330101b1a1\/","og_locale":"en_US","og_type":"article","og_title":"Breitling Aviator 8 - Galli Uhren Bijouterie","og_description":"Diese Breitling ist eine moderne Hommage an das reiche Erbe der Fliegerei und verbindet die \u00c4sthetik historischer Borduhren aus den 1930er- und 40er-Jahren mit zeitgem\u00e4\u00dfer Eleganz. Als markanter Aviator 8 Day-Date Zeitmesser besticht sie durch ein klares, funktionales Design, bei dem die Wochentagsanzeige prominent bei 12 Uhr und das Datum bei 6 Uhr positioniert sind.... Weiter &raquo;","og_url":"https:\/\/galli.ch\/uhren\/galli-cpo\/breitling-2\/breitling-aviator-8-a45330101b1a1\/","og_site_name":"Galli Uhren Bijouterie","article_modified_time":"2026-01-07T15:49:37+00:00","og_image":[{"width":1000,"height":1400,"url":"https:\/\/galli.ch\/wp-content\/uploads\/IMG_7791.png","type":"image\/png"}],"twitter_card":"summary_large_image","schema":{"@context":"https:\/\/schema.org","@graph":[{"@type":"WebPage","@id":"https:\/\/galli.ch\/uhren\/galli-cpo\/breitling-2\/breitling-aviator-8-a45330101b1a1\/","url":"https:\/\/galli.ch\/uhren\/galli-cpo\/breitling-2\/breitling-aviator-8-a45330101b1a1\/","name":"Breitling Aviator 8 - Galli Uhren Bijouterie","isPartOf":{"@id":"http:\/\/galli.ch\/en\/#website"},"primaryImageOfPage":{"@id":"https:\/\/galli.ch\/uhren\/galli-cpo\/breitling-2\/breitling-aviator-8-a45330101b1a1\/#primaryimage"},"image":{"@id":"https:\/\/galli.ch\/uhren\/galli-cpo\/breitling-2\/breitling-aviator-8-a45330101b1a1\/#primaryimage"},"thumbnailUrl":"https:\/\/galli.ch\/wp-content\/uploads\/IMG_7791.png","datePublished":"2026-01-07T15:21:06+00:00","dateModified":"2026-01-07T15:49:37+00:00","breadcrumb":{"@id":"https:\/\/galli.ch\/uhren\/galli-cpo\/breitling-2\/breitling-aviator-8-a45330101b1a1\/#breadcrumb"},"inLanguage":"en-US","potentialAction":[{"@type":"ReadAction","target":["https:\/\/galli.ch\/uhren\/galli-cpo\/breitling-2\/breitling-aviator-8-a45330101b1a1\/"]}]},{"@type":"ImageObject","inLanguage":"en-US","@id":"https:\/\/galli.ch\/uhren\/galli-cpo\/breitling-2\/breitling-aviator-8-a45330101b1a1\/#primaryimage","url":"https:\/\/galli.ch\/wp-content\/uploads\/IMG_7791.png","contentUrl":"https:\/\/galli.ch\/wp-content\/uploads\/IMG_7791.png","width":1000,"height":1400},{"@type":"BreadcrumbList","@id":"https:\/\/galli.ch\/uhren\/galli-cpo\/breitling-2\/breitling-aviator-8-a45330101b1a1\/#breadcrumb","itemListElement":[{"@type":"ListItem","position":1,"name":"Home","item":"https:\/\/galli.ch\/en\/"},{"@type":"ListItem","position":2,"name":"Uhren","item":"https:\/\/galli.ch\/en\/uhren\/"},{"@type":"ListItem","position":3,"name":"Breitling Aviator 8"}]},{"@type":"WebSite","@id":"http:\/\/galli.ch\/en\/#website","url":"http:\/\/galli.ch\/en\/","name":"Galli Uhren Bijouterie","description":"","potentialAction":[{"@type":"SearchAction","target":{"@type":"EntryPoint","urlTemplate":"http:\/\/galli.ch\/en\/?s={search_term_string}"},"query-input":{"@type":"PropertyValueSpecification","valueRequired":true,"valueName":"search_term_string"}}],"inLanguage":"en-US"}]}},"_links":{"self":[{"href":"https:\/\/galli.ch\/en\/wp-json\/wp\/v2\/product\/48881","targetHints":{"allow":["GET"]}}],"collection":[{"href":"https:\/\/galli.ch\/en\/wp-json\/wp\/v2\/product"}],"about":[{"href":"https:\/\/galli.ch\/en\/wp-json\/wp\/v2\/types\/product"}],"wp:featuredmedia":[{"embeddable":true,"href":"https:\/\/galli.ch\/en\/wp-json\/wp\/v2\/media\/48882"}],"wp:attachment":[{"href":"https:\/\/galli.ch\/en\/wp-json\/wp\/v2\/media?parent=48881"}],"wp:term":[{"taxonomy":"product_brand","embeddable":true,"href":"https:\/\/galli.ch\/en\/wp-json\/wp\/v2\/product_brand?post=48881"},{"taxonomy":"product_cat","embeddable":true,"href":"https:\/\/galli.ch\/en\/wp-json\/wp\/v2\/product_cat?post=48881"},{"taxonomy":"product_tag","embeddable":true,"href":"https:\/\/galli.ch\/en\/wp-json\/wp\/v2\/product_tag?post=48881"}],"curies":[{"name":"wp","href":"https:\/\/api.w.org\/{rel}","templated":true}]}}