{"id":48942,"date":"2026-01-14T12:47:12","date_gmt":"2026-01-14T11:47:12","guid":{"rendered":"https:\/\/galli.ch\/?post_type=product&#038;p=48942"},"modified":"2026-03-30T10:18:14","modified_gmt":"2026-03-30T08:18:14","slug":"professional-metas-safirglas-310-30-42-50-01-004","status":"publish","type":"product","link":"https:\/\/galli.ch\/en\/uhren\/omega\/speedmaster\/professional-metas-safirglas-310-30-42-50-01-004\/","title":{"rendered":"Omega Moonwatch Professional METAS Safirglas"},"content":{"rendered":"<p>Anfang 2026 wurde die Speedmaster Moonwatch Kollektion um ein Reverse-Panda Zifferblatt erweitert. Technisch basiert dieses Modell auf den bisherigen Moonwatch-Modellen, bestechen sie durch neu konstruierte zweistufen-Zifferbl\u00e4tter. Die Hilfszifferbl\u00e4tter (Totalisatoren) sind hierbei tiefer in das Blatt eingelassen, was f\u00fcr eine st\u00e4rkere optische Tiefe sorgt.<\/p>\n<p>Bemerkenswert ist, dass dieses Modell nun dieselbe flache Bauh\u00f6he wie die Standard-Moonwatch mit Hesalitglas aufweist. Zudem sind beide Referenzen mit einer hochwertigen Keramikl\u00fcnette<b> <\/b>ausgestattet, die das bisherige Inlay aus Aluminium ersetzt.<\/p>\n","protected":false},"excerpt":{"rendered":"<p>Anfang 2026 wurde die Speedmaster Moonwatch Kollektion um ein Reverse-Panda Zifferblatt erweitert. Technisch basiert dieses Modell auf den bisherigen Moonwatch-Modellen, bestechen sie durch neu konstruierte zweistufen-Zifferbl\u00e4tter. Die Hilfszifferbl\u00e4tter (Totalisatoren) sind hierbei tiefer in das Blatt eingelassen, was f\u00fcr eine st\u00e4rkere optische Tiefe sorgt. Bemerkenswert ist, dass dieses Modell nun dieselbe flache Bauh\u00f6he wie die Standard-Moonwatch&#8230;  <a class=\"excerpt-read-more\" href=\"https:\/\/galli.ch\/en\/uhren\/omega\/speedmaster\/professional-metas-safirglas-310-30-42-50-01-004\/\" title=\"Read Omega Moonwatch Professional METAS Safirglas\">Weiter &raquo;<\/a><\/p>\n","protected":false},"featured_media":48936,"template":"","meta":{"_acf_changed":false,"inline_featured_image":false},"product_brand":[],"product_cat":[188],"product_tag":[],"class_list":{"0":"post-48942","1":"product","2":"type-product","3":"status-publish","4":"has-post-thumbnail","6":"uhrenhersteller-omega","7":"uhrenhersteller-speedmaster","8":"product_cat-uhren","10":"first","11":"instock","12":"taxable","13":"shipping-taxable","14":"purchasable","15":"product-type-simple"},"acf":[],"yoast_head":"<!-- This site is optimized with the Yoast SEO plugin v25.5 - https:\/\/yoast.com\/wordpress\/plugins\/seo\/ -->\n<title>Omega Moonwatch Professional METAS Safirglas - Galli Uhren Bijouterie<\/title>\n<meta name=\"robots\" content=\"index, follow, max-snippet:-1, max-image-preview:large, max-video-preview:-1\" \/>\n<link rel=\"canonical\" href=\"https:\/\/galli.ch\/uhren\/omega\/speedmaster\/professional-metas-safirglas-310-30-42-50-01-004\/\" \/>\n<meta property=\"og:locale\" content=\"en_US\" \/>\n<meta property=\"og:type\" content=\"article\" \/>\n<meta property=\"og:title\" content=\"Omega Moonwatch Professional METAS Safirglas - Galli Uhren Bijouterie\" \/>\n<meta property=\"og:description\" content=\"Anfang 2026 wurde die Speedmaster Moonwatch Kollektion um ein Reverse-Panda Zifferblatt erweitert. Technisch basiert dieses Modell auf den bisherigen Moonwatch-Modellen, bestechen sie durch neu konstruierte zweistufen-Zifferbl\u00e4tter. Die Hilfszifferbl\u00e4tter (Totalisatoren) sind hierbei tiefer in das Blatt eingelassen, was f\u00fcr eine st\u00e4rkere optische Tiefe sorgt. Bemerkenswert ist, dass dieses Modell nun dieselbe flache Bauh\u00f6he wie die Standard-Moonwatch... Weiter &raquo;\" \/>\n<meta property=\"og:url\" content=\"https:\/\/galli.ch\/uhren\/omega\/speedmaster\/professional-metas-safirglas-310-30-42-50-01-004\/\" \/>\n<meta property=\"og:site_name\" content=\"Galli Uhren Bijouterie\" \/>\n<meta property=\"article:modified_time\" content=\"2026-03-30T08:18:14+00:00\" \/>\n<meta property=\"og:image\" content=\"https:\/\/galli.ch\/wp-content\/uploads\/omega-speedmaster-moonwatch-professional-co-axial-master-chronometer-chronograph-42-mm-31030425001004-1a8cb8.png\" \/>\n\t<meta property=\"og:image:width\" content=\"1000\" \/>\n\t<meta property=\"og:image:height\" content=\"1400\" \/>\n\t<meta property=\"og:image:type\" content=\"image\/png\" \/>\n<meta name=\"twitter:card\" content=\"summary_large_image\" \/>\n<script type=\"application\/ld+json\" class=\"yoast-schema-graph\">{\"@context\":\"https:\/\/schema.org\",\"@graph\":[{\"@type\":\"WebPage\",\"@id\":\"https:\/\/galli.ch\/uhren\/omega\/speedmaster\/professional-metas-safirglas-310-30-42-50-01-004\/\",\"url\":\"https:\/\/galli.ch\/uhren\/omega\/speedmaster\/professional-metas-safirglas-310-30-42-50-01-004\/\",\"name\":\"Omega Moonwatch Professional METAS Safirglas - Galli Uhren Bijouterie\",\"isPartOf\":{\"@id\":\"http:\/\/galli.ch\/en\/#website\"},\"primaryImageOfPage\":{\"@id\":\"https:\/\/galli.ch\/uhren\/omega\/speedmaster\/professional-metas-safirglas-310-30-42-50-01-004\/#primaryimage\"},\"image\":{\"@id\":\"https:\/\/galli.ch\/uhren\/omega\/speedmaster\/professional-metas-safirglas-310-30-42-50-01-004\/#primaryimage\"},\"thumbnailUrl\":\"https:\/\/galli.ch\/wp-content\/uploads\/omega-speedmaster-moonwatch-professional-co-axial-master-chronometer-chronograph-42-mm-31030425001004-1a8cb8.png\",\"datePublished\":\"2026-01-14T11:47:12+00:00\",\"dateModified\":\"2026-03-30T08:18:14+00:00\",\"breadcrumb\":{\"@id\":\"https:\/\/galli.ch\/uhren\/omega\/speedmaster\/professional-metas-safirglas-310-30-42-50-01-004\/#breadcrumb\"},\"inLanguage\":\"en-US\",\"potentialAction\":[{\"@type\":\"ReadAction\",\"target\":[\"https:\/\/galli.ch\/uhren\/omega\/speedmaster\/professional-metas-safirglas-310-30-42-50-01-004\/\"]}]},{\"@type\":\"ImageObject\",\"inLanguage\":\"en-US\",\"@id\":\"https:\/\/galli.ch\/uhren\/omega\/speedmaster\/professional-metas-safirglas-310-30-42-50-01-004\/#primaryimage\",\"url\":\"https:\/\/galli.ch\/wp-content\/uploads\/omega-speedmaster-moonwatch-professional-co-axial-master-chronometer-chronograph-42-mm-31030425001004-1a8cb8.png\",\"contentUrl\":\"https:\/\/galli.ch\/wp-content\/uploads\/omega-speedmaster-moonwatch-professional-co-axial-master-chronometer-chronograph-42-mm-31030425001004-1a8cb8.png\",\"width\":1000,\"height\":1400,\"caption\":\"omega-speedmaster-moonwatch-reverse-panda\"},{\"@type\":\"BreadcrumbList\",\"@id\":\"https:\/\/galli.ch\/uhren\/omega\/speedmaster\/professional-metas-safirglas-310-30-42-50-01-004\/#breadcrumb\",\"itemListElement\":[{\"@type\":\"ListItem\",\"position\":1,\"name\":\"Home\",\"item\":\"https:\/\/galli.ch\/en\/\"},{\"@type\":\"ListItem\",\"position\":2,\"name\":\"Uhren\",\"item\":\"https:\/\/galli.ch\/en\/uhren\/\"},{\"@type\":\"ListItem\",\"position\":3,\"name\":\"Omega Moonwatch Professional METAS Safirglas\"}]},{\"@type\":\"WebSite\",\"@id\":\"http:\/\/galli.ch\/en\/#website\",\"url\":\"http:\/\/galli.ch\/en\/\",\"name\":\"Galli Uhren Bijouterie\",\"description\":\"\",\"potentialAction\":[{\"@type\":\"SearchAction\",\"target\":{\"@type\":\"EntryPoint\",\"urlTemplate\":\"http:\/\/galli.ch\/en\/?s={search_term_string}\"},\"query-input\":{\"@type\":\"PropertyValueSpecification\",\"valueRequired\":true,\"valueName\":\"search_term_string\"}}],\"inLanguage\":\"en-US\"}]}<\/script>\n<!-- \/ Yoast SEO plugin. -->","yoast_head_json":{"title":"Omega Moonwatch Professional METAS Safirglas - Galli Uhren Bijouterie","robots":{"index":"index","follow":"follow","max-snippet":"max-snippet:-1","max-image-preview":"max-image-preview:large","max-video-preview":"max-video-preview:-1"},"canonical":"https:\/\/galli.ch\/uhren\/omega\/speedmaster\/professional-metas-safirglas-310-30-42-50-01-004\/","og_locale":"en_US","og_type":"article","og_title":"Omega Moonwatch Professional METAS Safirglas - Galli Uhren Bijouterie","og_description":"Anfang 2026 wurde die Speedmaster Moonwatch Kollektion um ein Reverse-Panda Zifferblatt erweitert. Technisch basiert dieses Modell auf den bisherigen Moonwatch-Modellen, bestechen sie durch neu konstruierte zweistufen-Zifferbl\u00e4tter. Die Hilfszifferbl\u00e4tter (Totalisatoren) sind hierbei tiefer in das Blatt eingelassen, was f\u00fcr eine st\u00e4rkere optische Tiefe sorgt. Bemerkenswert ist, dass dieses Modell nun dieselbe flache Bauh\u00f6he wie die Standard-Moonwatch... Weiter &raquo;","og_url":"https:\/\/galli.ch\/uhren\/omega\/speedmaster\/professional-metas-safirglas-310-30-42-50-01-004\/","og_site_name":"Galli Uhren Bijouterie","article_modified_time":"2026-03-30T08:18:14+00:00","og_image":[{"width":1000,"height":1400,"url":"https:\/\/galli.ch\/wp-content\/uploads\/omega-speedmaster-moonwatch-professional-co-axial-master-chronometer-chronograph-42-mm-31030425001004-1a8cb8.png","type":"image\/png"}],"twitter_card":"summary_large_image","schema":{"@context":"https:\/\/schema.org","@graph":[{"@type":"WebPage","@id":"https:\/\/galli.ch\/uhren\/omega\/speedmaster\/professional-metas-safirglas-310-30-42-50-01-004\/","url":"https:\/\/galli.ch\/uhren\/omega\/speedmaster\/professional-metas-safirglas-310-30-42-50-01-004\/","name":"Omega Moonwatch Professional METAS Safirglas - Galli Uhren Bijouterie","isPartOf":{"@id":"http:\/\/galli.ch\/en\/#website"},"primaryImageOfPage":{"@id":"https:\/\/galli.ch\/uhren\/omega\/speedmaster\/professional-metas-safirglas-310-30-42-50-01-004\/#primaryimage"},"image":{"@id":"https:\/\/galli.ch\/uhren\/omega\/speedmaster\/professional-metas-safirglas-310-30-42-50-01-004\/#primaryimage"},"thumbnailUrl":"https:\/\/galli.ch\/wp-content\/uploads\/omega-speedmaster-moonwatch-professional-co-axial-master-chronometer-chronograph-42-mm-31030425001004-1a8cb8.png","datePublished":"2026-01-14T11:47:12+00:00","dateModified":"2026-03-30T08:18:14+00:00","breadcrumb":{"@id":"https:\/\/galli.ch\/uhren\/omega\/speedmaster\/professional-metas-safirglas-310-30-42-50-01-004\/#breadcrumb"},"inLanguage":"en-US","potentialAction":[{"@type":"ReadAction","target":["https:\/\/galli.ch\/uhren\/omega\/speedmaster\/professional-metas-safirglas-310-30-42-50-01-004\/"]}]},{"@type":"ImageObject","inLanguage":"en-US","@id":"https:\/\/galli.ch\/uhren\/omega\/speedmaster\/professional-metas-safirglas-310-30-42-50-01-004\/#primaryimage","url":"https:\/\/galli.ch\/wp-content\/uploads\/omega-speedmaster-moonwatch-professional-co-axial-master-chronometer-chronograph-42-mm-31030425001004-1a8cb8.png","contentUrl":"https:\/\/galli.ch\/wp-content\/uploads\/omega-speedmaster-moonwatch-professional-co-axial-master-chronometer-chronograph-42-mm-31030425001004-1a8cb8.png","width":1000,"height":1400,"caption":"omega-speedmaster-moonwatch-reverse-panda"},{"@type":"BreadcrumbList","@id":"https:\/\/galli.ch\/uhren\/omega\/speedmaster\/professional-metas-safirglas-310-30-42-50-01-004\/#breadcrumb","itemListElement":[{"@type":"ListItem","position":1,"name":"Home","item":"https:\/\/galli.ch\/en\/"},{"@type":"ListItem","position":2,"name":"Uhren","item":"https:\/\/galli.ch\/en\/uhren\/"},{"@type":"ListItem","position":3,"name":"Omega Moonwatch Professional METAS Safirglas"}]},{"@type":"WebSite","@id":"http:\/\/galli.ch\/en\/#website","url":"http:\/\/galli.ch\/en\/","name":"Galli Uhren Bijouterie","description":"","potentialAction":[{"@type":"SearchAction","target":{"@type":"EntryPoint","urlTemplate":"http:\/\/galli.ch\/en\/?s={search_term_string}"},"query-input":{"@type":"PropertyValueSpecification","valueRequired":true,"valueName":"search_term_string"}}],"inLanguage":"en-US"}]}},"_links":{"self":[{"href":"https:\/\/galli.ch\/en\/wp-json\/wp\/v2\/product\/48942","targetHints":{"allow":["GET"]}}],"collection":[{"href":"https:\/\/galli.ch\/en\/wp-json\/wp\/v2\/product"}],"about":[{"href":"https:\/\/galli.ch\/en\/wp-json\/wp\/v2\/types\/product"}],"wp:featuredmedia":[{"embeddable":true,"href":"https:\/\/galli.ch\/en\/wp-json\/wp\/v2\/media\/48936"}],"wp:attachment":[{"href":"https:\/\/galli.ch\/en\/wp-json\/wp\/v2\/media?parent=48942"}],"wp:term":[{"taxonomy":"product_brand","embeddable":true,"href":"https:\/\/galli.ch\/en\/wp-json\/wp\/v2\/product_brand?post=48942"},{"taxonomy":"product_cat","embeddable":true,"href":"https:\/\/galli.ch\/en\/wp-json\/wp\/v2\/product_cat?post=48942"},{"taxonomy":"product_tag","embeddable":true,"href":"https:\/\/galli.ch\/en\/wp-json\/wp\/v2\/product_tag?post=48942"}],"curies":[{"name":"wp","href":"https:\/\/api.w.org\/{rel}","templated":true}]}}