{"id":4956,"date":"2019-05-22T11:41:31","date_gmt":"2019-05-22T09:41:31","guid":{"rendered":"http:\/\/galli.ch\/?post_type=schmuck&#038;p=4956"},"modified":"2026-01-26T14:42:51","modified_gmt":"2026-01-26T13:42:51","slug":"gor1240j-3","status":"publish","type":"product","link":"https:\/\/galli.ch\/en\/schmuck\/cammilli\/gor1240j-3\/","title":{"rendered":"Cammilli Dune Ohrstecker"},"content":{"rendered":"<p>Inspiriert von der Sch\u00f6nheit der Natur entwirft die italienische K\u00fcnstlerin Annamaria Cammilli aus Florenz traumhafte, phantasievolle Schmuckst\u00fccke. Organische Formen, florale Muster und einzigartige Goldfarben kennzeichnen ihren unverwechselbaren Stil.<\/p>\n<p>Fliessende Formen aus Gold bilden unregelm\u00e4ssige Kurven, inspiriert von den bizarren Formen nat\u00fcrlicher Sandd\u00fcnen. Sie lassen moderne, feminine Schmuckst\u00fccke entstehen, ideale Begleiter f\u00fcr jede Gelegenheit. Samtig mattierte Fl\u00e4chen intensivieren die edlen Farben des Goldes, hochglanzpolierte Kanten und wertvolle Diamanten zwischen den Wellen verst\u00e4rken den dynamischen, harmonischen Charakter.<\/p>\n","protected":false},"excerpt":{"rendered":"<p>Inspiriert von der Sch\u00f6nheit der Natur entwirft die italienische K\u00fcnstlerin Annamaria Cammilli aus Florenz traumhafte, phantasievolle Schmuckst\u00fccke. Organische Formen, florale Muster und einzigartige Goldfarben kennzeichnen ihren unverwechselbaren Stil. Fliessende Formen aus Gold bilden unregelm\u00e4ssige Kurven, inspiriert von den bizarren Formen nat\u00fcrlicher Sandd\u00fcnen. Sie lassen moderne, feminine Schmuckst\u00fccke entstehen, ideale Begleiter f\u00fcr jede Gelegenheit. Samtig mattierte&#8230;  <a class=\"excerpt-read-more\" href=\"https:\/\/galli.ch\/en\/schmuck\/cammilli\/gor1240j-3\/\" title=\"Read Cammilli Dune Ohrstecker\">Weiter &raquo;<\/a><\/p>\n","protected":false},"featured_media":4698,"template":"","meta":{"_acf_changed":false,"inline_featured_image":false},"product_brand":[],"product_cat":[189],"product_tag":[],"class_list":{"0":"post-4956","1":"product","2":"type-product","3":"status-publish","4":"has-post-thumbnail","6":"schmuckhersteller-cammilli","7":"schmuckthemen-earrings","8":"product_cat-schmuck","10":"first","11":"instock","12":"taxable","13":"shipping-taxable","14":"purchasable","15":"product-type-simple"},"acf":[],"yoast_head":"<!-- This site is optimized with the Yoast SEO plugin v25.5 - https:\/\/yoast.com\/wordpress\/plugins\/seo\/ -->\n<title>Cammilli Dune Ohrstecker - Galli Uhren Bijouterie<\/title>\n<meta name=\"robots\" content=\"index, follow, max-snippet:-1, max-image-preview:large, max-video-preview:-1\" \/>\n<link rel=\"canonical\" href=\"https:\/\/galli.ch\/schmuck\/cammilli\/gor1240j-3\/\" \/>\n<meta property=\"og:locale\" content=\"en_US\" \/>\n<meta property=\"og:type\" content=\"article\" \/>\n<meta property=\"og:title\" content=\"Cammilli Dune Ohrstecker - Galli Uhren Bijouterie\" \/>\n<meta property=\"og:description\" content=\"Inspiriert von der Sch\u00f6nheit der Natur entwirft die italienische K\u00fcnstlerin Annamaria Cammilli aus Florenz traumhafte, phantasievolle Schmuckst\u00fccke. Organische Formen, florale Muster und einzigartige Goldfarben kennzeichnen ihren unverwechselbaren Stil. Fliessende Formen aus Gold bilden unregelm\u00e4ssige Kurven, inspiriert von den bizarren Formen nat\u00fcrlicher Sandd\u00fcnen. Sie lassen moderne, feminine Schmuckst\u00fccke entstehen, ideale Begleiter f\u00fcr jede Gelegenheit. Samtig mattierte... Weiter &raquo;\" \/>\n<meta property=\"og:url\" content=\"https:\/\/galli.ch\/schmuck\/cammilli\/gor1240j-3\/\" \/>\n<meta property=\"og:site_name\" content=\"Galli Uhren Bijouterie\" \/>\n<meta property=\"article:modified_time\" content=\"2026-01-26T13:42:51+00:00\" \/>\n<meta property=\"og:image\" content=\"https:\/\/galli.ch\/wp-content\/uploads\/GOR1240J.png\" \/>\n\t<meta property=\"og:image:width\" content=\"1000\" \/>\n\t<meta property=\"og:image:height\" content=\"1400\" \/>\n\t<meta property=\"og:image:type\" content=\"image\/png\" \/>\n<meta name=\"twitter:card\" content=\"summary_large_image\" \/>\n<script type=\"application\/ld+json\" class=\"yoast-schema-graph\">{\"@context\":\"https:\/\/schema.org\",\"@graph\":[{\"@type\":\"WebPage\",\"@id\":\"https:\/\/galli.ch\/schmuck\/cammilli\/gor1240j-3\/\",\"url\":\"https:\/\/galli.ch\/schmuck\/cammilli\/gor1240j-3\/\",\"name\":\"Cammilli Dune Ohrstecker - Galli Uhren Bijouterie\",\"isPartOf\":{\"@id\":\"http:\/\/galli.ch\/en\/#website\"},\"primaryImageOfPage\":{\"@id\":\"https:\/\/galli.ch\/schmuck\/cammilli\/gor1240j-3\/#primaryimage\"},\"image\":{\"@id\":\"https:\/\/galli.ch\/schmuck\/cammilli\/gor1240j-3\/#primaryimage\"},\"thumbnailUrl\":\"https:\/\/galli.ch\/wp-content\/uploads\/GOR1240J.png\",\"datePublished\":\"2019-05-22T09:41:31+00:00\",\"dateModified\":\"2026-01-26T13:42:51+00:00\",\"breadcrumb\":{\"@id\":\"https:\/\/galli.ch\/schmuck\/cammilli\/gor1240j-3\/#breadcrumb\"},\"inLanguage\":\"en-US\",\"potentialAction\":[{\"@type\":\"ReadAction\",\"target\":[\"https:\/\/galli.ch\/schmuck\/cammilli\/gor1240j-3\/\"]}]},{\"@type\":\"ImageObject\",\"inLanguage\":\"en-US\",\"@id\":\"https:\/\/galli.ch\/schmuck\/cammilli\/gor1240j-3\/#primaryimage\",\"url\":\"https:\/\/galli.ch\/wp-content\/uploads\/GOR1240J.png\",\"contentUrl\":\"https:\/\/galli.ch\/wp-content\/uploads\/GOR1240J.png\",\"width\":1000,\"height\":1400,\"caption\":\"Annamaria Cammilli Dune Ohrstecker Galli\"},{\"@type\":\"BreadcrumbList\",\"@id\":\"https:\/\/galli.ch\/schmuck\/cammilli\/gor1240j-3\/#breadcrumb\",\"itemListElement\":[{\"@type\":\"ListItem\",\"position\":1,\"name\":\"Home\",\"item\":\"https:\/\/galli.ch\/en\/\"},{\"@type\":\"ListItem\",\"position\":2,\"name\":\"Uhren\",\"item\":\"https:\/\/galli.ch\/en\/uhren\/\"},{\"@type\":\"ListItem\",\"position\":3,\"name\":\"Cammilli Dune Ohrstecker\"}]},{\"@type\":\"WebSite\",\"@id\":\"http:\/\/galli.ch\/en\/#website\",\"url\":\"http:\/\/galli.ch\/en\/\",\"name\":\"Galli Uhren Bijouterie\",\"description\":\"\",\"potentialAction\":[{\"@type\":\"SearchAction\",\"target\":{\"@type\":\"EntryPoint\",\"urlTemplate\":\"http:\/\/galli.ch\/en\/?s={search_term_string}\"},\"query-input\":{\"@type\":\"PropertyValueSpecification\",\"valueRequired\":true,\"valueName\":\"search_term_string\"}}],\"inLanguage\":\"en-US\"}]}<\/script>\n<!-- \/ Yoast SEO plugin. -->","yoast_head_json":{"title":"Cammilli Dune Ohrstecker - Galli Uhren Bijouterie","robots":{"index":"index","follow":"follow","max-snippet":"max-snippet:-1","max-image-preview":"max-image-preview:large","max-video-preview":"max-video-preview:-1"},"canonical":"https:\/\/galli.ch\/schmuck\/cammilli\/gor1240j-3\/","og_locale":"en_US","og_type":"article","og_title":"Cammilli Dune Ohrstecker - Galli Uhren Bijouterie","og_description":"Inspiriert von der Sch\u00f6nheit der Natur entwirft die italienische K\u00fcnstlerin Annamaria Cammilli aus Florenz traumhafte, phantasievolle Schmuckst\u00fccke. Organische Formen, florale Muster und einzigartige Goldfarben kennzeichnen ihren unverwechselbaren Stil. Fliessende Formen aus Gold bilden unregelm\u00e4ssige Kurven, inspiriert von den bizarren Formen nat\u00fcrlicher Sandd\u00fcnen. Sie lassen moderne, feminine Schmuckst\u00fccke entstehen, ideale Begleiter f\u00fcr jede Gelegenheit. Samtig mattierte... Weiter &raquo;","og_url":"https:\/\/galli.ch\/schmuck\/cammilli\/gor1240j-3\/","og_site_name":"Galli Uhren Bijouterie","article_modified_time":"2026-01-26T13:42:51+00:00","og_image":[{"width":1000,"height":1400,"url":"https:\/\/galli.ch\/wp-content\/uploads\/GOR1240J.png","type":"image\/png"}],"twitter_card":"summary_large_image","schema":{"@context":"https:\/\/schema.org","@graph":[{"@type":"WebPage","@id":"https:\/\/galli.ch\/schmuck\/cammilli\/gor1240j-3\/","url":"https:\/\/galli.ch\/schmuck\/cammilli\/gor1240j-3\/","name":"Cammilli Dune Ohrstecker - Galli Uhren Bijouterie","isPartOf":{"@id":"http:\/\/galli.ch\/en\/#website"},"primaryImageOfPage":{"@id":"https:\/\/galli.ch\/schmuck\/cammilli\/gor1240j-3\/#primaryimage"},"image":{"@id":"https:\/\/galli.ch\/schmuck\/cammilli\/gor1240j-3\/#primaryimage"},"thumbnailUrl":"https:\/\/galli.ch\/wp-content\/uploads\/GOR1240J.png","datePublished":"2019-05-22T09:41:31+00:00","dateModified":"2026-01-26T13:42:51+00:00","breadcrumb":{"@id":"https:\/\/galli.ch\/schmuck\/cammilli\/gor1240j-3\/#breadcrumb"},"inLanguage":"en-US","potentialAction":[{"@type":"ReadAction","target":["https:\/\/galli.ch\/schmuck\/cammilli\/gor1240j-3\/"]}]},{"@type":"ImageObject","inLanguage":"en-US","@id":"https:\/\/galli.ch\/schmuck\/cammilli\/gor1240j-3\/#primaryimage","url":"https:\/\/galli.ch\/wp-content\/uploads\/GOR1240J.png","contentUrl":"https:\/\/galli.ch\/wp-content\/uploads\/GOR1240J.png","width":1000,"height":1400,"caption":"Annamaria Cammilli Dune Ohrstecker Galli"},{"@type":"BreadcrumbList","@id":"https:\/\/galli.ch\/schmuck\/cammilli\/gor1240j-3\/#breadcrumb","itemListElement":[{"@type":"ListItem","position":1,"name":"Home","item":"https:\/\/galli.ch\/en\/"},{"@type":"ListItem","position":2,"name":"Uhren","item":"https:\/\/galli.ch\/en\/uhren\/"},{"@type":"ListItem","position":3,"name":"Cammilli Dune Ohrstecker"}]},{"@type":"WebSite","@id":"http:\/\/galli.ch\/en\/#website","url":"http:\/\/galli.ch\/en\/","name":"Galli Uhren Bijouterie","description":"","potentialAction":[{"@type":"SearchAction","target":{"@type":"EntryPoint","urlTemplate":"http:\/\/galli.ch\/en\/?s={search_term_string}"},"query-input":{"@type":"PropertyValueSpecification","valueRequired":true,"valueName":"search_term_string"}}],"inLanguage":"en-US"}]}},"_links":{"self":[{"href":"https:\/\/galli.ch\/en\/wp-json\/wp\/v2\/product\/4956","targetHints":{"allow":["GET"]}}],"collection":[{"href":"https:\/\/galli.ch\/en\/wp-json\/wp\/v2\/product"}],"about":[{"href":"https:\/\/galli.ch\/en\/wp-json\/wp\/v2\/types\/product"}],"wp:featuredmedia":[{"embeddable":true,"href":"https:\/\/galli.ch\/en\/wp-json\/wp\/v2\/media\/4698"}],"wp:attachment":[{"href":"https:\/\/galli.ch\/en\/wp-json\/wp\/v2\/media?parent=4956"}],"wp:term":[{"taxonomy":"product_brand","embeddable":true,"href":"https:\/\/galli.ch\/en\/wp-json\/wp\/v2\/product_brand?post=4956"},{"taxonomy":"product_cat","embeddable":true,"href":"https:\/\/galli.ch\/en\/wp-json\/wp\/v2\/product_cat?post=4956"},{"taxonomy":"product_tag","embeddable":true,"href":"https:\/\/galli.ch\/en\/wp-json\/wp\/v2\/product_tag?post=4956"}],"curies":[{"name":"wp","href":"https:\/\/api.w.org\/{rel}","templated":true}]}}