{"id":49745,"date":"2026-02-24T14:30:18","date_gmt":"2026-02-24T13:30:18","guid":{"rendered":"https:\/\/galli.ch\/?post_type=product&#038;p=49745"},"modified":"2026-02-24T17:52:55","modified_gmt":"2026-02-24T16:52:55","slug":"rolex-datejust-36-16000-209","status":"publish","type":"product","link":"https:\/\/galli.ch\/en\/uhren\/galli-cpo\/rolex\/rolex-datejust-36-16000-209\/","title":{"rendered":"Rolex Datejust 36"},"content":{"rendered":"<p>Die Rolex Datejust 36 ist eine klassische automatische Armbanduhr des Schweizer Herstellers Rolex. Sie gilt als Inbegriff der eleganten Alltagsuhr und kombiniert zeitloses Design mit technischer Pr\u00e4zision. Seit ihrer Einf\u00fchrung 1945 steht sie f\u00fcr Zuverl\u00e4ssigkeit, Innovationskraft und diskrete Raffinesse.<\/p>\n<p>Jahrgang: ca.1980<\/p>\n<p>Zustand: Gut<\/p>\n<p>Original Papiere: Nein<\/p>\n<p>Original Box: Nein<\/p>\n<p>Maximaler Armumfang: 16cm<br \/>\n(Teile k\u00f6nnen Kostenpflichtig bestellt werden)<\/p>\n","protected":false},"excerpt":{"rendered":"<p>Die Rolex Datejust 36 ist eine klassische automatische Armbanduhr des Schweizer Herstellers Rolex. Sie gilt als Inbegriff der eleganten Alltagsuhr und kombiniert zeitloses Design mit technischer Pr\u00e4zision. Seit ihrer Einf\u00fchrung 1945 steht sie f\u00fcr Zuverl\u00e4ssigkeit, Innovationskraft und diskrete Raffinesse. Jahrgang: ca.1980 Zustand: Gut Original Papiere: Nein Original Box: Nein Maximaler Armumfang: 16cm (Teile k\u00f6nnen Kostenpflichtig&#8230;  <a class=\"excerpt-read-more\" href=\"https:\/\/galli.ch\/en\/uhren\/galli-cpo\/rolex\/rolex-datejust-36-16000-209\/\" title=\"Read Rolex Datejust 36\">Weiter &raquo;<\/a><\/p>\n","protected":false},"featured_media":49708,"template":"","meta":{"_acf_changed":false,"inline_featured_image":false},"product_brand":[],"product_cat":[188],"product_tag":[],"class_list":{"0":"post-49745","1":"product","2":"type-product","3":"status-publish","4":"has-post-thumbnail","6":"uhrenhersteller-galli-cpo","7":"uhrenhersteller-rolex","8":"product_cat-uhren","10":"first","11":"instock","12":"taxable","13":"shipping-taxable","14":"purchasable","15":"product-type-simple"},"acf":[],"yoast_head":"<!-- This site is optimized with the Yoast SEO plugin v25.5 - https:\/\/yoast.com\/wordpress\/plugins\/seo\/ -->\n<title>Rolex Datejust 36 - Galli Uhren Bijouterie<\/title>\n<meta name=\"robots\" content=\"index, follow, max-snippet:-1, max-image-preview:large, max-video-preview:-1\" \/>\n<link rel=\"canonical\" href=\"https:\/\/galli.ch\/uhren\/galli-cpo\/rolex\/rolex-datejust-36-16000-209\/\" \/>\n<meta property=\"og:locale\" content=\"en_US\" \/>\n<meta property=\"og:type\" content=\"article\" \/>\n<meta property=\"og:title\" content=\"Rolex Datejust 36 - Galli Uhren Bijouterie\" \/>\n<meta property=\"og:description\" content=\"Die Rolex Datejust 36 ist eine klassische automatische Armbanduhr des Schweizer Herstellers Rolex. Sie gilt als Inbegriff der eleganten Alltagsuhr und kombiniert zeitloses Design mit technischer Pr\u00e4zision. Seit ihrer Einf\u00fchrung 1945 steht sie f\u00fcr Zuverl\u00e4ssigkeit, Innovationskraft und diskrete Raffinesse. Jahrgang: ca.1980 Zustand: Gut Original Papiere: Nein Original Box: Nein Maximaler Armumfang: 16cm (Teile k\u00f6nnen Kostenpflichtig... Weiter &raquo;\" \/>\n<meta property=\"og:url\" content=\"https:\/\/galli.ch\/uhren\/galli-cpo\/rolex\/rolex-datejust-36-16000-209\/\" \/>\n<meta property=\"og:site_name\" content=\"Galli Uhren Bijouterie\" \/>\n<meta property=\"article:modified_time\" content=\"2026-02-24T16:52:55+00:00\" \/>\n<meta property=\"og:image\" content=\"https:\/\/galli.ch\/wp-content\/uploads\/image4-2-1.png\" \/>\n\t<meta property=\"og:image:width\" content=\"1000\" \/>\n\t<meta property=\"og:image:height\" content=\"1400\" \/>\n\t<meta property=\"og:image:type\" content=\"image\/png\" \/>\n<meta name=\"twitter:card\" content=\"summary_large_image\" \/>\n<script type=\"application\/ld+json\" class=\"yoast-schema-graph\">{\"@context\":\"https:\/\/schema.org\",\"@graph\":[{\"@type\":\"WebPage\",\"@id\":\"https:\/\/galli.ch\/uhren\/galli-cpo\/rolex\/rolex-datejust-36-16000-209\/\",\"url\":\"https:\/\/galli.ch\/uhren\/galli-cpo\/rolex\/rolex-datejust-36-16000-209\/\",\"name\":\"Rolex Datejust 36 - Galli Uhren Bijouterie\",\"isPartOf\":{\"@id\":\"http:\/\/galli.ch\/en\/#website\"},\"primaryImageOfPage\":{\"@id\":\"https:\/\/galli.ch\/uhren\/galli-cpo\/rolex\/rolex-datejust-36-16000-209\/#primaryimage\"},\"image\":{\"@id\":\"https:\/\/galli.ch\/uhren\/galli-cpo\/rolex\/rolex-datejust-36-16000-209\/#primaryimage\"},\"thumbnailUrl\":\"https:\/\/galli.ch\/wp-content\/uploads\/image4-2-1.png\",\"datePublished\":\"2026-02-24T13:30:18+00:00\",\"dateModified\":\"2026-02-24T16:52:55+00:00\",\"breadcrumb\":{\"@id\":\"https:\/\/galli.ch\/uhren\/galli-cpo\/rolex\/rolex-datejust-36-16000-209\/#breadcrumb\"},\"inLanguage\":\"en-US\",\"potentialAction\":[{\"@type\":\"ReadAction\",\"target\":[\"https:\/\/galli.ch\/uhren\/galli-cpo\/rolex\/rolex-datejust-36-16000-209\/\"]}]},{\"@type\":\"ImageObject\",\"inLanguage\":\"en-US\",\"@id\":\"https:\/\/galli.ch\/uhren\/galli-cpo\/rolex\/rolex-datejust-36-16000-209\/#primaryimage\",\"url\":\"https:\/\/galli.ch\/wp-content\/uploads\/image4-2-1.png\",\"contentUrl\":\"https:\/\/galli.ch\/wp-content\/uploads\/image4-2-1.png\",\"width\":1000,\"height\":1400},{\"@type\":\"BreadcrumbList\",\"@id\":\"https:\/\/galli.ch\/uhren\/galli-cpo\/rolex\/rolex-datejust-36-16000-209\/#breadcrumb\",\"itemListElement\":[{\"@type\":\"ListItem\",\"position\":1,\"name\":\"Home\",\"item\":\"https:\/\/galli.ch\/en\/\"},{\"@type\":\"ListItem\",\"position\":2,\"name\":\"Uhren\",\"item\":\"https:\/\/galli.ch\/en\/uhren\/\"},{\"@type\":\"ListItem\",\"position\":3,\"name\":\"Rolex Datejust 36\"}]},{\"@type\":\"WebSite\",\"@id\":\"http:\/\/galli.ch\/en\/#website\",\"url\":\"http:\/\/galli.ch\/en\/\",\"name\":\"Galli Uhren Bijouterie\",\"description\":\"\",\"potentialAction\":[{\"@type\":\"SearchAction\",\"target\":{\"@type\":\"EntryPoint\",\"urlTemplate\":\"http:\/\/galli.ch\/en\/?s={search_term_string}\"},\"query-input\":{\"@type\":\"PropertyValueSpecification\",\"valueRequired\":true,\"valueName\":\"search_term_string\"}}],\"inLanguage\":\"en-US\"}]}<\/script>\n<!-- \/ Yoast SEO plugin. -->","yoast_head_json":{"title":"Rolex Datejust 36 - Galli Uhren Bijouterie","robots":{"index":"index","follow":"follow","max-snippet":"max-snippet:-1","max-image-preview":"max-image-preview:large","max-video-preview":"max-video-preview:-1"},"canonical":"https:\/\/galli.ch\/uhren\/galli-cpo\/rolex\/rolex-datejust-36-16000-209\/","og_locale":"en_US","og_type":"article","og_title":"Rolex Datejust 36 - Galli Uhren Bijouterie","og_description":"Die Rolex Datejust 36 ist eine klassische automatische Armbanduhr des Schweizer Herstellers Rolex. Sie gilt als Inbegriff der eleganten Alltagsuhr und kombiniert zeitloses Design mit technischer Pr\u00e4zision. Seit ihrer Einf\u00fchrung 1945 steht sie f\u00fcr Zuverl\u00e4ssigkeit, Innovationskraft und diskrete Raffinesse. Jahrgang: ca.1980 Zustand: Gut Original Papiere: Nein Original Box: Nein Maximaler Armumfang: 16cm (Teile k\u00f6nnen Kostenpflichtig... Weiter &raquo;","og_url":"https:\/\/galli.ch\/uhren\/galli-cpo\/rolex\/rolex-datejust-36-16000-209\/","og_site_name":"Galli Uhren Bijouterie","article_modified_time":"2026-02-24T16:52:55+00:00","og_image":[{"width":1000,"height":1400,"url":"https:\/\/galli.ch\/wp-content\/uploads\/image4-2-1.png","type":"image\/png"}],"twitter_card":"summary_large_image","schema":{"@context":"https:\/\/schema.org","@graph":[{"@type":"WebPage","@id":"https:\/\/galli.ch\/uhren\/galli-cpo\/rolex\/rolex-datejust-36-16000-209\/","url":"https:\/\/galli.ch\/uhren\/galli-cpo\/rolex\/rolex-datejust-36-16000-209\/","name":"Rolex Datejust 36 - Galli Uhren Bijouterie","isPartOf":{"@id":"http:\/\/galli.ch\/en\/#website"},"primaryImageOfPage":{"@id":"https:\/\/galli.ch\/uhren\/galli-cpo\/rolex\/rolex-datejust-36-16000-209\/#primaryimage"},"image":{"@id":"https:\/\/galli.ch\/uhren\/galli-cpo\/rolex\/rolex-datejust-36-16000-209\/#primaryimage"},"thumbnailUrl":"https:\/\/galli.ch\/wp-content\/uploads\/image4-2-1.png","datePublished":"2026-02-24T13:30:18+00:00","dateModified":"2026-02-24T16:52:55+00:00","breadcrumb":{"@id":"https:\/\/galli.ch\/uhren\/galli-cpo\/rolex\/rolex-datejust-36-16000-209\/#breadcrumb"},"inLanguage":"en-US","potentialAction":[{"@type":"ReadAction","target":["https:\/\/galli.ch\/uhren\/galli-cpo\/rolex\/rolex-datejust-36-16000-209\/"]}]},{"@type":"ImageObject","inLanguage":"en-US","@id":"https:\/\/galli.ch\/uhren\/galli-cpo\/rolex\/rolex-datejust-36-16000-209\/#primaryimage","url":"https:\/\/galli.ch\/wp-content\/uploads\/image4-2-1.png","contentUrl":"https:\/\/galli.ch\/wp-content\/uploads\/image4-2-1.png","width":1000,"height":1400},{"@type":"BreadcrumbList","@id":"https:\/\/galli.ch\/uhren\/galli-cpo\/rolex\/rolex-datejust-36-16000-209\/#breadcrumb","itemListElement":[{"@type":"ListItem","position":1,"name":"Home","item":"https:\/\/galli.ch\/en\/"},{"@type":"ListItem","position":2,"name":"Uhren","item":"https:\/\/galli.ch\/en\/uhren\/"},{"@type":"ListItem","position":3,"name":"Rolex Datejust 36"}]},{"@type":"WebSite","@id":"http:\/\/galli.ch\/en\/#website","url":"http:\/\/galli.ch\/en\/","name":"Galli Uhren Bijouterie","description":"","potentialAction":[{"@type":"SearchAction","target":{"@type":"EntryPoint","urlTemplate":"http:\/\/galli.ch\/en\/?s={search_term_string}"},"query-input":{"@type":"PropertyValueSpecification","valueRequired":true,"valueName":"search_term_string"}}],"inLanguage":"en-US"}]}},"_links":{"self":[{"href":"https:\/\/galli.ch\/en\/wp-json\/wp\/v2\/product\/49745","targetHints":{"allow":["GET"]}}],"collection":[{"href":"https:\/\/galli.ch\/en\/wp-json\/wp\/v2\/product"}],"about":[{"href":"https:\/\/galli.ch\/en\/wp-json\/wp\/v2\/types\/product"}],"wp:featuredmedia":[{"embeddable":true,"href":"https:\/\/galli.ch\/en\/wp-json\/wp\/v2\/media\/49708"}],"wp:attachment":[{"href":"https:\/\/galli.ch\/en\/wp-json\/wp\/v2\/media?parent=49745"}],"wp:term":[{"taxonomy":"product_brand","embeddable":true,"href":"https:\/\/galli.ch\/en\/wp-json\/wp\/v2\/product_brand?post=49745"},{"taxonomy":"product_cat","embeddable":true,"href":"https:\/\/galli.ch\/en\/wp-json\/wp\/v2\/product_cat?post=49745"},{"taxonomy":"product_tag","embeddable":true,"href":"https:\/\/galli.ch\/en\/wp-json\/wp\/v2\/product_tag?post=49745"}],"curies":[{"name":"wp","href":"https:\/\/api.w.org\/{rel}","templated":true}]}}