{"id":49816,"date":"2026-02-28T15:29:34","date_gmt":"2026-02-28T14:29:34","guid":{"rendered":"https:\/\/galli.ch\/?post_type=product&#038;p=49816"},"modified":"2026-02-28T15:51:52","modified_gmt":"2026-02-28T14:51:52","slug":"tudor-royal-notiz-m28303","status":"publish","type":"product","link":"https:\/\/galli.ch\/en\/uhren\/galli-cpo\/tudor-2\/tudor-royal-notiz-m28303\/","title":{"rendered":"Tudor Royal"},"content":{"rendered":"<p>Die Tudor Royal ist die ultimative \u201eEveryday-Watch\u201c f\u00fcr alle, die Eleganz nicht nur am Abend, sondern auch im Alltag leben. Mit ihrem markanten, integrierten Armband und der charakteristischen gekerbten L\u00fcnette aus 18 Karat Gelbgold bringt dieses 28-mm-Modell eine ordentliche Portion Charakter ans Handgelenk. Das silberne Zifferblatt mit acht funkelnden Diamanten macht sie zu einem edlen Zeitmesser, w\u00e4hrend die Technik im Inneren \u2013 ein pr\u00e4zises Automatikwerk \u2013 f\u00fcr kompromisslose Zuverl\u00e4ssigkeit sorgt. Sie ist sportlich genug f\u00fcr den Alltag und edel genug f\u00fcr den gro\u00dfen Auftritt.<\/p>\n<p>Jahrgang: Januar 2026<\/p>\n<p>Zustand: getragen<\/p>\n<p>Original Papiere: Ja<\/p>\n<p>Original Box: Ja<\/p>\n<p>Garantie: Bis Juli 2026<\/p>\n","protected":false},"excerpt":{"rendered":"<p>Die Tudor Royal ist die ultimative \u201eEveryday-Watch\u201c f\u00fcr alle, die Eleganz nicht nur am Abend, sondern auch im Alltag leben. Mit ihrem markanten, integrierten Armband und der charakteristischen gekerbten L\u00fcnette aus 18 Karat Gelbgold bringt dieses 28-mm-Modell eine ordentliche Portion Charakter ans Handgelenk. Das silberne Zifferblatt mit acht funkelnden Diamanten macht sie zu einem edlen&#8230;  <a class=\"excerpt-read-more\" href=\"https:\/\/galli.ch\/en\/uhren\/galli-cpo\/tudor-2\/tudor-royal-notiz-m28303\/\" title=\"Read Tudor Royal\">Weiter &raquo;<\/a><\/p>\n","protected":false},"featured_media":49817,"template":"","meta":{"_acf_changed":false,"inline_featured_image":false},"product_brand":[],"product_cat":[188],"product_tag":[],"class_list":{"0":"post-49816","1":"product","2":"type-product","3":"status-publish","4":"has-post-thumbnail","6":"uhrenhersteller-galli-cpo","7":"uhrenhersteller-tudor-2","8":"product_cat-uhren","10":"first","11":"instock","12":"taxable","13":"shipping-taxable","14":"purchasable","15":"product-type-simple"},"acf":[],"yoast_head":"<!-- This site is optimized with the Yoast SEO plugin v25.5 - https:\/\/yoast.com\/wordpress\/plugins\/seo\/ -->\n<title>Tudor Royal - Galli Uhren Bijouterie<\/title>\n<meta name=\"robots\" content=\"index, follow, max-snippet:-1, max-image-preview:large, max-video-preview:-1\" \/>\n<link rel=\"canonical\" href=\"https:\/\/galli.ch\/uhren\/galli-cpo\/tudor-2\/tudor-royal-notiz-m28303\/\" \/>\n<meta property=\"og:locale\" content=\"en_US\" \/>\n<meta property=\"og:type\" content=\"article\" \/>\n<meta property=\"og:title\" content=\"Tudor Royal - Galli Uhren Bijouterie\" \/>\n<meta property=\"og:description\" content=\"Die Tudor Royal ist die ultimative \u201eEveryday-Watch\u201c f\u00fcr alle, die Eleganz nicht nur am Abend, sondern auch im Alltag leben. Mit ihrem markanten, integrierten Armband und der charakteristischen gekerbten L\u00fcnette aus 18 Karat Gelbgold bringt dieses 28-mm-Modell eine ordentliche Portion Charakter ans Handgelenk. Das silberne Zifferblatt mit acht funkelnden Diamanten macht sie zu einem edlen... Weiter &raquo;\" \/>\n<meta property=\"og:url\" content=\"https:\/\/galli.ch\/uhren\/galli-cpo\/tudor-2\/tudor-royal-notiz-m28303\/\" \/>\n<meta property=\"og:site_name\" content=\"Galli Uhren Bijouterie\" \/>\n<meta property=\"article:modified_time\" content=\"2026-02-28T14:51:52+00:00\" \/>\n<meta property=\"og:image\" content=\"https:\/\/galli.ch\/wp-content\/uploads\/IMG_8370.png\" \/>\n\t<meta property=\"og:image:width\" content=\"1000\" \/>\n\t<meta property=\"og:image:height\" content=\"1400\" \/>\n\t<meta property=\"og:image:type\" content=\"image\/png\" \/>\n<meta name=\"twitter:card\" content=\"summary_large_image\" \/>\n<script type=\"application\/ld+json\" class=\"yoast-schema-graph\">{\"@context\":\"https:\/\/schema.org\",\"@graph\":[{\"@type\":\"WebPage\",\"@id\":\"https:\/\/galli.ch\/uhren\/galli-cpo\/tudor-2\/tudor-royal-notiz-m28303\/\",\"url\":\"https:\/\/galli.ch\/uhren\/galli-cpo\/tudor-2\/tudor-royal-notiz-m28303\/\",\"name\":\"Tudor Royal - Galli Uhren Bijouterie\",\"isPartOf\":{\"@id\":\"http:\/\/galli.ch\/en\/#website\"},\"primaryImageOfPage\":{\"@id\":\"https:\/\/galli.ch\/uhren\/galli-cpo\/tudor-2\/tudor-royal-notiz-m28303\/#primaryimage\"},\"image\":{\"@id\":\"https:\/\/galli.ch\/uhren\/galli-cpo\/tudor-2\/tudor-royal-notiz-m28303\/#primaryimage\"},\"thumbnailUrl\":\"https:\/\/galli.ch\/wp-content\/uploads\/IMG_8370.png\",\"datePublished\":\"2026-02-28T14:29:34+00:00\",\"dateModified\":\"2026-02-28T14:51:52+00:00\",\"breadcrumb\":{\"@id\":\"https:\/\/galli.ch\/uhren\/galli-cpo\/tudor-2\/tudor-royal-notiz-m28303\/#breadcrumb\"},\"inLanguage\":\"en-US\",\"potentialAction\":[{\"@type\":\"ReadAction\",\"target\":[\"https:\/\/galli.ch\/uhren\/galli-cpo\/tudor-2\/tudor-royal-notiz-m28303\/\"]}]},{\"@type\":\"ImageObject\",\"inLanguage\":\"en-US\",\"@id\":\"https:\/\/galli.ch\/uhren\/galli-cpo\/tudor-2\/tudor-royal-notiz-m28303\/#primaryimage\",\"url\":\"https:\/\/galli.ch\/wp-content\/uploads\/IMG_8370.png\",\"contentUrl\":\"https:\/\/galli.ch\/wp-content\/uploads\/IMG_8370.png\",\"width\":1000,\"height\":1400},{\"@type\":\"BreadcrumbList\",\"@id\":\"https:\/\/galli.ch\/uhren\/galli-cpo\/tudor-2\/tudor-royal-notiz-m28303\/#breadcrumb\",\"itemListElement\":[{\"@type\":\"ListItem\",\"position\":1,\"name\":\"Home\",\"item\":\"https:\/\/galli.ch\/en\/\"},{\"@type\":\"ListItem\",\"position\":2,\"name\":\"Uhren\",\"item\":\"https:\/\/galli.ch\/en\/uhren\/\"},{\"@type\":\"ListItem\",\"position\":3,\"name\":\"Tudor Royal\"}]},{\"@type\":\"WebSite\",\"@id\":\"http:\/\/galli.ch\/en\/#website\",\"url\":\"http:\/\/galli.ch\/en\/\",\"name\":\"Galli Uhren Bijouterie\",\"description\":\"\",\"potentialAction\":[{\"@type\":\"SearchAction\",\"target\":{\"@type\":\"EntryPoint\",\"urlTemplate\":\"http:\/\/galli.ch\/en\/?s={search_term_string}\"},\"query-input\":{\"@type\":\"PropertyValueSpecification\",\"valueRequired\":true,\"valueName\":\"search_term_string\"}}],\"inLanguage\":\"en-US\"}]}<\/script>\n<!-- \/ Yoast SEO plugin. -->","yoast_head_json":{"title":"Tudor Royal - Galli Uhren Bijouterie","robots":{"index":"index","follow":"follow","max-snippet":"max-snippet:-1","max-image-preview":"max-image-preview:large","max-video-preview":"max-video-preview:-1"},"canonical":"https:\/\/galli.ch\/uhren\/galli-cpo\/tudor-2\/tudor-royal-notiz-m28303\/","og_locale":"en_US","og_type":"article","og_title":"Tudor Royal - Galli Uhren Bijouterie","og_description":"Die Tudor Royal ist die ultimative \u201eEveryday-Watch\u201c f\u00fcr alle, die Eleganz nicht nur am Abend, sondern auch im Alltag leben. Mit ihrem markanten, integrierten Armband und der charakteristischen gekerbten L\u00fcnette aus 18 Karat Gelbgold bringt dieses 28-mm-Modell eine ordentliche Portion Charakter ans Handgelenk. Das silberne Zifferblatt mit acht funkelnden Diamanten macht sie zu einem edlen... Weiter &raquo;","og_url":"https:\/\/galli.ch\/uhren\/galli-cpo\/tudor-2\/tudor-royal-notiz-m28303\/","og_site_name":"Galli Uhren Bijouterie","article_modified_time":"2026-02-28T14:51:52+00:00","og_image":[{"width":1000,"height":1400,"url":"https:\/\/galli.ch\/wp-content\/uploads\/IMG_8370.png","type":"image\/png"}],"twitter_card":"summary_large_image","schema":{"@context":"https:\/\/schema.org","@graph":[{"@type":"WebPage","@id":"https:\/\/galli.ch\/uhren\/galli-cpo\/tudor-2\/tudor-royal-notiz-m28303\/","url":"https:\/\/galli.ch\/uhren\/galli-cpo\/tudor-2\/tudor-royal-notiz-m28303\/","name":"Tudor Royal - Galli Uhren Bijouterie","isPartOf":{"@id":"http:\/\/galli.ch\/en\/#website"},"primaryImageOfPage":{"@id":"https:\/\/galli.ch\/uhren\/galli-cpo\/tudor-2\/tudor-royal-notiz-m28303\/#primaryimage"},"image":{"@id":"https:\/\/galli.ch\/uhren\/galli-cpo\/tudor-2\/tudor-royal-notiz-m28303\/#primaryimage"},"thumbnailUrl":"https:\/\/galli.ch\/wp-content\/uploads\/IMG_8370.png","datePublished":"2026-02-28T14:29:34+00:00","dateModified":"2026-02-28T14:51:52+00:00","breadcrumb":{"@id":"https:\/\/galli.ch\/uhren\/galli-cpo\/tudor-2\/tudor-royal-notiz-m28303\/#breadcrumb"},"inLanguage":"en-US","potentialAction":[{"@type":"ReadAction","target":["https:\/\/galli.ch\/uhren\/galli-cpo\/tudor-2\/tudor-royal-notiz-m28303\/"]}]},{"@type":"ImageObject","inLanguage":"en-US","@id":"https:\/\/galli.ch\/uhren\/galli-cpo\/tudor-2\/tudor-royal-notiz-m28303\/#primaryimage","url":"https:\/\/galli.ch\/wp-content\/uploads\/IMG_8370.png","contentUrl":"https:\/\/galli.ch\/wp-content\/uploads\/IMG_8370.png","width":1000,"height":1400},{"@type":"BreadcrumbList","@id":"https:\/\/galli.ch\/uhren\/galli-cpo\/tudor-2\/tudor-royal-notiz-m28303\/#breadcrumb","itemListElement":[{"@type":"ListItem","position":1,"name":"Home","item":"https:\/\/galli.ch\/en\/"},{"@type":"ListItem","position":2,"name":"Uhren","item":"https:\/\/galli.ch\/en\/uhren\/"},{"@type":"ListItem","position":3,"name":"Tudor Royal"}]},{"@type":"WebSite","@id":"http:\/\/galli.ch\/en\/#website","url":"http:\/\/galli.ch\/en\/","name":"Galli Uhren Bijouterie","description":"","potentialAction":[{"@type":"SearchAction","target":{"@type":"EntryPoint","urlTemplate":"http:\/\/galli.ch\/en\/?s={search_term_string}"},"query-input":{"@type":"PropertyValueSpecification","valueRequired":true,"valueName":"search_term_string"}}],"inLanguage":"en-US"}]}},"_links":{"self":[{"href":"https:\/\/galli.ch\/en\/wp-json\/wp\/v2\/product\/49816","targetHints":{"allow":["GET"]}}],"collection":[{"href":"https:\/\/galli.ch\/en\/wp-json\/wp\/v2\/product"}],"about":[{"href":"https:\/\/galli.ch\/en\/wp-json\/wp\/v2\/types\/product"}],"wp:featuredmedia":[{"embeddable":true,"href":"https:\/\/galli.ch\/en\/wp-json\/wp\/v2\/media\/49817"}],"wp:attachment":[{"href":"https:\/\/galli.ch\/en\/wp-json\/wp\/v2\/media?parent=49816"}],"wp:term":[{"taxonomy":"product_brand","embeddable":true,"href":"https:\/\/galli.ch\/en\/wp-json\/wp\/v2\/product_brand?post=49816"},{"taxonomy":"product_cat","embeddable":true,"href":"https:\/\/galli.ch\/en\/wp-json\/wp\/v2\/product_cat?post=49816"},{"taxonomy":"product_tag","embeddable":true,"href":"https:\/\/galli.ch\/en\/wp-json\/wp\/v2\/product_tag?post=49816"}],"curies":[{"name":"wp","href":"https:\/\/api.w.org\/{rel}","templated":true}]}}