{"id":49898,"date":"2026-03-02T12:43:32","date_gmt":"2026-03-02T11:43:32","guid":{"rendered":"https:\/\/galli.ch\/?post_type=product&#038;p=49898"},"modified":"2026-03-02T13:10:11","modified_gmt":"2026-03-02T12:10:11","slug":"rolex-gmt-master-ii-zombie-126713grnr","status":"publish","type":"product","link":"https:\/\/galli.ch\/en\/uhren\/galli-cpo\/rolex\/rolex-gmt-master-ii-zombie-126713grnr\/","title":{"rendered":"Rolex GMT Master II &#8220;Zombie&#8221;"},"content":{"rendered":"<p>Diese GMT-Master II in der eleganten Kombination aus Edelstahl und 18 Karat Gelbgold besticht durch ihre exklusive, zweifarbige Cerachrom-Zahlenscheibe in Grau und Schwarz. Das dezente Spiel der Graut\u00f6ne verleiht der Uhr eine moderne, souver\u00e4ne \u00c4sthetik, die durch das Jubil\u00e9-Band und die goldene Krone luxuri\u00f6s unterstrichen wird. Als hochpr\u00e4zises Instrument f\u00fcr Reisende erm\u00f6glicht sie die Anzeige von zwei Zeitzonen gleichzeitig und setzt dabei neue Massst\u00e4be f\u00fcr zeitloses, zweifarbiges Design.<\/p>\n<p>Jahrgang: 2026<\/p>\n<p>Zustand: ungetragen<\/p>\n<p>Original Papiere: Ja<\/p>\n<p>Original Box: Ja<\/p>\n<p>Garantie: bis Februar 2031<\/p>\n","protected":false},"excerpt":{"rendered":"<p>Diese GMT-Master II in der eleganten Kombination aus Edelstahl und 18 Karat Gelbgold besticht durch ihre exklusive, zweifarbige Cerachrom-Zahlenscheibe in Grau und Schwarz. Das dezente Spiel der Graut\u00f6ne verleiht der Uhr eine moderne, souver\u00e4ne \u00c4sthetik, die durch das Jubil\u00e9-Band und die goldene Krone luxuri\u00f6s unterstrichen wird. Als hochpr\u00e4zises Instrument f\u00fcr Reisende erm\u00f6glicht sie die Anzeige&#8230;  <a class=\"excerpt-read-more\" href=\"https:\/\/galli.ch\/en\/uhren\/galli-cpo\/rolex\/rolex-gmt-master-ii-zombie-126713grnr\/\" title=\"Read Rolex GMT Master II &#8220;Zombie&#8221;\">Weiter &raquo;<\/a><\/p>\n","protected":false},"featured_media":49903,"template":"","meta":{"_acf_changed":false,"inline_featured_image":false},"product_brand":[],"product_cat":[188],"product_tag":[],"class_list":{"0":"post-49898","1":"product","2":"type-product","3":"status-publish","4":"has-post-thumbnail","6":"uhrenhersteller-galli-cpo","7":"uhrenhersteller-rolex","8":"product_cat-uhren","10":"first","11":"instock","12":"taxable","13":"shipping-taxable","14":"purchasable","15":"product-type-simple"},"acf":[],"yoast_head":"<!-- This site is optimized with the Yoast SEO plugin v25.5 - https:\/\/yoast.com\/wordpress\/plugins\/seo\/ -->\n<title>Rolex GMT Master II &quot;Zombie&quot; - Galli Uhren Bijouterie<\/title>\n<meta name=\"robots\" content=\"index, follow, max-snippet:-1, max-image-preview:large, max-video-preview:-1\" \/>\n<link rel=\"canonical\" href=\"https:\/\/galli.ch\/uhren\/galli-cpo\/rolex\/rolex-gmt-master-ii-zombie-126713grnr\/\" \/>\n<meta property=\"og:locale\" content=\"en_US\" \/>\n<meta property=\"og:type\" content=\"article\" \/>\n<meta property=\"og:title\" content=\"Rolex GMT Master II &quot;Zombie&quot; - Galli Uhren Bijouterie\" \/>\n<meta property=\"og:description\" content=\"Diese GMT-Master II in der eleganten Kombination aus Edelstahl und 18 Karat Gelbgold besticht durch ihre exklusive, zweifarbige Cerachrom-Zahlenscheibe in Grau und Schwarz. Das dezente Spiel der Graut\u00f6ne verleiht der Uhr eine moderne, souver\u00e4ne \u00c4sthetik, die durch das Jubil\u00e9-Band und die goldene Krone luxuri\u00f6s unterstrichen wird. Als hochpr\u00e4zises Instrument f\u00fcr Reisende erm\u00f6glicht sie die Anzeige... Weiter &raquo;\" \/>\n<meta property=\"og:url\" content=\"https:\/\/galli.ch\/uhren\/galli-cpo\/rolex\/rolex-gmt-master-ii-zombie-126713grnr\/\" \/>\n<meta property=\"og:site_name\" content=\"Galli Uhren Bijouterie\" \/>\n<meta property=\"article:modified_time\" content=\"2026-03-02T12:10:11+00:00\" \/>\n<meta property=\"og:image\" content=\"https:\/\/galli.ch\/wp-content\/uploads\/IMG_8418.png\" \/>\n\t<meta property=\"og:image:width\" content=\"1000\" \/>\n\t<meta property=\"og:image:height\" content=\"1400\" \/>\n\t<meta property=\"og:image:type\" content=\"image\/png\" \/>\n<meta name=\"twitter:card\" content=\"summary_large_image\" \/>\n<script type=\"application\/ld+json\" class=\"yoast-schema-graph\">{\"@context\":\"https:\/\/schema.org\",\"@graph\":[{\"@type\":\"WebPage\",\"@id\":\"https:\/\/galli.ch\/uhren\/galli-cpo\/rolex\/rolex-gmt-master-ii-zombie-126713grnr\/\",\"url\":\"https:\/\/galli.ch\/uhren\/galli-cpo\/rolex\/rolex-gmt-master-ii-zombie-126713grnr\/\",\"name\":\"Rolex GMT Master II \\\"Zombie\\\" - Galli Uhren Bijouterie\",\"isPartOf\":{\"@id\":\"http:\/\/galli.ch\/en\/#website\"},\"primaryImageOfPage\":{\"@id\":\"https:\/\/galli.ch\/uhren\/galli-cpo\/rolex\/rolex-gmt-master-ii-zombie-126713grnr\/#primaryimage\"},\"image\":{\"@id\":\"https:\/\/galli.ch\/uhren\/galli-cpo\/rolex\/rolex-gmt-master-ii-zombie-126713grnr\/#primaryimage\"},\"thumbnailUrl\":\"https:\/\/galli.ch\/wp-content\/uploads\/IMG_8418.png\",\"datePublished\":\"2026-03-02T11:43:32+00:00\",\"dateModified\":\"2026-03-02T12:10:11+00:00\",\"breadcrumb\":{\"@id\":\"https:\/\/galli.ch\/uhren\/galli-cpo\/rolex\/rolex-gmt-master-ii-zombie-126713grnr\/#breadcrumb\"},\"inLanguage\":\"en-US\",\"potentialAction\":[{\"@type\":\"ReadAction\",\"target\":[\"https:\/\/galli.ch\/uhren\/galli-cpo\/rolex\/rolex-gmt-master-ii-zombie-126713grnr\/\"]}]},{\"@type\":\"ImageObject\",\"inLanguage\":\"en-US\",\"@id\":\"https:\/\/galli.ch\/uhren\/galli-cpo\/rolex\/rolex-gmt-master-ii-zombie-126713grnr\/#primaryimage\",\"url\":\"https:\/\/galli.ch\/wp-content\/uploads\/IMG_8418.png\",\"contentUrl\":\"https:\/\/galli.ch\/wp-content\/uploads\/IMG_8418.png\",\"width\":1000,\"height\":1400},{\"@type\":\"BreadcrumbList\",\"@id\":\"https:\/\/galli.ch\/uhren\/galli-cpo\/rolex\/rolex-gmt-master-ii-zombie-126713grnr\/#breadcrumb\",\"itemListElement\":[{\"@type\":\"ListItem\",\"position\":1,\"name\":\"Home\",\"item\":\"https:\/\/galli.ch\/en\/\"},{\"@type\":\"ListItem\",\"position\":2,\"name\":\"Uhren\",\"item\":\"https:\/\/galli.ch\/en\/uhren\/\"},{\"@type\":\"ListItem\",\"position\":3,\"name\":\"Rolex GMT Master II &#8220;Zombie&#8221;\"}]},{\"@type\":\"WebSite\",\"@id\":\"http:\/\/galli.ch\/en\/#website\",\"url\":\"http:\/\/galli.ch\/en\/\",\"name\":\"Galli Uhren Bijouterie\",\"description\":\"\",\"potentialAction\":[{\"@type\":\"SearchAction\",\"target\":{\"@type\":\"EntryPoint\",\"urlTemplate\":\"http:\/\/galli.ch\/en\/?s={search_term_string}\"},\"query-input\":{\"@type\":\"PropertyValueSpecification\",\"valueRequired\":true,\"valueName\":\"search_term_string\"}}],\"inLanguage\":\"en-US\"}]}<\/script>\n<!-- \/ Yoast SEO plugin. -->","yoast_head_json":{"title":"Rolex GMT Master II \"Zombie\" - Galli Uhren Bijouterie","robots":{"index":"index","follow":"follow","max-snippet":"max-snippet:-1","max-image-preview":"max-image-preview:large","max-video-preview":"max-video-preview:-1"},"canonical":"https:\/\/galli.ch\/uhren\/galli-cpo\/rolex\/rolex-gmt-master-ii-zombie-126713grnr\/","og_locale":"en_US","og_type":"article","og_title":"Rolex GMT Master II \"Zombie\" - Galli Uhren Bijouterie","og_description":"Diese GMT-Master II in der eleganten Kombination aus Edelstahl und 18 Karat Gelbgold besticht durch ihre exklusive, zweifarbige Cerachrom-Zahlenscheibe in Grau und Schwarz. Das dezente Spiel der Graut\u00f6ne verleiht der Uhr eine moderne, souver\u00e4ne \u00c4sthetik, die durch das Jubil\u00e9-Band und die goldene Krone luxuri\u00f6s unterstrichen wird. Als hochpr\u00e4zises Instrument f\u00fcr Reisende erm\u00f6glicht sie die Anzeige... Weiter &raquo;","og_url":"https:\/\/galli.ch\/uhren\/galli-cpo\/rolex\/rolex-gmt-master-ii-zombie-126713grnr\/","og_site_name":"Galli Uhren Bijouterie","article_modified_time":"2026-03-02T12:10:11+00:00","og_image":[{"width":1000,"height":1400,"url":"https:\/\/galli.ch\/wp-content\/uploads\/IMG_8418.png","type":"image\/png"}],"twitter_card":"summary_large_image","schema":{"@context":"https:\/\/schema.org","@graph":[{"@type":"WebPage","@id":"https:\/\/galli.ch\/uhren\/galli-cpo\/rolex\/rolex-gmt-master-ii-zombie-126713grnr\/","url":"https:\/\/galli.ch\/uhren\/galli-cpo\/rolex\/rolex-gmt-master-ii-zombie-126713grnr\/","name":"Rolex GMT Master II \"Zombie\" - Galli Uhren Bijouterie","isPartOf":{"@id":"http:\/\/galli.ch\/en\/#website"},"primaryImageOfPage":{"@id":"https:\/\/galli.ch\/uhren\/galli-cpo\/rolex\/rolex-gmt-master-ii-zombie-126713grnr\/#primaryimage"},"image":{"@id":"https:\/\/galli.ch\/uhren\/galli-cpo\/rolex\/rolex-gmt-master-ii-zombie-126713grnr\/#primaryimage"},"thumbnailUrl":"https:\/\/galli.ch\/wp-content\/uploads\/IMG_8418.png","datePublished":"2026-03-02T11:43:32+00:00","dateModified":"2026-03-02T12:10:11+00:00","breadcrumb":{"@id":"https:\/\/galli.ch\/uhren\/galli-cpo\/rolex\/rolex-gmt-master-ii-zombie-126713grnr\/#breadcrumb"},"inLanguage":"en-US","potentialAction":[{"@type":"ReadAction","target":["https:\/\/galli.ch\/uhren\/galli-cpo\/rolex\/rolex-gmt-master-ii-zombie-126713grnr\/"]}]},{"@type":"ImageObject","inLanguage":"en-US","@id":"https:\/\/galli.ch\/uhren\/galli-cpo\/rolex\/rolex-gmt-master-ii-zombie-126713grnr\/#primaryimage","url":"https:\/\/galli.ch\/wp-content\/uploads\/IMG_8418.png","contentUrl":"https:\/\/galli.ch\/wp-content\/uploads\/IMG_8418.png","width":1000,"height":1400},{"@type":"BreadcrumbList","@id":"https:\/\/galli.ch\/uhren\/galli-cpo\/rolex\/rolex-gmt-master-ii-zombie-126713grnr\/#breadcrumb","itemListElement":[{"@type":"ListItem","position":1,"name":"Home","item":"https:\/\/galli.ch\/en\/"},{"@type":"ListItem","position":2,"name":"Uhren","item":"https:\/\/galli.ch\/en\/uhren\/"},{"@type":"ListItem","position":3,"name":"Rolex GMT Master II &#8220;Zombie&#8221;"}]},{"@type":"WebSite","@id":"http:\/\/galli.ch\/en\/#website","url":"http:\/\/galli.ch\/en\/","name":"Galli Uhren Bijouterie","description":"","potentialAction":[{"@type":"SearchAction","target":{"@type":"EntryPoint","urlTemplate":"http:\/\/galli.ch\/en\/?s={search_term_string}"},"query-input":{"@type":"PropertyValueSpecification","valueRequired":true,"valueName":"search_term_string"}}],"inLanguage":"en-US"}]}},"_links":{"self":[{"href":"https:\/\/galli.ch\/en\/wp-json\/wp\/v2\/product\/49898","targetHints":{"allow":["GET"]}}],"collection":[{"href":"https:\/\/galli.ch\/en\/wp-json\/wp\/v2\/product"}],"about":[{"href":"https:\/\/galli.ch\/en\/wp-json\/wp\/v2\/types\/product"}],"wp:featuredmedia":[{"embeddable":true,"href":"https:\/\/galli.ch\/en\/wp-json\/wp\/v2\/media\/49903"}],"wp:attachment":[{"href":"https:\/\/galli.ch\/en\/wp-json\/wp\/v2\/media?parent=49898"}],"wp:term":[{"taxonomy":"product_brand","embeddable":true,"href":"https:\/\/galli.ch\/en\/wp-json\/wp\/v2\/product_brand?post=49898"},{"taxonomy":"product_cat","embeddable":true,"href":"https:\/\/galli.ch\/en\/wp-json\/wp\/v2\/product_cat?post=49898"},{"taxonomy":"product_tag","embeddable":true,"href":"https:\/\/galli.ch\/en\/wp-json\/wp\/v2\/product_tag?post=49898"}],"curies":[{"name":"wp","href":"https:\/\/api.w.org\/{rel}","templated":true}]}}