{"id":49911,"date":"2026-03-02T13:28:27","date_gmt":"2026-03-02T12:28:27","guid":{"rendered":"https:\/\/galli.ch\/?post_type=product&#038;p=49911"},"modified":"2026-03-04T11:13:17","modified_gmt":"2026-03-04T10:13:17","slug":"rolex-submariner-starbucks-126610lv","status":"publish","type":"product","link":"https:\/\/galli.ch\/en\/uhren\/galli-cpo\/rolex\/rolex-submariner-starbucks-126610lv\/","title":{"rendered":"Rolex Submariner &#8220;Starbucks&#8221;"},"content":{"rendered":"<p>Diese Submariner Date ist die moderne Evolution einer Legende und besticht durch ihre markante, gr\u00fcne Keramikl\u00fcnette, die ihr in Fankreisen einen ber\u00fchmten froschgr\u00fcnen Spitznamen eingebracht hat. In Kombination mit dem tiefschwarzen Zifferblatt und dem robusten Oystersteel-Geh\u00e4use bietet sie einen aufregenden farblichen Akzent, ohne ihre Wurzeln als klassische Taucheruhr zu verlieren.<\/p>\n<p>Jahrgang: 2022<\/p>\n<p>Zustand: Sehr gut<\/p>\n<p>Original Papiere: Ja<\/p>\n<p>Original Box: Ja<\/p>\n<p>Garantie: bis Februar 2027<\/p>\n","protected":false},"excerpt":{"rendered":"<p>Diese Submariner Date ist die moderne Evolution einer Legende und besticht durch ihre markante, gr\u00fcne Keramikl\u00fcnette, die ihr in Fankreisen einen ber\u00fchmten froschgr\u00fcnen Spitznamen eingebracht hat. In Kombination mit dem tiefschwarzen Zifferblatt und dem robusten Oystersteel-Geh\u00e4use bietet sie einen aufregenden farblichen Akzent, ohne ihre Wurzeln als klassische Taucheruhr zu verlieren. Jahrgang: 2022 Zustand: Sehr gut&#8230;  <a class=\"excerpt-read-more\" href=\"https:\/\/galli.ch\/en\/uhren\/galli-cpo\/rolex\/rolex-submariner-starbucks-126610lv\/\" title=\"Read Rolex Submariner &#8220;Starbucks&#8221;\">Weiter &raquo;<\/a><\/p>\n","protected":false},"featured_media":49861,"template":"","meta":{"_acf_changed":false,"inline_featured_image":false},"product_brand":[],"product_cat":[188],"product_tag":[],"class_list":{"0":"post-49911","1":"product","2":"type-product","3":"status-publish","4":"has-post-thumbnail","6":"uhrenhersteller-galli-cpo","7":"uhrenhersteller-rolex","8":"product_cat-uhren","10":"first","11":"instock","12":"taxable","13":"shipping-taxable","14":"purchasable","15":"product-type-simple"},"acf":[],"yoast_head":"<!-- This site is optimized with the Yoast SEO plugin v25.5 - https:\/\/yoast.com\/wordpress\/plugins\/seo\/ -->\n<title>Rolex Submariner &quot;Starbucks&quot; - Galli Uhren Bijouterie<\/title>\n<meta name=\"robots\" content=\"index, follow, max-snippet:-1, max-image-preview:large, max-video-preview:-1\" \/>\n<link rel=\"canonical\" href=\"https:\/\/galli.ch\/uhren\/galli-cpo\/rolex\/rolex-submariner-starbucks-126610lv\/\" \/>\n<meta property=\"og:locale\" content=\"en_US\" \/>\n<meta property=\"og:type\" content=\"article\" \/>\n<meta property=\"og:title\" content=\"Rolex Submariner &quot;Starbucks&quot; - Galli Uhren Bijouterie\" \/>\n<meta property=\"og:description\" content=\"Diese Submariner Date ist die moderne Evolution einer Legende und besticht durch ihre markante, gr\u00fcne Keramikl\u00fcnette, die ihr in Fankreisen einen ber\u00fchmten froschgr\u00fcnen Spitznamen eingebracht hat. In Kombination mit dem tiefschwarzen Zifferblatt und dem robusten Oystersteel-Geh\u00e4use bietet sie einen aufregenden farblichen Akzent, ohne ihre Wurzeln als klassische Taucheruhr zu verlieren. Jahrgang: 2022 Zustand: Sehr gut... Weiter &raquo;\" \/>\n<meta property=\"og:url\" content=\"https:\/\/galli.ch\/uhren\/galli-cpo\/rolex\/rolex-submariner-starbucks-126610lv\/\" \/>\n<meta property=\"og:site_name\" content=\"Galli Uhren Bijouterie\" \/>\n<meta property=\"article:modified_time\" content=\"2026-03-04T10:13:17+00:00\" \/>\n<meta property=\"og:image\" content=\"https:\/\/galli.ch\/wp-content\/uploads\/image4-6.png\" \/>\n\t<meta property=\"og:image:width\" content=\"1000\" \/>\n\t<meta property=\"og:image:height\" content=\"1400\" \/>\n\t<meta property=\"og:image:type\" content=\"image\/png\" \/>\n<meta name=\"twitter:card\" content=\"summary_large_image\" \/>\n<script type=\"application\/ld+json\" class=\"yoast-schema-graph\">{\"@context\":\"https:\/\/schema.org\",\"@graph\":[{\"@type\":\"WebPage\",\"@id\":\"https:\/\/galli.ch\/uhren\/galli-cpo\/rolex\/rolex-submariner-starbucks-126610lv\/\",\"url\":\"https:\/\/galli.ch\/uhren\/galli-cpo\/rolex\/rolex-submariner-starbucks-126610lv\/\",\"name\":\"Rolex Submariner \\\"Starbucks\\\" - Galli Uhren Bijouterie\",\"isPartOf\":{\"@id\":\"http:\/\/galli.ch\/en\/#website\"},\"primaryImageOfPage\":{\"@id\":\"https:\/\/galli.ch\/uhren\/galli-cpo\/rolex\/rolex-submariner-starbucks-126610lv\/#primaryimage\"},\"image\":{\"@id\":\"https:\/\/galli.ch\/uhren\/galli-cpo\/rolex\/rolex-submariner-starbucks-126610lv\/#primaryimage\"},\"thumbnailUrl\":\"https:\/\/galli.ch\/wp-content\/uploads\/image4-6.png\",\"datePublished\":\"2026-03-02T12:28:27+00:00\",\"dateModified\":\"2026-03-04T10:13:17+00:00\",\"breadcrumb\":{\"@id\":\"https:\/\/galli.ch\/uhren\/galli-cpo\/rolex\/rolex-submariner-starbucks-126610lv\/#breadcrumb\"},\"inLanguage\":\"en-US\",\"potentialAction\":[{\"@type\":\"ReadAction\",\"target\":[\"https:\/\/galli.ch\/uhren\/galli-cpo\/rolex\/rolex-submariner-starbucks-126610lv\/\"]}]},{\"@type\":\"ImageObject\",\"inLanguage\":\"en-US\",\"@id\":\"https:\/\/galli.ch\/uhren\/galli-cpo\/rolex\/rolex-submariner-starbucks-126610lv\/#primaryimage\",\"url\":\"https:\/\/galli.ch\/wp-content\/uploads\/image4-6.png\",\"contentUrl\":\"https:\/\/galli.ch\/wp-content\/uploads\/image4-6.png\",\"width\":1000,\"height\":1400},{\"@type\":\"BreadcrumbList\",\"@id\":\"https:\/\/galli.ch\/uhren\/galli-cpo\/rolex\/rolex-submariner-starbucks-126610lv\/#breadcrumb\",\"itemListElement\":[{\"@type\":\"ListItem\",\"position\":1,\"name\":\"Home\",\"item\":\"https:\/\/galli.ch\/en\/\"},{\"@type\":\"ListItem\",\"position\":2,\"name\":\"Uhren\",\"item\":\"https:\/\/galli.ch\/en\/uhren\/\"},{\"@type\":\"ListItem\",\"position\":3,\"name\":\"Rolex Submariner &#8220;Starbucks&#8221;\"}]},{\"@type\":\"WebSite\",\"@id\":\"http:\/\/galli.ch\/en\/#website\",\"url\":\"http:\/\/galli.ch\/en\/\",\"name\":\"Galli Uhren Bijouterie\",\"description\":\"\",\"potentialAction\":[{\"@type\":\"SearchAction\",\"target\":{\"@type\":\"EntryPoint\",\"urlTemplate\":\"http:\/\/galli.ch\/en\/?s={search_term_string}\"},\"query-input\":{\"@type\":\"PropertyValueSpecification\",\"valueRequired\":true,\"valueName\":\"search_term_string\"}}],\"inLanguage\":\"en-US\"}]}<\/script>\n<!-- \/ Yoast SEO plugin. -->","yoast_head_json":{"title":"Rolex Submariner \"Starbucks\" - Galli Uhren Bijouterie","robots":{"index":"index","follow":"follow","max-snippet":"max-snippet:-1","max-image-preview":"max-image-preview:large","max-video-preview":"max-video-preview:-1"},"canonical":"https:\/\/galli.ch\/uhren\/galli-cpo\/rolex\/rolex-submariner-starbucks-126610lv\/","og_locale":"en_US","og_type":"article","og_title":"Rolex Submariner \"Starbucks\" - Galli Uhren Bijouterie","og_description":"Diese Submariner Date ist die moderne Evolution einer Legende und besticht durch ihre markante, gr\u00fcne Keramikl\u00fcnette, die ihr in Fankreisen einen ber\u00fchmten froschgr\u00fcnen Spitznamen eingebracht hat. In Kombination mit dem tiefschwarzen Zifferblatt und dem robusten Oystersteel-Geh\u00e4use bietet sie einen aufregenden farblichen Akzent, ohne ihre Wurzeln als klassische Taucheruhr zu verlieren. Jahrgang: 2022 Zustand: Sehr gut... Weiter &raquo;","og_url":"https:\/\/galli.ch\/uhren\/galli-cpo\/rolex\/rolex-submariner-starbucks-126610lv\/","og_site_name":"Galli Uhren Bijouterie","article_modified_time":"2026-03-04T10:13:17+00:00","og_image":[{"width":1000,"height":1400,"url":"https:\/\/galli.ch\/wp-content\/uploads\/image4-6.png","type":"image\/png"}],"twitter_card":"summary_large_image","schema":{"@context":"https:\/\/schema.org","@graph":[{"@type":"WebPage","@id":"https:\/\/galli.ch\/uhren\/galli-cpo\/rolex\/rolex-submariner-starbucks-126610lv\/","url":"https:\/\/galli.ch\/uhren\/galli-cpo\/rolex\/rolex-submariner-starbucks-126610lv\/","name":"Rolex Submariner \"Starbucks\" - Galli Uhren Bijouterie","isPartOf":{"@id":"http:\/\/galli.ch\/en\/#website"},"primaryImageOfPage":{"@id":"https:\/\/galli.ch\/uhren\/galli-cpo\/rolex\/rolex-submariner-starbucks-126610lv\/#primaryimage"},"image":{"@id":"https:\/\/galli.ch\/uhren\/galli-cpo\/rolex\/rolex-submariner-starbucks-126610lv\/#primaryimage"},"thumbnailUrl":"https:\/\/galli.ch\/wp-content\/uploads\/image4-6.png","datePublished":"2026-03-02T12:28:27+00:00","dateModified":"2026-03-04T10:13:17+00:00","breadcrumb":{"@id":"https:\/\/galli.ch\/uhren\/galli-cpo\/rolex\/rolex-submariner-starbucks-126610lv\/#breadcrumb"},"inLanguage":"en-US","potentialAction":[{"@type":"ReadAction","target":["https:\/\/galli.ch\/uhren\/galli-cpo\/rolex\/rolex-submariner-starbucks-126610lv\/"]}]},{"@type":"ImageObject","inLanguage":"en-US","@id":"https:\/\/galli.ch\/uhren\/galli-cpo\/rolex\/rolex-submariner-starbucks-126610lv\/#primaryimage","url":"https:\/\/galli.ch\/wp-content\/uploads\/image4-6.png","contentUrl":"https:\/\/galli.ch\/wp-content\/uploads\/image4-6.png","width":1000,"height":1400},{"@type":"BreadcrumbList","@id":"https:\/\/galli.ch\/uhren\/galli-cpo\/rolex\/rolex-submariner-starbucks-126610lv\/#breadcrumb","itemListElement":[{"@type":"ListItem","position":1,"name":"Home","item":"https:\/\/galli.ch\/en\/"},{"@type":"ListItem","position":2,"name":"Uhren","item":"https:\/\/galli.ch\/en\/uhren\/"},{"@type":"ListItem","position":3,"name":"Rolex Submariner &#8220;Starbucks&#8221;"}]},{"@type":"WebSite","@id":"http:\/\/galli.ch\/en\/#website","url":"http:\/\/galli.ch\/en\/","name":"Galli Uhren Bijouterie","description":"","potentialAction":[{"@type":"SearchAction","target":{"@type":"EntryPoint","urlTemplate":"http:\/\/galli.ch\/en\/?s={search_term_string}"},"query-input":{"@type":"PropertyValueSpecification","valueRequired":true,"valueName":"search_term_string"}}],"inLanguage":"en-US"}]}},"_links":{"self":[{"href":"https:\/\/galli.ch\/en\/wp-json\/wp\/v2\/product\/49911","targetHints":{"allow":["GET"]}}],"collection":[{"href":"https:\/\/galli.ch\/en\/wp-json\/wp\/v2\/product"}],"about":[{"href":"https:\/\/galli.ch\/en\/wp-json\/wp\/v2\/types\/product"}],"wp:featuredmedia":[{"embeddable":true,"href":"https:\/\/galli.ch\/en\/wp-json\/wp\/v2\/media\/49861"}],"wp:attachment":[{"href":"https:\/\/galli.ch\/en\/wp-json\/wp\/v2\/media?parent=49911"}],"wp:term":[{"taxonomy":"product_brand","embeddable":true,"href":"https:\/\/galli.ch\/en\/wp-json\/wp\/v2\/product_brand?post=49911"},{"taxonomy":"product_cat","embeddable":true,"href":"https:\/\/galli.ch\/en\/wp-json\/wp\/v2\/product_cat?post=49911"},{"taxonomy":"product_tag","embeddable":true,"href":"https:\/\/galli.ch\/en\/wp-json\/wp\/v2\/product_tag?post=49911"}],"curies":[{"name":"wp","href":"https:\/\/api.w.org\/{rel}","templated":true}]}}