{"id":49965,"date":"2026-03-07T11:20:38","date_gmt":"2026-03-07T10:20:38","guid":{"rendered":"https:\/\/galli.ch\/?post_type=product&#038;p=49965"},"modified":"2026-03-07T11:54:44","modified_gmt":"2026-03-07T10:54:44","slug":"eberhard-extra-fort-31950cp","status":"publish","type":"product","link":"https:\/\/galli.ch\/en\/uhren\/galli-cpo\/weitere-marken\/eberhard-extra-fort-31950cp\/","title":{"rendered":"Eberhard Extra-Fort"},"content":{"rendered":"<p>Die Eberhard &amp; Co. Extra-fort ist weit mehr als nur ein Chronograph \u2013 sie ist eine Ikone der Uhrmacherkunst, die seit den 1940er-Jahren f\u00fcr technische Exzellenz und aristokratische Eleganz steht. Mit ihrem markanten Geh\u00e4usedesign und der perfekten Balance zwischen sportlicher Funktionalit\u00e4t und feiner \u00c4sthetik hat sie sich fest im Pantheon der bedeutendsten Zeitmesser etabliert. Wer eine Extra-fort tr\u00e4gt, entscheidet sich f\u00fcr ein St\u00fcck lebendige Geschichte und ein Design, das Modetrends \u00fcberdauert und durch pure Souver\u00e4nit\u00e4t besticht.<\/p>\n<p>Jahrgang: 2001<\/p>\n<p>Zustand: Gebraucht<\/p>\n<p>Original Papiere: Ja<\/p>\n<p>Original Box: Ja<\/p>\n<p>&nbsp;<\/p>\n","protected":false},"excerpt":{"rendered":"<p>Die Eberhard &amp; Co. Extra-fort ist weit mehr als nur ein Chronograph \u2013 sie ist eine Ikone der Uhrmacherkunst, die seit den 1940er-Jahren f\u00fcr technische Exzellenz und aristokratische Eleganz steht. Mit ihrem markanten Geh\u00e4usedesign und der perfekten Balance zwischen sportlicher Funktionalit\u00e4t und feiner \u00c4sthetik hat sie sich fest im Pantheon der bedeutendsten Zeitmesser etabliert. Wer&#8230;  <a class=\"excerpt-read-more\" href=\"https:\/\/galli.ch\/en\/uhren\/galli-cpo\/weitere-marken\/eberhard-extra-fort-31950cp\/\" title=\"Read Eberhard Extra-Fort\">Weiter &raquo;<\/a><\/p>\n","protected":false},"featured_media":49971,"template":"","meta":{"_acf_changed":false,"inline_featured_image":false},"product_brand":[],"product_cat":[188],"product_tag":[],"class_list":{"0":"post-49965","1":"product","2":"type-product","3":"status-publish","4":"has-post-thumbnail","6":"uhrenhersteller-galli-cpo","7":"uhrenhersteller-weitere-marken","8":"product_cat-uhren","10":"first","11":"instock","12":"taxable","13":"shipping-taxable","14":"purchasable","15":"product-type-simple"},"acf":[],"yoast_head":"<!-- This site is optimized with the Yoast SEO plugin v25.5 - https:\/\/yoast.com\/wordpress\/plugins\/seo\/ -->\n<title>Eberhard Extra-Fort - Galli Uhren Bijouterie<\/title>\n<meta name=\"robots\" content=\"index, follow, max-snippet:-1, max-image-preview:large, max-video-preview:-1\" \/>\n<link rel=\"canonical\" href=\"https:\/\/galli.ch\/uhren\/galli-cpo\/weitere-marken\/eberhard-extra-fort-31950cp\/\" \/>\n<meta property=\"og:locale\" content=\"en_US\" \/>\n<meta property=\"og:type\" content=\"article\" \/>\n<meta property=\"og:title\" content=\"Eberhard Extra-Fort - Galli Uhren Bijouterie\" \/>\n<meta property=\"og:description\" content=\"Die Eberhard &amp; Co. Extra-fort ist weit mehr als nur ein Chronograph \u2013 sie ist eine Ikone der Uhrmacherkunst, die seit den 1940er-Jahren f\u00fcr technische Exzellenz und aristokratische Eleganz steht. Mit ihrem markanten Geh\u00e4usedesign und der perfekten Balance zwischen sportlicher Funktionalit\u00e4t und feiner \u00c4sthetik hat sie sich fest im Pantheon der bedeutendsten Zeitmesser etabliert. Wer... Weiter &raquo;\" \/>\n<meta property=\"og:url\" content=\"https:\/\/galli.ch\/uhren\/galli-cpo\/weitere-marken\/eberhard-extra-fort-31950cp\/\" \/>\n<meta property=\"og:site_name\" content=\"Galli Uhren Bijouterie\" \/>\n<meta property=\"article:modified_time\" content=\"2026-03-07T10:54:44+00:00\" \/>\n<meta property=\"og:image\" content=\"https:\/\/galli.ch\/wp-content\/uploads\/IMG_8462.png\" \/>\n\t<meta property=\"og:image:width\" content=\"1000\" \/>\n\t<meta property=\"og:image:height\" content=\"1400\" \/>\n\t<meta property=\"og:image:type\" content=\"image\/png\" \/>\n<meta name=\"twitter:card\" content=\"summary_large_image\" \/>\n<script type=\"application\/ld+json\" class=\"yoast-schema-graph\">{\"@context\":\"https:\/\/schema.org\",\"@graph\":[{\"@type\":\"WebPage\",\"@id\":\"https:\/\/galli.ch\/uhren\/galli-cpo\/weitere-marken\/eberhard-extra-fort-31950cp\/\",\"url\":\"https:\/\/galli.ch\/uhren\/galli-cpo\/weitere-marken\/eberhard-extra-fort-31950cp\/\",\"name\":\"Eberhard Extra-Fort - Galli Uhren Bijouterie\",\"isPartOf\":{\"@id\":\"http:\/\/galli.ch\/en\/#website\"},\"primaryImageOfPage\":{\"@id\":\"https:\/\/galli.ch\/uhren\/galli-cpo\/weitere-marken\/eberhard-extra-fort-31950cp\/#primaryimage\"},\"image\":{\"@id\":\"https:\/\/galli.ch\/uhren\/galli-cpo\/weitere-marken\/eberhard-extra-fort-31950cp\/#primaryimage\"},\"thumbnailUrl\":\"https:\/\/galli.ch\/wp-content\/uploads\/IMG_8462.png\",\"datePublished\":\"2026-03-07T10:20:38+00:00\",\"dateModified\":\"2026-03-07T10:54:44+00:00\",\"breadcrumb\":{\"@id\":\"https:\/\/galli.ch\/uhren\/galli-cpo\/weitere-marken\/eberhard-extra-fort-31950cp\/#breadcrumb\"},\"inLanguage\":\"en-US\",\"potentialAction\":[{\"@type\":\"ReadAction\",\"target\":[\"https:\/\/galli.ch\/uhren\/galli-cpo\/weitere-marken\/eberhard-extra-fort-31950cp\/\"]}]},{\"@type\":\"ImageObject\",\"inLanguage\":\"en-US\",\"@id\":\"https:\/\/galli.ch\/uhren\/galli-cpo\/weitere-marken\/eberhard-extra-fort-31950cp\/#primaryimage\",\"url\":\"https:\/\/galli.ch\/wp-content\/uploads\/IMG_8462.png\",\"contentUrl\":\"https:\/\/galli.ch\/wp-content\/uploads\/IMG_8462.png\",\"width\":1000,\"height\":1400},{\"@type\":\"BreadcrumbList\",\"@id\":\"https:\/\/galli.ch\/uhren\/galli-cpo\/weitere-marken\/eberhard-extra-fort-31950cp\/#breadcrumb\",\"itemListElement\":[{\"@type\":\"ListItem\",\"position\":1,\"name\":\"Home\",\"item\":\"https:\/\/galli.ch\/en\/\"},{\"@type\":\"ListItem\",\"position\":2,\"name\":\"Uhren\",\"item\":\"https:\/\/galli.ch\/en\/uhren\/\"},{\"@type\":\"ListItem\",\"position\":3,\"name\":\"Eberhard Extra-Fort\"}]},{\"@type\":\"WebSite\",\"@id\":\"http:\/\/galli.ch\/en\/#website\",\"url\":\"http:\/\/galli.ch\/en\/\",\"name\":\"Galli Uhren Bijouterie\",\"description\":\"\",\"potentialAction\":[{\"@type\":\"SearchAction\",\"target\":{\"@type\":\"EntryPoint\",\"urlTemplate\":\"http:\/\/galli.ch\/en\/?s={search_term_string}\"},\"query-input\":{\"@type\":\"PropertyValueSpecification\",\"valueRequired\":true,\"valueName\":\"search_term_string\"}}],\"inLanguage\":\"en-US\"}]}<\/script>\n<!-- \/ Yoast SEO plugin. -->","yoast_head_json":{"title":"Eberhard Extra-Fort - Galli Uhren Bijouterie","robots":{"index":"index","follow":"follow","max-snippet":"max-snippet:-1","max-image-preview":"max-image-preview:large","max-video-preview":"max-video-preview:-1"},"canonical":"https:\/\/galli.ch\/uhren\/galli-cpo\/weitere-marken\/eberhard-extra-fort-31950cp\/","og_locale":"en_US","og_type":"article","og_title":"Eberhard Extra-Fort - Galli Uhren Bijouterie","og_description":"Die Eberhard &amp; Co. Extra-fort ist weit mehr als nur ein Chronograph \u2013 sie ist eine Ikone der Uhrmacherkunst, die seit den 1940er-Jahren f\u00fcr technische Exzellenz und aristokratische Eleganz steht. Mit ihrem markanten Geh\u00e4usedesign und der perfekten Balance zwischen sportlicher Funktionalit\u00e4t und feiner \u00c4sthetik hat sie sich fest im Pantheon der bedeutendsten Zeitmesser etabliert. Wer... Weiter &raquo;","og_url":"https:\/\/galli.ch\/uhren\/galli-cpo\/weitere-marken\/eberhard-extra-fort-31950cp\/","og_site_name":"Galli Uhren Bijouterie","article_modified_time":"2026-03-07T10:54:44+00:00","og_image":[{"width":1000,"height":1400,"url":"https:\/\/galli.ch\/wp-content\/uploads\/IMG_8462.png","type":"image\/png"}],"twitter_card":"summary_large_image","schema":{"@context":"https:\/\/schema.org","@graph":[{"@type":"WebPage","@id":"https:\/\/galli.ch\/uhren\/galli-cpo\/weitere-marken\/eberhard-extra-fort-31950cp\/","url":"https:\/\/galli.ch\/uhren\/galli-cpo\/weitere-marken\/eberhard-extra-fort-31950cp\/","name":"Eberhard Extra-Fort - Galli Uhren Bijouterie","isPartOf":{"@id":"http:\/\/galli.ch\/en\/#website"},"primaryImageOfPage":{"@id":"https:\/\/galli.ch\/uhren\/galli-cpo\/weitere-marken\/eberhard-extra-fort-31950cp\/#primaryimage"},"image":{"@id":"https:\/\/galli.ch\/uhren\/galli-cpo\/weitere-marken\/eberhard-extra-fort-31950cp\/#primaryimage"},"thumbnailUrl":"https:\/\/galli.ch\/wp-content\/uploads\/IMG_8462.png","datePublished":"2026-03-07T10:20:38+00:00","dateModified":"2026-03-07T10:54:44+00:00","breadcrumb":{"@id":"https:\/\/galli.ch\/uhren\/galli-cpo\/weitere-marken\/eberhard-extra-fort-31950cp\/#breadcrumb"},"inLanguage":"en-US","potentialAction":[{"@type":"ReadAction","target":["https:\/\/galli.ch\/uhren\/galli-cpo\/weitere-marken\/eberhard-extra-fort-31950cp\/"]}]},{"@type":"ImageObject","inLanguage":"en-US","@id":"https:\/\/galli.ch\/uhren\/galli-cpo\/weitere-marken\/eberhard-extra-fort-31950cp\/#primaryimage","url":"https:\/\/galli.ch\/wp-content\/uploads\/IMG_8462.png","contentUrl":"https:\/\/galli.ch\/wp-content\/uploads\/IMG_8462.png","width":1000,"height":1400},{"@type":"BreadcrumbList","@id":"https:\/\/galli.ch\/uhren\/galli-cpo\/weitere-marken\/eberhard-extra-fort-31950cp\/#breadcrumb","itemListElement":[{"@type":"ListItem","position":1,"name":"Home","item":"https:\/\/galli.ch\/en\/"},{"@type":"ListItem","position":2,"name":"Uhren","item":"https:\/\/galli.ch\/en\/uhren\/"},{"@type":"ListItem","position":3,"name":"Eberhard Extra-Fort"}]},{"@type":"WebSite","@id":"http:\/\/galli.ch\/en\/#website","url":"http:\/\/galli.ch\/en\/","name":"Galli Uhren Bijouterie","description":"","potentialAction":[{"@type":"SearchAction","target":{"@type":"EntryPoint","urlTemplate":"http:\/\/galli.ch\/en\/?s={search_term_string}"},"query-input":{"@type":"PropertyValueSpecification","valueRequired":true,"valueName":"search_term_string"}}],"inLanguage":"en-US"}]}},"_links":{"self":[{"href":"https:\/\/galli.ch\/en\/wp-json\/wp\/v2\/product\/49965","targetHints":{"allow":["GET"]}}],"collection":[{"href":"https:\/\/galli.ch\/en\/wp-json\/wp\/v2\/product"}],"about":[{"href":"https:\/\/galli.ch\/en\/wp-json\/wp\/v2\/types\/product"}],"wp:featuredmedia":[{"embeddable":true,"href":"https:\/\/galli.ch\/en\/wp-json\/wp\/v2\/media\/49971"}],"wp:attachment":[{"href":"https:\/\/galli.ch\/en\/wp-json\/wp\/v2\/media?parent=49965"}],"wp:term":[{"taxonomy":"product_brand","embeddable":true,"href":"https:\/\/galli.ch\/en\/wp-json\/wp\/v2\/product_brand?post=49965"},{"taxonomy":"product_cat","embeddable":true,"href":"https:\/\/galli.ch\/en\/wp-json\/wp\/v2\/product_cat?post=49965"},{"taxonomy":"product_tag","embeddable":true,"href":"https:\/\/galli.ch\/en\/wp-json\/wp\/v2\/product_tag?post=49965"}],"curies":[{"name":"wp","href":"https:\/\/api.w.org\/{rel}","templated":true}]}}