{"id":49973,"date":"2026-03-07T12:51:22","date_gmt":"2026-03-07T11:51:22","guid":{"rendered":"https:\/\/galli.ch\/?post_type=product&#038;p=49973"},"modified":"2026-03-12T09:29:27","modified_gmt":"2026-03-12T08:29:27","slug":"breitling-shadow-flyback-435-312","status":"publish","type":"product","link":"https:\/\/galli.ch\/en\/uhren\/galli-cpo\/breitling-2\/breitling-shadow-flyback-435-312\/","title":{"rendered":"Breitling Shadow Flyback"},"content":{"rendered":"<p>Die Breitling Shadow Flyback ist eine technische Meisterleistung in einem glanzvollen Gewand. In dieser exklusiven Ausf\u00fchrung mit Brillantl\u00fcnette und dem schimmernden Perlmutt-Zifferblatt beweist sie eindrucksvoll, dass ein hochpr\u00e4zises Instrumenten-Werk und luxuri\u00f6ser Schmuckcharakter perfekt harmonieren. Das Herzst\u00fcck ist die seltene Flyback-Funktion, die es erm\u00f6glicht, den Chronographen mit nur einem Knopfdruck sofort zu stoppen, zu nullen und neu zu starten \u2013 ein Feature, das urspr\u00fcnglich f\u00fcr die hohen Anforderungen der Luftfahrt entwickelt wurde und hier in einer Form pr\u00e4sentiert wird, die am Handgelenk puren Luxus ausstrahlt.<\/p>\n<p>Jahrgang: ca. 2001<\/p>\n<p>Zustand: Sehr Gut<\/p>\n<p>Original Papiere: Nein<\/p>\n<p>Original Box: Ja<\/p>\n<p>Offizielle Breitling Service Garantie: bis Februar 2028<\/p>\n","protected":false},"excerpt":{"rendered":"<p>Die Breitling Shadow Flyback ist eine technische Meisterleistung in einem glanzvollen Gewand. In dieser exklusiven Ausf\u00fchrung mit Brillantl\u00fcnette und dem schimmernden Perlmutt-Zifferblatt beweist sie eindrucksvoll, dass ein hochpr\u00e4zises Instrumenten-Werk und luxuri\u00f6ser Schmuckcharakter perfekt harmonieren. Das Herzst\u00fcck ist die seltene Flyback-Funktion, die es erm\u00f6glicht, den Chronographen mit nur einem Knopfdruck sofort zu stoppen, zu nullen und&#8230;  <a class=\"excerpt-read-more\" href=\"https:\/\/galli.ch\/en\/uhren\/galli-cpo\/breitling-2\/breitling-shadow-flyback-435-312\/\" title=\"Read Breitling Shadow Flyback\">Weiter &raquo;<\/a><\/p>\n","protected":false},"featured_media":49978,"template":"","meta":{"_acf_changed":false,"inline_featured_image":false},"product_brand":[],"product_cat":[188],"product_tag":[],"class_list":{"0":"post-49973","1":"product","2":"type-product","3":"status-publish","4":"has-post-thumbnail","6":"uhrenhersteller-galli-cpo","7":"uhrenhersteller-breitling-2","8":"product_cat-uhren","10":"first","11":"instock","12":"taxable","13":"shipping-taxable","14":"purchasable","15":"product-type-simple"},"acf":[],"yoast_head":"<!-- This site is optimized with the Yoast SEO plugin v25.5 - https:\/\/yoast.com\/wordpress\/plugins\/seo\/ -->\n<title>Breitling Shadow Flyback - Galli Uhren Bijouterie<\/title>\n<meta name=\"robots\" content=\"index, follow, max-snippet:-1, max-image-preview:large, max-video-preview:-1\" \/>\n<link rel=\"canonical\" href=\"https:\/\/galli.ch\/uhren\/galli-cpo\/breitling-2\/breitling-shadow-flyback-435-312\/\" \/>\n<meta property=\"og:locale\" content=\"en_US\" \/>\n<meta property=\"og:type\" content=\"article\" \/>\n<meta property=\"og:title\" content=\"Breitling Shadow Flyback - Galli Uhren Bijouterie\" \/>\n<meta property=\"og:description\" content=\"Die Breitling Shadow Flyback ist eine technische Meisterleistung in einem glanzvollen Gewand. In dieser exklusiven Ausf\u00fchrung mit Brillantl\u00fcnette und dem schimmernden Perlmutt-Zifferblatt beweist sie eindrucksvoll, dass ein hochpr\u00e4zises Instrumenten-Werk und luxuri\u00f6ser Schmuckcharakter perfekt harmonieren. Das Herzst\u00fcck ist die seltene Flyback-Funktion, die es erm\u00f6glicht, den Chronographen mit nur einem Knopfdruck sofort zu stoppen, zu nullen und... Weiter &raquo;\" \/>\n<meta property=\"og:url\" content=\"https:\/\/galli.ch\/uhren\/galli-cpo\/breitling-2\/breitling-shadow-flyback-435-312\/\" \/>\n<meta property=\"og:site_name\" content=\"Galli Uhren Bijouterie\" \/>\n<meta property=\"article:modified_time\" content=\"2026-03-12T08:29:27+00:00\" \/>\n<meta property=\"og:image\" content=\"https:\/\/galli.ch\/wp-content\/uploads\/IMG_8468.png\" \/>\n\t<meta property=\"og:image:width\" content=\"1000\" \/>\n\t<meta property=\"og:image:height\" content=\"1400\" \/>\n\t<meta property=\"og:image:type\" content=\"image\/png\" \/>\n<meta name=\"twitter:card\" content=\"summary_large_image\" \/>\n<script type=\"application\/ld+json\" class=\"yoast-schema-graph\">{\"@context\":\"https:\/\/schema.org\",\"@graph\":[{\"@type\":\"WebPage\",\"@id\":\"https:\/\/galli.ch\/uhren\/galli-cpo\/breitling-2\/breitling-shadow-flyback-435-312\/\",\"url\":\"https:\/\/galli.ch\/uhren\/galli-cpo\/breitling-2\/breitling-shadow-flyback-435-312\/\",\"name\":\"Breitling Shadow Flyback - Galli Uhren Bijouterie\",\"isPartOf\":{\"@id\":\"http:\/\/galli.ch\/en\/#website\"},\"primaryImageOfPage\":{\"@id\":\"https:\/\/galli.ch\/uhren\/galli-cpo\/breitling-2\/breitling-shadow-flyback-435-312\/#primaryimage\"},\"image\":{\"@id\":\"https:\/\/galli.ch\/uhren\/galli-cpo\/breitling-2\/breitling-shadow-flyback-435-312\/#primaryimage\"},\"thumbnailUrl\":\"https:\/\/galli.ch\/wp-content\/uploads\/IMG_8468.png\",\"datePublished\":\"2026-03-07T11:51:22+00:00\",\"dateModified\":\"2026-03-12T08:29:27+00:00\",\"breadcrumb\":{\"@id\":\"https:\/\/galli.ch\/uhren\/galli-cpo\/breitling-2\/breitling-shadow-flyback-435-312\/#breadcrumb\"},\"inLanguage\":\"en-US\",\"potentialAction\":[{\"@type\":\"ReadAction\",\"target\":[\"https:\/\/galli.ch\/uhren\/galli-cpo\/breitling-2\/breitling-shadow-flyback-435-312\/\"]}]},{\"@type\":\"ImageObject\",\"inLanguage\":\"en-US\",\"@id\":\"https:\/\/galli.ch\/uhren\/galli-cpo\/breitling-2\/breitling-shadow-flyback-435-312\/#primaryimage\",\"url\":\"https:\/\/galli.ch\/wp-content\/uploads\/IMG_8468.png\",\"contentUrl\":\"https:\/\/galli.ch\/wp-content\/uploads\/IMG_8468.png\",\"width\":1000,\"height\":1400},{\"@type\":\"BreadcrumbList\",\"@id\":\"https:\/\/galli.ch\/uhren\/galli-cpo\/breitling-2\/breitling-shadow-flyback-435-312\/#breadcrumb\",\"itemListElement\":[{\"@type\":\"ListItem\",\"position\":1,\"name\":\"Home\",\"item\":\"https:\/\/galli.ch\/en\/\"},{\"@type\":\"ListItem\",\"position\":2,\"name\":\"Uhren\",\"item\":\"https:\/\/galli.ch\/en\/uhren\/\"},{\"@type\":\"ListItem\",\"position\":3,\"name\":\"Breitling Shadow Flyback\"}]},{\"@type\":\"WebSite\",\"@id\":\"http:\/\/galli.ch\/en\/#website\",\"url\":\"http:\/\/galli.ch\/en\/\",\"name\":\"Galli Uhren Bijouterie\",\"description\":\"\",\"potentialAction\":[{\"@type\":\"SearchAction\",\"target\":{\"@type\":\"EntryPoint\",\"urlTemplate\":\"http:\/\/galli.ch\/en\/?s={search_term_string}\"},\"query-input\":{\"@type\":\"PropertyValueSpecification\",\"valueRequired\":true,\"valueName\":\"search_term_string\"}}],\"inLanguage\":\"en-US\"}]}<\/script>\n<!-- \/ Yoast SEO plugin. -->","yoast_head_json":{"title":"Breitling Shadow Flyback - Galli Uhren Bijouterie","robots":{"index":"index","follow":"follow","max-snippet":"max-snippet:-1","max-image-preview":"max-image-preview:large","max-video-preview":"max-video-preview:-1"},"canonical":"https:\/\/galli.ch\/uhren\/galli-cpo\/breitling-2\/breitling-shadow-flyback-435-312\/","og_locale":"en_US","og_type":"article","og_title":"Breitling Shadow Flyback - Galli Uhren Bijouterie","og_description":"Die Breitling Shadow Flyback ist eine technische Meisterleistung in einem glanzvollen Gewand. In dieser exklusiven Ausf\u00fchrung mit Brillantl\u00fcnette und dem schimmernden Perlmutt-Zifferblatt beweist sie eindrucksvoll, dass ein hochpr\u00e4zises Instrumenten-Werk und luxuri\u00f6ser Schmuckcharakter perfekt harmonieren. Das Herzst\u00fcck ist die seltene Flyback-Funktion, die es erm\u00f6glicht, den Chronographen mit nur einem Knopfdruck sofort zu stoppen, zu nullen und... Weiter &raquo;","og_url":"https:\/\/galli.ch\/uhren\/galli-cpo\/breitling-2\/breitling-shadow-flyback-435-312\/","og_site_name":"Galli Uhren Bijouterie","article_modified_time":"2026-03-12T08:29:27+00:00","og_image":[{"width":1000,"height":1400,"url":"https:\/\/galli.ch\/wp-content\/uploads\/IMG_8468.png","type":"image\/png"}],"twitter_card":"summary_large_image","schema":{"@context":"https:\/\/schema.org","@graph":[{"@type":"WebPage","@id":"https:\/\/galli.ch\/uhren\/galli-cpo\/breitling-2\/breitling-shadow-flyback-435-312\/","url":"https:\/\/galli.ch\/uhren\/galli-cpo\/breitling-2\/breitling-shadow-flyback-435-312\/","name":"Breitling Shadow Flyback - Galli Uhren Bijouterie","isPartOf":{"@id":"http:\/\/galli.ch\/en\/#website"},"primaryImageOfPage":{"@id":"https:\/\/galli.ch\/uhren\/galli-cpo\/breitling-2\/breitling-shadow-flyback-435-312\/#primaryimage"},"image":{"@id":"https:\/\/galli.ch\/uhren\/galli-cpo\/breitling-2\/breitling-shadow-flyback-435-312\/#primaryimage"},"thumbnailUrl":"https:\/\/galli.ch\/wp-content\/uploads\/IMG_8468.png","datePublished":"2026-03-07T11:51:22+00:00","dateModified":"2026-03-12T08:29:27+00:00","breadcrumb":{"@id":"https:\/\/galli.ch\/uhren\/galli-cpo\/breitling-2\/breitling-shadow-flyback-435-312\/#breadcrumb"},"inLanguage":"en-US","potentialAction":[{"@type":"ReadAction","target":["https:\/\/galli.ch\/uhren\/galli-cpo\/breitling-2\/breitling-shadow-flyback-435-312\/"]}]},{"@type":"ImageObject","inLanguage":"en-US","@id":"https:\/\/galli.ch\/uhren\/galli-cpo\/breitling-2\/breitling-shadow-flyback-435-312\/#primaryimage","url":"https:\/\/galli.ch\/wp-content\/uploads\/IMG_8468.png","contentUrl":"https:\/\/galli.ch\/wp-content\/uploads\/IMG_8468.png","width":1000,"height":1400},{"@type":"BreadcrumbList","@id":"https:\/\/galli.ch\/uhren\/galli-cpo\/breitling-2\/breitling-shadow-flyback-435-312\/#breadcrumb","itemListElement":[{"@type":"ListItem","position":1,"name":"Home","item":"https:\/\/galli.ch\/en\/"},{"@type":"ListItem","position":2,"name":"Uhren","item":"https:\/\/galli.ch\/en\/uhren\/"},{"@type":"ListItem","position":3,"name":"Breitling Shadow Flyback"}]},{"@type":"WebSite","@id":"http:\/\/galli.ch\/en\/#website","url":"http:\/\/galli.ch\/en\/","name":"Galli Uhren Bijouterie","description":"","potentialAction":[{"@type":"SearchAction","target":{"@type":"EntryPoint","urlTemplate":"http:\/\/galli.ch\/en\/?s={search_term_string}"},"query-input":{"@type":"PropertyValueSpecification","valueRequired":true,"valueName":"search_term_string"}}],"inLanguage":"en-US"}]}},"_links":{"self":[{"href":"https:\/\/galli.ch\/en\/wp-json\/wp\/v2\/product\/49973","targetHints":{"allow":["GET"]}}],"collection":[{"href":"https:\/\/galli.ch\/en\/wp-json\/wp\/v2\/product"}],"about":[{"href":"https:\/\/galli.ch\/en\/wp-json\/wp\/v2\/types\/product"}],"wp:featuredmedia":[{"embeddable":true,"href":"https:\/\/galli.ch\/en\/wp-json\/wp\/v2\/media\/49978"}],"wp:attachment":[{"href":"https:\/\/galli.ch\/en\/wp-json\/wp\/v2\/media?parent=49973"}],"wp:term":[{"taxonomy":"product_brand","embeddable":true,"href":"https:\/\/galli.ch\/en\/wp-json\/wp\/v2\/product_brand?post=49973"},{"taxonomy":"product_cat","embeddable":true,"href":"https:\/\/galli.ch\/en\/wp-json\/wp\/v2\/product_cat?post=49973"},{"taxonomy":"product_tag","embeddable":true,"href":"https:\/\/galli.ch\/en\/wp-json\/wp\/v2\/product_tag?post=49973"}],"curies":[{"name":"wp","href":"https:\/\/api.w.org\/{rel}","templated":true}]}}