{"id":50190,"date":"2026-03-18T15:22:11","date_gmt":"2026-03-18T14:22:11","guid":{"rendered":"https:\/\/galli.ch\/?post_type=product&#038;p=50190"},"modified":"2026-03-18T15:29:59","modified_gmt":"2026-03-18T14:29:59","slug":"cosmorgaph-daytona-126500ln-2","status":"publish","type":"product","link":"https:\/\/galli.ch\/en\/uhren\/galli-cpo\/rolex\/cosmorgaph-daytona-126500ln-2\/","title":{"rendered":"Rolex Cosmorgaph Daytona"},"content":{"rendered":"<p>Diese Cosmograph Daytona aus robustem Edelstahl ist die Quintessenz eines modernen Chronographen und verk\u00f6rpert wie kaum eine andere Uhr die Leidenschaft f\u00fcr den Rennsport. Als Herzst\u00fcck schl\u00e4gt in ihr ein hochmodernes Manufakturwerk, das f\u00fcr h\u00f6chste Zuverl\u00e4ssigkeit und eine beeindruckende Gangreserve sorgt \u2013 ein absolutes Must-have f\u00fcr Sammler und \u00c4stheten.<\/p>\n<p>Jahrgang: 2024<\/p>\n<p>Zustand: Gut<\/p>\n<p>Original Papiere: Ja<\/p>\n<p>Original Box: Ja<\/p>\n<p>Garantie: bis M\u00e4rz 2029<\/p>\n","protected":false},"excerpt":{"rendered":"<p>Diese Cosmograph Daytona aus robustem Edelstahl ist die Quintessenz eines modernen Chronographen und verk\u00f6rpert wie kaum eine andere Uhr die Leidenschaft f\u00fcr den Rennsport. Als Herzst\u00fcck schl\u00e4gt in ihr ein hochmodernes Manufakturwerk, das f\u00fcr h\u00f6chste Zuverl\u00e4ssigkeit und eine beeindruckende Gangreserve sorgt \u2013 ein absolutes Must-have f\u00fcr Sammler und \u00c4stheten. Jahrgang: 2024 Zustand: Gut Original Papiere:&#8230;  <a class=\"excerpt-read-more\" href=\"https:\/\/galli.ch\/en\/uhren\/galli-cpo\/rolex\/cosmorgaph-daytona-126500ln-2\/\" title=\"Read Rolex Cosmorgaph Daytona\">Weiter &raquo;<\/a><\/p>\n","protected":false},"featured_media":50163,"template":"","meta":{"_acf_changed":false,"inline_featured_image":false},"product_brand":[],"product_cat":[188],"product_tag":[],"class_list":{"0":"post-50190","1":"product","2":"type-product","3":"status-publish","4":"has-post-thumbnail","6":"uhrenhersteller-galli-cpo","7":"uhrenhersteller-rolex","8":"product_cat-uhren","10":"first","11":"instock","12":"taxable","13":"shipping-taxable","14":"purchasable","15":"product-type-simple"},"acf":[],"yoast_head":"<!-- This site is optimized with the Yoast SEO plugin v25.5 - https:\/\/yoast.com\/wordpress\/plugins\/seo\/ -->\n<title>Rolex Cosmorgaph Daytona - Galli Uhren Bijouterie<\/title>\n<meta name=\"robots\" content=\"index, follow, max-snippet:-1, max-image-preview:large, max-video-preview:-1\" \/>\n<link rel=\"canonical\" href=\"https:\/\/galli.ch\/uhren\/galli-cpo\/rolex\/cosmorgaph-daytona-126500ln-2\/\" \/>\n<meta property=\"og:locale\" content=\"en_US\" \/>\n<meta property=\"og:type\" content=\"article\" \/>\n<meta property=\"og:title\" content=\"Rolex Cosmorgaph Daytona - Galli Uhren Bijouterie\" \/>\n<meta property=\"og:description\" content=\"Diese Cosmograph Daytona aus robustem Edelstahl ist die Quintessenz eines modernen Chronographen und verk\u00f6rpert wie kaum eine andere Uhr die Leidenschaft f\u00fcr den Rennsport. Als Herzst\u00fcck schl\u00e4gt in ihr ein hochmodernes Manufakturwerk, das f\u00fcr h\u00f6chste Zuverl\u00e4ssigkeit und eine beeindruckende Gangreserve sorgt \u2013 ein absolutes Must-have f\u00fcr Sammler und \u00c4stheten. Jahrgang: 2024 Zustand: Gut Original Papiere:... Weiter &raquo;\" \/>\n<meta property=\"og:url\" content=\"https:\/\/galli.ch\/uhren\/galli-cpo\/rolex\/cosmorgaph-daytona-126500ln-2\/\" \/>\n<meta property=\"og:site_name\" content=\"Galli Uhren Bijouterie\" \/>\n<meta property=\"article:modified_time\" content=\"2026-03-18T14:29:59+00:00\" \/>\n<meta property=\"og:image\" content=\"https:\/\/galli.ch\/wp-content\/uploads\/IMG_3604.png\" \/>\n\t<meta property=\"og:image:width\" content=\"1000\" \/>\n\t<meta property=\"og:image:height\" content=\"1400\" \/>\n\t<meta property=\"og:image:type\" content=\"image\/png\" \/>\n<meta name=\"twitter:card\" content=\"summary_large_image\" \/>\n<script type=\"application\/ld+json\" class=\"yoast-schema-graph\">{\"@context\":\"https:\/\/schema.org\",\"@graph\":[{\"@type\":\"WebPage\",\"@id\":\"https:\/\/galli.ch\/uhren\/galli-cpo\/rolex\/cosmorgaph-daytona-126500ln-2\/\",\"url\":\"https:\/\/galli.ch\/uhren\/galli-cpo\/rolex\/cosmorgaph-daytona-126500ln-2\/\",\"name\":\"Rolex Cosmorgaph Daytona - Galli Uhren Bijouterie\",\"isPartOf\":{\"@id\":\"http:\/\/galli.ch\/en\/#website\"},\"primaryImageOfPage\":{\"@id\":\"https:\/\/galli.ch\/uhren\/galli-cpo\/rolex\/cosmorgaph-daytona-126500ln-2\/#primaryimage\"},\"image\":{\"@id\":\"https:\/\/galli.ch\/uhren\/galli-cpo\/rolex\/cosmorgaph-daytona-126500ln-2\/#primaryimage\"},\"thumbnailUrl\":\"https:\/\/galli.ch\/wp-content\/uploads\/IMG_3604.png\",\"datePublished\":\"2026-03-18T14:22:11+00:00\",\"dateModified\":\"2026-03-18T14:29:59+00:00\",\"breadcrumb\":{\"@id\":\"https:\/\/galli.ch\/uhren\/galli-cpo\/rolex\/cosmorgaph-daytona-126500ln-2\/#breadcrumb\"},\"inLanguage\":\"en-US\",\"potentialAction\":[{\"@type\":\"ReadAction\",\"target\":[\"https:\/\/galli.ch\/uhren\/galli-cpo\/rolex\/cosmorgaph-daytona-126500ln-2\/\"]}]},{\"@type\":\"ImageObject\",\"inLanguage\":\"en-US\",\"@id\":\"https:\/\/galli.ch\/uhren\/galli-cpo\/rolex\/cosmorgaph-daytona-126500ln-2\/#primaryimage\",\"url\":\"https:\/\/galli.ch\/wp-content\/uploads\/IMG_3604.png\",\"contentUrl\":\"https:\/\/galli.ch\/wp-content\/uploads\/IMG_3604.png\",\"width\":1000,\"height\":1400},{\"@type\":\"BreadcrumbList\",\"@id\":\"https:\/\/galli.ch\/uhren\/galli-cpo\/rolex\/cosmorgaph-daytona-126500ln-2\/#breadcrumb\",\"itemListElement\":[{\"@type\":\"ListItem\",\"position\":1,\"name\":\"Home\",\"item\":\"https:\/\/galli.ch\/en\/\"},{\"@type\":\"ListItem\",\"position\":2,\"name\":\"Uhren\",\"item\":\"https:\/\/galli.ch\/en\/uhren\/\"},{\"@type\":\"ListItem\",\"position\":3,\"name\":\"Rolex Cosmorgaph Daytona\"}]},{\"@type\":\"WebSite\",\"@id\":\"http:\/\/galli.ch\/en\/#website\",\"url\":\"http:\/\/galli.ch\/en\/\",\"name\":\"Galli Uhren Bijouterie\",\"description\":\"\",\"potentialAction\":[{\"@type\":\"SearchAction\",\"target\":{\"@type\":\"EntryPoint\",\"urlTemplate\":\"http:\/\/galli.ch\/en\/?s={search_term_string}\"},\"query-input\":{\"@type\":\"PropertyValueSpecification\",\"valueRequired\":true,\"valueName\":\"search_term_string\"}}],\"inLanguage\":\"en-US\"}]}<\/script>\n<!-- \/ Yoast SEO plugin. -->","yoast_head_json":{"title":"Rolex Cosmorgaph Daytona - Galli Uhren Bijouterie","robots":{"index":"index","follow":"follow","max-snippet":"max-snippet:-1","max-image-preview":"max-image-preview:large","max-video-preview":"max-video-preview:-1"},"canonical":"https:\/\/galli.ch\/uhren\/galli-cpo\/rolex\/cosmorgaph-daytona-126500ln-2\/","og_locale":"en_US","og_type":"article","og_title":"Rolex Cosmorgaph Daytona - Galli Uhren Bijouterie","og_description":"Diese Cosmograph Daytona aus robustem Edelstahl ist die Quintessenz eines modernen Chronographen und verk\u00f6rpert wie kaum eine andere Uhr die Leidenschaft f\u00fcr den Rennsport. Als Herzst\u00fcck schl\u00e4gt in ihr ein hochmodernes Manufakturwerk, das f\u00fcr h\u00f6chste Zuverl\u00e4ssigkeit und eine beeindruckende Gangreserve sorgt \u2013 ein absolutes Must-have f\u00fcr Sammler und \u00c4stheten. Jahrgang: 2024 Zustand: Gut Original Papiere:... Weiter &raquo;","og_url":"https:\/\/galli.ch\/uhren\/galli-cpo\/rolex\/cosmorgaph-daytona-126500ln-2\/","og_site_name":"Galli Uhren Bijouterie","article_modified_time":"2026-03-18T14:29:59+00:00","og_image":[{"width":1000,"height":1400,"url":"https:\/\/galli.ch\/wp-content\/uploads\/IMG_3604.png","type":"image\/png"}],"twitter_card":"summary_large_image","schema":{"@context":"https:\/\/schema.org","@graph":[{"@type":"WebPage","@id":"https:\/\/galli.ch\/uhren\/galli-cpo\/rolex\/cosmorgaph-daytona-126500ln-2\/","url":"https:\/\/galli.ch\/uhren\/galli-cpo\/rolex\/cosmorgaph-daytona-126500ln-2\/","name":"Rolex Cosmorgaph Daytona - Galli Uhren Bijouterie","isPartOf":{"@id":"http:\/\/galli.ch\/en\/#website"},"primaryImageOfPage":{"@id":"https:\/\/galli.ch\/uhren\/galli-cpo\/rolex\/cosmorgaph-daytona-126500ln-2\/#primaryimage"},"image":{"@id":"https:\/\/galli.ch\/uhren\/galli-cpo\/rolex\/cosmorgaph-daytona-126500ln-2\/#primaryimage"},"thumbnailUrl":"https:\/\/galli.ch\/wp-content\/uploads\/IMG_3604.png","datePublished":"2026-03-18T14:22:11+00:00","dateModified":"2026-03-18T14:29:59+00:00","breadcrumb":{"@id":"https:\/\/galli.ch\/uhren\/galli-cpo\/rolex\/cosmorgaph-daytona-126500ln-2\/#breadcrumb"},"inLanguage":"en-US","potentialAction":[{"@type":"ReadAction","target":["https:\/\/galli.ch\/uhren\/galli-cpo\/rolex\/cosmorgaph-daytona-126500ln-2\/"]}]},{"@type":"ImageObject","inLanguage":"en-US","@id":"https:\/\/galli.ch\/uhren\/galli-cpo\/rolex\/cosmorgaph-daytona-126500ln-2\/#primaryimage","url":"https:\/\/galli.ch\/wp-content\/uploads\/IMG_3604.png","contentUrl":"https:\/\/galli.ch\/wp-content\/uploads\/IMG_3604.png","width":1000,"height":1400},{"@type":"BreadcrumbList","@id":"https:\/\/galli.ch\/uhren\/galli-cpo\/rolex\/cosmorgaph-daytona-126500ln-2\/#breadcrumb","itemListElement":[{"@type":"ListItem","position":1,"name":"Home","item":"https:\/\/galli.ch\/en\/"},{"@type":"ListItem","position":2,"name":"Uhren","item":"https:\/\/galli.ch\/en\/uhren\/"},{"@type":"ListItem","position":3,"name":"Rolex Cosmorgaph Daytona"}]},{"@type":"WebSite","@id":"http:\/\/galli.ch\/en\/#website","url":"http:\/\/galli.ch\/en\/","name":"Galli Uhren Bijouterie","description":"","potentialAction":[{"@type":"SearchAction","target":{"@type":"EntryPoint","urlTemplate":"http:\/\/galli.ch\/en\/?s={search_term_string}"},"query-input":{"@type":"PropertyValueSpecification","valueRequired":true,"valueName":"search_term_string"}}],"inLanguage":"en-US"}]}},"_links":{"self":[{"href":"https:\/\/galli.ch\/en\/wp-json\/wp\/v2\/product\/50190","targetHints":{"allow":["GET"]}}],"collection":[{"href":"https:\/\/galli.ch\/en\/wp-json\/wp\/v2\/product"}],"about":[{"href":"https:\/\/galli.ch\/en\/wp-json\/wp\/v2\/types\/product"}],"wp:featuredmedia":[{"embeddable":true,"href":"https:\/\/galli.ch\/en\/wp-json\/wp\/v2\/media\/50163"}],"wp:attachment":[{"href":"https:\/\/galli.ch\/en\/wp-json\/wp\/v2\/media?parent=50190"}],"wp:term":[{"taxonomy":"product_brand","embeddable":true,"href":"https:\/\/galli.ch\/en\/wp-json\/wp\/v2\/product_brand?post=50190"},{"taxonomy":"product_cat","embeddable":true,"href":"https:\/\/galli.ch\/en\/wp-json\/wp\/v2\/product_cat?post=50190"},{"taxonomy":"product_tag","embeddable":true,"href":"https:\/\/galli.ch\/en\/wp-json\/wp\/v2\/product_tag?post=50190"}],"curies":[{"name":"wp","href":"https:\/\/api.w.org\/{rel}","templated":true}]}}