{"id":50194,"date":"2026-03-18T15:53:05","date_gmt":"2026-03-18T14:53:05","guid":{"rendered":"https:\/\/galli.ch\/?post_type=product&#038;p=50194"},"modified":"2026-05-02T18:10:29","modified_gmt":"2026-05-02T16:10:29","slug":"automatic-36-a103805a1q1a1","status":"publish","type":"product","link":"https:\/\/galli.ch\/en\/uhren\/breitling\/chronomat\/automatic-36-a103805a1q1a1\/","title":{"rendered":"Breitling Chronomat Automatic 36 Limited Edition"},"content":{"rendered":"<p>Die stilvolle und zugleich elegante Chronomat Automatic 36 im Modern-Retro-Look ist eine vielseitige, sportlich-schicke Uhr f\u00fcr jeden Anlass. Sie ist in einer Vielzahl von Metallgeh\u00e4usen erh\u00e4ltlich, von coolem Edelstahl \u00fcber die zu allem passende zweifarbige Variante bis hin zu luxuri\u00f6sem 18-kar\u00e4tigem Rotgold. Frauen, die sich nach zus\u00e4tzlichem Glanz sehnen, k\u00f6nnen sich zudem f\u00fcr L\u00fcnetten, Indizes und farbenfrohe Zifferbl\u00e4tter mit Diamantbesatz entscheiden.<\/p>\n<p>Dieses Sondermodell ist weltweit auf 83 Exemplare limitiert.<\/p>\n","protected":false},"excerpt":{"rendered":"<p>Die stilvolle und zugleich elegante Chronomat Automatic 36 im Modern-Retro-Look ist eine vielseitige, sportlich-schicke Uhr f\u00fcr jeden Anlass. Sie ist in einer Vielzahl von Metallgeh\u00e4usen erh\u00e4ltlich, von coolem Edelstahl \u00fcber die zu allem passende zweifarbige Variante bis hin zu luxuri\u00f6sem 18-kar\u00e4tigem Rotgold. Frauen, die sich nach zus\u00e4tzlichem Glanz sehnen, k\u00f6nnen sich zudem f\u00fcr L\u00fcnetten, Indizes&#8230;  <a class=\"excerpt-read-more\" href=\"https:\/\/galli.ch\/en\/uhren\/breitling\/chronomat\/automatic-36-a103805a1q1a1\/\" title=\"Read Breitling Chronomat Automatic 36 Limited Edition\">Weiter &raquo;<\/a><\/p>\n","protected":false},"featured_media":50179,"template":"","meta":{"_acf_changed":false,"inline_featured_image":false},"product_brand":[],"product_cat":[188],"product_tag":[],"class_list":{"0":"post-50194","1":"product","2":"type-product","3":"status-publish","4":"has-post-thumbnail","6":"uhrenhersteller-breitling","7":"uhrenhersteller-chronomat","8":"product_cat-uhren","10":"first","11":"instock","12":"taxable","13":"shipping-taxable","14":"purchasable","15":"product-type-simple"},"acf":[],"yoast_head":"<!-- This site is optimized with the Yoast SEO plugin v25.5 - https:\/\/yoast.com\/wordpress\/plugins\/seo\/ -->\n<title>Breitling Chronomat Automatic 36 Limited Edition - Galli Uhren Bijouterie<\/title>\n<meta name=\"robots\" content=\"index, follow, max-snippet:-1, max-image-preview:large, max-video-preview:-1\" \/>\n<link rel=\"canonical\" href=\"https:\/\/galli.ch\/uhren\/breitling\/chronomat\/automatic-36-a103805a1q1a1\/\" \/>\n<meta property=\"og:locale\" content=\"en_US\" \/>\n<meta property=\"og:type\" content=\"article\" \/>\n<meta property=\"og:title\" content=\"Breitling Chronomat Automatic 36 Limited Edition - Galli Uhren Bijouterie\" \/>\n<meta property=\"og:description\" content=\"Die stilvolle und zugleich elegante Chronomat Automatic 36 im Modern-Retro-Look ist eine vielseitige, sportlich-schicke Uhr f\u00fcr jeden Anlass. Sie ist in einer Vielzahl von Metallgeh\u00e4usen erh\u00e4ltlich, von coolem Edelstahl \u00fcber die zu allem passende zweifarbige Variante bis hin zu luxuri\u00f6sem 18-kar\u00e4tigem Rotgold. Frauen, die sich nach zus\u00e4tzlichem Glanz sehnen, k\u00f6nnen sich zudem f\u00fcr L\u00fcnetten, Indizes... Weiter &raquo;\" \/>\n<meta property=\"og:url\" content=\"https:\/\/galli.ch\/uhren\/breitling\/chronomat\/automatic-36-a103805a1q1a1\/\" \/>\n<meta property=\"og:site_name\" content=\"Galli Uhren Bijouterie\" \/>\n<meta property=\"article:modified_time\" content=\"2026-05-02T16:10:29+00:00\" \/>\n<meta property=\"og:image\" content=\"https:\/\/galli.ch\/wp-content\/uploads\/ECOM_Chronomat_Chronomat36_A103805A1Q1A1_Sand_Soldier.png\" \/>\n\t<meta property=\"og:image:width\" content=\"1000\" \/>\n\t<meta property=\"og:image:height\" content=\"1400\" \/>\n\t<meta property=\"og:image:type\" content=\"image\/png\" \/>\n<meta name=\"twitter:card\" content=\"summary_large_image\" \/>\n<script type=\"application\/ld+json\" class=\"yoast-schema-graph\">{\"@context\":\"https:\/\/schema.org\",\"@graph\":[{\"@type\":\"WebPage\",\"@id\":\"https:\/\/galli.ch\/uhren\/breitling\/chronomat\/automatic-36-a103805a1q1a1\/\",\"url\":\"https:\/\/galli.ch\/uhren\/breitling\/chronomat\/automatic-36-a103805a1q1a1\/\",\"name\":\"Breitling Chronomat Automatic 36 Limited Edition - Galli Uhren Bijouterie\",\"isPartOf\":{\"@id\":\"http:\/\/galli.ch\/en\/#website\"},\"primaryImageOfPage\":{\"@id\":\"https:\/\/galli.ch\/uhren\/breitling\/chronomat\/automatic-36-a103805a1q1a1\/#primaryimage\"},\"image\":{\"@id\":\"https:\/\/galli.ch\/uhren\/breitling\/chronomat\/automatic-36-a103805a1q1a1\/#primaryimage\"},\"thumbnailUrl\":\"https:\/\/galli.ch\/wp-content\/uploads\/ECOM_Chronomat_Chronomat36_A103805A1Q1A1_Sand_Soldier.png\",\"datePublished\":\"2026-03-18T14:53:05+00:00\",\"dateModified\":\"2026-05-02T16:10:29+00:00\",\"breadcrumb\":{\"@id\":\"https:\/\/galli.ch\/uhren\/breitling\/chronomat\/automatic-36-a103805a1q1a1\/#breadcrumb\"},\"inLanguage\":\"en-US\",\"potentialAction\":[{\"@type\":\"ReadAction\",\"target\":[\"https:\/\/galli.ch\/uhren\/breitling\/chronomat\/automatic-36-a103805a1q1a1\/\"]}]},{\"@type\":\"ImageObject\",\"inLanguage\":\"en-US\",\"@id\":\"https:\/\/galli.ch\/uhren\/breitling\/chronomat\/automatic-36-a103805a1q1a1\/#primaryimage\",\"url\":\"https:\/\/galli.ch\/wp-content\/uploads\/ECOM_Chronomat_Chronomat36_A103805A1Q1A1_Sand_Soldier.png\",\"contentUrl\":\"https:\/\/galli.ch\/wp-content\/uploads\/ECOM_Chronomat_Chronomat36_A103805A1Q1A1_Sand_Soldier.png\",\"width\":1000,\"height\":1400},{\"@type\":\"BreadcrumbList\",\"@id\":\"https:\/\/galli.ch\/uhren\/breitling\/chronomat\/automatic-36-a103805a1q1a1\/#breadcrumb\",\"itemListElement\":[{\"@type\":\"ListItem\",\"position\":1,\"name\":\"Home\",\"item\":\"https:\/\/galli.ch\/en\/\"},{\"@type\":\"ListItem\",\"position\":2,\"name\":\"Uhren\",\"item\":\"https:\/\/galli.ch\/en\/uhren\/\"},{\"@type\":\"ListItem\",\"position\":3,\"name\":\"Breitling Chronomat Automatic 36 Limited Edition\"}]},{\"@type\":\"WebSite\",\"@id\":\"http:\/\/galli.ch\/en\/#website\",\"url\":\"http:\/\/galli.ch\/en\/\",\"name\":\"Galli Uhren Bijouterie\",\"description\":\"\",\"potentialAction\":[{\"@type\":\"SearchAction\",\"target\":{\"@type\":\"EntryPoint\",\"urlTemplate\":\"http:\/\/galli.ch\/en\/?s={search_term_string}\"},\"query-input\":{\"@type\":\"PropertyValueSpecification\",\"valueRequired\":true,\"valueName\":\"search_term_string\"}}],\"inLanguage\":\"en-US\"}]}<\/script>\n<!-- \/ Yoast SEO plugin. -->","yoast_head_json":{"title":"Breitling Chronomat Automatic 36 Limited Edition - Galli Uhren Bijouterie","robots":{"index":"index","follow":"follow","max-snippet":"max-snippet:-1","max-image-preview":"max-image-preview:large","max-video-preview":"max-video-preview:-1"},"canonical":"https:\/\/galli.ch\/uhren\/breitling\/chronomat\/automatic-36-a103805a1q1a1\/","og_locale":"en_US","og_type":"article","og_title":"Breitling Chronomat Automatic 36 Limited Edition - Galli Uhren Bijouterie","og_description":"Die stilvolle und zugleich elegante Chronomat Automatic 36 im Modern-Retro-Look ist eine vielseitige, sportlich-schicke Uhr f\u00fcr jeden Anlass. Sie ist in einer Vielzahl von Metallgeh\u00e4usen erh\u00e4ltlich, von coolem Edelstahl \u00fcber die zu allem passende zweifarbige Variante bis hin zu luxuri\u00f6sem 18-kar\u00e4tigem Rotgold. Frauen, die sich nach zus\u00e4tzlichem Glanz sehnen, k\u00f6nnen sich zudem f\u00fcr L\u00fcnetten, Indizes... Weiter &raquo;","og_url":"https:\/\/galli.ch\/uhren\/breitling\/chronomat\/automatic-36-a103805a1q1a1\/","og_site_name":"Galli Uhren Bijouterie","article_modified_time":"2026-05-02T16:10:29+00:00","og_image":[{"width":1000,"height":1400,"url":"https:\/\/galli.ch\/wp-content\/uploads\/ECOM_Chronomat_Chronomat36_A103805A1Q1A1_Sand_Soldier.png","type":"image\/png"}],"twitter_card":"summary_large_image","schema":{"@context":"https:\/\/schema.org","@graph":[{"@type":"WebPage","@id":"https:\/\/galli.ch\/uhren\/breitling\/chronomat\/automatic-36-a103805a1q1a1\/","url":"https:\/\/galli.ch\/uhren\/breitling\/chronomat\/automatic-36-a103805a1q1a1\/","name":"Breitling Chronomat Automatic 36 Limited Edition - Galli Uhren Bijouterie","isPartOf":{"@id":"http:\/\/galli.ch\/en\/#website"},"primaryImageOfPage":{"@id":"https:\/\/galli.ch\/uhren\/breitling\/chronomat\/automatic-36-a103805a1q1a1\/#primaryimage"},"image":{"@id":"https:\/\/galli.ch\/uhren\/breitling\/chronomat\/automatic-36-a103805a1q1a1\/#primaryimage"},"thumbnailUrl":"https:\/\/galli.ch\/wp-content\/uploads\/ECOM_Chronomat_Chronomat36_A103805A1Q1A1_Sand_Soldier.png","datePublished":"2026-03-18T14:53:05+00:00","dateModified":"2026-05-02T16:10:29+00:00","breadcrumb":{"@id":"https:\/\/galli.ch\/uhren\/breitling\/chronomat\/automatic-36-a103805a1q1a1\/#breadcrumb"},"inLanguage":"en-US","potentialAction":[{"@type":"ReadAction","target":["https:\/\/galli.ch\/uhren\/breitling\/chronomat\/automatic-36-a103805a1q1a1\/"]}]},{"@type":"ImageObject","inLanguage":"en-US","@id":"https:\/\/galli.ch\/uhren\/breitling\/chronomat\/automatic-36-a103805a1q1a1\/#primaryimage","url":"https:\/\/galli.ch\/wp-content\/uploads\/ECOM_Chronomat_Chronomat36_A103805A1Q1A1_Sand_Soldier.png","contentUrl":"https:\/\/galli.ch\/wp-content\/uploads\/ECOM_Chronomat_Chronomat36_A103805A1Q1A1_Sand_Soldier.png","width":1000,"height":1400},{"@type":"BreadcrumbList","@id":"https:\/\/galli.ch\/uhren\/breitling\/chronomat\/automatic-36-a103805a1q1a1\/#breadcrumb","itemListElement":[{"@type":"ListItem","position":1,"name":"Home","item":"https:\/\/galli.ch\/en\/"},{"@type":"ListItem","position":2,"name":"Uhren","item":"https:\/\/galli.ch\/en\/uhren\/"},{"@type":"ListItem","position":3,"name":"Breitling Chronomat Automatic 36 Limited Edition"}]},{"@type":"WebSite","@id":"http:\/\/galli.ch\/en\/#website","url":"http:\/\/galli.ch\/en\/","name":"Galli Uhren Bijouterie","description":"","potentialAction":[{"@type":"SearchAction","target":{"@type":"EntryPoint","urlTemplate":"http:\/\/galli.ch\/en\/?s={search_term_string}"},"query-input":{"@type":"PropertyValueSpecification","valueRequired":true,"valueName":"search_term_string"}}],"inLanguage":"en-US"}]}},"_links":{"self":[{"href":"https:\/\/galli.ch\/en\/wp-json\/wp\/v2\/product\/50194","targetHints":{"allow":["GET"]}}],"collection":[{"href":"https:\/\/galli.ch\/en\/wp-json\/wp\/v2\/product"}],"about":[{"href":"https:\/\/galli.ch\/en\/wp-json\/wp\/v2\/types\/product"}],"wp:featuredmedia":[{"embeddable":true,"href":"https:\/\/galli.ch\/en\/wp-json\/wp\/v2\/media\/50179"}],"wp:attachment":[{"href":"https:\/\/galli.ch\/en\/wp-json\/wp\/v2\/media?parent=50194"}],"wp:term":[{"taxonomy":"product_brand","embeddable":true,"href":"https:\/\/galli.ch\/en\/wp-json\/wp\/v2\/product_brand?post=50194"},{"taxonomy":"product_cat","embeddable":true,"href":"https:\/\/galli.ch\/en\/wp-json\/wp\/v2\/product_cat?post=50194"},{"taxonomy":"product_tag","embeddable":true,"href":"https:\/\/galli.ch\/en\/wp-json\/wp\/v2\/product_tag?post=50194"}],"curies":[{"name":"wp","href":"https:\/\/api.w.org\/{rel}","templated":true}]}}