{"id":50214,"date":"2026-03-20T14:54:47","date_gmt":"2026-03-20T13:54:47","guid":{"rendered":"https:\/\/galli.ch\/?post_type=product&#038;p=50214"},"modified":"2026-03-20T14:58:48","modified_gmt":"2026-03-20T13:58:48","slug":"breitling-navitimer-b19-chronograph-43-perpetual-calendar","status":"publish","type":"product","link":"https:\/\/galli.ch\/en\/uhren\/breitling\/navitimer\/breitling-navitimer-b19-chronograph-43-perpetual-calendar\/","title":{"rendered":"Breitling Navitimer B19 Chronograph 43 Perpetual Calendar"},"content":{"rendered":"<p>Ein Kaliber mit ewigem Kalender ist ein mechanisches Uhrwerk, das weiss, wie viele Tage jeder Monat hat, auch in Schaltjahren. Die mechanische Komplexit\u00e4t hinter der Tatsache, dass der Februar in einem Schaltjahr 29 Tage hat, ist kaum zu \u00fcbersch\u00e4tzten. Das Kaliber B19 mit ewigem Kalender verf\u00fcgt \u00fcber zus\u00e4tzliche Komponenten, die so programmiert sind, dass sie genau wissen, wann dieser zus\u00e4tzliche Tag innerhalb des Vierjahreszyklus eintritt. Um die Sache noch komplizierter zu machen, springen die f\u00fcnf Kalenderanzeigen\u00a0\u2013 Tag, Datum, Monat, Mondphase und Schaltjahr\u00a0\u2013 alle gleichzeitig vom 31. Dezember auf den 1. Januar.<\/p>\n","protected":false},"excerpt":{"rendered":"<p>Ein Kaliber mit ewigem Kalender ist ein mechanisches Uhrwerk, das weiss, wie viele Tage jeder Monat hat, auch in Schaltjahren. Die mechanische Komplexit\u00e4t hinter der Tatsache, dass der Februar in einem Schaltjahr 29 Tage hat, ist kaum zu \u00fcbersch\u00e4tzten. Das Kaliber B19 mit ewigem Kalender verf\u00fcgt \u00fcber zus\u00e4tzliche Komponenten, die so programmiert sind, dass sie&#8230;  <a class=\"excerpt-read-more\" href=\"https:\/\/galli.ch\/en\/uhren\/breitling\/navitimer\/breitling-navitimer-b19-chronograph-43-perpetual-calendar\/\" title=\"Read Breitling Navitimer B19 Chronograph 43 Perpetual Calendar\">Weiter &raquo;<\/a><\/p>\n","protected":false},"featured_media":50225,"template":"","meta":{"_acf_changed":false,"inline_featured_image":false},"product_brand":[],"product_cat":[188],"product_tag":[],"class_list":{"0":"post-50214","1":"product","2":"type-product","3":"status-publish","4":"has-post-thumbnail","6":"uhrenhersteller-breitling","7":"uhrenhersteller-navitimer","8":"product_cat-uhren","10":"first","11":"outofstock","12":"taxable","13":"shipping-taxable","14":"purchasable","15":"product-type-simple"},"acf":[],"yoast_head":"<!-- This site is optimized with the Yoast SEO plugin v25.5 - https:\/\/yoast.com\/wordpress\/plugins\/seo\/ -->\n<title>Breitling Navitimer B19 Chronograph 43 Perpetual Calendar - Galli Uhren Bijouterie<\/title>\n<meta name=\"robots\" content=\"index, follow, max-snippet:-1, max-image-preview:large, max-video-preview:-1\" \/>\n<link rel=\"canonical\" href=\"https:\/\/galli.ch\/uhren\/breitling\/navitimer\/breitling-navitimer-b19-chronograph-43-perpetual-calendar\/\" \/>\n<meta property=\"og:locale\" content=\"en_US\" \/>\n<meta property=\"og:type\" content=\"article\" \/>\n<meta property=\"og:title\" content=\"Breitling Navitimer B19 Chronograph 43 Perpetual Calendar - Galli Uhren Bijouterie\" \/>\n<meta property=\"og:description\" content=\"Ein Kaliber mit ewigem Kalender ist ein mechanisches Uhrwerk, das weiss, wie viele Tage jeder Monat hat, auch in Schaltjahren. Die mechanische Komplexit\u00e4t hinter der Tatsache, dass der Februar in einem Schaltjahr 29 Tage hat, ist kaum zu \u00fcbersch\u00e4tzten. Das Kaliber B19 mit ewigem Kalender verf\u00fcgt \u00fcber zus\u00e4tzliche Komponenten, die so programmiert sind, dass sie... Weiter &raquo;\" \/>\n<meta property=\"og:url\" content=\"https:\/\/galli.ch\/uhren\/breitling\/navitimer\/breitling-navitimer-b19-chronograph-43-perpetual-calendar\/\" \/>\n<meta property=\"og:site_name\" content=\"Galli Uhren Bijouterie\" \/>\n<meta property=\"article:modified_time\" content=\"2026-03-20T13:58:48+00:00\" \/>\n<meta property=\"og:image\" content=\"https:\/\/galli.ch\/wp-content\/uploads\/pb1921251b1a1-soldier_6759264b_thumbnail_1024.png\" \/>\n\t<meta property=\"og:image:width\" content=\"1000\" \/>\n\t<meta property=\"og:image:height\" content=\"1400\" \/>\n\t<meta property=\"og:image:type\" content=\"image\/png\" \/>\n<meta name=\"twitter:card\" content=\"summary_large_image\" \/>\n<script type=\"application\/ld+json\" class=\"yoast-schema-graph\">{\"@context\":\"https:\/\/schema.org\",\"@graph\":[{\"@type\":\"WebPage\",\"@id\":\"https:\/\/galli.ch\/uhren\/breitling\/navitimer\/breitling-navitimer-b19-chronograph-43-perpetual-calendar\/\",\"url\":\"https:\/\/galli.ch\/uhren\/breitling\/navitimer\/breitling-navitimer-b19-chronograph-43-perpetual-calendar\/\",\"name\":\"Breitling Navitimer B19 Chronograph 43 Perpetual Calendar - Galli Uhren Bijouterie\",\"isPartOf\":{\"@id\":\"http:\/\/galli.ch\/en\/#website\"},\"primaryImageOfPage\":{\"@id\":\"https:\/\/galli.ch\/uhren\/breitling\/navitimer\/breitling-navitimer-b19-chronograph-43-perpetual-calendar\/#primaryimage\"},\"image\":{\"@id\":\"https:\/\/galli.ch\/uhren\/breitling\/navitimer\/breitling-navitimer-b19-chronograph-43-perpetual-calendar\/#primaryimage\"},\"thumbnailUrl\":\"https:\/\/galli.ch\/wp-content\/uploads\/pb1921251b1a1-soldier_6759264b_thumbnail_1024.png\",\"datePublished\":\"2026-03-20T13:54:47+00:00\",\"dateModified\":\"2026-03-20T13:58:48+00:00\",\"breadcrumb\":{\"@id\":\"https:\/\/galli.ch\/uhren\/breitling\/navitimer\/breitling-navitimer-b19-chronograph-43-perpetual-calendar\/#breadcrumb\"},\"inLanguage\":\"en-US\",\"potentialAction\":[{\"@type\":\"ReadAction\",\"target\":[\"https:\/\/galli.ch\/uhren\/breitling\/navitimer\/breitling-navitimer-b19-chronograph-43-perpetual-calendar\/\"]}]},{\"@type\":\"ImageObject\",\"inLanguage\":\"en-US\",\"@id\":\"https:\/\/galli.ch\/uhren\/breitling\/navitimer\/breitling-navitimer-b19-chronograph-43-perpetual-calendar\/#primaryimage\",\"url\":\"https:\/\/galli.ch\/wp-content\/uploads\/pb1921251b1a1-soldier_6759264b_thumbnail_1024.png\",\"contentUrl\":\"https:\/\/galli.ch\/wp-content\/uploads\/pb1921251b1a1-soldier_6759264b_thumbnail_1024.png\",\"width\":1000,\"height\":1400},{\"@type\":\"BreadcrumbList\",\"@id\":\"https:\/\/galli.ch\/uhren\/breitling\/navitimer\/breitling-navitimer-b19-chronograph-43-perpetual-calendar\/#breadcrumb\",\"itemListElement\":[{\"@type\":\"ListItem\",\"position\":1,\"name\":\"Home\",\"item\":\"https:\/\/galli.ch\/en\/\"},{\"@type\":\"ListItem\",\"position\":2,\"name\":\"Uhren\",\"item\":\"https:\/\/galli.ch\/en\/uhren\/\"},{\"@type\":\"ListItem\",\"position\":3,\"name\":\"Breitling Navitimer B19 Chronograph 43 Perpetual Calendar\"}]},{\"@type\":\"WebSite\",\"@id\":\"http:\/\/galli.ch\/en\/#website\",\"url\":\"http:\/\/galli.ch\/en\/\",\"name\":\"Galli Uhren Bijouterie\",\"description\":\"\",\"potentialAction\":[{\"@type\":\"SearchAction\",\"target\":{\"@type\":\"EntryPoint\",\"urlTemplate\":\"http:\/\/galli.ch\/en\/?s={search_term_string}\"},\"query-input\":{\"@type\":\"PropertyValueSpecification\",\"valueRequired\":true,\"valueName\":\"search_term_string\"}}],\"inLanguage\":\"en-US\"}]}<\/script>\n<!-- \/ Yoast SEO plugin. -->","yoast_head_json":{"title":"Breitling Navitimer B19 Chronograph 43 Perpetual Calendar - Galli Uhren Bijouterie","robots":{"index":"index","follow":"follow","max-snippet":"max-snippet:-1","max-image-preview":"max-image-preview:large","max-video-preview":"max-video-preview:-1"},"canonical":"https:\/\/galli.ch\/uhren\/breitling\/navitimer\/breitling-navitimer-b19-chronograph-43-perpetual-calendar\/","og_locale":"en_US","og_type":"article","og_title":"Breitling Navitimer B19 Chronograph 43 Perpetual Calendar - Galli Uhren Bijouterie","og_description":"Ein Kaliber mit ewigem Kalender ist ein mechanisches Uhrwerk, das weiss, wie viele Tage jeder Monat hat, auch in Schaltjahren. Die mechanische Komplexit\u00e4t hinter der Tatsache, dass der Februar in einem Schaltjahr 29 Tage hat, ist kaum zu \u00fcbersch\u00e4tzten. Das Kaliber B19 mit ewigem Kalender verf\u00fcgt \u00fcber zus\u00e4tzliche Komponenten, die so programmiert sind, dass sie... Weiter &raquo;","og_url":"https:\/\/galli.ch\/uhren\/breitling\/navitimer\/breitling-navitimer-b19-chronograph-43-perpetual-calendar\/","og_site_name":"Galli Uhren Bijouterie","article_modified_time":"2026-03-20T13:58:48+00:00","og_image":[{"width":1000,"height":1400,"url":"https:\/\/galli.ch\/wp-content\/uploads\/pb1921251b1a1-soldier_6759264b_thumbnail_1024.png","type":"image\/png"}],"twitter_card":"summary_large_image","schema":{"@context":"https:\/\/schema.org","@graph":[{"@type":"WebPage","@id":"https:\/\/galli.ch\/uhren\/breitling\/navitimer\/breitling-navitimer-b19-chronograph-43-perpetual-calendar\/","url":"https:\/\/galli.ch\/uhren\/breitling\/navitimer\/breitling-navitimer-b19-chronograph-43-perpetual-calendar\/","name":"Breitling Navitimer B19 Chronograph 43 Perpetual Calendar - Galli Uhren Bijouterie","isPartOf":{"@id":"http:\/\/galli.ch\/en\/#website"},"primaryImageOfPage":{"@id":"https:\/\/galli.ch\/uhren\/breitling\/navitimer\/breitling-navitimer-b19-chronograph-43-perpetual-calendar\/#primaryimage"},"image":{"@id":"https:\/\/galli.ch\/uhren\/breitling\/navitimer\/breitling-navitimer-b19-chronograph-43-perpetual-calendar\/#primaryimage"},"thumbnailUrl":"https:\/\/galli.ch\/wp-content\/uploads\/pb1921251b1a1-soldier_6759264b_thumbnail_1024.png","datePublished":"2026-03-20T13:54:47+00:00","dateModified":"2026-03-20T13:58:48+00:00","breadcrumb":{"@id":"https:\/\/galli.ch\/uhren\/breitling\/navitimer\/breitling-navitimer-b19-chronograph-43-perpetual-calendar\/#breadcrumb"},"inLanguage":"en-US","potentialAction":[{"@type":"ReadAction","target":["https:\/\/galli.ch\/uhren\/breitling\/navitimer\/breitling-navitimer-b19-chronograph-43-perpetual-calendar\/"]}]},{"@type":"ImageObject","inLanguage":"en-US","@id":"https:\/\/galli.ch\/uhren\/breitling\/navitimer\/breitling-navitimer-b19-chronograph-43-perpetual-calendar\/#primaryimage","url":"https:\/\/galli.ch\/wp-content\/uploads\/pb1921251b1a1-soldier_6759264b_thumbnail_1024.png","contentUrl":"https:\/\/galli.ch\/wp-content\/uploads\/pb1921251b1a1-soldier_6759264b_thumbnail_1024.png","width":1000,"height":1400},{"@type":"BreadcrumbList","@id":"https:\/\/galli.ch\/uhren\/breitling\/navitimer\/breitling-navitimer-b19-chronograph-43-perpetual-calendar\/#breadcrumb","itemListElement":[{"@type":"ListItem","position":1,"name":"Home","item":"https:\/\/galli.ch\/en\/"},{"@type":"ListItem","position":2,"name":"Uhren","item":"https:\/\/galli.ch\/en\/uhren\/"},{"@type":"ListItem","position":3,"name":"Breitling Navitimer B19 Chronograph 43 Perpetual Calendar"}]},{"@type":"WebSite","@id":"http:\/\/galli.ch\/en\/#website","url":"http:\/\/galli.ch\/en\/","name":"Galli Uhren Bijouterie","description":"","potentialAction":[{"@type":"SearchAction","target":{"@type":"EntryPoint","urlTemplate":"http:\/\/galli.ch\/en\/?s={search_term_string}"},"query-input":{"@type":"PropertyValueSpecification","valueRequired":true,"valueName":"search_term_string"}}],"inLanguage":"en-US"}]}},"_links":{"self":[{"href":"https:\/\/galli.ch\/en\/wp-json\/wp\/v2\/product\/50214","targetHints":{"allow":["GET"]}}],"collection":[{"href":"https:\/\/galli.ch\/en\/wp-json\/wp\/v2\/product"}],"about":[{"href":"https:\/\/galli.ch\/en\/wp-json\/wp\/v2\/types\/product"}],"wp:featuredmedia":[{"embeddable":true,"href":"https:\/\/galli.ch\/en\/wp-json\/wp\/v2\/media\/50225"}],"wp:attachment":[{"href":"https:\/\/galli.ch\/en\/wp-json\/wp\/v2\/media?parent=50214"}],"wp:term":[{"taxonomy":"product_brand","embeddable":true,"href":"https:\/\/galli.ch\/en\/wp-json\/wp\/v2\/product_brand?post=50214"},{"taxonomy":"product_cat","embeddable":true,"href":"https:\/\/galli.ch\/en\/wp-json\/wp\/v2\/product_cat?post=50214"},{"taxonomy":"product_tag","embeddable":true,"href":"https:\/\/galli.ch\/en\/wp-json\/wp\/v2\/product_tag?post=50214"}],"curies":[{"name":"wp","href":"https:\/\/api.w.org\/{rel}","templated":true}]}}