{"id":5039,"date":"2019-05-22T13:55:36","date_gmt":"2019-05-22T11:55:36","guid":{"rendered":"http:\/\/galli.ch\/?post_type=uhren&#038;p=5039"},"modified":"2026-04-20T18:17:48","modified_gmt":"2026-04-20T16:17:48","slug":"aqua-terra-worldtimer-220-12-43-22-03-001","status":"publish","type":"product","link":"https:\/\/galli.ch\/en\/uhren\/omega\/seamaster\/aqua-terra-worldtimer-220-12-43-22-03-001\/","title":{"rendered":"Omega Aqua Terra Master Chronometer Worldtimer"},"content":{"rendered":"<p>Dieses 43 mm grosse Worldtimer Modell besitzt ein poliertes Geh\u00e4use aus Edelstahl, das \u00fcber ein solides poliertes Verbindungsst\u00fcck in das strukturierte blaue Kautschukarmband integriert wurde.<\/p>\n<p>Der \u00e4ussere Teil des Zifferblatts ist blau mit Sonnenschliff und weist ein vertikales Teakholz-Muster sowie einen Ring mit den Namen bedeutender St\u00e4dte auf. Letztere wurden in Rot (GMT), Silber (+ 1 Stunde Sommerzeit) und Blau (St\u00e4dte ohne Sommerzeit) aufgedruckt.<\/p>\n<p>Im Zentrum des Zifferblatts befindet sich ein 24-Stunden-Glasring. Die hellblaue Farbe zeigt hier die Tagesstunden und die dunkelblaue Farbe die Nachtstunden an. Die Ansicht der Erde wurde auf einer Platine aus Titan Grade 5 gefertigt. Die blauen Ozeane und das Relief f\u00fcr die Kontinente wurden unter Einsatz eines Lasers geformt. Die kontrastierenden Farben der Erdoberfl\u00e4che entstehen auf nat\u00fcrliche Weise durch die chemische Reaktion des Lasers.<\/p>\n<p>Angetrieben wird die Worldtimer von dem Master Chronometer Kaliber 8938.<\/p>\n","protected":false},"excerpt":{"rendered":"<p>Dieses 43 mm grosse Worldtimer Modell besitzt ein poliertes Geh\u00e4use aus Edelstahl, das \u00fcber ein solides poliertes Verbindungsst\u00fcck in das strukturierte blaue Kautschukarmband integriert wurde. Der \u00e4ussere Teil des Zifferblatts ist blau mit Sonnenschliff und weist ein vertikales Teakholz-Muster sowie einen Ring mit den Namen bedeutender St\u00e4dte auf. Letztere wurden in Rot (GMT), Silber (+&#8230;  <a class=\"excerpt-read-more\" href=\"https:\/\/galli.ch\/en\/uhren\/omega\/seamaster\/aqua-terra-worldtimer-220-12-43-22-03-001\/\" title=\"Read Omega Aqua Terra Master Chronometer Worldtimer\">Weiter &raquo;<\/a><\/p>\n","protected":false},"featured_media":4969,"template":"","meta":{"_acf_changed":false,"inline_featured_image":false},"product_brand":[],"product_cat":[188],"product_tag":[],"class_list":{"0":"post-5039","1":"product","2":"type-product","3":"status-publish","4":"has-post-thumbnail","6":"uhrenhersteller-omega","7":"uhrenhersteller-seamaster","8":"product_cat-uhren","10":"first","11":"outofstock","12":"taxable","13":"shipping-taxable","14":"purchasable","15":"product-type-simple"},"acf":[],"yoast_head":"<!-- This site is optimized with the Yoast SEO plugin v25.5 - https:\/\/yoast.com\/wordpress\/plugins\/seo\/ -->\n<title>Omega Aqua Terra Master Chronometer Worldtimer - Galli Uhren Bijouterie<\/title>\n<meta name=\"robots\" content=\"index, follow, max-snippet:-1, max-image-preview:large, max-video-preview:-1\" \/>\n<link rel=\"canonical\" href=\"https:\/\/galli.ch\/uhren\/omega\/seamaster\/aqua-terra-worldtimer-220-12-43-22-03-001\/\" \/>\n<meta property=\"og:locale\" content=\"en_US\" \/>\n<meta property=\"og:type\" content=\"article\" \/>\n<meta property=\"og:title\" content=\"Omega Aqua Terra Master Chronometer Worldtimer - Galli Uhren Bijouterie\" \/>\n<meta property=\"og:description\" content=\"Dieses 43 mm grosse Worldtimer Modell besitzt ein poliertes Geh\u00e4use aus Edelstahl, das \u00fcber ein solides poliertes Verbindungsst\u00fcck in das strukturierte blaue Kautschukarmband integriert wurde. Der \u00e4ussere Teil des Zifferblatts ist blau mit Sonnenschliff und weist ein vertikales Teakholz-Muster sowie einen Ring mit den Namen bedeutender St\u00e4dte auf. Letztere wurden in Rot (GMT), Silber (+... Weiter &raquo;\" \/>\n<meta property=\"og:url\" content=\"https:\/\/galli.ch\/uhren\/omega\/seamaster\/aqua-terra-worldtimer-220-12-43-22-03-001\/\" \/>\n<meta property=\"og:site_name\" content=\"Galli Uhren Bijouterie\" \/>\n<meta property=\"article:modified_time\" content=\"2026-04-20T16:17:48+00:00\" \/>\n<meta property=\"og:image\" content=\"https:\/\/galli.ch\/wp-content\/uploads\/OMEGA_220.12.png\" \/>\n\t<meta property=\"og:image:width\" content=\"1000\" \/>\n\t<meta property=\"og:image:height\" content=\"1400\" \/>\n\t<meta property=\"og:image:type\" content=\"image\/png\" \/>\n<meta name=\"twitter:card\" content=\"summary_large_image\" \/>\n<script type=\"application\/ld+json\" class=\"yoast-schema-graph\">{\"@context\":\"https:\/\/schema.org\",\"@graph\":[{\"@type\":\"WebPage\",\"@id\":\"https:\/\/galli.ch\/uhren\/omega\/seamaster\/aqua-terra-worldtimer-220-12-43-22-03-001\/\",\"url\":\"https:\/\/galli.ch\/uhren\/omega\/seamaster\/aqua-terra-worldtimer-220-12-43-22-03-001\/\",\"name\":\"Omega Aqua Terra Master Chronometer Worldtimer - Galli Uhren Bijouterie\",\"isPartOf\":{\"@id\":\"http:\/\/galli.ch\/en\/#website\"},\"primaryImageOfPage\":{\"@id\":\"https:\/\/galli.ch\/uhren\/omega\/seamaster\/aqua-terra-worldtimer-220-12-43-22-03-001\/#primaryimage\"},\"image\":{\"@id\":\"https:\/\/galli.ch\/uhren\/omega\/seamaster\/aqua-terra-worldtimer-220-12-43-22-03-001\/#primaryimage\"},\"thumbnailUrl\":\"https:\/\/galli.ch\/wp-content\/uploads\/OMEGA_220.12.png\",\"datePublished\":\"2019-05-22T11:55:36+00:00\",\"dateModified\":\"2026-04-20T16:17:48+00:00\",\"breadcrumb\":{\"@id\":\"https:\/\/galli.ch\/uhren\/omega\/seamaster\/aqua-terra-worldtimer-220-12-43-22-03-001\/#breadcrumb\"},\"inLanguage\":\"en-US\",\"potentialAction\":[{\"@type\":\"ReadAction\",\"target\":[\"https:\/\/galli.ch\/uhren\/omega\/seamaster\/aqua-terra-worldtimer-220-12-43-22-03-001\/\"]}]},{\"@type\":\"ImageObject\",\"inLanguage\":\"en-US\",\"@id\":\"https:\/\/galli.ch\/uhren\/omega\/seamaster\/aqua-terra-worldtimer-220-12-43-22-03-001\/#primaryimage\",\"url\":\"https:\/\/galli.ch\/wp-content\/uploads\/OMEGA_220.12.png\",\"contentUrl\":\"https:\/\/galli.ch\/wp-content\/uploads\/OMEGA_220.12.png\",\"width\":1000,\"height\":1400,\"caption\":\"Omega Aqua Terra Master Chronometer Worldtimer\"},{\"@type\":\"BreadcrumbList\",\"@id\":\"https:\/\/galli.ch\/uhren\/omega\/seamaster\/aqua-terra-worldtimer-220-12-43-22-03-001\/#breadcrumb\",\"itemListElement\":[{\"@type\":\"ListItem\",\"position\":1,\"name\":\"Home\",\"item\":\"https:\/\/galli.ch\/en\/\"},{\"@type\":\"ListItem\",\"position\":2,\"name\":\"Uhren\",\"item\":\"https:\/\/galli.ch\/en\/uhren\/\"},{\"@type\":\"ListItem\",\"position\":3,\"name\":\"Omega Aqua Terra Master Chronometer Worldtimer\"}]},{\"@type\":\"WebSite\",\"@id\":\"http:\/\/galli.ch\/en\/#website\",\"url\":\"http:\/\/galli.ch\/en\/\",\"name\":\"Galli Uhren Bijouterie\",\"description\":\"\",\"potentialAction\":[{\"@type\":\"SearchAction\",\"target\":{\"@type\":\"EntryPoint\",\"urlTemplate\":\"http:\/\/galli.ch\/en\/?s={search_term_string}\"},\"query-input\":{\"@type\":\"PropertyValueSpecification\",\"valueRequired\":true,\"valueName\":\"search_term_string\"}}],\"inLanguage\":\"en-US\"}]}<\/script>\n<!-- \/ Yoast SEO plugin. -->","yoast_head_json":{"title":"Omega Aqua Terra Master Chronometer Worldtimer - Galli Uhren Bijouterie","robots":{"index":"index","follow":"follow","max-snippet":"max-snippet:-1","max-image-preview":"max-image-preview:large","max-video-preview":"max-video-preview:-1"},"canonical":"https:\/\/galli.ch\/uhren\/omega\/seamaster\/aqua-terra-worldtimer-220-12-43-22-03-001\/","og_locale":"en_US","og_type":"article","og_title":"Omega Aqua Terra Master Chronometer Worldtimer - Galli Uhren Bijouterie","og_description":"Dieses 43 mm grosse Worldtimer Modell besitzt ein poliertes Geh\u00e4use aus Edelstahl, das \u00fcber ein solides poliertes Verbindungsst\u00fcck in das strukturierte blaue Kautschukarmband integriert wurde. Der \u00e4ussere Teil des Zifferblatts ist blau mit Sonnenschliff und weist ein vertikales Teakholz-Muster sowie einen Ring mit den Namen bedeutender St\u00e4dte auf. Letztere wurden in Rot (GMT), Silber (+... Weiter &raquo;","og_url":"https:\/\/galli.ch\/uhren\/omega\/seamaster\/aqua-terra-worldtimer-220-12-43-22-03-001\/","og_site_name":"Galli Uhren Bijouterie","article_modified_time":"2026-04-20T16:17:48+00:00","og_image":[{"width":1000,"height":1400,"url":"https:\/\/galli.ch\/wp-content\/uploads\/OMEGA_220.12.png","type":"image\/png"}],"twitter_card":"summary_large_image","schema":{"@context":"https:\/\/schema.org","@graph":[{"@type":"WebPage","@id":"https:\/\/galli.ch\/uhren\/omega\/seamaster\/aqua-terra-worldtimer-220-12-43-22-03-001\/","url":"https:\/\/galli.ch\/uhren\/omega\/seamaster\/aqua-terra-worldtimer-220-12-43-22-03-001\/","name":"Omega Aqua Terra Master Chronometer Worldtimer - Galli Uhren Bijouterie","isPartOf":{"@id":"http:\/\/galli.ch\/en\/#website"},"primaryImageOfPage":{"@id":"https:\/\/galli.ch\/uhren\/omega\/seamaster\/aqua-terra-worldtimer-220-12-43-22-03-001\/#primaryimage"},"image":{"@id":"https:\/\/galli.ch\/uhren\/omega\/seamaster\/aqua-terra-worldtimer-220-12-43-22-03-001\/#primaryimage"},"thumbnailUrl":"https:\/\/galli.ch\/wp-content\/uploads\/OMEGA_220.12.png","datePublished":"2019-05-22T11:55:36+00:00","dateModified":"2026-04-20T16:17:48+00:00","breadcrumb":{"@id":"https:\/\/galli.ch\/uhren\/omega\/seamaster\/aqua-terra-worldtimer-220-12-43-22-03-001\/#breadcrumb"},"inLanguage":"en-US","potentialAction":[{"@type":"ReadAction","target":["https:\/\/galli.ch\/uhren\/omega\/seamaster\/aqua-terra-worldtimer-220-12-43-22-03-001\/"]}]},{"@type":"ImageObject","inLanguage":"en-US","@id":"https:\/\/galli.ch\/uhren\/omega\/seamaster\/aqua-terra-worldtimer-220-12-43-22-03-001\/#primaryimage","url":"https:\/\/galli.ch\/wp-content\/uploads\/OMEGA_220.12.png","contentUrl":"https:\/\/galli.ch\/wp-content\/uploads\/OMEGA_220.12.png","width":1000,"height":1400,"caption":"Omega Aqua Terra Master Chronometer Worldtimer"},{"@type":"BreadcrumbList","@id":"https:\/\/galli.ch\/uhren\/omega\/seamaster\/aqua-terra-worldtimer-220-12-43-22-03-001\/#breadcrumb","itemListElement":[{"@type":"ListItem","position":1,"name":"Home","item":"https:\/\/galli.ch\/en\/"},{"@type":"ListItem","position":2,"name":"Uhren","item":"https:\/\/galli.ch\/en\/uhren\/"},{"@type":"ListItem","position":3,"name":"Omega Aqua Terra Master Chronometer Worldtimer"}]},{"@type":"WebSite","@id":"http:\/\/galli.ch\/en\/#website","url":"http:\/\/galli.ch\/en\/","name":"Galli Uhren Bijouterie","description":"","potentialAction":[{"@type":"SearchAction","target":{"@type":"EntryPoint","urlTemplate":"http:\/\/galli.ch\/en\/?s={search_term_string}"},"query-input":{"@type":"PropertyValueSpecification","valueRequired":true,"valueName":"search_term_string"}}],"inLanguage":"en-US"}]}},"_links":{"self":[{"href":"https:\/\/galli.ch\/en\/wp-json\/wp\/v2\/product\/5039","targetHints":{"allow":["GET"]}}],"collection":[{"href":"https:\/\/galli.ch\/en\/wp-json\/wp\/v2\/product"}],"about":[{"href":"https:\/\/galli.ch\/en\/wp-json\/wp\/v2\/types\/product"}],"wp:featuredmedia":[{"embeddable":true,"href":"https:\/\/galli.ch\/en\/wp-json\/wp\/v2\/media\/4969"}],"wp:attachment":[{"href":"https:\/\/galli.ch\/en\/wp-json\/wp\/v2\/media?parent=5039"}],"wp:term":[{"taxonomy":"product_brand","embeddable":true,"href":"https:\/\/galli.ch\/en\/wp-json\/wp\/v2\/product_brand?post=5039"},{"taxonomy":"product_cat","embeddable":true,"href":"https:\/\/galli.ch\/en\/wp-json\/wp\/v2\/product_cat?post=5039"},{"taxonomy":"product_tag","embeddable":true,"href":"https:\/\/galli.ch\/en\/wp-json\/wp\/v2\/product_tag?post=5039"}],"curies":[{"name":"wp","href":"https:\/\/api.w.org\/{rel}","templated":true}]}}