{"id":50400,"date":"2026-03-23T16:01:17","date_gmt":"2026-03-23T15:01:17","guid":{"rendered":"https:\/\/galli.ch\/?post_type=product&#038;p=50400"},"modified":"2026-03-23T16:04:24","modified_gmt":"2026-03-23T15:04:24","slug":"visodate-39mm-t157-407-11-041-00","status":"publish","type":"product","link":"https:\/\/galli.ch\/en\/uhren\/tissot\/t-classic\/visodate-39mm-t157-407-11-041-00\/","title":{"rendered":"Tissot Visodate 39mm"},"content":{"rendered":"<p>Die Tissot Visodate kehrt in einer 39-mm-Version zur\u00fcck. Sie pr\u00e4sentiert sich als elegante Fortsetzung ihres Erbes: eine zuverl\u00e4ssige Uhr, die Sie mit demselben authentischen Charakter durch den Alltag begleitet, der die Identit\u00e4t des Modells seit Generationen pr\u00e4gt.<\/p>\n<p>Der gl\u00e4serne Geh\u00e4useboden gibt den Blick auf die raffinierte Mechanik des Powermatic 80-Uhrwerks mit Nivachron-Spirale frei, das eine Gangreserve von bis zu 80 Stunden bietet. Mit Super-LumiNova\u00ae-Leuchtmasse beschichtete Dauphine-Zeiger sorgen auch bei schlechten Lichtverh\u00e4ltnissen f\u00fcr gute Ablesbarkeit.<\/p>\n","protected":false},"excerpt":{"rendered":"<p>Die Tissot Visodate kehrt in einer 39-mm-Version zur\u00fcck. Sie pr\u00e4sentiert sich als elegante Fortsetzung ihres Erbes: eine zuverl\u00e4ssige Uhr, die Sie mit demselben authentischen Charakter durch den Alltag begleitet, der die Identit\u00e4t des Modells seit Generationen pr\u00e4gt. Der gl\u00e4serne Geh\u00e4useboden gibt den Blick auf die raffinierte Mechanik des Powermatic 80-Uhrwerks mit Nivachron-Spirale frei, das eine&#8230;  <a class=\"excerpt-read-more\" href=\"https:\/\/galli.ch\/en\/uhren\/tissot\/t-classic\/visodate-39mm-t157-407-11-041-00\/\" title=\"Read Tissot Visodate 39mm\">Weiter &raquo;<\/a><\/p>\n","protected":false},"featured_media":50370,"template":"","meta":{"_acf_changed":false,"inline_featured_image":false},"product_brand":[],"product_cat":[188],"product_tag":[],"class_list":{"0":"post-50400","1":"product","2":"type-product","3":"status-publish","4":"has-post-thumbnail","6":"uhrenhersteller-tissot","7":"uhrenhersteller-t-classic","8":"product_cat-uhren","10":"first","11":"outofstock","12":"taxable","13":"shipping-taxable","14":"purchasable","15":"product-type-simple"},"acf":[],"yoast_head":"<!-- This site is optimized with the Yoast SEO plugin v25.5 - https:\/\/yoast.com\/wordpress\/plugins\/seo\/ -->\n<title>Tissot Visodate 39mm - Galli Uhren Bijouterie<\/title>\n<meta name=\"robots\" content=\"index, follow, max-snippet:-1, max-image-preview:large, max-video-preview:-1\" \/>\n<link rel=\"canonical\" href=\"https:\/\/galli.ch\/uhren\/tissot\/t-classic\/visodate-39mm-t157-407-11-041-00\/\" \/>\n<meta property=\"og:locale\" content=\"en_US\" \/>\n<meta property=\"og:type\" content=\"article\" \/>\n<meta property=\"og:title\" content=\"Tissot Visodate 39mm - Galli Uhren Bijouterie\" \/>\n<meta property=\"og:description\" content=\"Die Tissot Visodate kehrt in einer 39-mm-Version zur\u00fcck. Sie pr\u00e4sentiert sich als elegante Fortsetzung ihres Erbes: eine zuverl\u00e4ssige Uhr, die Sie mit demselben authentischen Charakter durch den Alltag begleitet, der die Identit\u00e4t des Modells seit Generationen pr\u00e4gt. Der gl\u00e4serne Geh\u00e4useboden gibt den Blick auf die raffinierte Mechanik des Powermatic 80-Uhrwerks mit Nivachron-Spirale frei, das eine... Weiter &raquo;\" \/>\n<meta property=\"og:url\" content=\"https:\/\/galli.ch\/uhren\/tissot\/t-classic\/visodate-39mm-t157-407-11-041-00\/\" \/>\n<meta property=\"og:site_name\" content=\"Galli Uhren Bijouterie\" \/>\n<meta property=\"article:modified_time\" content=\"2026-03-23T15:04:24+00:00\" \/>\n<meta property=\"og:image\" content=\"https:\/\/galli.ch\/wp-content\/uploads\/7692e9b9-f044-4de9-a27c-751ce00e9707_T157-407-11-041-00-1.png\" \/>\n\t<meta property=\"og:image:width\" content=\"1000\" \/>\n\t<meta property=\"og:image:height\" content=\"1400\" \/>\n\t<meta property=\"og:image:type\" content=\"image\/png\" \/>\n<meta name=\"twitter:card\" content=\"summary_large_image\" \/>\n<script type=\"application\/ld+json\" class=\"yoast-schema-graph\">{\"@context\":\"https:\/\/schema.org\",\"@graph\":[{\"@type\":\"WebPage\",\"@id\":\"https:\/\/galli.ch\/uhren\/tissot\/t-classic\/visodate-39mm-t157-407-11-041-00\/\",\"url\":\"https:\/\/galli.ch\/uhren\/tissot\/t-classic\/visodate-39mm-t157-407-11-041-00\/\",\"name\":\"Tissot Visodate 39mm - Galli Uhren Bijouterie\",\"isPartOf\":{\"@id\":\"http:\/\/galli.ch\/en\/#website\"},\"primaryImageOfPage\":{\"@id\":\"https:\/\/galli.ch\/uhren\/tissot\/t-classic\/visodate-39mm-t157-407-11-041-00\/#primaryimage\"},\"image\":{\"@id\":\"https:\/\/galli.ch\/uhren\/tissot\/t-classic\/visodate-39mm-t157-407-11-041-00\/#primaryimage\"},\"thumbnailUrl\":\"https:\/\/galli.ch\/wp-content\/uploads\/7692e9b9-f044-4de9-a27c-751ce00e9707_T157-407-11-041-00-1.png\",\"datePublished\":\"2026-03-23T15:01:17+00:00\",\"dateModified\":\"2026-03-23T15:04:24+00:00\",\"breadcrumb\":{\"@id\":\"https:\/\/galli.ch\/uhren\/tissot\/t-classic\/visodate-39mm-t157-407-11-041-00\/#breadcrumb\"},\"inLanguage\":\"en-US\",\"potentialAction\":[{\"@type\":\"ReadAction\",\"target\":[\"https:\/\/galli.ch\/uhren\/tissot\/t-classic\/visodate-39mm-t157-407-11-041-00\/\"]}]},{\"@type\":\"ImageObject\",\"inLanguage\":\"en-US\",\"@id\":\"https:\/\/galli.ch\/uhren\/tissot\/t-classic\/visodate-39mm-t157-407-11-041-00\/#primaryimage\",\"url\":\"https:\/\/galli.ch\/wp-content\/uploads\/7692e9b9-f044-4de9-a27c-751ce00e9707_T157-407-11-041-00-1.png\",\"contentUrl\":\"https:\/\/galli.ch\/wp-content\/uploads\/7692e9b9-f044-4de9-a27c-751ce00e9707_T157-407-11-041-00-1.png\",\"width\":1000,\"height\":1400},{\"@type\":\"BreadcrumbList\",\"@id\":\"https:\/\/galli.ch\/uhren\/tissot\/t-classic\/visodate-39mm-t157-407-11-041-00\/#breadcrumb\",\"itemListElement\":[{\"@type\":\"ListItem\",\"position\":1,\"name\":\"Home\",\"item\":\"https:\/\/galli.ch\/en\/\"},{\"@type\":\"ListItem\",\"position\":2,\"name\":\"Uhren\",\"item\":\"https:\/\/galli.ch\/en\/uhren\/\"},{\"@type\":\"ListItem\",\"position\":3,\"name\":\"Tissot Visodate 39mm\"}]},{\"@type\":\"WebSite\",\"@id\":\"http:\/\/galli.ch\/en\/#website\",\"url\":\"http:\/\/galli.ch\/en\/\",\"name\":\"Galli Uhren Bijouterie\",\"description\":\"\",\"potentialAction\":[{\"@type\":\"SearchAction\",\"target\":{\"@type\":\"EntryPoint\",\"urlTemplate\":\"http:\/\/galli.ch\/en\/?s={search_term_string}\"},\"query-input\":{\"@type\":\"PropertyValueSpecification\",\"valueRequired\":true,\"valueName\":\"search_term_string\"}}],\"inLanguage\":\"en-US\"}]}<\/script>\n<!-- \/ Yoast SEO plugin. -->","yoast_head_json":{"title":"Tissot Visodate 39mm - Galli Uhren Bijouterie","robots":{"index":"index","follow":"follow","max-snippet":"max-snippet:-1","max-image-preview":"max-image-preview:large","max-video-preview":"max-video-preview:-1"},"canonical":"https:\/\/galli.ch\/uhren\/tissot\/t-classic\/visodate-39mm-t157-407-11-041-00\/","og_locale":"en_US","og_type":"article","og_title":"Tissot Visodate 39mm - Galli Uhren Bijouterie","og_description":"Die Tissot Visodate kehrt in einer 39-mm-Version zur\u00fcck. Sie pr\u00e4sentiert sich als elegante Fortsetzung ihres Erbes: eine zuverl\u00e4ssige Uhr, die Sie mit demselben authentischen Charakter durch den Alltag begleitet, der die Identit\u00e4t des Modells seit Generationen pr\u00e4gt. Der gl\u00e4serne Geh\u00e4useboden gibt den Blick auf die raffinierte Mechanik des Powermatic 80-Uhrwerks mit Nivachron-Spirale frei, das eine... Weiter &raquo;","og_url":"https:\/\/galli.ch\/uhren\/tissot\/t-classic\/visodate-39mm-t157-407-11-041-00\/","og_site_name":"Galli Uhren Bijouterie","article_modified_time":"2026-03-23T15:04:24+00:00","og_image":[{"width":1000,"height":1400,"url":"https:\/\/galli.ch\/wp-content\/uploads\/7692e9b9-f044-4de9-a27c-751ce00e9707_T157-407-11-041-00-1.png","type":"image\/png"}],"twitter_card":"summary_large_image","schema":{"@context":"https:\/\/schema.org","@graph":[{"@type":"WebPage","@id":"https:\/\/galli.ch\/uhren\/tissot\/t-classic\/visodate-39mm-t157-407-11-041-00\/","url":"https:\/\/galli.ch\/uhren\/tissot\/t-classic\/visodate-39mm-t157-407-11-041-00\/","name":"Tissot Visodate 39mm - Galli Uhren Bijouterie","isPartOf":{"@id":"http:\/\/galli.ch\/en\/#website"},"primaryImageOfPage":{"@id":"https:\/\/galli.ch\/uhren\/tissot\/t-classic\/visodate-39mm-t157-407-11-041-00\/#primaryimage"},"image":{"@id":"https:\/\/galli.ch\/uhren\/tissot\/t-classic\/visodate-39mm-t157-407-11-041-00\/#primaryimage"},"thumbnailUrl":"https:\/\/galli.ch\/wp-content\/uploads\/7692e9b9-f044-4de9-a27c-751ce00e9707_T157-407-11-041-00-1.png","datePublished":"2026-03-23T15:01:17+00:00","dateModified":"2026-03-23T15:04:24+00:00","breadcrumb":{"@id":"https:\/\/galli.ch\/uhren\/tissot\/t-classic\/visodate-39mm-t157-407-11-041-00\/#breadcrumb"},"inLanguage":"en-US","potentialAction":[{"@type":"ReadAction","target":["https:\/\/galli.ch\/uhren\/tissot\/t-classic\/visodate-39mm-t157-407-11-041-00\/"]}]},{"@type":"ImageObject","inLanguage":"en-US","@id":"https:\/\/galli.ch\/uhren\/tissot\/t-classic\/visodate-39mm-t157-407-11-041-00\/#primaryimage","url":"https:\/\/galli.ch\/wp-content\/uploads\/7692e9b9-f044-4de9-a27c-751ce00e9707_T157-407-11-041-00-1.png","contentUrl":"https:\/\/galli.ch\/wp-content\/uploads\/7692e9b9-f044-4de9-a27c-751ce00e9707_T157-407-11-041-00-1.png","width":1000,"height":1400},{"@type":"BreadcrumbList","@id":"https:\/\/galli.ch\/uhren\/tissot\/t-classic\/visodate-39mm-t157-407-11-041-00\/#breadcrumb","itemListElement":[{"@type":"ListItem","position":1,"name":"Home","item":"https:\/\/galli.ch\/en\/"},{"@type":"ListItem","position":2,"name":"Uhren","item":"https:\/\/galli.ch\/en\/uhren\/"},{"@type":"ListItem","position":3,"name":"Tissot Visodate 39mm"}]},{"@type":"WebSite","@id":"http:\/\/galli.ch\/en\/#website","url":"http:\/\/galli.ch\/en\/","name":"Galli Uhren Bijouterie","description":"","potentialAction":[{"@type":"SearchAction","target":{"@type":"EntryPoint","urlTemplate":"http:\/\/galli.ch\/en\/?s={search_term_string}"},"query-input":{"@type":"PropertyValueSpecification","valueRequired":true,"valueName":"search_term_string"}}],"inLanguage":"en-US"}]}},"_links":{"self":[{"href":"https:\/\/galli.ch\/en\/wp-json\/wp\/v2\/product\/50400","targetHints":{"allow":["GET"]}}],"collection":[{"href":"https:\/\/galli.ch\/en\/wp-json\/wp\/v2\/product"}],"about":[{"href":"https:\/\/galli.ch\/en\/wp-json\/wp\/v2\/types\/product"}],"wp:featuredmedia":[{"embeddable":true,"href":"https:\/\/galli.ch\/en\/wp-json\/wp\/v2\/media\/50370"}],"wp:attachment":[{"href":"https:\/\/galli.ch\/en\/wp-json\/wp\/v2\/media?parent=50400"}],"wp:term":[{"taxonomy":"product_brand","embeddable":true,"href":"https:\/\/galli.ch\/en\/wp-json\/wp\/v2\/product_brand?post=50400"},{"taxonomy":"product_cat","embeddable":true,"href":"https:\/\/galli.ch\/en\/wp-json\/wp\/v2\/product_cat?post=50400"},{"taxonomy":"product_tag","embeddable":true,"href":"https:\/\/galli.ch\/en\/wp-json\/wp\/v2\/product_tag?post=50400"}],"curies":[{"name":"wp","href":"https:\/\/api.w.org\/{rel}","templated":true}]}}