{"id":5043,"date":"2019-05-22T14:22:15","date_gmt":"2019-05-22T12:22:15","guid":{"rendered":"http:\/\/galli.ch\/?post_type=uhren&#038;p=5043"},"modified":"2025-10-27T10:34:27","modified_gmt":"2025-10-27T09:34:27","slug":"tresor-435-13-40-21-03-001","status":"publish","type":"product","link":"https:\/\/galli.ch\/en\/uhren\/omega\/de-ville\/tresor-435-13-40-21-03-001\/","title":{"rendered":"Omega Tr\u00e9sor Master Chronometer 40"},"content":{"rendered":"<p>Die sich durch ein flaches und elegantes Geh\u00e4use auszeichnende Tr\u00e9sor-Linie wurde von OMEGA erstmals im Jahr 1949 lanciert\u00a0\u2013 mit dem legend\u00e4ren 30-mm-Kaliber im Inneren. Mehr als ein halbes Jahrhundert sp\u00e4ter beeindruckt sie noch immer mit einem der fortschrittlichsten mechanischen Uhrwerke der heutigen Zeit.<\/p>\n<p>Dieses Modell besitzt ein 40-mm-Geh\u00e4use aus Edelstahl, das von einem blauen Lederarmband am Handgelenk gehalten wird. Das gew\u00f6lbte, blau gemusterte Zifferblatt verf\u00fcgt \u00fcber ein Datumsfenster bei 6 Uhr sowie Zeiger und Indizes aus 18 Karat Weissgold.<\/p>\n<p>Angetrieben wird diese De Ville Tr\u00e9sor von dem OMEGA Master Co-Axial Kaliber 8910. Sie besitzt eine Zertifizierung als Master Chronometer und garantiert somit in Sachen Pr\u00e4zision, chronometrische Leistung und magnetische Widerstandskraft den h\u00f6chsten Standard, den die Industrie zu bieten hat.<\/p>\n","protected":false},"excerpt":{"rendered":"<p>Die sich durch ein flaches und elegantes Geh\u00e4use auszeichnende Tr\u00e9sor-Linie wurde von OMEGA erstmals im Jahr 1949 lanciert\u00a0\u2013 mit dem legend\u00e4ren 30-mm-Kaliber im Inneren. Mehr als ein halbes Jahrhundert sp\u00e4ter beeindruckt sie noch immer mit einem der fortschrittlichsten mechanischen Uhrwerke der heutigen Zeit. Dieses Modell besitzt ein 40-mm-Geh\u00e4use aus Edelstahl, das von einem blauen Lederarmband&#8230;  <a class=\"excerpt-read-more\" href=\"https:\/\/galli.ch\/en\/uhren\/omega\/de-ville\/tresor-435-13-40-21-03-001\/\" title=\"Read Omega Tr\u00e9sor Master Chronometer 40\">Weiter &raquo;<\/a><\/p>\n","protected":false},"featured_media":5021,"template":"","meta":{"_acf_changed":false,"inline_featured_image":false},"product_brand":[],"product_cat":[188],"product_tag":[],"class_list":{"0":"post-5043","1":"product","2":"type-product","3":"status-publish","4":"has-post-thumbnail","6":"uhrenhersteller-omega","7":"uhrenhersteller-de-ville","8":"product_cat-uhren","10":"first","11":"outofstock","12":"taxable","13":"shipping-taxable","14":"purchasable","15":"product-type-simple"},"acf":[],"yoast_head":"<!-- This site is optimized with the Yoast SEO plugin v25.5 - https:\/\/yoast.com\/wordpress\/plugins\/seo\/ -->\n<title>Omega Tr\u00e9sor Master Chronometer 40 - Galli Uhren Bijouterie<\/title>\n<meta name=\"robots\" content=\"index, follow, max-snippet:-1, max-image-preview:large, max-video-preview:-1\" \/>\n<link rel=\"canonical\" href=\"https:\/\/galli.ch\/uhren\/omega\/de-ville\/tresor-435-13-40-21-03-001\/\" \/>\n<meta property=\"og:locale\" content=\"en_US\" \/>\n<meta property=\"og:type\" content=\"article\" \/>\n<meta property=\"og:title\" content=\"Omega Tr\u00e9sor Master Chronometer 40 - Galli Uhren Bijouterie\" \/>\n<meta property=\"og:description\" content=\"Die sich durch ein flaches und elegantes Geh\u00e4use auszeichnende Tr\u00e9sor-Linie wurde von OMEGA erstmals im Jahr 1949 lanciert\u00a0\u2013 mit dem legend\u00e4ren 30-mm-Kaliber im Inneren. Mehr als ein halbes Jahrhundert sp\u00e4ter beeindruckt sie noch immer mit einem der fortschrittlichsten mechanischen Uhrwerke der heutigen Zeit. Dieses Modell besitzt ein 40-mm-Geh\u00e4use aus Edelstahl, das von einem blauen Lederarmband... Weiter &raquo;\" \/>\n<meta property=\"og:url\" content=\"https:\/\/galli.ch\/uhren\/omega\/de-ville\/tresor-435-13-40-21-03-001\/\" \/>\n<meta property=\"og:site_name\" content=\"Galli Uhren Bijouterie\" \/>\n<meta property=\"article:modified_time\" content=\"2025-10-27T09:34:27+00:00\" \/>\n<meta property=\"og:image\" content=\"https:\/\/galli.ch\/wp-content\/uploads\/OMEGA_435.13.40.png\" \/>\n\t<meta property=\"og:image:width\" content=\"500\" \/>\n\t<meta property=\"og:image:height\" content=\"700\" \/>\n\t<meta property=\"og:image:type\" content=\"image\/png\" \/>\n<meta name=\"twitter:card\" content=\"summary_large_image\" \/>\n<script type=\"application\/ld+json\" class=\"yoast-schema-graph\">{\"@context\":\"https:\/\/schema.org\",\"@graph\":[{\"@type\":\"WebPage\",\"@id\":\"https:\/\/galli.ch\/uhren\/omega\/de-ville\/tresor-435-13-40-21-03-001\/\",\"url\":\"https:\/\/galli.ch\/uhren\/omega\/de-ville\/tresor-435-13-40-21-03-001\/\",\"name\":\"Omega Tr\u00e9sor Master Chronometer 40 - Galli Uhren Bijouterie\",\"isPartOf\":{\"@id\":\"http:\/\/galli.ch\/en\/#website\"},\"primaryImageOfPage\":{\"@id\":\"https:\/\/galli.ch\/uhren\/omega\/de-ville\/tresor-435-13-40-21-03-001\/#primaryimage\"},\"image\":{\"@id\":\"https:\/\/galli.ch\/uhren\/omega\/de-ville\/tresor-435-13-40-21-03-001\/#primaryimage\"},\"thumbnailUrl\":\"https:\/\/galli.ch\/wp-content\/uploads\/OMEGA_435.13.40.png\",\"datePublished\":\"2019-05-22T12:22:15+00:00\",\"dateModified\":\"2025-10-27T09:34:27+00:00\",\"breadcrumb\":{\"@id\":\"https:\/\/galli.ch\/uhren\/omega\/de-ville\/tresor-435-13-40-21-03-001\/#breadcrumb\"},\"inLanguage\":\"en-US\",\"potentialAction\":[{\"@type\":\"ReadAction\",\"target\":[\"https:\/\/galli.ch\/uhren\/omega\/de-ville\/tresor-435-13-40-21-03-001\/\"]}]},{\"@type\":\"ImageObject\",\"inLanguage\":\"en-US\",\"@id\":\"https:\/\/galli.ch\/uhren\/omega\/de-ville\/tresor-435-13-40-21-03-001\/#primaryimage\",\"url\":\"https:\/\/galli.ch\/wp-content\/uploads\/OMEGA_435.13.40.png\",\"contentUrl\":\"https:\/\/galli.ch\/wp-content\/uploads\/OMEGA_435.13.40.png\",\"width\":500,\"height\":700,\"caption\":\"Omega De Ville Tr\u00e9sor Galli Z\u00fcrich\"},{\"@type\":\"BreadcrumbList\",\"@id\":\"https:\/\/galli.ch\/uhren\/omega\/de-ville\/tresor-435-13-40-21-03-001\/#breadcrumb\",\"itemListElement\":[{\"@type\":\"ListItem\",\"position\":1,\"name\":\"Home\",\"item\":\"https:\/\/galli.ch\/en\/\"},{\"@type\":\"ListItem\",\"position\":2,\"name\":\"Uhren\",\"item\":\"https:\/\/galli.ch\/en\/uhren\/\"},{\"@type\":\"ListItem\",\"position\":3,\"name\":\"Omega Tr\u00e9sor Master Chronometer 40\"}]},{\"@type\":\"WebSite\",\"@id\":\"http:\/\/galli.ch\/en\/#website\",\"url\":\"http:\/\/galli.ch\/en\/\",\"name\":\"Galli Uhren Bijouterie\",\"description\":\"\",\"potentialAction\":[{\"@type\":\"SearchAction\",\"target\":{\"@type\":\"EntryPoint\",\"urlTemplate\":\"http:\/\/galli.ch\/en\/?s={search_term_string}\"},\"query-input\":{\"@type\":\"PropertyValueSpecification\",\"valueRequired\":true,\"valueName\":\"search_term_string\"}}],\"inLanguage\":\"en-US\"}]}<\/script>\n<!-- \/ Yoast SEO plugin. -->","yoast_head_json":{"title":"Omega Tr\u00e9sor Master Chronometer 40 - Galli Uhren Bijouterie","robots":{"index":"index","follow":"follow","max-snippet":"max-snippet:-1","max-image-preview":"max-image-preview:large","max-video-preview":"max-video-preview:-1"},"canonical":"https:\/\/galli.ch\/uhren\/omega\/de-ville\/tresor-435-13-40-21-03-001\/","og_locale":"en_US","og_type":"article","og_title":"Omega Tr\u00e9sor Master Chronometer 40 - Galli Uhren Bijouterie","og_description":"Die sich durch ein flaches und elegantes Geh\u00e4use auszeichnende Tr\u00e9sor-Linie wurde von OMEGA erstmals im Jahr 1949 lanciert\u00a0\u2013 mit dem legend\u00e4ren 30-mm-Kaliber im Inneren. Mehr als ein halbes Jahrhundert sp\u00e4ter beeindruckt sie noch immer mit einem der fortschrittlichsten mechanischen Uhrwerke der heutigen Zeit. Dieses Modell besitzt ein 40-mm-Geh\u00e4use aus Edelstahl, das von einem blauen Lederarmband... Weiter &raquo;","og_url":"https:\/\/galli.ch\/uhren\/omega\/de-ville\/tresor-435-13-40-21-03-001\/","og_site_name":"Galli Uhren Bijouterie","article_modified_time":"2025-10-27T09:34:27+00:00","og_image":[{"width":500,"height":700,"url":"https:\/\/galli.ch\/wp-content\/uploads\/OMEGA_435.13.40.png","type":"image\/png"}],"twitter_card":"summary_large_image","schema":{"@context":"https:\/\/schema.org","@graph":[{"@type":"WebPage","@id":"https:\/\/galli.ch\/uhren\/omega\/de-ville\/tresor-435-13-40-21-03-001\/","url":"https:\/\/galli.ch\/uhren\/omega\/de-ville\/tresor-435-13-40-21-03-001\/","name":"Omega Tr\u00e9sor Master Chronometer 40 - Galli Uhren Bijouterie","isPartOf":{"@id":"http:\/\/galli.ch\/en\/#website"},"primaryImageOfPage":{"@id":"https:\/\/galli.ch\/uhren\/omega\/de-ville\/tresor-435-13-40-21-03-001\/#primaryimage"},"image":{"@id":"https:\/\/galli.ch\/uhren\/omega\/de-ville\/tresor-435-13-40-21-03-001\/#primaryimage"},"thumbnailUrl":"https:\/\/galli.ch\/wp-content\/uploads\/OMEGA_435.13.40.png","datePublished":"2019-05-22T12:22:15+00:00","dateModified":"2025-10-27T09:34:27+00:00","breadcrumb":{"@id":"https:\/\/galli.ch\/uhren\/omega\/de-ville\/tresor-435-13-40-21-03-001\/#breadcrumb"},"inLanguage":"en-US","potentialAction":[{"@type":"ReadAction","target":["https:\/\/galli.ch\/uhren\/omega\/de-ville\/tresor-435-13-40-21-03-001\/"]}]},{"@type":"ImageObject","inLanguage":"en-US","@id":"https:\/\/galli.ch\/uhren\/omega\/de-ville\/tresor-435-13-40-21-03-001\/#primaryimage","url":"https:\/\/galli.ch\/wp-content\/uploads\/OMEGA_435.13.40.png","contentUrl":"https:\/\/galli.ch\/wp-content\/uploads\/OMEGA_435.13.40.png","width":500,"height":700,"caption":"Omega De Ville Tr\u00e9sor Galli Z\u00fcrich"},{"@type":"BreadcrumbList","@id":"https:\/\/galli.ch\/uhren\/omega\/de-ville\/tresor-435-13-40-21-03-001\/#breadcrumb","itemListElement":[{"@type":"ListItem","position":1,"name":"Home","item":"https:\/\/galli.ch\/en\/"},{"@type":"ListItem","position":2,"name":"Uhren","item":"https:\/\/galli.ch\/en\/uhren\/"},{"@type":"ListItem","position":3,"name":"Omega Tr\u00e9sor Master Chronometer 40"}]},{"@type":"WebSite","@id":"http:\/\/galli.ch\/en\/#website","url":"http:\/\/galli.ch\/en\/","name":"Galli Uhren Bijouterie","description":"","potentialAction":[{"@type":"SearchAction","target":{"@type":"EntryPoint","urlTemplate":"http:\/\/galli.ch\/en\/?s={search_term_string}"},"query-input":{"@type":"PropertyValueSpecification","valueRequired":true,"valueName":"search_term_string"}}],"inLanguage":"en-US"}]}},"_links":{"self":[{"href":"https:\/\/galli.ch\/en\/wp-json\/wp\/v2\/product\/5043","targetHints":{"allow":["GET"]}}],"collection":[{"href":"https:\/\/galli.ch\/en\/wp-json\/wp\/v2\/product"}],"about":[{"href":"https:\/\/galli.ch\/en\/wp-json\/wp\/v2\/types\/product"}],"wp:featuredmedia":[{"embeddable":true,"href":"https:\/\/galli.ch\/en\/wp-json\/wp\/v2\/media\/5021"}],"wp:attachment":[{"href":"https:\/\/galli.ch\/en\/wp-json\/wp\/v2\/media?parent=5043"}],"wp:term":[{"taxonomy":"product_brand","embeddable":true,"href":"https:\/\/galli.ch\/en\/wp-json\/wp\/v2\/product_brand?post=5043"},{"taxonomy":"product_cat","embeddable":true,"href":"https:\/\/galli.ch\/en\/wp-json\/wp\/v2\/product_cat?post=5043"},{"taxonomy":"product_tag","embeddable":true,"href":"https:\/\/galli.ch\/en\/wp-json\/wp\/v2\/product_tag?post=5043"}],"curies":[{"name":"wp","href":"https:\/\/api.w.org\/{rel}","templated":true}]}}