{"id":50467,"date":"2026-03-24T15:13:52","date_gmt":"2026-03-24T14:13:52","guid":{"rendered":"https:\/\/galli.ch\/?post_type=product&#038;p=50467"},"modified":"2026-03-30T10:10:42","modified_gmt":"2026-03-30T08:10:42","slug":"b01-chronograph-43-tribute-to-concorde-ab01389c1c1p1","status":"publish","type":"product","link":"https:\/\/galli.ch\/en\/uhren\/breitling\/navitimer\/b01-chronograph-43-tribute-to-concorde-ab01389c1c1p1\/","title":{"rendered":"Breitling Navitimer B01 Chronograph 43 Tribute to Concorde"},"content":{"rendered":"<p>Die Concorde entstand auf dem H\u00f6hepunkt des Jet-Zeitalters \u2013 einer Phase rasanter aeronautischer Innovation. Sie definierte neu, was am Himmel m\u00f6glich ist, halbierte die transatlantischen Flugzeiten bei doppelter Schallgeschwindigkeit und brachte Passagiere hoch genug, um die Kr\u00fcmmung der Erde zu erahnen. Das \u00dcberschallflugzeug wurde zum Symbol einer Zeit, in der die Welt gr\u00f6\u00dfer tr\u00e4umte.<\/p>\n<p>Die Navitimer B01 Chronograph 43 Tribute to Concorde zeigt sich mit einem blauen Zifferblatt, inspiriert vom Farbton der Stratosph\u00e4re aus der Perspektive des Flugzeugs, kombiniert mit einem passenden Alligatorlederarmband. Kontrastierende wei\u00dfe Totalisatoren und der innere Rechenschieber verweisen auf den Spitznamen der Concorde, L\u2019Oiseau Blanc. Limitiert auf 593 St\u00fcck \u2013 eine Referenz an die Olympus-593-Turbojet-Triebwerke, die das Flugzeug antrieben. Der Geh\u00e4useboden ist mit \u201eOne of 593\u201c, \u201eTribute to Concorde\u201c, \u201eJetliner\u201c und \u201eMach 2\u201c graviert \u2013 der Reisegeschwindigkeit jenseits der Schallmauer.<\/p>\n","protected":false},"excerpt":{"rendered":"<p>Die Concorde entstand auf dem H\u00f6hepunkt des Jet-Zeitalters \u2013 einer Phase rasanter aeronautischer Innovation. Sie definierte neu, was am Himmel m\u00f6glich ist, halbierte die transatlantischen Flugzeiten bei doppelter Schallgeschwindigkeit und brachte Passagiere hoch genug, um die Kr\u00fcmmung der Erde zu erahnen. Das \u00dcberschallflugzeug wurde zum Symbol einer Zeit, in der die Welt gr\u00f6\u00dfer tr\u00e4umte. Die&#8230;  <a class=\"excerpt-read-more\" href=\"https:\/\/galli.ch\/en\/uhren\/breitling\/navitimer\/b01-chronograph-43-tribute-to-concorde-ab01389c1c1p1\/\" title=\"Read Breitling Navitimer B01 Chronograph 43 Tribute to Concorde\">Weiter &raquo;<\/a><\/p>\n","protected":false},"featured_media":50468,"template":"","meta":{"_acf_changed":false,"inline_featured_image":false},"product_brand":[],"product_cat":[188],"product_tag":[],"class_list":{"0":"post-50467","1":"product","2":"type-product","3":"status-publish","4":"has-post-thumbnail","6":"uhrenhersteller-breitling","7":"uhrenhersteller-navitimer","8":"product_cat-uhren","10":"first","11":"instock","12":"taxable","13":"shipping-taxable","14":"purchasable","15":"product-type-simple"},"acf":[],"yoast_head":"<!-- This site is optimized with the Yoast SEO plugin v25.5 - https:\/\/yoast.com\/wordpress\/plugins\/seo\/ -->\n<title>Breitling Navitimer B01 Chronograph 43 Tribute to Concorde - Galli Uhren Bijouterie<\/title>\n<meta name=\"robots\" content=\"index, follow, max-snippet:-1, max-image-preview:large, max-video-preview:-1\" \/>\n<link rel=\"canonical\" href=\"https:\/\/galli.ch\/uhren\/breitling\/navitimer\/b01-chronograph-43-tribute-to-concorde-ab01389c1c1p1\/\" \/>\n<meta property=\"og:locale\" content=\"en_US\" \/>\n<meta property=\"og:type\" content=\"article\" \/>\n<meta property=\"og:title\" content=\"Breitling Navitimer B01 Chronograph 43 Tribute to Concorde - Galli Uhren Bijouterie\" \/>\n<meta property=\"og:description\" content=\"Die Concorde entstand auf dem H\u00f6hepunkt des Jet-Zeitalters \u2013 einer Phase rasanter aeronautischer Innovation. Sie definierte neu, was am Himmel m\u00f6glich ist, halbierte die transatlantischen Flugzeiten bei doppelter Schallgeschwindigkeit und brachte Passagiere hoch genug, um die Kr\u00fcmmung der Erde zu erahnen. Das \u00dcberschallflugzeug wurde zum Symbol einer Zeit, in der die Welt gr\u00f6\u00dfer tr\u00e4umte. Die... Weiter &raquo;\" \/>\n<meta property=\"og:url\" content=\"https:\/\/galli.ch\/uhren\/breitling\/navitimer\/b01-chronograph-43-tribute-to-concorde-ab01389c1c1p1\/\" \/>\n<meta property=\"og:site_name\" content=\"Galli Uhren Bijouterie\" \/>\n<meta property=\"article:modified_time\" content=\"2026-03-30T08:10:42+00:00\" \/>\n<meta property=\"og:image\" content=\"https:\/\/galli.ch\/wp-content\/uploads\/ab01389c1c1p1-soldier_443c5f54_thumbnail_2048-3.png\" \/>\n\t<meta property=\"og:image:width\" content=\"1000\" \/>\n\t<meta property=\"og:image:height\" content=\"1400\" \/>\n\t<meta property=\"og:image:type\" content=\"image\/png\" \/>\n<meta name=\"twitter:card\" content=\"summary_large_image\" \/>\n<script type=\"application\/ld+json\" class=\"yoast-schema-graph\">{\"@context\":\"https:\/\/schema.org\",\"@graph\":[{\"@type\":\"WebPage\",\"@id\":\"https:\/\/galli.ch\/uhren\/breitling\/navitimer\/b01-chronograph-43-tribute-to-concorde-ab01389c1c1p1\/\",\"url\":\"https:\/\/galli.ch\/uhren\/breitling\/navitimer\/b01-chronograph-43-tribute-to-concorde-ab01389c1c1p1\/\",\"name\":\"Breitling Navitimer B01 Chronograph 43 Tribute to Concorde - Galli Uhren Bijouterie\",\"isPartOf\":{\"@id\":\"http:\/\/galli.ch\/en\/#website\"},\"primaryImageOfPage\":{\"@id\":\"https:\/\/galli.ch\/uhren\/breitling\/navitimer\/b01-chronograph-43-tribute-to-concorde-ab01389c1c1p1\/#primaryimage\"},\"image\":{\"@id\":\"https:\/\/galli.ch\/uhren\/breitling\/navitimer\/b01-chronograph-43-tribute-to-concorde-ab01389c1c1p1\/#primaryimage\"},\"thumbnailUrl\":\"https:\/\/galli.ch\/wp-content\/uploads\/ab01389c1c1p1-soldier_443c5f54_thumbnail_2048-3.png\",\"datePublished\":\"2026-03-24T14:13:52+00:00\",\"dateModified\":\"2026-03-30T08:10:42+00:00\",\"breadcrumb\":{\"@id\":\"https:\/\/galli.ch\/uhren\/breitling\/navitimer\/b01-chronograph-43-tribute-to-concorde-ab01389c1c1p1\/#breadcrumb\"},\"inLanguage\":\"en-US\",\"potentialAction\":[{\"@type\":\"ReadAction\",\"target\":[\"https:\/\/galli.ch\/uhren\/breitling\/navitimer\/b01-chronograph-43-tribute-to-concorde-ab01389c1c1p1\/\"]}]},{\"@type\":\"ImageObject\",\"inLanguage\":\"en-US\",\"@id\":\"https:\/\/galli.ch\/uhren\/breitling\/navitimer\/b01-chronograph-43-tribute-to-concorde-ab01389c1c1p1\/#primaryimage\",\"url\":\"https:\/\/galli.ch\/wp-content\/uploads\/ab01389c1c1p1-soldier_443c5f54_thumbnail_2048-3.png\",\"contentUrl\":\"https:\/\/galli.ch\/wp-content\/uploads\/ab01389c1c1p1-soldier_443c5f54_thumbnail_2048-3.png\",\"width\":1000,\"height\":1400},{\"@type\":\"BreadcrumbList\",\"@id\":\"https:\/\/galli.ch\/uhren\/breitling\/navitimer\/b01-chronograph-43-tribute-to-concorde-ab01389c1c1p1\/#breadcrumb\",\"itemListElement\":[{\"@type\":\"ListItem\",\"position\":1,\"name\":\"Home\",\"item\":\"https:\/\/galli.ch\/en\/\"},{\"@type\":\"ListItem\",\"position\":2,\"name\":\"Uhren\",\"item\":\"https:\/\/galli.ch\/en\/uhren\/\"},{\"@type\":\"ListItem\",\"position\":3,\"name\":\"Breitling Navitimer B01 Chronograph 43 Tribute to Concorde\"}]},{\"@type\":\"WebSite\",\"@id\":\"http:\/\/galli.ch\/en\/#website\",\"url\":\"http:\/\/galli.ch\/en\/\",\"name\":\"Galli Uhren Bijouterie\",\"description\":\"\",\"potentialAction\":[{\"@type\":\"SearchAction\",\"target\":{\"@type\":\"EntryPoint\",\"urlTemplate\":\"http:\/\/galli.ch\/en\/?s={search_term_string}\"},\"query-input\":{\"@type\":\"PropertyValueSpecification\",\"valueRequired\":true,\"valueName\":\"search_term_string\"}}],\"inLanguage\":\"en-US\"}]}<\/script>\n<!-- \/ Yoast SEO plugin. -->","yoast_head_json":{"title":"Breitling Navitimer B01 Chronograph 43 Tribute to Concorde - Galli Uhren Bijouterie","robots":{"index":"index","follow":"follow","max-snippet":"max-snippet:-1","max-image-preview":"max-image-preview:large","max-video-preview":"max-video-preview:-1"},"canonical":"https:\/\/galli.ch\/uhren\/breitling\/navitimer\/b01-chronograph-43-tribute-to-concorde-ab01389c1c1p1\/","og_locale":"en_US","og_type":"article","og_title":"Breitling Navitimer B01 Chronograph 43 Tribute to Concorde - Galli Uhren Bijouterie","og_description":"Die Concorde entstand auf dem H\u00f6hepunkt des Jet-Zeitalters \u2013 einer Phase rasanter aeronautischer Innovation. Sie definierte neu, was am Himmel m\u00f6glich ist, halbierte die transatlantischen Flugzeiten bei doppelter Schallgeschwindigkeit und brachte Passagiere hoch genug, um die Kr\u00fcmmung der Erde zu erahnen. Das \u00dcberschallflugzeug wurde zum Symbol einer Zeit, in der die Welt gr\u00f6\u00dfer tr\u00e4umte. Die... Weiter &raquo;","og_url":"https:\/\/galli.ch\/uhren\/breitling\/navitimer\/b01-chronograph-43-tribute-to-concorde-ab01389c1c1p1\/","og_site_name":"Galli Uhren Bijouterie","article_modified_time":"2026-03-30T08:10:42+00:00","og_image":[{"width":1000,"height":1400,"url":"https:\/\/galli.ch\/wp-content\/uploads\/ab01389c1c1p1-soldier_443c5f54_thumbnail_2048-3.png","type":"image\/png"}],"twitter_card":"summary_large_image","schema":{"@context":"https:\/\/schema.org","@graph":[{"@type":"WebPage","@id":"https:\/\/galli.ch\/uhren\/breitling\/navitimer\/b01-chronograph-43-tribute-to-concorde-ab01389c1c1p1\/","url":"https:\/\/galli.ch\/uhren\/breitling\/navitimer\/b01-chronograph-43-tribute-to-concorde-ab01389c1c1p1\/","name":"Breitling Navitimer B01 Chronograph 43 Tribute to Concorde - Galli Uhren Bijouterie","isPartOf":{"@id":"http:\/\/galli.ch\/en\/#website"},"primaryImageOfPage":{"@id":"https:\/\/galli.ch\/uhren\/breitling\/navitimer\/b01-chronograph-43-tribute-to-concorde-ab01389c1c1p1\/#primaryimage"},"image":{"@id":"https:\/\/galli.ch\/uhren\/breitling\/navitimer\/b01-chronograph-43-tribute-to-concorde-ab01389c1c1p1\/#primaryimage"},"thumbnailUrl":"https:\/\/galli.ch\/wp-content\/uploads\/ab01389c1c1p1-soldier_443c5f54_thumbnail_2048-3.png","datePublished":"2026-03-24T14:13:52+00:00","dateModified":"2026-03-30T08:10:42+00:00","breadcrumb":{"@id":"https:\/\/galli.ch\/uhren\/breitling\/navitimer\/b01-chronograph-43-tribute-to-concorde-ab01389c1c1p1\/#breadcrumb"},"inLanguage":"en-US","potentialAction":[{"@type":"ReadAction","target":["https:\/\/galli.ch\/uhren\/breitling\/navitimer\/b01-chronograph-43-tribute-to-concorde-ab01389c1c1p1\/"]}]},{"@type":"ImageObject","inLanguage":"en-US","@id":"https:\/\/galli.ch\/uhren\/breitling\/navitimer\/b01-chronograph-43-tribute-to-concorde-ab01389c1c1p1\/#primaryimage","url":"https:\/\/galli.ch\/wp-content\/uploads\/ab01389c1c1p1-soldier_443c5f54_thumbnail_2048-3.png","contentUrl":"https:\/\/galli.ch\/wp-content\/uploads\/ab01389c1c1p1-soldier_443c5f54_thumbnail_2048-3.png","width":1000,"height":1400},{"@type":"BreadcrumbList","@id":"https:\/\/galli.ch\/uhren\/breitling\/navitimer\/b01-chronograph-43-tribute-to-concorde-ab01389c1c1p1\/#breadcrumb","itemListElement":[{"@type":"ListItem","position":1,"name":"Home","item":"https:\/\/galli.ch\/en\/"},{"@type":"ListItem","position":2,"name":"Uhren","item":"https:\/\/galli.ch\/en\/uhren\/"},{"@type":"ListItem","position":3,"name":"Breitling Navitimer B01 Chronograph 43 Tribute to Concorde"}]},{"@type":"WebSite","@id":"http:\/\/galli.ch\/en\/#website","url":"http:\/\/galli.ch\/en\/","name":"Galli Uhren Bijouterie","description":"","potentialAction":[{"@type":"SearchAction","target":{"@type":"EntryPoint","urlTemplate":"http:\/\/galli.ch\/en\/?s={search_term_string}"},"query-input":{"@type":"PropertyValueSpecification","valueRequired":true,"valueName":"search_term_string"}}],"inLanguage":"en-US"}]}},"_links":{"self":[{"href":"https:\/\/galli.ch\/en\/wp-json\/wp\/v2\/product\/50467","targetHints":{"allow":["GET"]}}],"collection":[{"href":"https:\/\/galli.ch\/en\/wp-json\/wp\/v2\/product"}],"about":[{"href":"https:\/\/galli.ch\/en\/wp-json\/wp\/v2\/types\/product"}],"wp:featuredmedia":[{"embeddable":true,"href":"https:\/\/galli.ch\/en\/wp-json\/wp\/v2\/media\/50468"}],"wp:attachment":[{"href":"https:\/\/galli.ch\/en\/wp-json\/wp\/v2\/media?parent=50467"}],"wp:term":[{"taxonomy":"product_brand","embeddable":true,"href":"https:\/\/galli.ch\/en\/wp-json\/wp\/v2\/product_brand?post=50467"},{"taxonomy":"product_cat","embeddable":true,"href":"https:\/\/galli.ch\/en\/wp-json\/wp\/v2\/product_cat?post=50467"},{"taxonomy":"product_tag","embeddable":true,"href":"https:\/\/galli.ch\/en\/wp-json\/wp\/v2\/product_tag?post=50467"}],"curies":[{"name":"wp","href":"https:\/\/api.w.org\/{rel}","templated":true}]}}