{"id":50492,"date":"2026-03-26T11:30:20","date_gmt":"2026-03-26T10:30:20","guid":{"rendered":"https:\/\/galli.ch\/?post_type=product&#038;p=50492"},"modified":"2026-03-26T11:32:22","modified_gmt":"2026-03-26T10:32:22","slug":"m79360n-0012","status":"publish","type":"product","link":"https:\/\/galli.ch\/en\/uhren\/tudor\/black-bay-chrono\/m79360n-0012\/","title":{"rendered":"Tudor Black Bay Chrono"},"content":{"rendered":"<p>Das Modell ist wahlweise mit einem 5-gliedrigen Edelstahlarmband oder einem 3-gliedrigen Edelstahlarmband im \u201eNiet-Stil\u201c erh\u00e4ltlich, das von den faltbaren, vernieteten Armb\u00e4ndern von TUDOR aus den 1950er- und 1960er-Jahren inspiriert ist. Beide Armb\u00e4nder sind mit dem \u201eT-fit\u201c-Schnellverschluss von TUDOR ausgestattet. Dieses praktische System ist einfach zu bedienen, erfordert kein Werkzeug und bietet f\u00fcnf Positionen. Es erm\u00f6glicht dem Tr\u00e4ger eine feine, sofortige Anpassung der Gesamtl\u00e4nge des Armbands innerhalb eines Verstellbereichs von 8 mm.<\/p>\n","protected":false},"excerpt":{"rendered":"<p>Das Modell ist wahlweise mit einem 5-gliedrigen Edelstahlarmband oder einem 3-gliedrigen Edelstahlarmband im \u201eNiet-Stil\u201c erh\u00e4ltlich, das von den faltbaren, vernieteten Armb\u00e4ndern von TUDOR aus den 1950er- und 1960er-Jahren inspiriert ist. Beide Armb\u00e4nder sind mit dem \u201eT-fit\u201c-Schnellverschluss von TUDOR ausgestattet. Dieses praktische System ist einfach zu bedienen, erfordert kein Werkzeug und bietet f\u00fcnf Positionen. Es erm\u00f6glicht&#8230;  <a class=\"excerpt-read-more\" href=\"https:\/\/galli.ch\/en\/uhren\/tudor\/black-bay-chrono\/m79360n-0012\/\" title=\"Read Tudor Black Bay Chrono\">Weiter &raquo;<\/a><\/p>\n","protected":false},"featured_media":50489,"template":"","meta":{"_acf_changed":false,"inline_featured_image":false},"product_brand":[],"product_cat":[188],"product_tag":[],"class_list":{"0":"post-50492","1":"product","2":"type-product","3":"status-publish","4":"has-post-thumbnail","6":"uhrenhersteller-tudor","7":"uhrenhersteller-black-bay-chrono","8":"product_cat-uhren","10":"first","11":"outofstock","12":"taxable","13":"shipping-taxable","14":"purchasable","15":"product-type-simple"},"acf":[],"yoast_head":"<!-- This site is optimized with the Yoast SEO plugin v25.5 - https:\/\/yoast.com\/wordpress\/plugins\/seo\/ -->\n<title>Tudor Black Bay Chrono - Galli Uhren Bijouterie<\/title>\n<meta name=\"robots\" content=\"index, follow, max-snippet:-1, max-image-preview:large, max-video-preview:-1\" \/>\n<link rel=\"canonical\" href=\"https:\/\/galli.ch\/uhren\/tudor\/black-bay-chrono\/m79360n-0012\/\" \/>\n<meta property=\"og:locale\" content=\"en_US\" \/>\n<meta property=\"og:type\" content=\"article\" \/>\n<meta property=\"og:title\" content=\"Tudor Black Bay Chrono - Galli Uhren Bijouterie\" \/>\n<meta property=\"og:description\" content=\"Das Modell ist wahlweise mit einem 5-gliedrigen Edelstahlarmband oder einem 3-gliedrigen Edelstahlarmband im \u201eNiet-Stil\u201c erh\u00e4ltlich, das von den faltbaren, vernieteten Armb\u00e4ndern von TUDOR aus den 1950er- und 1960er-Jahren inspiriert ist. Beide Armb\u00e4nder sind mit dem \u201eT-fit\u201c-Schnellverschluss von TUDOR ausgestattet. Dieses praktische System ist einfach zu bedienen, erfordert kein Werkzeug und bietet f\u00fcnf Positionen. Es erm\u00f6glicht... Weiter &raquo;\" \/>\n<meta property=\"og:url\" content=\"https:\/\/galli.ch\/uhren\/tudor\/black-bay-chrono\/m79360n-0012\/\" \/>\n<meta property=\"og:site_name\" content=\"Galli Uhren Bijouterie\" \/>\n<meta property=\"article:modified_time\" content=\"2026-03-26T10:32:22+00:00\" \/>\n<meta property=\"og:image\" content=\"https:\/\/galli.ch\/wp-content\/uploads\/tudor-m79360n-0012.png\" \/>\n\t<meta property=\"og:image:width\" content=\"1000\" \/>\n\t<meta property=\"og:image:height\" content=\"1400\" \/>\n\t<meta property=\"og:image:type\" content=\"image\/png\" \/>\n<meta name=\"twitter:card\" content=\"summary_large_image\" \/>\n<script type=\"application\/ld+json\" class=\"yoast-schema-graph\">{\"@context\":\"https:\/\/schema.org\",\"@graph\":[{\"@type\":\"WebPage\",\"@id\":\"https:\/\/galli.ch\/uhren\/tudor\/black-bay-chrono\/m79360n-0012\/\",\"url\":\"https:\/\/galli.ch\/uhren\/tudor\/black-bay-chrono\/m79360n-0012\/\",\"name\":\"Tudor Black Bay Chrono - Galli Uhren Bijouterie\",\"isPartOf\":{\"@id\":\"http:\/\/galli.ch\/en\/#website\"},\"primaryImageOfPage\":{\"@id\":\"https:\/\/galli.ch\/uhren\/tudor\/black-bay-chrono\/m79360n-0012\/#primaryimage\"},\"image\":{\"@id\":\"https:\/\/galli.ch\/uhren\/tudor\/black-bay-chrono\/m79360n-0012\/#primaryimage\"},\"thumbnailUrl\":\"https:\/\/galli.ch\/wp-content\/uploads\/tudor-m79360n-0012.png\",\"datePublished\":\"2026-03-26T10:30:20+00:00\",\"dateModified\":\"2026-03-26T10:32:22+00:00\",\"breadcrumb\":{\"@id\":\"https:\/\/galli.ch\/uhren\/tudor\/black-bay-chrono\/m79360n-0012\/#breadcrumb\"},\"inLanguage\":\"en-US\",\"potentialAction\":[{\"@type\":\"ReadAction\",\"target\":[\"https:\/\/galli.ch\/uhren\/tudor\/black-bay-chrono\/m79360n-0012\/\"]}]},{\"@type\":\"ImageObject\",\"inLanguage\":\"en-US\",\"@id\":\"https:\/\/galli.ch\/uhren\/tudor\/black-bay-chrono\/m79360n-0012\/#primaryimage\",\"url\":\"https:\/\/galli.ch\/wp-content\/uploads\/tudor-m79360n-0012.png\",\"contentUrl\":\"https:\/\/galli.ch\/wp-content\/uploads\/tudor-m79360n-0012.png\",\"width\":1000,\"height\":1400},{\"@type\":\"BreadcrumbList\",\"@id\":\"https:\/\/galli.ch\/uhren\/tudor\/black-bay-chrono\/m79360n-0012\/#breadcrumb\",\"itemListElement\":[{\"@type\":\"ListItem\",\"position\":1,\"name\":\"Home\",\"item\":\"https:\/\/galli.ch\/en\/\"},{\"@type\":\"ListItem\",\"position\":2,\"name\":\"Uhren\",\"item\":\"https:\/\/galli.ch\/en\/uhren\/\"},{\"@type\":\"ListItem\",\"position\":3,\"name\":\"Tudor Black Bay Chrono\"}]},{\"@type\":\"WebSite\",\"@id\":\"http:\/\/galli.ch\/en\/#website\",\"url\":\"http:\/\/galli.ch\/en\/\",\"name\":\"Galli Uhren Bijouterie\",\"description\":\"\",\"potentialAction\":[{\"@type\":\"SearchAction\",\"target\":{\"@type\":\"EntryPoint\",\"urlTemplate\":\"http:\/\/galli.ch\/en\/?s={search_term_string}\"},\"query-input\":{\"@type\":\"PropertyValueSpecification\",\"valueRequired\":true,\"valueName\":\"search_term_string\"}}],\"inLanguage\":\"en-US\"}]}<\/script>\n<!-- \/ Yoast SEO plugin. -->","yoast_head_json":{"title":"Tudor Black Bay Chrono - Galli Uhren Bijouterie","robots":{"index":"index","follow":"follow","max-snippet":"max-snippet:-1","max-image-preview":"max-image-preview:large","max-video-preview":"max-video-preview:-1"},"canonical":"https:\/\/galli.ch\/uhren\/tudor\/black-bay-chrono\/m79360n-0012\/","og_locale":"en_US","og_type":"article","og_title":"Tudor Black Bay Chrono - Galli Uhren Bijouterie","og_description":"Das Modell ist wahlweise mit einem 5-gliedrigen Edelstahlarmband oder einem 3-gliedrigen Edelstahlarmband im \u201eNiet-Stil\u201c erh\u00e4ltlich, das von den faltbaren, vernieteten Armb\u00e4ndern von TUDOR aus den 1950er- und 1960er-Jahren inspiriert ist. Beide Armb\u00e4nder sind mit dem \u201eT-fit\u201c-Schnellverschluss von TUDOR ausgestattet. Dieses praktische System ist einfach zu bedienen, erfordert kein Werkzeug und bietet f\u00fcnf Positionen. Es erm\u00f6glicht... Weiter &raquo;","og_url":"https:\/\/galli.ch\/uhren\/tudor\/black-bay-chrono\/m79360n-0012\/","og_site_name":"Galli Uhren Bijouterie","article_modified_time":"2026-03-26T10:32:22+00:00","og_image":[{"width":1000,"height":1400,"url":"https:\/\/galli.ch\/wp-content\/uploads\/tudor-m79360n-0012.png","type":"image\/png"}],"twitter_card":"summary_large_image","schema":{"@context":"https:\/\/schema.org","@graph":[{"@type":"WebPage","@id":"https:\/\/galli.ch\/uhren\/tudor\/black-bay-chrono\/m79360n-0012\/","url":"https:\/\/galli.ch\/uhren\/tudor\/black-bay-chrono\/m79360n-0012\/","name":"Tudor Black Bay Chrono - Galli Uhren Bijouterie","isPartOf":{"@id":"http:\/\/galli.ch\/en\/#website"},"primaryImageOfPage":{"@id":"https:\/\/galli.ch\/uhren\/tudor\/black-bay-chrono\/m79360n-0012\/#primaryimage"},"image":{"@id":"https:\/\/galli.ch\/uhren\/tudor\/black-bay-chrono\/m79360n-0012\/#primaryimage"},"thumbnailUrl":"https:\/\/galli.ch\/wp-content\/uploads\/tudor-m79360n-0012.png","datePublished":"2026-03-26T10:30:20+00:00","dateModified":"2026-03-26T10:32:22+00:00","breadcrumb":{"@id":"https:\/\/galli.ch\/uhren\/tudor\/black-bay-chrono\/m79360n-0012\/#breadcrumb"},"inLanguage":"en-US","potentialAction":[{"@type":"ReadAction","target":["https:\/\/galli.ch\/uhren\/tudor\/black-bay-chrono\/m79360n-0012\/"]}]},{"@type":"ImageObject","inLanguage":"en-US","@id":"https:\/\/galli.ch\/uhren\/tudor\/black-bay-chrono\/m79360n-0012\/#primaryimage","url":"https:\/\/galli.ch\/wp-content\/uploads\/tudor-m79360n-0012.png","contentUrl":"https:\/\/galli.ch\/wp-content\/uploads\/tudor-m79360n-0012.png","width":1000,"height":1400},{"@type":"BreadcrumbList","@id":"https:\/\/galli.ch\/uhren\/tudor\/black-bay-chrono\/m79360n-0012\/#breadcrumb","itemListElement":[{"@type":"ListItem","position":1,"name":"Home","item":"https:\/\/galli.ch\/en\/"},{"@type":"ListItem","position":2,"name":"Uhren","item":"https:\/\/galli.ch\/en\/uhren\/"},{"@type":"ListItem","position":3,"name":"Tudor Black Bay Chrono"}]},{"@type":"WebSite","@id":"http:\/\/galli.ch\/en\/#website","url":"http:\/\/galli.ch\/en\/","name":"Galli Uhren Bijouterie","description":"","potentialAction":[{"@type":"SearchAction","target":{"@type":"EntryPoint","urlTemplate":"http:\/\/galli.ch\/en\/?s={search_term_string}"},"query-input":{"@type":"PropertyValueSpecification","valueRequired":true,"valueName":"search_term_string"}}],"inLanguage":"en-US"}]}},"_links":{"self":[{"href":"https:\/\/galli.ch\/en\/wp-json\/wp\/v2\/product\/50492","targetHints":{"allow":["GET"]}}],"collection":[{"href":"https:\/\/galli.ch\/en\/wp-json\/wp\/v2\/product"}],"about":[{"href":"https:\/\/galli.ch\/en\/wp-json\/wp\/v2\/types\/product"}],"wp:featuredmedia":[{"embeddable":true,"href":"https:\/\/galli.ch\/en\/wp-json\/wp\/v2\/media\/50489"}],"wp:attachment":[{"href":"https:\/\/galli.ch\/en\/wp-json\/wp\/v2\/media?parent=50492"}],"wp:term":[{"taxonomy":"product_brand","embeddable":true,"href":"https:\/\/galli.ch\/en\/wp-json\/wp\/v2\/product_brand?post=50492"},{"taxonomy":"product_cat","embeddable":true,"href":"https:\/\/galli.ch\/en\/wp-json\/wp\/v2\/product_cat?post=50492"},{"taxonomy":"product_tag","embeddable":true,"href":"https:\/\/galli.ch\/en\/wp-json\/wp\/v2\/product_tag?post=50492"}],"curies":[{"name":"wp","href":"https:\/\/api.w.org\/{rel}","templated":true}]}}