{"id":5059,"date":"2019-05-22T15:05:30","date_gmt":"2019-05-22T13:05:30","guid":{"rendered":"http:\/\/galli.ch\/?post_type=uhren&#038;p=5059"},"modified":"2026-04-23T18:16:20","modified_gmt":"2026-04-23T16:16:20","slug":"t120-417-37-051-00","status":"publish","type":"product","link":"https:\/\/galli.ch\/en\/uhren\/tissot\/t-sport\/t120-417-37-051-00\/","title":{"rendered":"Tissot Seastar 1000 Chronograph"},"content":{"rendered":"<div class=\"col-lg-8 col-md-10 col-md-offset-1 description-part\">\n<div data-accordeon=\"description\" data-accordeon-opened=\"false\">\n<div class=\"description-content\">Die instinktive Wahl f\u00fcr Taucher. Leistungsstark, wasserdicht bis zu einem beeindruckenden Druck von 30 bar (300 m \/ 1000 ft), kombiniert mit der Energie eines Schweizer Quarzuhrwerks.<\/div>\n<\/div>\n<\/div>\n<div class=\"col-lg-3 need-help\"><\/div>\n<div>Das mit Gold beschichtete Edelstahgeh\u00e4use mit Kautschukband ist sehr robust. Die verschraubte Krone und Dr\u00fccker sorgen daf\u00fcr, dass unter Extrembedingungen kein Wasser in die Uhr ger\u00e4t.<\/div>\n","protected":false},"excerpt":{"rendered":"<p>Die instinktive Wahl f\u00fcr Taucher. Leistungsstark, wasserdicht bis zu einem beeindruckenden Druck von 30 bar (300 m \/ 1000 ft), kombiniert mit der Energie eines Schweizer Quarzuhrwerks. Das mit Gold beschichtete Edelstahgeh\u00e4use mit Kautschukband ist sehr robust. Die verschraubte Krone und Dr\u00fccker sorgen daf\u00fcr, dass unter Extrembedingungen kein Wasser in die Uhr ger\u00e4t.<\/p>\n","protected":false},"featured_media":4999,"template":"","meta":{"_acf_changed":false,"inline_featured_image":false},"product_brand":[],"product_cat":[188],"product_tag":[],"class_list":{"0":"post-5059","1":"product","2":"type-product","3":"status-publish","4":"has-post-thumbnail","6":"uhrenhersteller-tissot","7":"uhrenhersteller-t-sport","8":"product_cat-uhren","10":"first","11":"outofstock","12":"taxable","13":"shipping-taxable","14":"purchasable","15":"product-type-simple"},"acf":[],"yoast_head":"<!-- This site is optimized with the Yoast SEO plugin v25.5 - https:\/\/yoast.com\/wordpress\/plugins\/seo\/ -->\n<title>Tissot Seastar 1000 Chronograph - Galli Uhren Bijouterie<\/title>\n<meta name=\"robots\" content=\"index, follow, max-snippet:-1, max-image-preview:large, max-video-preview:-1\" \/>\n<link rel=\"canonical\" href=\"https:\/\/galli.ch\/uhren\/tissot\/t-sport\/t120-417-37-051-00\/\" \/>\n<meta property=\"og:locale\" content=\"en_US\" \/>\n<meta property=\"og:type\" content=\"article\" \/>\n<meta property=\"og:title\" content=\"Tissot Seastar 1000 Chronograph - Galli Uhren Bijouterie\" \/>\n<meta property=\"og:description\" content=\"Die instinktive Wahl f\u00fcr Taucher. Leistungsstark, wasserdicht bis zu einem beeindruckenden Druck von 30 bar (300 m \/ 1000 ft), kombiniert mit der Energie eines Schweizer Quarzuhrwerks. Das mit Gold beschichtete Edelstahgeh\u00e4use mit Kautschukband ist sehr robust. Die verschraubte Krone und Dr\u00fccker sorgen daf\u00fcr, dass unter Extrembedingungen kein Wasser in die Uhr ger\u00e4t.\" \/>\n<meta property=\"og:url\" content=\"https:\/\/galli.ch\/uhren\/tissot\/t-sport\/t120-417-37-051-00\/\" \/>\n<meta property=\"og:site_name\" content=\"Galli Uhren Bijouterie\" \/>\n<meta property=\"article:modified_time\" content=\"2026-04-23T16:16:20+00:00\" \/>\n<meta property=\"og:image\" content=\"https:\/\/galli.ch\/wp-content\/uploads\/T120_417_37_051_00.png\" \/>\n\t<meta property=\"og:image:width\" content=\"1000\" \/>\n\t<meta property=\"og:image:height\" content=\"1400\" \/>\n\t<meta property=\"og:image:type\" content=\"image\/png\" \/>\n<meta name=\"twitter:card\" content=\"summary_large_image\" \/>\n<script type=\"application\/ld+json\" class=\"yoast-schema-graph\">{\"@context\":\"https:\/\/schema.org\",\"@graph\":[{\"@type\":\"WebPage\",\"@id\":\"https:\/\/galli.ch\/uhren\/tissot\/t-sport\/t120-417-37-051-00\/\",\"url\":\"https:\/\/galli.ch\/uhren\/tissot\/t-sport\/t120-417-37-051-00\/\",\"name\":\"Tissot Seastar 1000 Chronograph - Galli Uhren Bijouterie\",\"isPartOf\":{\"@id\":\"http:\/\/galli.ch\/en\/#website\"},\"primaryImageOfPage\":{\"@id\":\"https:\/\/galli.ch\/uhren\/tissot\/t-sport\/t120-417-37-051-00\/#primaryimage\"},\"image\":{\"@id\":\"https:\/\/galli.ch\/uhren\/tissot\/t-sport\/t120-417-37-051-00\/#primaryimage\"},\"thumbnailUrl\":\"https:\/\/galli.ch\/wp-content\/uploads\/T120_417_37_051_00.png\",\"datePublished\":\"2019-05-22T13:05:30+00:00\",\"dateModified\":\"2026-04-23T16:16:20+00:00\",\"breadcrumb\":{\"@id\":\"https:\/\/galli.ch\/uhren\/tissot\/t-sport\/t120-417-37-051-00\/#breadcrumb\"},\"inLanguage\":\"en-US\",\"potentialAction\":[{\"@type\":\"ReadAction\",\"target\":[\"https:\/\/galli.ch\/uhren\/tissot\/t-sport\/t120-417-37-051-00\/\"]}]},{\"@type\":\"ImageObject\",\"inLanguage\":\"en-US\",\"@id\":\"https:\/\/galli.ch\/uhren\/tissot\/t-sport\/t120-417-37-051-00\/#primaryimage\",\"url\":\"https:\/\/galli.ch\/wp-content\/uploads\/T120_417_37_051_00.png\",\"contentUrl\":\"https:\/\/galli.ch\/wp-content\/uploads\/T120_417_37_051_00.png\",\"width\":1000,\"height\":1400,\"caption\":\"Tissot Seastar 1000 Chronograph Galli Zurich\"},{\"@type\":\"BreadcrumbList\",\"@id\":\"https:\/\/galli.ch\/uhren\/tissot\/t-sport\/t120-417-37-051-00\/#breadcrumb\",\"itemListElement\":[{\"@type\":\"ListItem\",\"position\":1,\"name\":\"Home\",\"item\":\"https:\/\/galli.ch\/en\/\"},{\"@type\":\"ListItem\",\"position\":2,\"name\":\"Uhren\",\"item\":\"https:\/\/galli.ch\/en\/uhren\/\"},{\"@type\":\"ListItem\",\"position\":3,\"name\":\"Seastar 1000 Chronograph\"}]},{\"@type\":\"WebSite\",\"@id\":\"http:\/\/galli.ch\/en\/#website\",\"url\":\"http:\/\/galli.ch\/en\/\",\"name\":\"Galli Uhren Bijouterie\",\"description\":\"\",\"potentialAction\":[{\"@type\":\"SearchAction\",\"target\":{\"@type\":\"EntryPoint\",\"urlTemplate\":\"http:\/\/galli.ch\/en\/?s={search_term_string}\"},\"query-input\":{\"@type\":\"PropertyValueSpecification\",\"valueRequired\":true,\"valueName\":\"search_term_string\"}}],\"inLanguage\":\"en-US\"}]}<\/script>\n<!-- \/ Yoast SEO plugin. -->","yoast_head_json":{"title":"Tissot Seastar 1000 Chronograph - Galli Uhren Bijouterie","robots":{"index":"index","follow":"follow","max-snippet":"max-snippet:-1","max-image-preview":"max-image-preview:large","max-video-preview":"max-video-preview:-1"},"canonical":"https:\/\/galli.ch\/uhren\/tissot\/t-sport\/t120-417-37-051-00\/","og_locale":"en_US","og_type":"article","og_title":"Tissot Seastar 1000 Chronograph - Galli Uhren Bijouterie","og_description":"Die instinktive Wahl f\u00fcr Taucher. Leistungsstark, wasserdicht bis zu einem beeindruckenden Druck von 30 bar (300 m \/ 1000 ft), kombiniert mit der Energie eines Schweizer Quarzuhrwerks. Das mit Gold beschichtete Edelstahgeh\u00e4use mit Kautschukband ist sehr robust. Die verschraubte Krone und Dr\u00fccker sorgen daf\u00fcr, dass unter Extrembedingungen kein Wasser in die Uhr ger\u00e4t.","og_url":"https:\/\/galli.ch\/uhren\/tissot\/t-sport\/t120-417-37-051-00\/","og_site_name":"Galli Uhren Bijouterie","article_modified_time":"2026-04-23T16:16:20+00:00","og_image":[{"width":1000,"height":1400,"url":"https:\/\/galli.ch\/wp-content\/uploads\/T120_417_37_051_00.png","type":"image\/png"}],"twitter_card":"summary_large_image","schema":{"@context":"https:\/\/schema.org","@graph":[{"@type":"WebPage","@id":"https:\/\/galli.ch\/uhren\/tissot\/t-sport\/t120-417-37-051-00\/","url":"https:\/\/galli.ch\/uhren\/tissot\/t-sport\/t120-417-37-051-00\/","name":"Tissot Seastar 1000 Chronograph - Galli Uhren Bijouterie","isPartOf":{"@id":"http:\/\/galli.ch\/en\/#website"},"primaryImageOfPage":{"@id":"https:\/\/galli.ch\/uhren\/tissot\/t-sport\/t120-417-37-051-00\/#primaryimage"},"image":{"@id":"https:\/\/galli.ch\/uhren\/tissot\/t-sport\/t120-417-37-051-00\/#primaryimage"},"thumbnailUrl":"https:\/\/galli.ch\/wp-content\/uploads\/T120_417_37_051_00.png","datePublished":"2019-05-22T13:05:30+00:00","dateModified":"2026-04-23T16:16:20+00:00","breadcrumb":{"@id":"https:\/\/galli.ch\/uhren\/tissot\/t-sport\/t120-417-37-051-00\/#breadcrumb"},"inLanguage":"en-US","potentialAction":[{"@type":"ReadAction","target":["https:\/\/galli.ch\/uhren\/tissot\/t-sport\/t120-417-37-051-00\/"]}]},{"@type":"ImageObject","inLanguage":"en-US","@id":"https:\/\/galli.ch\/uhren\/tissot\/t-sport\/t120-417-37-051-00\/#primaryimage","url":"https:\/\/galli.ch\/wp-content\/uploads\/T120_417_37_051_00.png","contentUrl":"https:\/\/galli.ch\/wp-content\/uploads\/T120_417_37_051_00.png","width":1000,"height":1400,"caption":"Tissot Seastar 1000 Chronograph Galli Zurich"},{"@type":"BreadcrumbList","@id":"https:\/\/galli.ch\/uhren\/tissot\/t-sport\/t120-417-37-051-00\/#breadcrumb","itemListElement":[{"@type":"ListItem","position":1,"name":"Home","item":"https:\/\/galli.ch\/en\/"},{"@type":"ListItem","position":2,"name":"Uhren","item":"https:\/\/galli.ch\/en\/uhren\/"},{"@type":"ListItem","position":3,"name":"Seastar 1000 Chronograph"}]},{"@type":"WebSite","@id":"http:\/\/galli.ch\/en\/#website","url":"http:\/\/galli.ch\/en\/","name":"Galli Uhren Bijouterie","description":"","potentialAction":[{"@type":"SearchAction","target":{"@type":"EntryPoint","urlTemplate":"http:\/\/galli.ch\/en\/?s={search_term_string}"},"query-input":{"@type":"PropertyValueSpecification","valueRequired":true,"valueName":"search_term_string"}}],"inLanguage":"en-US"}]}},"_links":{"self":[{"href":"https:\/\/galli.ch\/en\/wp-json\/wp\/v2\/product\/5059","targetHints":{"allow":["GET"]}}],"collection":[{"href":"https:\/\/galli.ch\/en\/wp-json\/wp\/v2\/product"}],"about":[{"href":"https:\/\/galli.ch\/en\/wp-json\/wp\/v2\/types\/product"}],"wp:featuredmedia":[{"embeddable":true,"href":"https:\/\/galli.ch\/en\/wp-json\/wp\/v2\/media\/4999"}],"wp:attachment":[{"href":"https:\/\/galli.ch\/en\/wp-json\/wp\/v2\/media?parent=5059"}],"wp:term":[{"taxonomy":"product_brand","embeddable":true,"href":"https:\/\/galli.ch\/en\/wp-json\/wp\/v2\/product_brand?post=5059"},{"taxonomy":"product_cat","embeddable":true,"href":"https:\/\/galli.ch\/en\/wp-json\/wp\/v2\/product_cat?post=5059"},{"taxonomy":"product_tag","embeddable":true,"href":"https:\/\/galli.ch\/en\/wp-json\/wp\/v2\/product_tag?post=5059"}],"curies":[{"name":"wp","href":"https:\/\/api.w.org\/{rel}","templated":true}]}}