{"id":51060,"date":"2026-04-15T18:00:30","date_gmt":"2026-04-15T16:00:30","guid":{"rendered":"https:\/\/galli.ch\/?post_type=product&#038;p=51060"},"modified":"2026-04-15T18:09:13","modified_gmt":"2026-04-15T16:09:13","slug":"m2639w1a0u-0001","status":"publish","type":"product","link":"https:\/\/galli.ch\/en\/uhren\/tudor\/monarch\/m2639w1a0u-0001\/","title":{"rendered":"Tudor Monarch"},"content":{"rendered":"<p data-path-to-node=\"3\">Ein Name, der Geschichte schreibt. Ein Design, das die Zukunft definiert. Die seit 2026er existierende Tudor Monarch kehrt zur\u00fcck und beweist eindrucksvoll, warum das Erbe der Marke seit Jahrhunderten Bestand hat. Diese Armbanduhr ist die perfekte Symbiose aus architektonischer Strenge und mechanischer Leidenschaft.<\/p>\n<p data-path-to-node=\"3\">Das herausragende Merkmal dieses Modells ist das markante \u201eError-Proof\u201c Zifferblatt (auch bekannt als fehlersicheres Zifferblatt), das Funktionalit\u00e4t und historisches Design auf faszinierende Weise vereint. W\u00e4hrend viele Zeitmesser Trends folgen, bringt die Monarch die 100-j\u00e4hrige \u00c4sthetik der Marke direkt ins Hier und Jetzt. Es ist diese ungew\u00f6hnliche, fast skulpturale Erscheinung, die sie von anderen Kollektionen abhebt. Wer eine Uhr mit Charakter und historischer Tiefe sucht, kommt an der Monarch nicht vorbei.<\/p>\n","protected":false},"excerpt":{"rendered":"<p>Ein Name, der Geschichte schreibt. Ein Design, das die Zukunft definiert. Die seit 2026er existierende Tudor Monarch kehrt zur\u00fcck und beweist eindrucksvoll, warum das Erbe der Marke seit Jahrhunderten Bestand hat. Diese Armbanduhr ist die perfekte Symbiose aus architektonischer Strenge und mechanischer Leidenschaft. Das herausragende Merkmal dieses Modells ist das markante \u201eError-Proof\u201c Zifferblatt (auch bekannt&#8230;  <a class=\"excerpt-read-more\" href=\"https:\/\/galli.ch\/en\/uhren\/tudor\/monarch\/m2639w1a0u-0001\/\" title=\"Read Tudor Monarch\">Weiter &raquo;<\/a><\/p>\n","protected":false},"featured_media":50908,"template":"","meta":{"_acf_changed":false,"inline_featured_image":false},"product_brand":[],"product_cat":[188],"product_tag":[],"class_list":{"0":"post-51060","1":"product","2":"type-product","3":"status-publish","4":"has-post-thumbnail","6":"uhrenhersteller-tudor","7":"uhrenhersteller-monarch","8":"product_cat-uhren","10":"first","11":"instock","12":"taxable","13":"shipping-taxable","14":"purchasable","15":"product-type-simple"},"acf":[],"yoast_head":"<!-- This site is optimized with the Yoast SEO plugin v25.5 - https:\/\/yoast.com\/wordpress\/plugins\/seo\/ -->\n<title>Tudor Monarch - Galli Uhren Bijouterie<\/title>\n<meta name=\"robots\" content=\"index, follow, max-snippet:-1, max-image-preview:large, max-video-preview:-1\" \/>\n<link rel=\"canonical\" href=\"https:\/\/galli.ch\/uhren\/tudor\/monarch\/m2639w1a0u-0001\/\" \/>\n<meta property=\"og:locale\" content=\"en_US\" \/>\n<meta property=\"og:type\" content=\"article\" \/>\n<meta property=\"og:title\" content=\"Tudor Monarch - Galli Uhren Bijouterie\" \/>\n<meta property=\"og:description\" content=\"Ein Name, der Geschichte schreibt. Ein Design, das die Zukunft definiert. Die seit 2026er existierende Tudor Monarch kehrt zur\u00fcck und beweist eindrucksvoll, warum das Erbe der Marke seit Jahrhunderten Bestand hat. Diese Armbanduhr ist die perfekte Symbiose aus architektonischer Strenge und mechanischer Leidenschaft. Das herausragende Merkmal dieses Modells ist das markante \u201eError-Proof\u201c Zifferblatt (auch bekannt... Weiter &raquo;\" \/>\n<meta property=\"og:url\" content=\"https:\/\/galli.ch\/uhren\/tudor\/monarch\/m2639w1a0u-0001\/\" \/>\n<meta property=\"og:site_name\" content=\"Galli Uhren Bijouterie\" \/>\n<meta property=\"article:modified_time\" content=\"2026-04-15T16:09:13+00:00\" \/>\n<meta property=\"og:image\" content=\"https:\/\/galli.ch\/wp-content\/uploads\/tudor-m2639w1a0u-0001.png\" \/>\n\t<meta property=\"og:image:width\" content=\"1000\" \/>\n\t<meta property=\"og:image:height\" content=\"1400\" \/>\n\t<meta property=\"og:image:type\" content=\"image\/png\" \/>\n<meta name=\"twitter:card\" content=\"summary_large_image\" \/>\n<script type=\"application\/ld+json\" class=\"yoast-schema-graph\">{\"@context\":\"https:\/\/schema.org\",\"@graph\":[{\"@type\":\"WebPage\",\"@id\":\"https:\/\/galli.ch\/uhren\/tudor\/monarch\/m2639w1a0u-0001\/\",\"url\":\"https:\/\/galli.ch\/uhren\/tudor\/monarch\/m2639w1a0u-0001\/\",\"name\":\"Tudor Monarch - Galli Uhren Bijouterie\",\"isPartOf\":{\"@id\":\"http:\/\/galli.ch\/en\/#website\"},\"primaryImageOfPage\":{\"@id\":\"https:\/\/galli.ch\/uhren\/tudor\/monarch\/m2639w1a0u-0001\/#primaryimage\"},\"image\":{\"@id\":\"https:\/\/galli.ch\/uhren\/tudor\/monarch\/m2639w1a0u-0001\/#primaryimage\"},\"thumbnailUrl\":\"https:\/\/galli.ch\/wp-content\/uploads\/tudor-m2639w1a0u-0001.png\",\"datePublished\":\"2026-04-15T16:00:30+00:00\",\"dateModified\":\"2026-04-15T16:09:13+00:00\",\"breadcrumb\":{\"@id\":\"https:\/\/galli.ch\/uhren\/tudor\/monarch\/m2639w1a0u-0001\/#breadcrumb\"},\"inLanguage\":\"en-US\",\"potentialAction\":[{\"@type\":\"ReadAction\",\"target\":[\"https:\/\/galli.ch\/uhren\/tudor\/monarch\/m2639w1a0u-0001\/\"]}]},{\"@type\":\"ImageObject\",\"inLanguage\":\"en-US\",\"@id\":\"https:\/\/galli.ch\/uhren\/tudor\/monarch\/m2639w1a0u-0001\/#primaryimage\",\"url\":\"https:\/\/galli.ch\/wp-content\/uploads\/tudor-m2639w1a0u-0001.png\",\"contentUrl\":\"https:\/\/galli.ch\/wp-content\/uploads\/tudor-m2639w1a0u-0001.png\",\"width\":1000,\"height\":1400,\"caption\":\"tudor-monarch-m2639w1a0u-0001\"},{\"@type\":\"BreadcrumbList\",\"@id\":\"https:\/\/galli.ch\/uhren\/tudor\/monarch\/m2639w1a0u-0001\/#breadcrumb\",\"itemListElement\":[{\"@type\":\"ListItem\",\"position\":1,\"name\":\"Home\",\"item\":\"https:\/\/galli.ch\/en\/\"},{\"@type\":\"ListItem\",\"position\":2,\"name\":\"Uhren\",\"item\":\"https:\/\/galli.ch\/en\/uhren\/\"},{\"@type\":\"ListItem\",\"position\":3,\"name\":\"Tudor Monarch\"}]},{\"@type\":\"WebSite\",\"@id\":\"http:\/\/galli.ch\/en\/#website\",\"url\":\"http:\/\/galli.ch\/en\/\",\"name\":\"Galli Uhren Bijouterie\",\"description\":\"\",\"potentialAction\":[{\"@type\":\"SearchAction\",\"target\":{\"@type\":\"EntryPoint\",\"urlTemplate\":\"http:\/\/galli.ch\/en\/?s={search_term_string}\"},\"query-input\":{\"@type\":\"PropertyValueSpecification\",\"valueRequired\":true,\"valueName\":\"search_term_string\"}}],\"inLanguage\":\"en-US\"}]}<\/script>\n<!-- \/ Yoast SEO plugin. -->","yoast_head_json":{"title":"Tudor Monarch - Galli Uhren Bijouterie","robots":{"index":"index","follow":"follow","max-snippet":"max-snippet:-1","max-image-preview":"max-image-preview:large","max-video-preview":"max-video-preview:-1"},"canonical":"https:\/\/galli.ch\/uhren\/tudor\/monarch\/m2639w1a0u-0001\/","og_locale":"en_US","og_type":"article","og_title":"Tudor Monarch - Galli Uhren Bijouterie","og_description":"Ein Name, der Geschichte schreibt. Ein Design, das die Zukunft definiert. Die seit 2026er existierende Tudor Monarch kehrt zur\u00fcck und beweist eindrucksvoll, warum das Erbe der Marke seit Jahrhunderten Bestand hat. Diese Armbanduhr ist die perfekte Symbiose aus architektonischer Strenge und mechanischer Leidenschaft. Das herausragende Merkmal dieses Modells ist das markante \u201eError-Proof\u201c Zifferblatt (auch bekannt... Weiter &raquo;","og_url":"https:\/\/galli.ch\/uhren\/tudor\/monarch\/m2639w1a0u-0001\/","og_site_name":"Galli Uhren Bijouterie","article_modified_time":"2026-04-15T16:09:13+00:00","og_image":[{"width":1000,"height":1400,"url":"https:\/\/galli.ch\/wp-content\/uploads\/tudor-m2639w1a0u-0001.png","type":"image\/png"}],"twitter_card":"summary_large_image","schema":{"@context":"https:\/\/schema.org","@graph":[{"@type":"WebPage","@id":"https:\/\/galli.ch\/uhren\/tudor\/monarch\/m2639w1a0u-0001\/","url":"https:\/\/galli.ch\/uhren\/tudor\/monarch\/m2639w1a0u-0001\/","name":"Tudor Monarch - Galli Uhren Bijouterie","isPartOf":{"@id":"http:\/\/galli.ch\/en\/#website"},"primaryImageOfPage":{"@id":"https:\/\/galli.ch\/uhren\/tudor\/monarch\/m2639w1a0u-0001\/#primaryimage"},"image":{"@id":"https:\/\/galli.ch\/uhren\/tudor\/monarch\/m2639w1a0u-0001\/#primaryimage"},"thumbnailUrl":"https:\/\/galli.ch\/wp-content\/uploads\/tudor-m2639w1a0u-0001.png","datePublished":"2026-04-15T16:00:30+00:00","dateModified":"2026-04-15T16:09:13+00:00","breadcrumb":{"@id":"https:\/\/galli.ch\/uhren\/tudor\/monarch\/m2639w1a0u-0001\/#breadcrumb"},"inLanguage":"en-US","potentialAction":[{"@type":"ReadAction","target":["https:\/\/galli.ch\/uhren\/tudor\/monarch\/m2639w1a0u-0001\/"]}]},{"@type":"ImageObject","inLanguage":"en-US","@id":"https:\/\/galli.ch\/uhren\/tudor\/monarch\/m2639w1a0u-0001\/#primaryimage","url":"https:\/\/galli.ch\/wp-content\/uploads\/tudor-m2639w1a0u-0001.png","contentUrl":"https:\/\/galli.ch\/wp-content\/uploads\/tudor-m2639w1a0u-0001.png","width":1000,"height":1400,"caption":"tudor-monarch-m2639w1a0u-0001"},{"@type":"BreadcrumbList","@id":"https:\/\/galli.ch\/uhren\/tudor\/monarch\/m2639w1a0u-0001\/#breadcrumb","itemListElement":[{"@type":"ListItem","position":1,"name":"Home","item":"https:\/\/galli.ch\/en\/"},{"@type":"ListItem","position":2,"name":"Uhren","item":"https:\/\/galli.ch\/en\/uhren\/"},{"@type":"ListItem","position":3,"name":"Tudor Monarch"}]},{"@type":"WebSite","@id":"http:\/\/galli.ch\/en\/#website","url":"http:\/\/galli.ch\/en\/","name":"Galli Uhren Bijouterie","description":"","potentialAction":[{"@type":"SearchAction","target":{"@type":"EntryPoint","urlTemplate":"http:\/\/galli.ch\/en\/?s={search_term_string}"},"query-input":{"@type":"PropertyValueSpecification","valueRequired":true,"valueName":"search_term_string"}}],"inLanguage":"en-US"}]}},"_links":{"self":[{"href":"https:\/\/galli.ch\/en\/wp-json\/wp\/v2\/product\/51060","targetHints":{"allow":["GET"]}}],"collection":[{"href":"https:\/\/galli.ch\/en\/wp-json\/wp\/v2\/product"}],"about":[{"href":"https:\/\/galli.ch\/en\/wp-json\/wp\/v2\/types\/product"}],"wp:featuredmedia":[{"embeddable":true,"href":"https:\/\/galli.ch\/en\/wp-json\/wp\/v2\/media\/50908"}],"wp:attachment":[{"href":"https:\/\/galli.ch\/en\/wp-json\/wp\/v2\/media?parent=51060"}],"wp:term":[{"taxonomy":"product_brand","embeddable":true,"href":"https:\/\/galli.ch\/en\/wp-json\/wp\/v2\/product_brand?post=51060"},{"taxonomy":"product_cat","embeddable":true,"href":"https:\/\/galli.ch\/en\/wp-json\/wp\/v2\/product_cat?post=51060"},{"taxonomy":"product_tag","embeddable":true,"href":"https:\/\/galli.ch\/en\/wp-json\/wp\/v2\/product_tag?post=51060"}],"curies":[{"name":"wp","href":"https:\/\/api.w.org\/{rel}","templated":true}]}}