{"id":51153,"date":"2026-04-15T18:24:07","date_gmt":"2026-04-15T16:24:07","guid":{"rendered":"https:\/\/galli.ch\/?post_type=product&#038;p=51153"},"modified":"2026-04-15T18:31:13","modified_gmt":"2026-04-15T16:31:13","slug":"perpetual-calendar-proset-le-petit-prince-iw329601","status":"publish","type":"product","link":"https:\/\/galli.ch\/en\/uhren\/iwc\/pilots-watches\/perpetual-calendar-proset-le-petit-prince-iw329601\/","title":{"rendered":"IWC Big Pilot&#8217;s Watch Perpetual Calendar ProSet Le Petit Prince"},"content":{"rendered":"<p>Die \u201eBig Pilot\u2019s Watch Perpetual Calendar ProSet Le Petit Prince\u201c vereint ein Edelstahlgeh\u00e4use und -armband mit einem tiefblauen Zifferblatt mit Sonnenschliff. Der Perpetual Calendar ProSet l\u00e4sst sich \u00fcber eine einzige Krone sowohl vorw\u00e4rts als auch r\u00fcckw\u00e4rts einstellen, wodurch die Kalendereinstellung ebenso einfach und intuitiv ist wie das Einstellen der Uhrzeit.<\/p>\n","protected":false},"excerpt":{"rendered":"<p>Die \u201eBig Pilot\u2019s Watch Perpetual Calendar ProSet Le Petit Prince\u201c vereint ein Edelstahlgeh\u00e4use und -armband mit einem tiefblauen Zifferblatt mit Sonnenschliff. Der Perpetual Calendar ProSet l\u00e4sst sich \u00fcber eine einzige Krone sowohl vorw\u00e4rts als auch r\u00fcckw\u00e4rts einstellen, wodurch die Kalendereinstellung ebenso einfach und intuitiv ist wie das Einstellen der Uhrzeit.<\/p>\n","protected":false},"featured_media":51094,"template":"","meta":{"_acf_changed":false,"inline_featured_image":false},"product_brand":[],"product_cat":[188],"product_tag":[],"class_list":{"0":"post-51153","1":"product","2":"type-product","3":"status-publish","4":"has-post-thumbnail","6":"uhrenhersteller-iwc","7":"uhrenhersteller-pilots-watches","8":"product_cat-uhren","10":"first","11":"outofstock","12":"taxable","13":"shipping-taxable","14":"purchasable","15":"product-type-simple"},"acf":[],"yoast_head":"<!-- This site is optimized with the Yoast SEO plugin v25.5 - https:\/\/yoast.com\/wordpress\/plugins\/seo\/ -->\n<title>IWC Big Pilot&#039;s Watch Perpetual Calendar ProSet Le Petit Prince - Galli Uhren Bijouterie<\/title>\n<meta name=\"robots\" content=\"index, follow, max-snippet:-1, max-image-preview:large, max-video-preview:-1\" \/>\n<link rel=\"canonical\" href=\"https:\/\/galli.ch\/uhren\/iwc\/pilots-watches\/perpetual-calendar-proset-le-petit-prince-iw329601\/\" \/>\n<meta property=\"og:locale\" content=\"en_US\" \/>\n<meta property=\"og:type\" content=\"article\" \/>\n<meta property=\"og:title\" content=\"IWC Big Pilot&#039;s Watch Perpetual Calendar ProSet Le Petit Prince - Galli Uhren Bijouterie\" \/>\n<meta property=\"og:description\" content=\"Die \u201eBig Pilot\u2019s Watch Perpetual Calendar ProSet Le Petit Prince\u201c vereint ein Edelstahlgeh\u00e4use und -armband mit einem tiefblauen Zifferblatt mit Sonnenschliff. Der Perpetual Calendar ProSet l\u00e4sst sich \u00fcber eine einzige Krone sowohl vorw\u00e4rts als auch r\u00fcckw\u00e4rts einstellen, wodurch die Kalendereinstellung ebenso einfach und intuitiv ist wie das Einstellen der Uhrzeit.\" \/>\n<meta property=\"og:url\" content=\"https:\/\/galli.ch\/uhren\/iwc\/pilots-watches\/perpetual-calendar-proset-le-petit-prince-iw329601\/\" \/>\n<meta property=\"og:site_name\" content=\"Galli Uhren Bijouterie\" \/>\n<meta property=\"article:modified_time\" content=\"2026-04-15T16:31:13+00:00\" \/>\n<meta property=\"og:image\" content=\"https:\/\/galli.ch\/wp-content\/uploads\/ca1f5c9ca8c7f06748b6f0aa8b7d5a78162a1953.png\" \/>\n\t<meta property=\"og:image:width\" content=\"1000\" \/>\n\t<meta property=\"og:image:height\" content=\"1400\" \/>\n\t<meta property=\"og:image:type\" content=\"image\/png\" \/>\n<meta name=\"twitter:card\" content=\"summary_large_image\" \/>\n<script type=\"application\/ld+json\" class=\"yoast-schema-graph\">{\"@context\":\"https:\/\/schema.org\",\"@graph\":[{\"@type\":\"WebPage\",\"@id\":\"https:\/\/galli.ch\/uhren\/iwc\/pilots-watches\/perpetual-calendar-proset-le-petit-prince-iw329601\/\",\"url\":\"https:\/\/galli.ch\/uhren\/iwc\/pilots-watches\/perpetual-calendar-proset-le-petit-prince-iw329601\/\",\"name\":\"IWC Big Pilot's Watch Perpetual Calendar ProSet Le Petit Prince - Galli Uhren Bijouterie\",\"isPartOf\":{\"@id\":\"http:\/\/galli.ch\/en\/#website\"},\"primaryImageOfPage\":{\"@id\":\"https:\/\/galli.ch\/uhren\/iwc\/pilots-watches\/perpetual-calendar-proset-le-petit-prince-iw329601\/#primaryimage\"},\"image\":{\"@id\":\"https:\/\/galli.ch\/uhren\/iwc\/pilots-watches\/perpetual-calendar-proset-le-petit-prince-iw329601\/#primaryimage\"},\"thumbnailUrl\":\"https:\/\/galli.ch\/wp-content\/uploads\/ca1f5c9ca8c7f06748b6f0aa8b7d5a78162a1953.png\",\"datePublished\":\"2026-04-15T16:24:07+00:00\",\"dateModified\":\"2026-04-15T16:31:13+00:00\",\"breadcrumb\":{\"@id\":\"https:\/\/galli.ch\/uhren\/iwc\/pilots-watches\/perpetual-calendar-proset-le-petit-prince-iw329601\/#breadcrumb\"},\"inLanguage\":\"en-US\",\"potentialAction\":[{\"@type\":\"ReadAction\",\"target\":[\"https:\/\/galli.ch\/uhren\/iwc\/pilots-watches\/perpetual-calendar-proset-le-petit-prince-iw329601\/\"]}]},{\"@type\":\"ImageObject\",\"inLanguage\":\"en-US\",\"@id\":\"https:\/\/galli.ch\/uhren\/iwc\/pilots-watches\/perpetual-calendar-proset-le-petit-prince-iw329601\/#primaryimage\",\"url\":\"https:\/\/galli.ch\/wp-content\/uploads\/ca1f5c9ca8c7f06748b6f0aa8b7d5a78162a1953.png\",\"contentUrl\":\"https:\/\/galli.ch\/wp-content\/uploads\/ca1f5c9ca8c7f06748b6f0aa8b7d5a78162a1953.png\",\"width\":1000,\"height\":1400},{\"@type\":\"BreadcrumbList\",\"@id\":\"https:\/\/galli.ch\/uhren\/iwc\/pilots-watches\/perpetual-calendar-proset-le-petit-prince-iw329601\/#breadcrumb\",\"itemListElement\":[{\"@type\":\"ListItem\",\"position\":1,\"name\":\"Home\",\"item\":\"https:\/\/galli.ch\/en\/\"},{\"@type\":\"ListItem\",\"position\":2,\"name\":\"Uhren\",\"item\":\"https:\/\/galli.ch\/en\/uhren\/\"},{\"@type\":\"ListItem\",\"position\":3,\"name\":\"IWC Big Pilot&#8217;s Watch Perpetual Calendar ProSet Le Petit Prince\"}]},{\"@type\":\"WebSite\",\"@id\":\"http:\/\/galli.ch\/en\/#website\",\"url\":\"http:\/\/galli.ch\/en\/\",\"name\":\"Galli Uhren Bijouterie\",\"description\":\"\",\"potentialAction\":[{\"@type\":\"SearchAction\",\"target\":{\"@type\":\"EntryPoint\",\"urlTemplate\":\"http:\/\/galli.ch\/en\/?s={search_term_string}\"},\"query-input\":{\"@type\":\"PropertyValueSpecification\",\"valueRequired\":true,\"valueName\":\"search_term_string\"}}],\"inLanguage\":\"en-US\"}]}<\/script>\n<!-- \/ Yoast SEO plugin. -->","yoast_head_json":{"title":"IWC Big Pilot's Watch Perpetual Calendar ProSet Le Petit Prince - Galli Uhren Bijouterie","robots":{"index":"index","follow":"follow","max-snippet":"max-snippet:-1","max-image-preview":"max-image-preview:large","max-video-preview":"max-video-preview:-1"},"canonical":"https:\/\/galli.ch\/uhren\/iwc\/pilots-watches\/perpetual-calendar-proset-le-petit-prince-iw329601\/","og_locale":"en_US","og_type":"article","og_title":"IWC Big Pilot's Watch Perpetual Calendar ProSet Le Petit Prince - Galli Uhren Bijouterie","og_description":"Die \u201eBig Pilot\u2019s Watch Perpetual Calendar ProSet Le Petit Prince\u201c vereint ein Edelstahlgeh\u00e4use und -armband mit einem tiefblauen Zifferblatt mit Sonnenschliff. Der Perpetual Calendar ProSet l\u00e4sst sich \u00fcber eine einzige Krone sowohl vorw\u00e4rts als auch r\u00fcckw\u00e4rts einstellen, wodurch die Kalendereinstellung ebenso einfach und intuitiv ist wie das Einstellen der Uhrzeit.","og_url":"https:\/\/galli.ch\/uhren\/iwc\/pilots-watches\/perpetual-calendar-proset-le-petit-prince-iw329601\/","og_site_name":"Galli Uhren Bijouterie","article_modified_time":"2026-04-15T16:31:13+00:00","og_image":[{"width":1000,"height":1400,"url":"https:\/\/galli.ch\/wp-content\/uploads\/ca1f5c9ca8c7f06748b6f0aa8b7d5a78162a1953.png","type":"image\/png"}],"twitter_card":"summary_large_image","schema":{"@context":"https:\/\/schema.org","@graph":[{"@type":"WebPage","@id":"https:\/\/galli.ch\/uhren\/iwc\/pilots-watches\/perpetual-calendar-proset-le-petit-prince-iw329601\/","url":"https:\/\/galli.ch\/uhren\/iwc\/pilots-watches\/perpetual-calendar-proset-le-petit-prince-iw329601\/","name":"IWC Big Pilot's Watch Perpetual Calendar ProSet Le Petit Prince - Galli Uhren Bijouterie","isPartOf":{"@id":"http:\/\/galli.ch\/en\/#website"},"primaryImageOfPage":{"@id":"https:\/\/galli.ch\/uhren\/iwc\/pilots-watches\/perpetual-calendar-proset-le-petit-prince-iw329601\/#primaryimage"},"image":{"@id":"https:\/\/galli.ch\/uhren\/iwc\/pilots-watches\/perpetual-calendar-proset-le-petit-prince-iw329601\/#primaryimage"},"thumbnailUrl":"https:\/\/galli.ch\/wp-content\/uploads\/ca1f5c9ca8c7f06748b6f0aa8b7d5a78162a1953.png","datePublished":"2026-04-15T16:24:07+00:00","dateModified":"2026-04-15T16:31:13+00:00","breadcrumb":{"@id":"https:\/\/galli.ch\/uhren\/iwc\/pilots-watches\/perpetual-calendar-proset-le-petit-prince-iw329601\/#breadcrumb"},"inLanguage":"en-US","potentialAction":[{"@type":"ReadAction","target":["https:\/\/galli.ch\/uhren\/iwc\/pilots-watches\/perpetual-calendar-proset-le-petit-prince-iw329601\/"]}]},{"@type":"ImageObject","inLanguage":"en-US","@id":"https:\/\/galli.ch\/uhren\/iwc\/pilots-watches\/perpetual-calendar-proset-le-petit-prince-iw329601\/#primaryimage","url":"https:\/\/galli.ch\/wp-content\/uploads\/ca1f5c9ca8c7f06748b6f0aa8b7d5a78162a1953.png","contentUrl":"https:\/\/galli.ch\/wp-content\/uploads\/ca1f5c9ca8c7f06748b6f0aa8b7d5a78162a1953.png","width":1000,"height":1400},{"@type":"BreadcrumbList","@id":"https:\/\/galli.ch\/uhren\/iwc\/pilots-watches\/perpetual-calendar-proset-le-petit-prince-iw329601\/#breadcrumb","itemListElement":[{"@type":"ListItem","position":1,"name":"Home","item":"https:\/\/galli.ch\/en\/"},{"@type":"ListItem","position":2,"name":"Uhren","item":"https:\/\/galli.ch\/en\/uhren\/"},{"@type":"ListItem","position":3,"name":"IWC Big Pilot&#8217;s Watch Perpetual Calendar ProSet Le Petit Prince"}]},{"@type":"WebSite","@id":"http:\/\/galli.ch\/en\/#website","url":"http:\/\/galli.ch\/en\/","name":"Galli Uhren Bijouterie","description":"","potentialAction":[{"@type":"SearchAction","target":{"@type":"EntryPoint","urlTemplate":"http:\/\/galli.ch\/en\/?s={search_term_string}"},"query-input":{"@type":"PropertyValueSpecification","valueRequired":true,"valueName":"search_term_string"}}],"inLanguage":"en-US"}]}},"_links":{"self":[{"href":"https:\/\/galli.ch\/en\/wp-json\/wp\/v2\/product\/51153","targetHints":{"allow":["GET"]}}],"collection":[{"href":"https:\/\/galli.ch\/en\/wp-json\/wp\/v2\/product"}],"about":[{"href":"https:\/\/galli.ch\/en\/wp-json\/wp\/v2\/types\/product"}],"wp:featuredmedia":[{"embeddable":true,"href":"https:\/\/galli.ch\/en\/wp-json\/wp\/v2\/media\/51094"}],"wp:attachment":[{"href":"https:\/\/galli.ch\/en\/wp-json\/wp\/v2\/media?parent=51153"}],"wp:term":[{"taxonomy":"product_brand","embeddable":true,"href":"https:\/\/galli.ch\/en\/wp-json\/wp\/v2\/product_brand?post=51153"},{"taxonomy":"product_cat","embeddable":true,"href":"https:\/\/galli.ch\/en\/wp-json\/wp\/v2\/product_cat?post=51153"},{"taxonomy":"product_tag","embeddable":true,"href":"https:\/\/galli.ch\/en\/wp-json\/wp\/v2\/product_tag?post=51153"}],"curies":[{"name":"wp","href":"https:\/\/api.w.org\/{rel}","templated":true}]}}