{"id":51187,"date":"2026-04-16T17:12:21","date_gmt":"2026-04-16T15:12:21","guid":{"rendered":"https:\/\/galli.ch\/?post_type=product&#038;p=51187"},"modified":"2026-04-16T17:17:19","modified_gmt":"2026-04-16T15:17:19","slug":"venturer-vertical-drive-iw328601","status":"publish","type":"product","link":"https:\/\/galli.ch\/en\/uhren\/iwc\/pilots-watches\/venturer-vertical-drive-iw328601\/","title":{"rendered":"IWC Pilot&#8217;s Venturer Vertical Drive"},"content":{"rendered":"<p>Die \u201eVenturer Vertical Drive\u201c von Pilot wurde von Grund auf f\u00fcr die anspruchsvollen Bedingungen im Weltraum entwickelt. Ihr innovatives System mit drehbarer L\u00fcnette ersetzt die Krone, sodass alle Einstellungen auch im Raumanzug mit Handschuhen vorgenommen werden k\u00f6nnen.<\/p>\n","protected":false},"excerpt":{"rendered":"<p>Die \u201eVenturer Vertical Drive\u201c von Pilot wurde von Grund auf f\u00fcr die anspruchsvollen Bedingungen im Weltraum entwickelt. Ihr innovatives System mit drehbarer L\u00fcnette ersetzt die Krone, sodass alle Einstellungen auch im Raumanzug mit Handschuhen vorgenommen werden k\u00f6nnen.<\/p>\n","protected":false},"featured_media":51112,"template":"","meta":{"_acf_changed":false,"inline_featured_image":false},"product_brand":[],"product_cat":[188],"product_tag":[],"class_list":{"0":"post-51187","1":"product","2":"type-product","3":"status-publish","4":"has-post-thumbnail","6":"uhrenhersteller-iwc","7":"uhrenhersteller-pilots-watches","8":"product_cat-uhren","10":"first","11":"outofstock","12":"taxable","13":"shipping-taxable","14":"purchasable","15":"product-type-simple"},"acf":[],"yoast_head":"<!-- This site is optimized with the Yoast SEO plugin v25.5 - https:\/\/yoast.com\/wordpress\/plugins\/seo\/ -->\n<title>IWC Pilot&#039;s Venturer Vertical Drive - Galli Uhren Bijouterie<\/title>\n<meta name=\"robots\" content=\"index, follow, max-snippet:-1, max-image-preview:large, max-video-preview:-1\" \/>\n<link rel=\"canonical\" href=\"https:\/\/galli.ch\/uhren\/iwc\/pilots-watches\/venturer-vertical-drive-iw328601\/\" \/>\n<meta property=\"og:locale\" content=\"en_US\" \/>\n<meta property=\"og:type\" content=\"article\" \/>\n<meta property=\"og:title\" content=\"IWC Pilot&#039;s Venturer Vertical Drive - Galli Uhren Bijouterie\" \/>\n<meta property=\"og:description\" content=\"Die \u201eVenturer Vertical Drive\u201c von Pilot wurde von Grund auf f\u00fcr die anspruchsvollen Bedingungen im Weltraum entwickelt. Ihr innovatives System mit drehbarer L\u00fcnette ersetzt die Krone, sodass alle Einstellungen auch im Raumanzug mit Handschuhen vorgenommen werden k\u00f6nnen.\" \/>\n<meta property=\"og:url\" content=\"https:\/\/galli.ch\/uhren\/iwc\/pilots-watches\/venturer-vertical-drive-iw328601\/\" \/>\n<meta property=\"og:site_name\" content=\"Galli Uhren Bijouterie\" \/>\n<meta property=\"article:modified_time\" content=\"2026-04-16T15:17:19+00:00\" \/>\n<meta property=\"og:image\" content=\"https:\/\/galli.ch\/wp-content\/uploads\/293d99e4043a29e0cbc896649afbdc61bc51f48a.png\" \/>\n\t<meta property=\"og:image:width\" content=\"1000\" \/>\n\t<meta property=\"og:image:height\" content=\"1400\" \/>\n\t<meta property=\"og:image:type\" content=\"image\/png\" \/>\n<meta name=\"twitter:card\" content=\"summary_large_image\" \/>\n<script type=\"application\/ld+json\" class=\"yoast-schema-graph\">{\"@context\":\"https:\/\/schema.org\",\"@graph\":[{\"@type\":\"WebPage\",\"@id\":\"https:\/\/galli.ch\/uhren\/iwc\/pilots-watches\/venturer-vertical-drive-iw328601\/\",\"url\":\"https:\/\/galli.ch\/uhren\/iwc\/pilots-watches\/venturer-vertical-drive-iw328601\/\",\"name\":\"IWC Pilot's Venturer Vertical Drive - Galli Uhren Bijouterie\",\"isPartOf\":{\"@id\":\"http:\/\/galli.ch\/en\/#website\"},\"primaryImageOfPage\":{\"@id\":\"https:\/\/galli.ch\/uhren\/iwc\/pilots-watches\/venturer-vertical-drive-iw328601\/#primaryimage\"},\"image\":{\"@id\":\"https:\/\/galli.ch\/uhren\/iwc\/pilots-watches\/venturer-vertical-drive-iw328601\/#primaryimage\"},\"thumbnailUrl\":\"https:\/\/galli.ch\/wp-content\/uploads\/293d99e4043a29e0cbc896649afbdc61bc51f48a.png\",\"datePublished\":\"2026-04-16T15:12:21+00:00\",\"dateModified\":\"2026-04-16T15:17:19+00:00\",\"breadcrumb\":{\"@id\":\"https:\/\/galli.ch\/uhren\/iwc\/pilots-watches\/venturer-vertical-drive-iw328601\/#breadcrumb\"},\"inLanguage\":\"en-US\",\"potentialAction\":[{\"@type\":\"ReadAction\",\"target\":[\"https:\/\/galli.ch\/uhren\/iwc\/pilots-watches\/venturer-vertical-drive-iw328601\/\"]}]},{\"@type\":\"ImageObject\",\"inLanguage\":\"en-US\",\"@id\":\"https:\/\/galli.ch\/uhren\/iwc\/pilots-watches\/venturer-vertical-drive-iw328601\/#primaryimage\",\"url\":\"https:\/\/galli.ch\/wp-content\/uploads\/293d99e4043a29e0cbc896649afbdc61bc51f48a.png\",\"contentUrl\":\"https:\/\/galli.ch\/wp-content\/uploads\/293d99e4043a29e0cbc896649afbdc61bc51f48a.png\",\"width\":1000,\"height\":1400},{\"@type\":\"BreadcrumbList\",\"@id\":\"https:\/\/galli.ch\/uhren\/iwc\/pilots-watches\/venturer-vertical-drive-iw328601\/#breadcrumb\",\"itemListElement\":[{\"@type\":\"ListItem\",\"position\":1,\"name\":\"Home\",\"item\":\"https:\/\/galli.ch\/en\/\"},{\"@type\":\"ListItem\",\"position\":2,\"name\":\"Uhren\",\"item\":\"https:\/\/galli.ch\/en\/uhren\/\"},{\"@type\":\"ListItem\",\"position\":3,\"name\":\"IWC Pilot&#8217;s Venturer Vertical Drive\"}]},{\"@type\":\"WebSite\",\"@id\":\"http:\/\/galli.ch\/en\/#website\",\"url\":\"http:\/\/galli.ch\/en\/\",\"name\":\"Galli Uhren Bijouterie\",\"description\":\"\",\"potentialAction\":[{\"@type\":\"SearchAction\",\"target\":{\"@type\":\"EntryPoint\",\"urlTemplate\":\"http:\/\/galli.ch\/en\/?s={search_term_string}\"},\"query-input\":{\"@type\":\"PropertyValueSpecification\",\"valueRequired\":true,\"valueName\":\"search_term_string\"}}],\"inLanguage\":\"en-US\"}]}<\/script>\n<!-- \/ Yoast SEO plugin. -->","yoast_head_json":{"title":"IWC Pilot's Venturer Vertical Drive - Galli Uhren Bijouterie","robots":{"index":"index","follow":"follow","max-snippet":"max-snippet:-1","max-image-preview":"max-image-preview:large","max-video-preview":"max-video-preview:-1"},"canonical":"https:\/\/galli.ch\/uhren\/iwc\/pilots-watches\/venturer-vertical-drive-iw328601\/","og_locale":"en_US","og_type":"article","og_title":"IWC Pilot's Venturer Vertical Drive - Galli Uhren Bijouterie","og_description":"Die \u201eVenturer Vertical Drive\u201c von Pilot wurde von Grund auf f\u00fcr die anspruchsvollen Bedingungen im Weltraum entwickelt. Ihr innovatives System mit drehbarer L\u00fcnette ersetzt die Krone, sodass alle Einstellungen auch im Raumanzug mit Handschuhen vorgenommen werden k\u00f6nnen.","og_url":"https:\/\/galli.ch\/uhren\/iwc\/pilots-watches\/venturer-vertical-drive-iw328601\/","og_site_name":"Galli Uhren Bijouterie","article_modified_time":"2026-04-16T15:17:19+00:00","og_image":[{"width":1000,"height":1400,"url":"https:\/\/galli.ch\/wp-content\/uploads\/293d99e4043a29e0cbc896649afbdc61bc51f48a.png","type":"image\/png"}],"twitter_card":"summary_large_image","schema":{"@context":"https:\/\/schema.org","@graph":[{"@type":"WebPage","@id":"https:\/\/galli.ch\/uhren\/iwc\/pilots-watches\/venturer-vertical-drive-iw328601\/","url":"https:\/\/galli.ch\/uhren\/iwc\/pilots-watches\/venturer-vertical-drive-iw328601\/","name":"IWC Pilot's Venturer Vertical Drive - Galli Uhren Bijouterie","isPartOf":{"@id":"http:\/\/galli.ch\/en\/#website"},"primaryImageOfPage":{"@id":"https:\/\/galli.ch\/uhren\/iwc\/pilots-watches\/venturer-vertical-drive-iw328601\/#primaryimage"},"image":{"@id":"https:\/\/galli.ch\/uhren\/iwc\/pilots-watches\/venturer-vertical-drive-iw328601\/#primaryimage"},"thumbnailUrl":"https:\/\/galli.ch\/wp-content\/uploads\/293d99e4043a29e0cbc896649afbdc61bc51f48a.png","datePublished":"2026-04-16T15:12:21+00:00","dateModified":"2026-04-16T15:17:19+00:00","breadcrumb":{"@id":"https:\/\/galli.ch\/uhren\/iwc\/pilots-watches\/venturer-vertical-drive-iw328601\/#breadcrumb"},"inLanguage":"en-US","potentialAction":[{"@type":"ReadAction","target":["https:\/\/galli.ch\/uhren\/iwc\/pilots-watches\/venturer-vertical-drive-iw328601\/"]}]},{"@type":"ImageObject","inLanguage":"en-US","@id":"https:\/\/galli.ch\/uhren\/iwc\/pilots-watches\/venturer-vertical-drive-iw328601\/#primaryimage","url":"https:\/\/galli.ch\/wp-content\/uploads\/293d99e4043a29e0cbc896649afbdc61bc51f48a.png","contentUrl":"https:\/\/galli.ch\/wp-content\/uploads\/293d99e4043a29e0cbc896649afbdc61bc51f48a.png","width":1000,"height":1400},{"@type":"BreadcrumbList","@id":"https:\/\/galli.ch\/uhren\/iwc\/pilots-watches\/venturer-vertical-drive-iw328601\/#breadcrumb","itemListElement":[{"@type":"ListItem","position":1,"name":"Home","item":"https:\/\/galli.ch\/en\/"},{"@type":"ListItem","position":2,"name":"Uhren","item":"https:\/\/galli.ch\/en\/uhren\/"},{"@type":"ListItem","position":3,"name":"IWC Pilot&#8217;s Venturer Vertical Drive"}]},{"@type":"WebSite","@id":"http:\/\/galli.ch\/en\/#website","url":"http:\/\/galli.ch\/en\/","name":"Galli Uhren Bijouterie","description":"","potentialAction":[{"@type":"SearchAction","target":{"@type":"EntryPoint","urlTemplate":"http:\/\/galli.ch\/en\/?s={search_term_string}"},"query-input":{"@type":"PropertyValueSpecification","valueRequired":true,"valueName":"search_term_string"}}],"inLanguage":"en-US"}]}},"_links":{"self":[{"href":"https:\/\/galli.ch\/en\/wp-json\/wp\/v2\/product\/51187","targetHints":{"allow":["GET"]}}],"collection":[{"href":"https:\/\/galli.ch\/en\/wp-json\/wp\/v2\/product"}],"about":[{"href":"https:\/\/galli.ch\/en\/wp-json\/wp\/v2\/types\/product"}],"wp:featuredmedia":[{"embeddable":true,"href":"https:\/\/galli.ch\/en\/wp-json\/wp\/v2\/media\/51112"}],"wp:attachment":[{"href":"https:\/\/galli.ch\/en\/wp-json\/wp\/v2\/media?parent=51187"}],"wp:term":[{"taxonomy":"product_brand","embeddable":true,"href":"https:\/\/galli.ch\/en\/wp-json\/wp\/v2\/product_brand?post=51187"},{"taxonomy":"product_cat","embeddable":true,"href":"https:\/\/galli.ch\/en\/wp-json\/wp\/v2\/product_cat?post=51187"},{"taxonomy":"product_tag","embeddable":true,"href":"https:\/\/galli.ch\/en\/wp-json\/wp\/v2\/product_tag?post=51187"}],"curies":[{"name":"wp","href":"https:\/\/api.w.org\/{rel}","templated":true}]}}