{"id":51192,"date":"2026-04-16T17:33:43","date_gmt":"2026-04-16T15:33:43","guid":{"rendered":"https:\/\/galli.ch\/?post_type=product&#038;p=51192"},"modified":"2026-04-16T17:39:06","modified_gmt":"2026-04-16T15:39:06","slug":"perpetual-calendar-ceralume-iw505801","status":"publish","type":"product","link":"https:\/\/galli.ch\/en\/uhren\/iwc\/pilots-watches\/perpetual-calendar-ceralume-iw505801\/","title":{"rendered":"IWC Big Pilot&#8217;s Watch Perpetual Calendar Ceralume\u00ae"},"content":{"rendered":"<p>Mit der \u201eBig Pilot\u2019s Watch Perpetual Calendar Ceralume\u00ae\u201c h\u00e4lt die von IWC Schaffhausen entwickelte Leuchtkeramiktechnologie erstmals Einzug in die Kollektion der Fliegeruhren. Diese Uhr mit zwei v\u00f6llig unterschiedlichen Erscheinungsbildern besticht bei Tageslicht durch dezente Wei\u00df- und Graut\u00f6ne und verwandelt sich im Dunkeln in ein leuchtend blau schimmerndes Instrument.<\/p>\n","protected":false},"excerpt":{"rendered":"<p>Mit der \u201eBig Pilot\u2019s Watch Perpetual Calendar Ceralume\u00ae\u201c h\u00e4lt die von IWC Schaffhausen entwickelte Leuchtkeramiktechnologie erstmals Einzug in die Kollektion der Fliegeruhren. Diese Uhr mit zwei v\u00f6llig unterschiedlichen Erscheinungsbildern besticht bei Tageslicht durch dezente Wei\u00df- und Graut\u00f6ne und verwandelt sich im Dunkeln in ein leuchtend blau schimmerndes Instrument.<\/p>\n","protected":false},"featured_media":51120,"template":"","meta":{"_acf_changed":false,"inline_featured_image":false},"product_brand":[],"product_cat":[188],"product_tag":[],"class_list":{"0":"post-51192","1":"product","2":"type-product","3":"status-publish","4":"has-post-thumbnail","6":"uhrenhersteller-iwc","7":"uhrenhersteller-pilots-watches","8":"product_cat-uhren","10":"first","11":"outofstock","12":"taxable","13":"shipping-taxable","14":"purchasable","15":"product-type-simple"},"acf":[],"yoast_head":"<!-- This site is optimized with the Yoast SEO plugin v25.5 - https:\/\/yoast.com\/wordpress\/plugins\/seo\/ -->\n<title>IWC Big Pilot&#039;s Watch Perpetual Calendar Ceralume\u00ae - Galli Uhren Bijouterie<\/title>\n<meta name=\"robots\" content=\"index, follow, max-snippet:-1, max-image-preview:large, max-video-preview:-1\" \/>\n<link rel=\"canonical\" href=\"https:\/\/galli.ch\/uhren\/iwc\/pilots-watches\/perpetual-calendar-ceralume-iw505801\/\" \/>\n<meta property=\"og:locale\" content=\"en_US\" \/>\n<meta property=\"og:type\" content=\"article\" \/>\n<meta property=\"og:title\" content=\"IWC Big Pilot&#039;s Watch Perpetual Calendar Ceralume\u00ae - Galli Uhren Bijouterie\" \/>\n<meta property=\"og:description\" content=\"Mit der \u201eBig Pilot\u2019s Watch Perpetual Calendar Ceralume\u00ae\u201c h\u00e4lt die von IWC Schaffhausen entwickelte Leuchtkeramiktechnologie erstmals Einzug in die Kollektion der Fliegeruhren. Diese Uhr mit zwei v\u00f6llig unterschiedlichen Erscheinungsbildern besticht bei Tageslicht durch dezente Wei\u00df- und Graut\u00f6ne und verwandelt sich im Dunkeln in ein leuchtend blau schimmerndes Instrument.\" \/>\n<meta property=\"og:url\" content=\"https:\/\/galli.ch\/uhren\/iwc\/pilots-watches\/perpetual-calendar-ceralume-iw505801\/\" \/>\n<meta property=\"og:site_name\" content=\"Galli Uhren Bijouterie\" \/>\n<meta property=\"article:modified_time\" content=\"2026-04-16T15:39:06+00:00\" \/>\n<meta property=\"og:image\" content=\"https:\/\/galli.ch\/wp-content\/uploads\/57f1fd45ba4bb9608cd55db30940029bb01c0787.png\" \/>\n\t<meta property=\"og:image:width\" content=\"1000\" \/>\n\t<meta property=\"og:image:height\" content=\"1400\" \/>\n\t<meta property=\"og:image:type\" content=\"image\/png\" \/>\n<meta name=\"twitter:card\" content=\"summary_large_image\" \/>\n<script type=\"application\/ld+json\" class=\"yoast-schema-graph\">{\"@context\":\"https:\/\/schema.org\",\"@graph\":[{\"@type\":\"WebPage\",\"@id\":\"https:\/\/galli.ch\/uhren\/iwc\/pilots-watches\/perpetual-calendar-ceralume-iw505801\/\",\"url\":\"https:\/\/galli.ch\/uhren\/iwc\/pilots-watches\/perpetual-calendar-ceralume-iw505801\/\",\"name\":\"IWC Big Pilot's Watch Perpetual Calendar Ceralume\u00ae - Galli Uhren Bijouterie\",\"isPartOf\":{\"@id\":\"http:\/\/galli.ch\/en\/#website\"},\"primaryImageOfPage\":{\"@id\":\"https:\/\/galli.ch\/uhren\/iwc\/pilots-watches\/perpetual-calendar-ceralume-iw505801\/#primaryimage\"},\"image\":{\"@id\":\"https:\/\/galli.ch\/uhren\/iwc\/pilots-watches\/perpetual-calendar-ceralume-iw505801\/#primaryimage\"},\"thumbnailUrl\":\"https:\/\/galli.ch\/wp-content\/uploads\/57f1fd45ba4bb9608cd55db30940029bb01c0787.png\",\"datePublished\":\"2026-04-16T15:33:43+00:00\",\"dateModified\":\"2026-04-16T15:39:06+00:00\",\"breadcrumb\":{\"@id\":\"https:\/\/galli.ch\/uhren\/iwc\/pilots-watches\/perpetual-calendar-ceralume-iw505801\/#breadcrumb\"},\"inLanguage\":\"en-US\",\"potentialAction\":[{\"@type\":\"ReadAction\",\"target\":[\"https:\/\/galli.ch\/uhren\/iwc\/pilots-watches\/perpetual-calendar-ceralume-iw505801\/\"]}]},{\"@type\":\"ImageObject\",\"inLanguage\":\"en-US\",\"@id\":\"https:\/\/galli.ch\/uhren\/iwc\/pilots-watches\/perpetual-calendar-ceralume-iw505801\/#primaryimage\",\"url\":\"https:\/\/galli.ch\/wp-content\/uploads\/57f1fd45ba4bb9608cd55db30940029bb01c0787.png\",\"contentUrl\":\"https:\/\/galli.ch\/wp-content\/uploads\/57f1fd45ba4bb9608cd55db30940029bb01c0787.png\",\"width\":1000,\"height\":1400},{\"@type\":\"BreadcrumbList\",\"@id\":\"https:\/\/galli.ch\/uhren\/iwc\/pilots-watches\/perpetual-calendar-ceralume-iw505801\/#breadcrumb\",\"itemListElement\":[{\"@type\":\"ListItem\",\"position\":1,\"name\":\"Home\",\"item\":\"https:\/\/galli.ch\/en\/\"},{\"@type\":\"ListItem\",\"position\":2,\"name\":\"Uhren\",\"item\":\"https:\/\/galli.ch\/en\/uhren\/\"},{\"@type\":\"ListItem\",\"position\":3,\"name\":\"IWC Big Pilot&#8217;s Watch Perpetual Calendar Ceralume\u00ae\"}]},{\"@type\":\"WebSite\",\"@id\":\"http:\/\/galli.ch\/en\/#website\",\"url\":\"http:\/\/galli.ch\/en\/\",\"name\":\"Galli Uhren Bijouterie\",\"description\":\"\",\"potentialAction\":[{\"@type\":\"SearchAction\",\"target\":{\"@type\":\"EntryPoint\",\"urlTemplate\":\"http:\/\/galli.ch\/en\/?s={search_term_string}\"},\"query-input\":{\"@type\":\"PropertyValueSpecification\",\"valueRequired\":true,\"valueName\":\"search_term_string\"}}],\"inLanguage\":\"en-US\"}]}<\/script>\n<!-- \/ Yoast SEO plugin. -->","yoast_head_json":{"title":"IWC Big Pilot's Watch Perpetual Calendar Ceralume\u00ae - Galli Uhren Bijouterie","robots":{"index":"index","follow":"follow","max-snippet":"max-snippet:-1","max-image-preview":"max-image-preview:large","max-video-preview":"max-video-preview:-1"},"canonical":"https:\/\/galli.ch\/uhren\/iwc\/pilots-watches\/perpetual-calendar-ceralume-iw505801\/","og_locale":"en_US","og_type":"article","og_title":"IWC Big Pilot's Watch Perpetual Calendar Ceralume\u00ae - Galli Uhren Bijouterie","og_description":"Mit der \u201eBig Pilot\u2019s Watch Perpetual Calendar Ceralume\u00ae\u201c h\u00e4lt die von IWC Schaffhausen entwickelte Leuchtkeramiktechnologie erstmals Einzug in die Kollektion der Fliegeruhren. Diese Uhr mit zwei v\u00f6llig unterschiedlichen Erscheinungsbildern besticht bei Tageslicht durch dezente Wei\u00df- und Graut\u00f6ne und verwandelt sich im Dunkeln in ein leuchtend blau schimmerndes Instrument.","og_url":"https:\/\/galli.ch\/uhren\/iwc\/pilots-watches\/perpetual-calendar-ceralume-iw505801\/","og_site_name":"Galli Uhren Bijouterie","article_modified_time":"2026-04-16T15:39:06+00:00","og_image":[{"width":1000,"height":1400,"url":"https:\/\/galli.ch\/wp-content\/uploads\/57f1fd45ba4bb9608cd55db30940029bb01c0787.png","type":"image\/png"}],"twitter_card":"summary_large_image","schema":{"@context":"https:\/\/schema.org","@graph":[{"@type":"WebPage","@id":"https:\/\/galli.ch\/uhren\/iwc\/pilots-watches\/perpetual-calendar-ceralume-iw505801\/","url":"https:\/\/galli.ch\/uhren\/iwc\/pilots-watches\/perpetual-calendar-ceralume-iw505801\/","name":"IWC Big Pilot's Watch Perpetual Calendar Ceralume\u00ae - Galli Uhren Bijouterie","isPartOf":{"@id":"http:\/\/galli.ch\/en\/#website"},"primaryImageOfPage":{"@id":"https:\/\/galli.ch\/uhren\/iwc\/pilots-watches\/perpetual-calendar-ceralume-iw505801\/#primaryimage"},"image":{"@id":"https:\/\/galli.ch\/uhren\/iwc\/pilots-watches\/perpetual-calendar-ceralume-iw505801\/#primaryimage"},"thumbnailUrl":"https:\/\/galli.ch\/wp-content\/uploads\/57f1fd45ba4bb9608cd55db30940029bb01c0787.png","datePublished":"2026-04-16T15:33:43+00:00","dateModified":"2026-04-16T15:39:06+00:00","breadcrumb":{"@id":"https:\/\/galli.ch\/uhren\/iwc\/pilots-watches\/perpetual-calendar-ceralume-iw505801\/#breadcrumb"},"inLanguage":"en-US","potentialAction":[{"@type":"ReadAction","target":["https:\/\/galli.ch\/uhren\/iwc\/pilots-watches\/perpetual-calendar-ceralume-iw505801\/"]}]},{"@type":"ImageObject","inLanguage":"en-US","@id":"https:\/\/galli.ch\/uhren\/iwc\/pilots-watches\/perpetual-calendar-ceralume-iw505801\/#primaryimage","url":"https:\/\/galli.ch\/wp-content\/uploads\/57f1fd45ba4bb9608cd55db30940029bb01c0787.png","contentUrl":"https:\/\/galli.ch\/wp-content\/uploads\/57f1fd45ba4bb9608cd55db30940029bb01c0787.png","width":1000,"height":1400},{"@type":"BreadcrumbList","@id":"https:\/\/galli.ch\/uhren\/iwc\/pilots-watches\/perpetual-calendar-ceralume-iw505801\/#breadcrumb","itemListElement":[{"@type":"ListItem","position":1,"name":"Home","item":"https:\/\/galli.ch\/en\/"},{"@type":"ListItem","position":2,"name":"Uhren","item":"https:\/\/galli.ch\/en\/uhren\/"},{"@type":"ListItem","position":3,"name":"IWC Big Pilot&#8217;s Watch Perpetual Calendar Ceralume\u00ae"}]},{"@type":"WebSite","@id":"http:\/\/galli.ch\/en\/#website","url":"http:\/\/galli.ch\/en\/","name":"Galli Uhren Bijouterie","description":"","potentialAction":[{"@type":"SearchAction","target":{"@type":"EntryPoint","urlTemplate":"http:\/\/galli.ch\/en\/?s={search_term_string}"},"query-input":{"@type":"PropertyValueSpecification","valueRequired":true,"valueName":"search_term_string"}}],"inLanguage":"en-US"}]}},"_links":{"self":[{"href":"https:\/\/galli.ch\/en\/wp-json\/wp\/v2\/product\/51192","targetHints":{"allow":["GET"]}}],"collection":[{"href":"https:\/\/galli.ch\/en\/wp-json\/wp\/v2\/product"}],"about":[{"href":"https:\/\/galli.ch\/en\/wp-json\/wp\/v2\/types\/product"}],"wp:featuredmedia":[{"embeddable":true,"href":"https:\/\/galli.ch\/en\/wp-json\/wp\/v2\/media\/51120"}],"wp:attachment":[{"href":"https:\/\/galli.ch\/en\/wp-json\/wp\/v2\/media?parent=51192"}],"wp:term":[{"taxonomy":"product_brand","embeddable":true,"href":"https:\/\/galli.ch\/en\/wp-json\/wp\/v2\/product_brand?post=51192"},{"taxonomy":"product_cat","embeddable":true,"href":"https:\/\/galli.ch\/en\/wp-json\/wp\/v2\/product_cat?post=51192"},{"taxonomy":"product_tag","embeddable":true,"href":"https:\/\/galli.ch\/en\/wp-json\/wp\/v2\/product_tag?post=51192"}],"curies":[{"name":"wp","href":"https:\/\/api.w.org\/{rel}","templated":true}]}}