{"id":51194,"date":"2026-04-16T17:40:48","date_gmt":"2026-04-16T15:40:48","guid":{"rendered":"https:\/\/galli.ch\/?post_type=product&#038;p=51194"},"modified":"2026-04-16T17:44:14","modified_gmt":"2026-04-16T15:44:14","slug":"constant-force-tourbillion-iw590503","status":"publish","type":"product","link":"https:\/\/galli.ch\/en\/uhren\/iwc\/pilots-watches\/constant-force-tourbillion-iw590503\/","title":{"rendered":"IWC Big Pilot\u2019s Watch Constant Force Tourbillion"},"content":{"rendered":"<p>Die aus 18 Karat Armor Gold\u00ae gefertigte \u201eBig Pilot\u2019s Watch Constant Force Tourbillon\u201c verf\u00fcgt \u00fcber ein Tourbillon mit dem von IWC Schaffhausen patentierten Konstantkraftmechanismus, der vollkommen gleichm\u00e4ssige Kraftimpulse auf das Ankerrad \u00fcbertr\u00e4gt.<\/p>\n","protected":false},"excerpt":{"rendered":"<p>Die aus 18 Karat Armor Gold\u00ae gefertigte \u201eBig Pilot\u2019s Watch Constant Force Tourbillon\u201c verf\u00fcgt \u00fcber ein Tourbillon mit dem von IWC Schaffhausen patentierten Konstantkraftmechanismus, der vollkommen gleichm\u00e4ssige Kraftimpulse auf das Ankerrad \u00fcbertr\u00e4gt.<\/p>\n","protected":false},"featured_media":51136,"template":"","meta":{"_acf_changed":false,"inline_featured_image":false},"product_brand":[],"product_cat":[188],"product_tag":[],"class_list":{"0":"post-51194","1":"product","2":"type-product","3":"status-publish","4":"has-post-thumbnail","6":"uhrenhersteller-iwc","7":"uhrenhersteller-pilots-watches","8":"product_cat-uhren","10":"first","11":"outofstock","12":"taxable","13":"shipping-taxable","14":"product-type-simple"},"acf":[],"yoast_head":"<!-- This site is optimized with the Yoast SEO plugin v25.5 - https:\/\/yoast.com\/wordpress\/plugins\/seo\/ -->\n<title>IWC Big Pilot\u2019s Watch Constant Force Tourbillion - Galli Uhren Bijouterie<\/title>\n<meta name=\"robots\" content=\"index, follow, max-snippet:-1, max-image-preview:large, max-video-preview:-1\" \/>\n<link rel=\"canonical\" href=\"https:\/\/galli.ch\/uhren\/iwc\/pilots-watches\/constant-force-tourbillion-iw590503\/\" \/>\n<meta property=\"og:locale\" content=\"en_US\" \/>\n<meta property=\"og:type\" content=\"article\" \/>\n<meta property=\"og:title\" content=\"IWC Big Pilot\u2019s Watch Constant Force Tourbillion - Galli Uhren Bijouterie\" \/>\n<meta property=\"og:description\" content=\"Die aus 18 Karat Armor Gold\u00ae gefertigte \u201eBig Pilot\u2019s Watch Constant Force Tourbillon\u201c verf\u00fcgt \u00fcber ein Tourbillon mit dem von IWC Schaffhausen patentierten Konstantkraftmechanismus, der vollkommen gleichm\u00e4ssige Kraftimpulse auf das Ankerrad \u00fcbertr\u00e4gt.\" \/>\n<meta property=\"og:url\" content=\"https:\/\/galli.ch\/uhren\/iwc\/pilots-watches\/constant-force-tourbillion-iw590503\/\" \/>\n<meta property=\"og:site_name\" content=\"Galli Uhren Bijouterie\" \/>\n<meta property=\"article:modified_time\" content=\"2026-04-16T15:44:14+00:00\" \/>\n<meta property=\"og:image\" content=\"https:\/\/galli.ch\/wp-content\/uploads\/9a11fb2563eb20a7e40a902476d2999de1966db5.png\" \/>\n\t<meta property=\"og:image:width\" content=\"1000\" \/>\n\t<meta property=\"og:image:height\" content=\"1400\" \/>\n\t<meta property=\"og:image:type\" content=\"image\/png\" \/>\n<meta name=\"twitter:card\" content=\"summary_large_image\" \/>\n<script type=\"application\/ld+json\" class=\"yoast-schema-graph\">{\"@context\":\"https:\/\/schema.org\",\"@graph\":[{\"@type\":\"WebPage\",\"@id\":\"https:\/\/galli.ch\/uhren\/iwc\/pilots-watches\/constant-force-tourbillion-iw590503\/\",\"url\":\"https:\/\/galli.ch\/uhren\/iwc\/pilots-watches\/constant-force-tourbillion-iw590503\/\",\"name\":\"IWC Big Pilot\u2019s Watch Constant Force Tourbillion - Galli Uhren Bijouterie\",\"isPartOf\":{\"@id\":\"http:\/\/galli.ch\/en\/#website\"},\"primaryImageOfPage\":{\"@id\":\"https:\/\/galli.ch\/uhren\/iwc\/pilots-watches\/constant-force-tourbillion-iw590503\/#primaryimage\"},\"image\":{\"@id\":\"https:\/\/galli.ch\/uhren\/iwc\/pilots-watches\/constant-force-tourbillion-iw590503\/#primaryimage\"},\"thumbnailUrl\":\"https:\/\/galli.ch\/wp-content\/uploads\/9a11fb2563eb20a7e40a902476d2999de1966db5.png\",\"datePublished\":\"2026-04-16T15:40:48+00:00\",\"dateModified\":\"2026-04-16T15:44:14+00:00\",\"breadcrumb\":{\"@id\":\"https:\/\/galli.ch\/uhren\/iwc\/pilots-watches\/constant-force-tourbillion-iw590503\/#breadcrumb\"},\"inLanguage\":\"en-US\",\"potentialAction\":[{\"@type\":\"ReadAction\",\"target\":[\"https:\/\/galli.ch\/uhren\/iwc\/pilots-watches\/constant-force-tourbillion-iw590503\/\"]}]},{\"@type\":\"ImageObject\",\"inLanguage\":\"en-US\",\"@id\":\"https:\/\/galli.ch\/uhren\/iwc\/pilots-watches\/constant-force-tourbillion-iw590503\/#primaryimage\",\"url\":\"https:\/\/galli.ch\/wp-content\/uploads\/9a11fb2563eb20a7e40a902476d2999de1966db5.png\",\"contentUrl\":\"https:\/\/galli.ch\/wp-content\/uploads\/9a11fb2563eb20a7e40a902476d2999de1966db5.png\",\"width\":1000,\"height\":1400},{\"@type\":\"BreadcrumbList\",\"@id\":\"https:\/\/galli.ch\/uhren\/iwc\/pilots-watches\/constant-force-tourbillion-iw590503\/#breadcrumb\",\"itemListElement\":[{\"@type\":\"ListItem\",\"position\":1,\"name\":\"Home\",\"item\":\"https:\/\/galli.ch\/en\/\"},{\"@type\":\"ListItem\",\"position\":2,\"name\":\"Uhren\",\"item\":\"https:\/\/galli.ch\/en\/uhren\/\"},{\"@type\":\"ListItem\",\"position\":3,\"name\":\"IWC Big Pilot\u2019s Watch Constant Force Tourbillion\"}]},{\"@type\":\"WebSite\",\"@id\":\"http:\/\/galli.ch\/en\/#website\",\"url\":\"http:\/\/galli.ch\/en\/\",\"name\":\"Galli Uhren Bijouterie\",\"description\":\"\",\"potentialAction\":[{\"@type\":\"SearchAction\",\"target\":{\"@type\":\"EntryPoint\",\"urlTemplate\":\"http:\/\/galli.ch\/en\/?s={search_term_string}\"},\"query-input\":{\"@type\":\"PropertyValueSpecification\",\"valueRequired\":true,\"valueName\":\"search_term_string\"}}],\"inLanguage\":\"en-US\"}]}<\/script>\n<!-- \/ Yoast SEO plugin. -->","yoast_head_json":{"title":"IWC Big Pilot\u2019s Watch Constant Force Tourbillion - Galli Uhren Bijouterie","robots":{"index":"index","follow":"follow","max-snippet":"max-snippet:-1","max-image-preview":"max-image-preview:large","max-video-preview":"max-video-preview:-1"},"canonical":"https:\/\/galli.ch\/uhren\/iwc\/pilots-watches\/constant-force-tourbillion-iw590503\/","og_locale":"en_US","og_type":"article","og_title":"IWC Big Pilot\u2019s Watch Constant Force Tourbillion - Galli Uhren Bijouterie","og_description":"Die aus 18 Karat Armor Gold\u00ae gefertigte \u201eBig Pilot\u2019s Watch Constant Force Tourbillon\u201c verf\u00fcgt \u00fcber ein Tourbillon mit dem von IWC Schaffhausen patentierten Konstantkraftmechanismus, der vollkommen gleichm\u00e4ssige Kraftimpulse auf das Ankerrad \u00fcbertr\u00e4gt.","og_url":"https:\/\/galli.ch\/uhren\/iwc\/pilots-watches\/constant-force-tourbillion-iw590503\/","og_site_name":"Galli Uhren Bijouterie","article_modified_time":"2026-04-16T15:44:14+00:00","og_image":[{"width":1000,"height":1400,"url":"https:\/\/galli.ch\/wp-content\/uploads\/9a11fb2563eb20a7e40a902476d2999de1966db5.png","type":"image\/png"}],"twitter_card":"summary_large_image","schema":{"@context":"https:\/\/schema.org","@graph":[{"@type":"WebPage","@id":"https:\/\/galli.ch\/uhren\/iwc\/pilots-watches\/constant-force-tourbillion-iw590503\/","url":"https:\/\/galli.ch\/uhren\/iwc\/pilots-watches\/constant-force-tourbillion-iw590503\/","name":"IWC Big Pilot\u2019s Watch Constant Force Tourbillion - Galli Uhren Bijouterie","isPartOf":{"@id":"http:\/\/galli.ch\/en\/#website"},"primaryImageOfPage":{"@id":"https:\/\/galli.ch\/uhren\/iwc\/pilots-watches\/constant-force-tourbillion-iw590503\/#primaryimage"},"image":{"@id":"https:\/\/galli.ch\/uhren\/iwc\/pilots-watches\/constant-force-tourbillion-iw590503\/#primaryimage"},"thumbnailUrl":"https:\/\/galli.ch\/wp-content\/uploads\/9a11fb2563eb20a7e40a902476d2999de1966db5.png","datePublished":"2026-04-16T15:40:48+00:00","dateModified":"2026-04-16T15:44:14+00:00","breadcrumb":{"@id":"https:\/\/galli.ch\/uhren\/iwc\/pilots-watches\/constant-force-tourbillion-iw590503\/#breadcrumb"},"inLanguage":"en-US","potentialAction":[{"@type":"ReadAction","target":["https:\/\/galli.ch\/uhren\/iwc\/pilots-watches\/constant-force-tourbillion-iw590503\/"]}]},{"@type":"ImageObject","inLanguage":"en-US","@id":"https:\/\/galli.ch\/uhren\/iwc\/pilots-watches\/constant-force-tourbillion-iw590503\/#primaryimage","url":"https:\/\/galli.ch\/wp-content\/uploads\/9a11fb2563eb20a7e40a902476d2999de1966db5.png","contentUrl":"https:\/\/galli.ch\/wp-content\/uploads\/9a11fb2563eb20a7e40a902476d2999de1966db5.png","width":1000,"height":1400},{"@type":"BreadcrumbList","@id":"https:\/\/galli.ch\/uhren\/iwc\/pilots-watches\/constant-force-tourbillion-iw590503\/#breadcrumb","itemListElement":[{"@type":"ListItem","position":1,"name":"Home","item":"https:\/\/galli.ch\/en\/"},{"@type":"ListItem","position":2,"name":"Uhren","item":"https:\/\/galli.ch\/en\/uhren\/"},{"@type":"ListItem","position":3,"name":"IWC Big Pilot\u2019s Watch Constant Force Tourbillion"}]},{"@type":"WebSite","@id":"http:\/\/galli.ch\/en\/#website","url":"http:\/\/galli.ch\/en\/","name":"Galli Uhren Bijouterie","description":"","potentialAction":[{"@type":"SearchAction","target":{"@type":"EntryPoint","urlTemplate":"http:\/\/galli.ch\/en\/?s={search_term_string}"},"query-input":{"@type":"PropertyValueSpecification","valueRequired":true,"valueName":"search_term_string"}}],"inLanguage":"en-US"}]}},"_links":{"self":[{"href":"https:\/\/galli.ch\/en\/wp-json\/wp\/v2\/product\/51194","targetHints":{"allow":["GET"]}}],"collection":[{"href":"https:\/\/galli.ch\/en\/wp-json\/wp\/v2\/product"}],"about":[{"href":"https:\/\/galli.ch\/en\/wp-json\/wp\/v2\/types\/product"}],"wp:featuredmedia":[{"embeddable":true,"href":"https:\/\/galli.ch\/en\/wp-json\/wp\/v2\/media\/51136"}],"wp:attachment":[{"href":"https:\/\/galli.ch\/en\/wp-json\/wp\/v2\/media?parent=51194"}],"wp:term":[{"taxonomy":"product_brand","embeddable":true,"href":"https:\/\/galli.ch\/en\/wp-json\/wp\/v2\/product_brand?post=51194"},{"taxonomy":"product_cat","embeddable":true,"href":"https:\/\/galli.ch\/en\/wp-json\/wp\/v2\/product_cat?post=51194"},{"taxonomy":"product_tag","embeddable":true,"href":"https:\/\/galli.ch\/en\/wp-json\/wp\/v2\/product_tag?post=51194"}],"curies":[{"name":"wp","href":"https:\/\/api.w.org\/{rel}","templated":true}]}}