{"id":51213,"date":"2026-04-17T11:14:07","date_gmt":"2026-04-17T09:14:07","guid":{"rendered":"https:\/\/galli.ch\/?post_type=product&#038;p=51213"},"modified":"2026-04-17T15:15:13","modified_gmt":"2026-04-17T13:15:13","slug":"ceramic-m7941a1acnu-0001","status":"publish","type":"product","link":"https:\/\/galli.ch\/en\/uhren\/tudor\/black-bay\/ceramic-m7941a1acnu-0001\/","title":{"rendered":"Tudor Black Bay Ceramic"},"content":{"rendered":"<p>Die TUDOR Black Bay Ceramic repr\u00e4sentiert die perfekte Symbiose aus modernster Uhrentechnik und einer unverwechselbaren Hightech-\u00c4sthetik. Dieses exklusive Modell wurde vom Eidgen\u00f6ssischen Institut f\u00fcr Metrologie (METAS) streng gepr\u00fcft und zertifiziert, was seine aussergew\u00f6hnliche Pr\u00e4zision und Magnetresistenz offiziell best\u00e4tigt.<\/p>\n<p>Das Design besticht durch mattschwarze Keramikelemente und ein anthrazitgraues Zifferblatt, w\u00e4hrend die schwarzen Zeiger mit hochwertiger Leuchtmasse die funktionale Leistungsf\u00e4higkeit dieser Taucheruhr unterstreichen. Obwohl Keramik als besonders anspruchsvoll in der Verarbeitung gilt, hat TUDOR ein innovatives Keramikband mit ergonomischen Qualit\u00e4ten entwickelt, das die technische Meisterschaft der Schweizer Marke eindrucksvoll belegt. Mit ihrer markanten Optik reiht sich die Uhr nahtlos in die prestigetr\u00e4chtige Tradition der dunklen TUDOR Modelle ein und setzt neue Massst\u00e4be f\u00fcr luxuri\u00f6se Sportuhren aus Keramik.<\/p>\n","protected":false},"excerpt":{"rendered":"<p>Die TUDOR Black Bay Ceramic repr\u00e4sentiert die perfekte Symbiose aus modernster Uhrentechnik und einer unverwechselbaren Hightech-\u00c4sthetik. Dieses exklusive Modell wurde vom Eidgen\u00f6ssischen Institut f\u00fcr Metrologie (METAS) streng gepr\u00fcft und zertifiziert, was seine aussergew\u00f6hnliche Pr\u00e4zision und Magnetresistenz offiziell best\u00e4tigt. Das Design besticht durch mattschwarze Keramikelemente und ein anthrazitgraues Zifferblatt, w\u00e4hrend die schwarzen Zeiger mit hochwertiger Leuchtmasse&#8230;  <a class=\"excerpt-read-more\" href=\"https:\/\/galli.ch\/en\/uhren\/tudor\/black-bay\/ceramic-m7941a1acnu-0001\/\" title=\"Read Tudor Black Bay Ceramic\">Weiter &raquo;<\/a><\/p>\n","protected":false},"featured_media":51050,"template":"","meta":{"_acf_changed":false,"inline_featured_image":false},"product_brand":[],"product_cat":[188],"product_tag":[],"class_list":{"0":"post-51213","1":"product","2":"type-product","3":"status-publish","4":"has-post-thumbnail","6":"uhrenhersteller-tudor","7":"uhrenhersteller-black-bay","8":"product_cat-uhren","10":"first","11":"outofstock","12":"taxable","13":"shipping-taxable","14":"purchasable","15":"product-type-simple"},"acf":[],"yoast_head":"<!-- This site is optimized with the Yoast SEO plugin v25.5 - https:\/\/yoast.com\/wordpress\/plugins\/seo\/ -->\n<title>Tudor Black Bay Ceramic - Galli Uhren Bijouterie<\/title>\n<meta name=\"robots\" content=\"index, follow, max-snippet:-1, max-image-preview:large, max-video-preview:-1\" \/>\n<link rel=\"canonical\" href=\"https:\/\/galli.ch\/uhren\/tudor\/black-bay\/ceramic-m7941a1acnu-0001\/\" \/>\n<meta property=\"og:locale\" content=\"en_US\" \/>\n<meta property=\"og:type\" content=\"article\" \/>\n<meta property=\"og:title\" content=\"Tudor Black Bay Ceramic - Galli Uhren Bijouterie\" \/>\n<meta property=\"og:description\" content=\"Die TUDOR Black Bay Ceramic repr\u00e4sentiert die perfekte Symbiose aus modernster Uhrentechnik und einer unverwechselbaren Hightech-\u00c4sthetik. Dieses exklusive Modell wurde vom Eidgen\u00f6ssischen Institut f\u00fcr Metrologie (METAS) streng gepr\u00fcft und zertifiziert, was seine aussergew\u00f6hnliche Pr\u00e4zision und Magnetresistenz offiziell best\u00e4tigt. Das Design besticht durch mattschwarze Keramikelemente und ein anthrazitgraues Zifferblatt, w\u00e4hrend die schwarzen Zeiger mit hochwertiger Leuchtmasse... Weiter &raquo;\" \/>\n<meta property=\"og:url\" content=\"https:\/\/galli.ch\/uhren\/tudor\/black-bay\/ceramic-m7941a1acnu-0001\/\" \/>\n<meta property=\"og:site_name\" content=\"Galli Uhren Bijouterie\" \/>\n<meta property=\"article:modified_time\" content=\"2026-04-17T13:15:13+00:00\" \/>\n<meta property=\"og:image\" content=\"https:\/\/galli.ch\/wp-content\/uploads\/tudor-m7941a1acnu-0001.png\" \/>\n\t<meta property=\"og:image:width\" content=\"1000\" \/>\n\t<meta property=\"og:image:height\" content=\"1400\" \/>\n\t<meta property=\"og:image:type\" content=\"image\/png\" \/>\n<meta name=\"twitter:card\" content=\"summary_large_image\" \/>\n<script type=\"application\/ld+json\" class=\"yoast-schema-graph\">{\"@context\":\"https:\/\/schema.org\",\"@graph\":[{\"@type\":\"WebPage\",\"@id\":\"https:\/\/galli.ch\/uhren\/tudor\/black-bay\/ceramic-m7941a1acnu-0001\/\",\"url\":\"https:\/\/galli.ch\/uhren\/tudor\/black-bay\/ceramic-m7941a1acnu-0001\/\",\"name\":\"Tudor Black Bay Ceramic - Galli Uhren Bijouterie\",\"isPartOf\":{\"@id\":\"http:\/\/galli.ch\/en\/#website\"},\"primaryImageOfPage\":{\"@id\":\"https:\/\/galli.ch\/uhren\/tudor\/black-bay\/ceramic-m7941a1acnu-0001\/#primaryimage\"},\"image\":{\"@id\":\"https:\/\/galli.ch\/uhren\/tudor\/black-bay\/ceramic-m7941a1acnu-0001\/#primaryimage\"},\"thumbnailUrl\":\"https:\/\/galli.ch\/wp-content\/uploads\/tudor-m7941a1acnu-0001.png\",\"datePublished\":\"2026-04-17T09:14:07+00:00\",\"dateModified\":\"2026-04-17T13:15:13+00:00\",\"breadcrumb\":{\"@id\":\"https:\/\/galli.ch\/uhren\/tudor\/black-bay\/ceramic-m7941a1acnu-0001\/#breadcrumb\"},\"inLanguage\":\"en-US\",\"potentialAction\":[{\"@type\":\"ReadAction\",\"target\":[\"https:\/\/galli.ch\/uhren\/tudor\/black-bay\/ceramic-m7941a1acnu-0001\/\"]}]},{\"@type\":\"ImageObject\",\"inLanguage\":\"en-US\",\"@id\":\"https:\/\/galli.ch\/uhren\/tudor\/black-bay\/ceramic-m7941a1acnu-0001\/#primaryimage\",\"url\":\"https:\/\/galli.ch\/wp-content\/uploads\/tudor-m7941a1acnu-0001.png\",\"contentUrl\":\"https:\/\/galli.ch\/wp-content\/uploads\/tudor-m7941a1acnu-0001.png\",\"width\":1000,\"height\":1400},{\"@type\":\"BreadcrumbList\",\"@id\":\"https:\/\/galli.ch\/uhren\/tudor\/black-bay\/ceramic-m7941a1acnu-0001\/#breadcrumb\",\"itemListElement\":[{\"@type\":\"ListItem\",\"position\":1,\"name\":\"Home\",\"item\":\"https:\/\/galli.ch\/en\/\"},{\"@type\":\"ListItem\",\"position\":2,\"name\":\"Uhren\",\"item\":\"https:\/\/galli.ch\/en\/uhren\/\"},{\"@type\":\"ListItem\",\"position\":3,\"name\":\"Tudor Black Bay Ceramic\"}]},{\"@type\":\"WebSite\",\"@id\":\"http:\/\/galli.ch\/en\/#website\",\"url\":\"http:\/\/galli.ch\/en\/\",\"name\":\"Galli Uhren Bijouterie\",\"description\":\"\",\"potentialAction\":[{\"@type\":\"SearchAction\",\"target\":{\"@type\":\"EntryPoint\",\"urlTemplate\":\"http:\/\/galli.ch\/en\/?s={search_term_string}\"},\"query-input\":{\"@type\":\"PropertyValueSpecification\",\"valueRequired\":true,\"valueName\":\"search_term_string\"}}],\"inLanguage\":\"en-US\"}]}<\/script>\n<!-- \/ Yoast SEO plugin. -->","yoast_head_json":{"title":"Tudor Black Bay Ceramic - Galli Uhren Bijouterie","robots":{"index":"index","follow":"follow","max-snippet":"max-snippet:-1","max-image-preview":"max-image-preview:large","max-video-preview":"max-video-preview:-1"},"canonical":"https:\/\/galli.ch\/uhren\/tudor\/black-bay\/ceramic-m7941a1acnu-0001\/","og_locale":"en_US","og_type":"article","og_title":"Tudor Black Bay Ceramic - Galli Uhren Bijouterie","og_description":"Die TUDOR Black Bay Ceramic repr\u00e4sentiert die perfekte Symbiose aus modernster Uhrentechnik und einer unverwechselbaren Hightech-\u00c4sthetik. Dieses exklusive Modell wurde vom Eidgen\u00f6ssischen Institut f\u00fcr Metrologie (METAS) streng gepr\u00fcft und zertifiziert, was seine aussergew\u00f6hnliche Pr\u00e4zision und Magnetresistenz offiziell best\u00e4tigt. Das Design besticht durch mattschwarze Keramikelemente und ein anthrazitgraues Zifferblatt, w\u00e4hrend die schwarzen Zeiger mit hochwertiger Leuchtmasse... Weiter &raquo;","og_url":"https:\/\/galli.ch\/uhren\/tudor\/black-bay\/ceramic-m7941a1acnu-0001\/","og_site_name":"Galli Uhren Bijouterie","article_modified_time":"2026-04-17T13:15:13+00:00","og_image":[{"width":1000,"height":1400,"url":"https:\/\/galli.ch\/wp-content\/uploads\/tudor-m7941a1acnu-0001.png","type":"image\/png"}],"twitter_card":"summary_large_image","schema":{"@context":"https:\/\/schema.org","@graph":[{"@type":"WebPage","@id":"https:\/\/galli.ch\/uhren\/tudor\/black-bay\/ceramic-m7941a1acnu-0001\/","url":"https:\/\/galli.ch\/uhren\/tudor\/black-bay\/ceramic-m7941a1acnu-0001\/","name":"Tudor Black Bay Ceramic - Galli Uhren Bijouterie","isPartOf":{"@id":"http:\/\/galli.ch\/en\/#website"},"primaryImageOfPage":{"@id":"https:\/\/galli.ch\/uhren\/tudor\/black-bay\/ceramic-m7941a1acnu-0001\/#primaryimage"},"image":{"@id":"https:\/\/galli.ch\/uhren\/tudor\/black-bay\/ceramic-m7941a1acnu-0001\/#primaryimage"},"thumbnailUrl":"https:\/\/galli.ch\/wp-content\/uploads\/tudor-m7941a1acnu-0001.png","datePublished":"2026-04-17T09:14:07+00:00","dateModified":"2026-04-17T13:15:13+00:00","breadcrumb":{"@id":"https:\/\/galli.ch\/uhren\/tudor\/black-bay\/ceramic-m7941a1acnu-0001\/#breadcrumb"},"inLanguage":"en-US","potentialAction":[{"@type":"ReadAction","target":["https:\/\/galli.ch\/uhren\/tudor\/black-bay\/ceramic-m7941a1acnu-0001\/"]}]},{"@type":"ImageObject","inLanguage":"en-US","@id":"https:\/\/galli.ch\/uhren\/tudor\/black-bay\/ceramic-m7941a1acnu-0001\/#primaryimage","url":"https:\/\/galli.ch\/wp-content\/uploads\/tudor-m7941a1acnu-0001.png","contentUrl":"https:\/\/galli.ch\/wp-content\/uploads\/tudor-m7941a1acnu-0001.png","width":1000,"height":1400},{"@type":"BreadcrumbList","@id":"https:\/\/galli.ch\/uhren\/tudor\/black-bay\/ceramic-m7941a1acnu-0001\/#breadcrumb","itemListElement":[{"@type":"ListItem","position":1,"name":"Home","item":"https:\/\/galli.ch\/en\/"},{"@type":"ListItem","position":2,"name":"Uhren","item":"https:\/\/galli.ch\/en\/uhren\/"},{"@type":"ListItem","position":3,"name":"Tudor Black Bay Ceramic"}]},{"@type":"WebSite","@id":"http:\/\/galli.ch\/en\/#website","url":"http:\/\/galli.ch\/en\/","name":"Galli Uhren Bijouterie","description":"","potentialAction":[{"@type":"SearchAction","target":{"@type":"EntryPoint","urlTemplate":"http:\/\/galli.ch\/en\/?s={search_term_string}"},"query-input":{"@type":"PropertyValueSpecification","valueRequired":true,"valueName":"search_term_string"}}],"inLanguage":"en-US"}]}},"_links":{"self":[{"href":"https:\/\/galli.ch\/en\/wp-json\/wp\/v2\/product\/51213","targetHints":{"allow":["GET"]}}],"collection":[{"href":"https:\/\/galli.ch\/en\/wp-json\/wp\/v2\/product"}],"about":[{"href":"https:\/\/galli.ch\/en\/wp-json\/wp\/v2\/types\/product"}],"wp:featuredmedia":[{"embeddable":true,"href":"https:\/\/galli.ch\/en\/wp-json\/wp\/v2\/media\/51050"}],"wp:attachment":[{"href":"https:\/\/galli.ch\/en\/wp-json\/wp\/v2\/media?parent=51213"}],"wp:term":[{"taxonomy":"product_brand","embeddable":true,"href":"https:\/\/galli.ch\/en\/wp-json\/wp\/v2\/product_brand?post=51213"},{"taxonomy":"product_cat","embeddable":true,"href":"https:\/\/galli.ch\/en\/wp-json\/wp\/v2\/product_cat?post=51213"},{"taxonomy":"product_tag","embeddable":true,"href":"https:\/\/galli.ch\/en\/wp-json\/wp\/v2\/product_tag?post=51213"}],"curies":[{"name":"wp","href":"https:\/\/api.w.org\/{rel}","templated":true}]}}