{"id":51217,"date":"2026-04-17T11:24:33","date_gmt":"2026-04-17T09:24:33","guid":{"rendered":"https:\/\/galli.ch\/?post_type=product&#038;p=51217"},"modified":"2026-04-17T15:19:21","modified_gmt":"2026-04-17T13:19:21","slug":"m79000b-0002","status":"publish","type":"product","link":"https:\/\/galli.ch\/en\/uhren\/tudor\/black-bay-54\/m79000b-0002\/","title":{"rendered":"Tudor Black Bay 54"},"content":{"rendered":"<p>Die beliebte Black Bay Linie wurde als Hommage an die reiche Historie der Marke konzipiert, um jene wegweisenden Designs zu w\u00fcrdigen, die das Fundament der einzigartigen TUDOR \u00c4sthetik bilden. W\u00e4hrend die gesamte Kollektion stets markante Merkmale fr\u00fcherer Taucheruhren aufgriff, gilt die Black Bay 54 als das bisher formtreueste Modell im Hinblick auf die historischen Wurzeln.<\/p>\n<p>Trotz ihres klassischen Erscheinungsbildes \u00fcberzeugt die Uhr durch zukunftsweisende Details wie das Zifferblatt mit satinierter Oberfl\u00e4che im Sonnenschliff und die innovative \u201eT\u2011fit\u201c\u2011Schliesse, die einen perfekten Tragekomfort am Handgelenk garantiert. Im Inneren sorgt zudem das hochmoderne Manufakturwerk Kaliber MT5400 f\u00fcr technische Spitzenleistung und maximale Pr\u00e4zision. Damit verbindet diese Retro-Taucheruhr meisterhaft den authentischen Vintage-Charakter mit den Standards moderner Luxusuhren.<\/p>\n","protected":false},"excerpt":{"rendered":"<p>Die beliebte Black Bay Linie wurde als Hommage an die reiche Historie der Marke konzipiert, um jene wegweisenden Designs zu w\u00fcrdigen, die das Fundament der einzigartigen TUDOR \u00c4sthetik bilden. W\u00e4hrend die gesamte Kollektion stets markante Merkmale fr\u00fcherer Taucheruhren aufgriff, gilt die Black Bay 54 als das bisher formtreueste Modell im Hinblick auf die historischen Wurzeln&#8230;.  <a class=\"excerpt-read-more\" href=\"https:\/\/galli.ch\/en\/uhren\/tudor\/black-bay-54\/m79000b-0002\/\" title=\"Read Tudor Black Bay 54\">Weiter &raquo;<\/a><\/p>\n","protected":false},"featured_media":51022,"template":"","meta":{"_acf_changed":false,"inline_featured_image":false},"product_brand":[],"product_cat":[188],"product_tag":[],"class_list":{"0":"post-51217","1":"product","2":"type-product","3":"status-publish","4":"has-post-thumbnail","6":"uhrenhersteller-tudor","7":"uhrenhersteller-black-bay-54","8":"product_cat-uhren","10":"first","11":"outofstock","12":"taxable","13":"shipping-taxable","14":"purchasable","15":"product-type-simple"},"acf":[],"yoast_head":"<!-- This site is optimized with the Yoast SEO plugin v25.5 - https:\/\/yoast.com\/wordpress\/plugins\/seo\/ -->\n<title>Tudor Black Bay 54 - Galli Uhren Bijouterie<\/title>\n<meta name=\"robots\" content=\"index, follow, max-snippet:-1, max-image-preview:large, max-video-preview:-1\" \/>\n<link rel=\"canonical\" href=\"https:\/\/galli.ch\/uhren\/tudor\/black-bay-54\/m79000b-0002\/\" \/>\n<meta property=\"og:locale\" content=\"en_US\" \/>\n<meta property=\"og:type\" content=\"article\" \/>\n<meta property=\"og:title\" content=\"Tudor Black Bay 54 - Galli Uhren Bijouterie\" \/>\n<meta property=\"og:description\" content=\"Die beliebte Black Bay Linie wurde als Hommage an die reiche Historie der Marke konzipiert, um jene wegweisenden Designs zu w\u00fcrdigen, die das Fundament der einzigartigen TUDOR \u00c4sthetik bilden. W\u00e4hrend die gesamte Kollektion stets markante Merkmale fr\u00fcherer Taucheruhren aufgriff, gilt die Black Bay 54 als das bisher formtreueste Modell im Hinblick auf die historischen Wurzeln.... Weiter &raquo;\" \/>\n<meta property=\"og:url\" content=\"https:\/\/galli.ch\/uhren\/tudor\/black-bay-54\/m79000b-0002\/\" \/>\n<meta property=\"og:site_name\" content=\"Galli Uhren Bijouterie\" \/>\n<meta property=\"article:modified_time\" content=\"2026-04-17T13:19:21+00:00\" \/>\n<meta property=\"og:image\" content=\"https:\/\/galli.ch\/wp-content\/uploads\/tudor-m79000b-0002.png\" \/>\n\t<meta property=\"og:image:width\" content=\"1000\" \/>\n\t<meta property=\"og:image:height\" content=\"1400\" \/>\n\t<meta property=\"og:image:type\" content=\"image\/png\" \/>\n<meta name=\"twitter:card\" content=\"summary_large_image\" \/>\n<script type=\"application\/ld+json\" class=\"yoast-schema-graph\">{\"@context\":\"https:\/\/schema.org\",\"@graph\":[{\"@type\":\"WebPage\",\"@id\":\"https:\/\/galli.ch\/uhren\/tudor\/black-bay-54\/m79000b-0002\/\",\"url\":\"https:\/\/galli.ch\/uhren\/tudor\/black-bay-54\/m79000b-0002\/\",\"name\":\"Tudor Black Bay 54 - Galli Uhren Bijouterie\",\"isPartOf\":{\"@id\":\"http:\/\/galli.ch\/en\/#website\"},\"primaryImageOfPage\":{\"@id\":\"https:\/\/galli.ch\/uhren\/tudor\/black-bay-54\/m79000b-0002\/#primaryimage\"},\"image\":{\"@id\":\"https:\/\/galli.ch\/uhren\/tudor\/black-bay-54\/m79000b-0002\/#primaryimage\"},\"thumbnailUrl\":\"https:\/\/galli.ch\/wp-content\/uploads\/tudor-m79000b-0002.png\",\"datePublished\":\"2026-04-17T09:24:33+00:00\",\"dateModified\":\"2026-04-17T13:19:21+00:00\",\"breadcrumb\":{\"@id\":\"https:\/\/galli.ch\/uhren\/tudor\/black-bay-54\/m79000b-0002\/#breadcrumb\"},\"inLanguage\":\"en-US\",\"potentialAction\":[{\"@type\":\"ReadAction\",\"target\":[\"https:\/\/galli.ch\/uhren\/tudor\/black-bay-54\/m79000b-0002\/\"]}]},{\"@type\":\"ImageObject\",\"inLanguage\":\"en-US\",\"@id\":\"https:\/\/galli.ch\/uhren\/tudor\/black-bay-54\/m79000b-0002\/#primaryimage\",\"url\":\"https:\/\/galli.ch\/wp-content\/uploads\/tudor-m79000b-0002.png\",\"contentUrl\":\"https:\/\/galli.ch\/wp-content\/uploads\/tudor-m79000b-0002.png\",\"width\":1000,\"height\":1400},{\"@type\":\"BreadcrumbList\",\"@id\":\"https:\/\/galli.ch\/uhren\/tudor\/black-bay-54\/m79000b-0002\/#breadcrumb\",\"itemListElement\":[{\"@type\":\"ListItem\",\"position\":1,\"name\":\"Home\",\"item\":\"https:\/\/galli.ch\/en\/\"},{\"@type\":\"ListItem\",\"position\":2,\"name\":\"Uhren\",\"item\":\"https:\/\/galli.ch\/en\/uhren\/\"},{\"@type\":\"ListItem\",\"position\":3,\"name\":\"Tudor Black Bay 54\"}]},{\"@type\":\"WebSite\",\"@id\":\"http:\/\/galli.ch\/en\/#website\",\"url\":\"http:\/\/galli.ch\/en\/\",\"name\":\"Galli Uhren Bijouterie\",\"description\":\"\",\"potentialAction\":[{\"@type\":\"SearchAction\",\"target\":{\"@type\":\"EntryPoint\",\"urlTemplate\":\"http:\/\/galli.ch\/en\/?s={search_term_string}\"},\"query-input\":{\"@type\":\"PropertyValueSpecification\",\"valueRequired\":true,\"valueName\":\"search_term_string\"}}],\"inLanguage\":\"en-US\"}]}<\/script>\n<!-- \/ Yoast SEO plugin. -->","yoast_head_json":{"title":"Tudor Black Bay 54 - Galli Uhren Bijouterie","robots":{"index":"index","follow":"follow","max-snippet":"max-snippet:-1","max-image-preview":"max-image-preview:large","max-video-preview":"max-video-preview:-1"},"canonical":"https:\/\/galli.ch\/uhren\/tudor\/black-bay-54\/m79000b-0002\/","og_locale":"en_US","og_type":"article","og_title":"Tudor Black Bay 54 - Galli Uhren Bijouterie","og_description":"Die beliebte Black Bay Linie wurde als Hommage an die reiche Historie der Marke konzipiert, um jene wegweisenden Designs zu w\u00fcrdigen, die das Fundament der einzigartigen TUDOR \u00c4sthetik bilden. W\u00e4hrend die gesamte Kollektion stets markante Merkmale fr\u00fcherer Taucheruhren aufgriff, gilt die Black Bay 54 als das bisher formtreueste Modell im Hinblick auf die historischen Wurzeln.... Weiter &raquo;","og_url":"https:\/\/galli.ch\/uhren\/tudor\/black-bay-54\/m79000b-0002\/","og_site_name":"Galli Uhren Bijouterie","article_modified_time":"2026-04-17T13:19:21+00:00","og_image":[{"width":1000,"height":1400,"url":"https:\/\/galli.ch\/wp-content\/uploads\/tudor-m79000b-0002.png","type":"image\/png"}],"twitter_card":"summary_large_image","schema":{"@context":"https:\/\/schema.org","@graph":[{"@type":"WebPage","@id":"https:\/\/galli.ch\/uhren\/tudor\/black-bay-54\/m79000b-0002\/","url":"https:\/\/galli.ch\/uhren\/tudor\/black-bay-54\/m79000b-0002\/","name":"Tudor Black Bay 54 - Galli Uhren Bijouterie","isPartOf":{"@id":"http:\/\/galli.ch\/en\/#website"},"primaryImageOfPage":{"@id":"https:\/\/galli.ch\/uhren\/tudor\/black-bay-54\/m79000b-0002\/#primaryimage"},"image":{"@id":"https:\/\/galli.ch\/uhren\/tudor\/black-bay-54\/m79000b-0002\/#primaryimage"},"thumbnailUrl":"https:\/\/galli.ch\/wp-content\/uploads\/tudor-m79000b-0002.png","datePublished":"2026-04-17T09:24:33+00:00","dateModified":"2026-04-17T13:19:21+00:00","breadcrumb":{"@id":"https:\/\/galli.ch\/uhren\/tudor\/black-bay-54\/m79000b-0002\/#breadcrumb"},"inLanguage":"en-US","potentialAction":[{"@type":"ReadAction","target":["https:\/\/galli.ch\/uhren\/tudor\/black-bay-54\/m79000b-0002\/"]}]},{"@type":"ImageObject","inLanguage":"en-US","@id":"https:\/\/galli.ch\/uhren\/tudor\/black-bay-54\/m79000b-0002\/#primaryimage","url":"https:\/\/galli.ch\/wp-content\/uploads\/tudor-m79000b-0002.png","contentUrl":"https:\/\/galli.ch\/wp-content\/uploads\/tudor-m79000b-0002.png","width":1000,"height":1400},{"@type":"BreadcrumbList","@id":"https:\/\/galli.ch\/uhren\/tudor\/black-bay-54\/m79000b-0002\/#breadcrumb","itemListElement":[{"@type":"ListItem","position":1,"name":"Home","item":"https:\/\/galli.ch\/en\/"},{"@type":"ListItem","position":2,"name":"Uhren","item":"https:\/\/galli.ch\/en\/uhren\/"},{"@type":"ListItem","position":3,"name":"Tudor Black Bay 54"}]},{"@type":"WebSite","@id":"http:\/\/galli.ch\/en\/#website","url":"http:\/\/galli.ch\/en\/","name":"Galli Uhren Bijouterie","description":"","potentialAction":[{"@type":"SearchAction","target":{"@type":"EntryPoint","urlTemplate":"http:\/\/galli.ch\/en\/?s={search_term_string}"},"query-input":{"@type":"PropertyValueSpecification","valueRequired":true,"valueName":"search_term_string"}}],"inLanguage":"en-US"}]}},"_links":{"self":[{"href":"https:\/\/galli.ch\/en\/wp-json\/wp\/v2\/product\/51217","targetHints":{"allow":["GET"]}}],"collection":[{"href":"https:\/\/galli.ch\/en\/wp-json\/wp\/v2\/product"}],"about":[{"href":"https:\/\/galli.ch\/en\/wp-json\/wp\/v2\/types\/product"}],"wp:featuredmedia":[{"embeddable":true,"href":"https:\/\/galli.ch\/en\/wp-json\/wp\/v2\/media\/51022"}],"wp:attachment":[{"href":"https:\/\/galli.ch\/en\/wp-json\/wp\/v2\/media?parent=51217"}],"wp:term":[{"taxonomy":"product_brand","embeddable":true,"href":"https:\/\/galli.ch\/en\/wp-json\/wp\/v2\/product_brand?post=51217"},{"taxonomy":"product_cat","embeddable":true,"href":"https:\/\/galli.ch\/en\/wp-json\/wp\/v2\/product_cat?post=51217"},{"taxonomy":"product_tag","embeddable":true,"href":"https:\/\/galli.ch\/en\/wp-json\/wp\/v2\/product_tag?post=51217"}],"curies":[{"name":"wp","href":"https:\/\/api.w.org\/{rel}","templated":true}]}}