{"id":51224,"date":"2026-04-17T11:49:41","date_gmt":"2026-04-17T09:49:41","guid":{"rendered":"https:\/\/galli.ch\/?post_type=product&#038;p=51224"},"modified":"2026-04-17T15:23:30","modified_gmt":"2026-04-17T13:23:30","slug":"m7939a1a0nu-0003","status":"publish","type":"product","link":"https:\/\/galli.ch\/en\/uhren\/tudor\/black-bay-58\/m7939a1a0nu-0003\/","title":{"rendered":"Tudor Black Bay 58"},"content":{"rendered":"<p>Die im Jahre 2026 \u00fcberarbeitete Black Bay 58 \u00fcberzeugt durch maximale Vielseitigkeit und ist wahlweise mit einem drei- oder f\u00fcnfreihigen Edelstahlarmband sowie einem sportlichen Kautschukband erh\u00e4ltlich. Ein besonderes Highlight f\u00fcr den Alltag ist die innovative \u201eT\u2011fit\u201c\u2011Schliesse, die bei allen Bandvarianten ein unkompliziertes Schnellverstellsystem f\u00fcr perfekten Tragekomfort bietet.<\/p>\n<p>Das Geh\u00e4use dieser Taucheruhr wurde grundlegend optimiert und pr\u00e4sentiert sich in einer flacheren, ergonomischen Form mit einer Bauh\u00f6he von nur 11,7 mm. Auch optisch setzt das Modell neue Akzente: Der Zifferblatt-Text wurde auf zwei Zeilen reduziert, was die Uhr sofort als Master Chronometer zertifiziertes Modell kennzeichnet. Abgerundet wird das verfeinerte Design durch schmalere Zeigerans\u00e4tze sowie eine modernisierte \u00c4sthetik der L\u00fcnette und Aufzugskrone, die der Uhr eine noch elegantere Ausstrahlung verleihen.<\/p>\n","protected":false},"excerpt":{"rendered":"<p>Die im Jahre 2026 \u00fcberarbeitete Black Bay 58 \u00fcberzeugt durch maximale Vielseitigkeit und ist wahlweise mit einem drei- oder f\u00fcnfreihigen Edelstahlarmband sowie einem sportlichen Kautschukband erh\u00e4ltlich. Ein besonderes Highlight f\u00fcr den Alltag ist die innovative \u201eT\u2011fit\u201c\u2011Schliesse, die bei allen Bandvarianten ein unkompliziertes Schnellverstellsystem f\u00fcr perfekten Tragekomfort bietet. Das Geh\u00e4use dieser Taucheruhr wurde grundlegend optimiert und&#8230;  <a class=\"excerpt-read-more\" href=\"https:\/\/galli.ch\/en\/uhren\/tudor\/black-bay-58\/m7939a1a0nu-0003\/\" title=\"Read Tudor Black Bay 58\">Weiter &raquo;<\/a><\/p>\n","protected":false},"featured_media":51048,"template":"","meta":{"_acf_changed":false,"inline_featured_image":false},"product_brand":[],"product_cat":[188],"product_tag":[],"class_list":{"0":"post-51224","1":"product","2":"type-product","3":"status-publish","4":"has-post-thumbnail","6":"uhrenhersteller-tudor","7":"uhrenhersteller-black-bay-58","8":"product_cat-uhren","10":"first","11":"outofstock","12":"taxable","13":"shipping-taxable","14":"purchasable","15":"product-type-simple"},"acf":[],"yoast_head":"<!-- This site is optimized with the Yoast SEO plugin v25.5 - https:\/\/yoast.com\/wordpress\/plugins\/seo\/ -->\n<title>Tudor Black Bay 58 - Galli Uhren Bijouterie<\/title>\n<meta name=\"robots\" content=\"index, follow, max-snippet:-1, max-image-preview:large, max-video-preview:-1\" \/>\n<link rel=\"canonical\" href=\"https:\/\/galli.ch\/uhren\/tudor\/black-bay-58\/m7939a1a0nu-0003\/\" \/>\n<meta property=\"og:locale\" content=\"en_US\" \/>\n<meta property=\"og:type\" content=\"article\" \/>\n<meta property=\"og:title\" content=\"Tudor Black Bay 58 - Galli Uhren Bijouterie\" \/>\n<meta property=\"og:description\" content=\"Die im Jahre 2026 \u00fcberarbeitete Black Bay 58 \u00fcberzeugt durch maximale Vielseitigkeit und ist wahlweise mit einem drei- oder f\u00fcnfreihigen Edelstahlarmband sowie einem sportlichen Kautschukband erh\u00e4ltlich. Ein besonderes Highlight f\u00fcr den Alltag ist die innovative \u201eT\u2011fit\u201c\u2011Schliesse, die bei allen Bandvarianten ein unkompliziertes Schnellverstellsystem f\u00fcr perfekten Tragekomfort bietet. Das Geh\u00e4use dieser Taucheruhr wurde grundlegend optimiert und... Weiter &raquo;\" \/>\n<meta property=\"og:url\" content=\"https:\/\/galli.ch\/uhren\/tudor\/black-bay-58\/m7939a1a0nu-0003\/\" \/>\n<meta property=\"og:site_name\" content=\"Galli Uhren Bijouterie\" \/>\n<meta property=\"article:modified_time\" content=\"2026-04-17T13:23:30+00:00\" \/>\n<meta property=\"og:image\" content=\"https:\/\/galli.ch\/wp-content\/uploads\/tudor-m7939a1a0nu-0003.png\" \/>\n\t<meta property=\"og:image:width\" content=\"1000\" \/>\n\t<meta property=\"og:image:height\" content=\"1400\" \/>\n\t<meta property=\"og:image:type\" content=\"image\/png\" \/>\n<meta name=\"twitter:card\" content=\"summary_large_image\" \/>\n<script type=\"application\/ld+json\" class=\"yoast-schema-graph\">{\"@context\":\"https:\/\/schema.org\",\"@graph\":[{\"@type\":\"WebPage\",\"@id\":\"https:\/\/galli.ch\/uhren\/tudor\/black-bay-58\/m7939a1a0nu-0003\/\",\"url\":\"https:\/\/galli.ch\/uhren\/tudor\/black-bay-58\/m7939a1a0nu-0003\/\",\"name\":\"Tudor Black Bay 58 - Galli Uhren Bijouterie\",\"isPartOf\":{\"@id\":\"http:\/\/galli.ch\/en\/#website\"},\"primaryImageOfPage\":{\"@id\":\"https:\/\/galli.ch\/uhren\/tudor\/black-bay-58\/m7939a1a0nu-0003\/#primaryimage\"},\"image\":{\"@id\":\"https:\/\/galli.ch\/uhren\/tudor\/black-bay-58\/m7939a1a0nu-0003\/#primaryimage\"},\"thumbnailUrl\":\"https:\/\/galli.ch\/wp-content\/uploads\/tudor-m7939a1a0nu-0003.png\",\"datePublished\":\"2026-04-17T09:49:41+00:00\",\"dateModified\":\"2026-04-17T13:23:30+00:00\",\"breadcrumb\":{\"@id\":\"https:\/\/galli.ch\/uhren\/tudor\/black-bay-58\/m7939a1a0nu-0003\/#breadcrumb\"},\"inLanguage\":\"en-US\",\"potentialAction\":[{\"@type\":\"ReadAction\",\"target\":[\"https:\/\/galli.ch\/uhren\/tudor\/black-bay-58\/m7939a1a0nu-0003\/\"]}]},{\"@type\":\"ImageObject\",\"inLanguage\":\"en-US\",\"@id\":\"https:\/\/galli.ch\/uhren\/tudor\/black-bay-58\/m7939a1a0nu-0003\/#primaryimage\",\"url\":\"https:\/\/galli.ch\/wp-content\/uploads\/tudor-m7939a1a0nu-0003.png\",\"contentUrl\":\"https:\/\/galli.ch\/wp-content\/uploads\/tudor-m7939a1a0nu-0003.png\",\"width\":1000,\"height\":1400},{\"@type\":\"BreadcrumbList\",\"@id\":\"https:\/\/galli.ch\/uhren\/tudor\/black-bay-58\/m7939a1a0nu-0003\/#breadcrumb\",\"itemListElement\":[{\"@type\":\"ListItem\",\"position\":1,\"name\":\"Home\",\"item\":\"https:\/\/galli.ch\/en\/\"},{\"@type\":\"ListItem\",\"position\":2,\"name\":\"Uhren\",\"item\":\"https:\/\/galli.ch\/en\/uhren\/\"},{\"@type\":\"ListItem\",\"position\":3,\"name\":\"Tudor Black Bay 58\"}]},{\"@type\":\"WebSite\",\"@id\":\"http:\/\/galli.ch\/en\/#website\",\"url\":\"http:\/\/galli.ch\/en\/\",\"name\":\"Galli Uhren Bijouterie\",\"description\":\"\",\"potentialAction\":[{\"@type\":\"SearchAction\",\"target\":{\"@type\":\"EntryPoint\",\"urlTemplate\":\"http:\/\/galli.ch\/en\/?s={search_term_string}\"},\"query-input\":{\"@type\":\"PropertyValueSpecification\",\"valueRequired\":true,\"valueName\":\"search_term_string\"}}],\"inLanguage\":\"en-US\"}]}<\/script>\n<!-- \/ Yoast SEO plugin. -->","yoast_head_json":{"title":"Tudor Black Bay 58 - Galli Uhren Bijouterie","robots":{"index":"index","follow":"follow","max-snippet":"max-snippet:-1","max-image-preview":"max-image-preview:large","max-video-preview":"max-video-preview:-1"},"canonical":"https:\/\/galli.ch\/uhren\/tudor\/black-bay-58\/m7939a1a0nu-0003\/","og_locale":"en_US","og_type":"article","og_title":"Tudor Black Bay 58 - Galli Uhren Bijouterie","og_description":"Die im Jahre 2026 \u00fcberarbeitete Black Bay 58 \u00fcberzeugt durch maximale Vielseitigkeit und ist wahlweise mit einem drei- oder f\u00fcnfreihigen Edelstahlarmband sowie einem sportlichen Kautschukband erh\u00e4ltlich. Ein besonderes Highlight f\u00fcr den Alltag ist die innovative \u201eT\u2011fit\u201c\u2011Schliesse, die bei allen Bandvarianten ein unkompliziertes Schnellverstellsystem f\u00fcr perfekten Tragekomfort bietet. Das Geh\u00e4use dieser Taucheruhr wurde grundlegend optimiert und... Weiter &raquo;","og_url":"https:\/\/galli.ch\/uhren\/tudor\/black-bay-58\/m7939a1a0nu-0003\/","og_site_name":"Galli Uhren Bijouterie","article_modified_time":"2026-04-17T13:23:30+00:00","og_image":[{"width":1000,"height":1400,"url":"https:\/\/galli.ch\/wp-content\/uploads\/tudor-m7939a1a0nu-0003.png","type":"image\/png"}],"twitter_card":"summary_large_image","schema":{"@context":"https:\/\/schema.org","@graph":[{"@type":"WebPage","@id":"https:\/\/galli.ch\/uhren\/tudor\/black-bay-58\/m7939a1a0nu-0003\/","url":"https:\/\/galli.ch\/uhren\/tudor\/black-bay-58\/m7939a1a0nu-0003\/","name":"Tudor Black Bay 58 - Galli Uhren Bijouterie","isPartOf":{"@id":"http:\/\/galli.ch\/en\/#website"},"primaryImageOfPage":{"@id":"https:\/\/galli.ch\/uhren\/tudor\/black-bay-58\/m7939a1a0nu-0003\/#primaryimage"},"image":{"@id":"https:\/\/galli.ch\/uhren\/tudor\/black-bay-58\/m7939a1a0nu-0003\/#primaryimage"},"thumbnailUrl":"https:\/\/galli.ch\/wp-content\/uploads\/tudor-m7939a1a0nu-0003.png","datePublished":"2026-04-17T09:49:41+00:00","dateModified":"2026-04-17T13:23:30+00:00","breadcrumb":{"@id":"https:\/\/galli.ch\/uhren\/tudor\/black-bay-58\/m7939a1a0nu-0003\/#breadcrumb"},"inLanguage":"en-US","potentialAction":[{"@type":"ReadAction","target":["https:\/\/galli.ch\/uhren\/tudor\/black-bay-58\/m7939a1a0nu-0003\/"]}]},{"@type":"ImageObject","inLanguage":"en-US","@id":"https:\/\/galli.ch\/uhren\/tudor\/black-bay-58\/m7939a1a0nu-0003\/#primaryimage","url":"https:\/\/galli.ch\/wp-content\/uploads\/tudor-m7939a1a0nu-0003.png","contentUrl":"https:\/\/galli.ch\/wp-content\/uploads\/tudor-m7939a1a0nu-0003.png","width":1000,"height":1400},{"@type":"BreadcrumbList","@id":"https:\/\/galli.ch\/uhren\/tudor\/black-bay-58\/m7939a1a0nu-0003\/#breadcrumb","itemListElement":[{"@type":"ListItem","position":1,"name":"Home","item":"https:\/\/galli.ch\/en\/"},{"@type":"ListItem","position":2,"name":"Uhren","item":"https:\/\/galli.ch\/en\/uhren\/"},{"@type":"ListItem","position":3,"name":"Tudor Black Bay 58"}]},{"@type":"WebSite","@id":"http:\/\/galli.ch\/en\/#website","url":"http:\/\/galli.ch\/en\/","name":"Galli Uhren Bijouterie","description":"","potentialAction":[{"@type":"SearchAction","target":{"@type":"EntryPoint","urlTemplate":"http:\/\/galli.ch\/en\/?s={search_term_string}"},"query-input":{"@type":"PropertyValueSpecification","valueRequired":true,"valueName":"search_term_string"}}],"inLanguage":"en-US"}]}},"_links":{"self":[{"href":"https:\/\/galli.ch\/en\/wp-json\/wp\/v2\/product\/51224","targetHints":{"allow":["GET"]}}],"collection":[{"href":"https:\/\/galli.ch\/en\/wp-json\/wp\/v2\/product"}],"about":[{"href":"https:\/\/galli.ch\/en\/wp-json\/wp\/v2\/types\/product"}],"wp:featuredmedia":[{"embeddable":true,"href":"https:\/\/galli.ch\/en\/wp-json\/wp\/v2\/media\/51048"}],"wp:attachment":[{"href":"https:\/\/galli.ch\/en\/wp-json\/wp\/v2\/media?parent=51224"}],"wp:term":[{"taxonomy":"product_brand","embeddable":true,"href":"https:\/\/galli.ch\/en\/wp-json\/wp\/v2\/product_brand?post=51224"},{"taxonomy":"product_cat","embeddable":true,"href":"https:\/\/galli.ch\/en\/wp-json\/wp\/v2\/product_cat?post=51224"},{"taxonomy":"product_tag","embeddable":true,"href":"https:\/\/galli.ch\/en\/wp-json\/wp\/v2\/product_tag?post=51224"}],"curies":[{"name":"wp","href":"https:\/\/api.w.org\/{rel}","templated":true}]}}